{"id":1015,"date":"2018-06-19T14:53:58","date_gmt":"2018-06-19T12:53:58","guid":{"rendered":"https:\/\/www.2link.de\/vds\/?page_id=1015"},"modified":"2023-01-15T11:29:45","modified_gmt":"2023-01-15T10:29:45","slug":"versicherungs-rabatte-bei-der-eis","status":"publish","type":"page","link":"https:\/\/www.2link.de\/vds\/versicherungs-rabatte-bei-der-eis\/","title":{"rendered":"Rabatte f\u00fcr Skipperhaftpflicht-Versicherung &#8211; Ihre Erfahrung wird belohnt!"},"content":{"rendered":"\n<style type=\"text\/css\" data-created_by=\"avia_inline_auto\" id=\"style-css-av-lc93po2m-73b634f75e5ca08447140a0626173209\">\n#top .av-special-heading.av-lc93po2m-73b634f75e5ca08447140a0626173209{\npadding-bottom:10px;\n}\nbody .av-special-heading.av-lc93po2m-73b634f75e5ca08447140a0626173209 .av-special-heading-tag .heading-char{\nfont-size:25px;\n}\n.av-special-heading.av-lc93po2m-73b634f75e5ca08447140a0626173209 .av-subheading{\nfont-size:15px;\n}\n<\/style>\n<div  class='av-special-heading av-lc93po2m-73b634f75e5ca08447140a0626173209 av-special-heading-h1  avia-builder-el-0  el_before_av_textblock  avia-builder-el-first '><h1 class='av-special-heading-tag'  itemprop=\"headline\"  >Rabatte f\u00fcr Skipperhaftpflicht-Versicherung &#8211; Ihre Erfahrung wird belohnt!<\/h1><div class=\"special-heading-border\"><div class=\"special-heading-inner-border\"><\/div><\/div><\/div>\n<section  class='av_textblock_section av-39e24n-0cd0a8cf764f84517f0a12f13b85dbf1'  itemscope=\"itemscope\" itemtype=\"https:\/\/schema.org\/CreativeWork\" ><div class='avia_textblock'  itemprop=\"text\" ><p>Als Skipper einer Yacht, \u00a0unabh\u00e4ngig davon, ob Sie Berufsskipper oder Freizeitskipper auf einem privaten T\u00f6rn mit Freunden oder der Familie sind, tragen Sie ein hohes Ma\u00df an Verantwortung. Sie m\u00fcssen an Bord zum Teil schnelle Entscheidungen treffen, die unter Umst\u00e4nden weitreichende Folgen haben k\u00f6nnen. Auch menschliches Versagen anderer Crew-Mitglieder k\u00f6nnen Sie als Skipper nicht immer verhindern.<\/p>\n<p>Daher sollten Sie sich und andere Crew-Mitglieder durch den Abschluss einer erweiterten Skipperhaftpflichtversicherung absichern.<\/p>\n<p>Mit der <em>EIS<\/em> &#8211; European Insurance Services haben wir einen kompetenten Partner in Sachen Wassersportversicherung an unserer Seite.<\/p>\n<p>Sie sind Inhaber des &#39;Segelschein Yacht&#8217;\/&#8217;Certificate for Yacht Operators&#39; oder haben Sie Skippertrainings erfolgreich absolviert, die in dem VDS-Skipper-Logbuch best\u00e4tigt wurden, dann k\u00f6nnen Sie besondere Rabatte bei den Versicherungen erhalten. Mit einem Segelschein allein ist man noch kein routinierter Skipper. Der VDS setzt auf weitere Erfahrung im Umgang mit der Yacht und Ihre Erfahrung durch Skippertrainings oder T\u00f6rns m\u00f6chten wir belohnen.<\/p>\n<p><strong>Selbstverst\u00e4ndlich k\u00f6nnen Sie diese Versicherungen aber auch abschlie\u00dfen, wenn Sie noch keine Rabatte in Anspruch nehmen k\u00f6nnen!<\/strong><\/p>\n<ul>\n<li><a href=\"https:\/\/order.eis-insurance.com\/Insurance.jsp?Insurance=59485_Erweiterte_Skipperhaftpflichtversicherung\" target=\"_blank\" rel=\"noopener noreferrer\">Erweiterte Skipperhaftpflichtversicherung<\/a><\/li>\n<\/ul>\n<\/div><\/section>\n<\/div><\/div><\/div><!-- close content main div --><\/div><\/div>\n<style type=\"text\/css\" data-created_by=\"avia_inline_auto\" id=\"style-css-av-lcx8h3fj-f53fbfd3986c63c1e458441a8b394e48\">\n.avia-section.av-lcx8h3fj-f53fbfd3986c63c1e458441a8b394e48{\nposition:relative;\n}\n.avia-section.av-lcx8h3fj-f53fbfd3986c63c1e458441a8b394e48 .avia-divider-svg-top svg{\nheight:20px;\nwidth:calc(100% + 1.3px);\nfill:#ffffff;\n}\n.avia-section.av-lcx8h3fj-f53fbfd3986c63c1e458441a8b394e48 .avia-divider-svg-bottom svg{\nheight:20px;\nwidth:calc(100% + 1.3px);\nfill:#ffffff;\n}\n<\/style>\n<div id='av_section_1'  class='avia-section av-lcx8h3fj-f53fbfd3986c63c1e458441a8b394e48 alternate_color avia-section-default avia-no-border-styling  avia-builder-el-2  el_after_av_textblock  el_before_av_textblock  avia-bg-style-scroll container_wrap fullsize'  ><div class='avia-divider-svg avia-divider-svg-arrow avia-divider-svg-top avia-svg-original'><svg xmlns=\"http:\/\/www.w3.org\/2000\/svg\" viewBox=\"0 0 700 10\" preserveAspectRatio=\"none\">\n\t<path d=\"M350,10L340,0h20L350,10z\"\/>\n<\/svg><\/div><div class='avia-divider-svg avia-divider-svg-arrow avia-divider-svg-bottom avia-svg-original'><svg xmlns=\"http:\/\/www.w3.org\/2000\/svg\" viewBox=\"0 0 700 10\" preserveAspectRatio=\"none\">\n\t<path d=\"M350,10L340,0h20L350,10z\"\/>\n<\/svg><\/div><div class='container av-section-cont-open' ><div class='template-page content  av-content-full alpha units'><div class='post-entry post-entry-type-page post-entry-1015'><div class='entry-content-wrapper clearfix'>\n<section  class='av_textblock_section av-lcx8e0li-84edb3ce86ac4d1147801ec5733814c2'  itemscope=\"itemscope\" itemtype=\"https:\/\/schema.org\/CreativeWork\" ><div class='avia_textblock'  itemprop=\"text\" ><h3>Weitere Versicherungen<\/h3>\n<p><strong>Reisepreisabsicherung<\/strong><\/p>\n<p>Man mag es sich kaum vorstellen: Sie haben eine Yacht gechartert und weder die gecharterte Yacht noch eine Ersatzyacht werden vom Verchartere zur Verf\u00fcgung gestellt. Durch eine Insolvenz erhalten Sie auch den von Ihnen bereits gezahlten Reisepreis nicht zur\u00fcck. In diesem Fall greift die Reisepreisabsicherung. Bei Insolvenz \u00a0einer vermittelnden Charterbasis ersetzt die Versicherung die H\u00f6he des von der Charterbasis vereinnahmten und nicht weiter geleiteten oder erstatteten Charterpreises.<\/p>\n<p>Bei Insolvenz des Charterbasis ersetzt die Versicherung den vereinnahmten und nicht erstatteten Charterpreis.<\/p>\n<section class=\"av_textblock_section \">\n<div class=\"avia_textblock \">\n<ul>\n<li><a href=\"https:\/\/order.eis-insurance.com\/Insurance.jsp?Insurance=59483_Reisepreisabsicherung\" target=\"_blank\" rel=\"noopener noreferrer\">Reisepreisabsicherung<\/a><\/li>\n<\/ul>\n<\/div>\n<\/section>\n<\/div><\/section>\n<\/div><\/div><\/div><!-- close content main div --><\/div><\/div><div id='after_section_1'  class='main_color av_default_container_wrap container_wrap fullsize'  ><div class='container av-section-cont-open' ><div class='template-page content  av-content-full alpha units'><div class='post-entry post-entry-type-page post-entry-1015'><div class='entry-content-wrapper clearfix'>\n<section  class='av_textblock_section av-lcx8ich5-324730ed76dddbe1a45458a50aae8033'  itemscope=\"itemscope\" itemtype=\"https:\/\/schema.org\/CreativeWork\" ><div class='avia_textblock'  itemprop=\"text\" ><p><strong>Charterkautionsversicherung<\/strong><\/p>\n<p>Beim Segeln kann es immer einmal passieren, dass das Schiff auf Grund einer kleinen Unachtsamkeit des Skippers oder der Crew einen kleinen oder auch gr\u00f6\u00dfern Schaden nimmt. Der Yachteigner sichert sich gegen solche Sch\u00e4den ab und verlangt vom Charterkunden eine Kaution. Diese Kaution beh\u00e4lt der Eigner teilweise oder auch ganz ein, sofern er nach Ihrem T\u00f6rn Sch\u00e4den an der Yacht feststellt. Oftmals werden Taucher zum Einsatz gebracht, die \u00fcberpr\u00fcfen, ob das Schiff Grundber\u00fchrungen hatte, Segel werden kontrolliert sowie der Rumpf des Schiffes.<\/p>\n<p>Die Charterkautionsversicherung sichert Sie in solchen f\u00e4llen ab. Bei jedem Schadensfall liegt ein Selbstbehalt von 10 % der Kautionssumme mind. 100,&#8211; EUR und bei Regattateilnahme bei 15 % pro Schadensfall mind. 300,&#8211; EUR.<\/p>\n<ul>\n<li><a href=\"https:\/\/order.eis-insurance.com\/Insurance.jsp?Insurance=59484_Charter-Kautionsversicherung\" target=\"_blank\" rel=\"noopener noreferrer\">Charter-Kautionsversicherung<\/a><\/li>\n<\/ul>\n<\/div><\/section>\n<\/div><\/div><\/div><!-- close content main div --><\/div><\/div>\n<style type=\"text\/css\" data-created_by=\"avia_inline_auto\" id=\"style-css-av-lcx8j0kn-a0074a8061d8904b2428047aa5e832b2\">\n.avia-section.av-lcx8j0kn-a0074a8061d8904b2428047aa5e832b2{\nposition:relative;\n}\n.avia-section.av-lcx8j0kn-a0074a8061d8904b2428047aa5e832b2 .avia-divider-svg-top svg{\nheight:20px;\nwidth:calc(100% + 1.3px);\nfill:#ffffff;\n}\n.avia-section.av-lcx8j0kn-a0074a8061d8904b2428047aa5e832b2 .avia-divider-svg-bottom svg{\nheight:20px;\nwidth:calc(100% + 1.3px);\nfill:#0069b3;\n}\n<\/style>\n<div id='av_section_2'  class='avia-section av-lcx8j0kn-a0074a8061d8904b2428047aa5e832b2 alternate_color avia-section-default avia-no-border-styling  avia-builder-el-5  el_after_av_textblock  avia-builder-el-last  avia-bg-style-scroll container_wrap fullsize'  ><div class='avia-divider-svg avia-divider-svg-arrow avia-divider-svg-top avia-svg-original'><svg xmlns=\"http:\/\/www.w3.org\/2000\/svg\" viewBox=\"0 0 700 10\" preserveAspectRatio=\"none\">\n\t<path d=\"M350,10L340,0h20L350,10z\"\/>\n<\/svg><\/div><div class='avia-divider-svg avia-divider-svg-arrow avia-divider-svg-bottom avia-svg-original'><svg xmlns=\"http:\/\/www.w3.org\/2000\/svg\" viewBox=\"0 0 700 10\" preserveAspectRatio=\"none\">\n\t<path d=\"M350,10L340,0h20L350,10z\"\/>\n<\/svg><\/div><div class='container av-section-cont-open' ><div class='template-page content  av-content-full alpha units'><div class='post-entry post-entry-type-page post-entry-1015'><div class='entry-content-wrapper clearfix'>\n<section  class='av_textblock_section av-lcx8irdw-00c3b7a5bb1a31a6386f756956605f9a'  itemscope=\"itemscope\" itemtype=\"https:\/\/schema.org\/CreativeWork\" ><div class='avia_textblock'  itemprop=\"text\" ><p><strong>Reiser\u00fccktrittskostenversicherung<\/strong><\/p>\n<p>Bei der Reiser\u00fccktrittskostenversicherung sind die Kosten f\u00fcr einen Reiser\u00fccktritt oder den Reiseabbruch eines T\u00f6rns f\u00fcr alle, an der Fahrt teilnehmenden Personen abgesichert. Versicherungszeitraum ist der Versicherungsbeginn bis zum Ende der Reise.<\/p>\n<p>Nicht nur der Fall einer Beeintr\u00e4chtigung Ihrer Gesundheit ist versichert sondern auch unvorhergesehene Ereignisse, wie z.B. Feuer oder Einbruch im eigenen Haus oder Wohnung, die einen Reiseabbruch notwendig machen. Auch Ihr Arbeitsleben ist ber\u00fccksichtigt. So haben Sie die M\u00f6glichkeit, bei Verlust Ihres Arbeitsplatzes sowie bei Aufnahme eines neuen Arbeitsverh\u00e4ltnisses von der Reise zur\u00fcckzutreten.<\/p>\n<ul>\n<li><a href=\"https:\/\/order.eis-insurance.com\/Insurance.jsp?Insurance=59486_Reiserucktrittskosten_Versicherung\" target=\"_blank\" rel=\"noopener noreferrer\">Reiser\u00fccktrittskosten Versicherung<\/a><\/li>\n<li><a href=\"https:\/\/order.eis-insurance.com\/Insurance.jsp?Insurance=59490_Skipper_Crew_Paket\" target=\"_blank\" rel=\"noopener noreferrer\">Skipper &amp; Crew Paket<\/a><\/li>\n<li><a href=\"https:\/\/order.eis-insurance.com\/Insurance.jsp?Insurance=59491_Erweiterte_Berufskipperhaftpflichtversicherung\" target=\"_blank\" rel=\"noopener noreferrer\">Erweiterte Berufskipperhaftpflichtversicherung<\/a><\/li>\n<\/ul>\n<\/div><\/section>\n\n","protected":false},"excerpt":{"rendered":"","protected":false},"author":1,"featured_media":0,"parent":0,"menu_order":0,"comment_status":"closed","ping_status":"closed","template":"","meta":{"footnotes":""},"class_list":["post-1015","page","type-page","status-publish","hentry"],"yoast_head":"<!-- This site is optimized with the Yoast SEO plugin v27.3 - https:\/\/yoast.com\/product\/yoast-seo-wordpress\/ -->\n<title>Rabatte f\u00fcr Skipperhaftpflicht-Versicherung - Ihre Erfahrung wird belohnt! - Verband Deutscher Sportbootschulen<\/title>\n<meta name=\"robots\" content=\"index, follow, max-snippet:-1, max-image-preview:large, max-video-preview:-1\" \/>\n<meta property=\"og:locale\" content=\"de_DE\" \/>\n<meta property=\"og:type\" content=\"article\" \/>\n<meta property=\"og:title\" content=\"Rabatte f\u00fcr Skipperhaftpflicht-Versicherung - Ihre Erfahrung wird belohnt! - Verband Deutscher Sportbootschulen\" \/>\n<meta property=\"og:url\" content=\"https:\/\/www.2link.de\/vds\/versicherungs-rabatte-bei-der-eis\/\" \/>\n<meta property=\"og:site_name\" content=\"Verband Deutscher Sportbootschulen\" \/>\n<meta property=\"article:modified_time\" content=\"2023-01-15T10:29:45+00:00\" \/>\n<meta name=\"twitter:card\" content=\"summary_large_image\" \/>\n<meta name=\"twitter:label1\" content=\"Gesch\u00e4tzte Lesezeit\" \/>\n\t<meta name=\"twitter:data1\" content=\"5\u00a0Minuten\" \/>\n<script type=\"application\/ld+json\" class=\"yoast-schema-graph\">{\"@context\":\"https:\\\/\\\/schema.org\",\"@graph\":[{\"@type\":\"WebPage\",\"@id\":\"https:\\\/\\\/www.2link.de\\\/vds\\\/versicherungs-rabatte-bei-der-eis\\\/\",\"url\":\"https:\\\/\\\/www.2link.de\\\/vds\\\/versicherungs-rabatte-bei-der-eis\\\/\",\"name\":\"Rabatte f\u00fcr Skipperhaftpflicht-Versicherung - Ihre Erfahrung wird belohnt! - Verband Deutscher Sportbootschulen\",\"isPartOf\":{\"@id\":\"https:\\\/\\\/www.2link.de\\\/vds\\\/#website\"},\"datePublished\":\"2018-06-19T12:53:58+00:00\",\"dateModified\":\"2023-01-15T10:29:45+00:00\",\"breadcrumb\":{\"@id\":\"https:\\\/\\\/www.2link.de\\\/vds\\\/versicherungs-rabatte-bei-der-eis\\\/#breadcrumb\"},\"inLanguage\":\"de\",\"potentialAction\":[{\"@type\":\"ReadAction\",\"target\":[\"https:\\\/\\\/www.2link.de\\\/vds\\\/versicherungs-rabatte-bei-der-eis\\\/\"]}]},{\"@type\":\"BreadcrumbList\",\"@id\":\"https:\\\/\\\/www.2link.de\\\/vds\\\/versicherungs-rabatte-bei-der-eis\\\/#breadcrumb\",\"itemListElement\":[{\"@type\":\"ListItem\",\"position\":1,\"name\":\"Startseite\",\"item\":\"https:\\\/\\\/www.2link.de\\\/vds\\\/\"},{\"@type\":\"ListItem\",\"position\":2,\"name\":\"Rabatte f\u00fcr Skipperhaftpflicht-Versicherung &#8211; Ihre Erfahrung wird belohnt!\"}]},{\"@type\":\"WebSite\",\"@id\":\"https:\\\/\\\/www.2link.de\\\/vds\\\/#website\",\"url\":\"https:\\\/\\\/www.2link.de\\\/vds\\\/\",\"name\":\"Verband Deutscher Sportbootschulen\",\"description\":\"\",\"potentialAction\":[{\"@type\":\"SearchAction\",\"target\":{\"@type\":\"EntryPoint\",\"urlTemplate\":\"https:\\\/\\\/www.2link.de\\\/vds\\\/?s={search_term_string}\"},\"query-input\":{\"@type\":\"PropertyValueSpecification\",\"valueRequired\":true,\"valueName\":\"search_term_string\"}}],\"inLanguage\":\"de\"}]}<\/script>\n<!-- \/ Yoast SEO plugin. -->","yoast_head_json":{"title":"Rabatte f\u00fcr Skipperhaftpflicht-Versicherung - Ihre Erfahrung wird belohnt! - Verband Deutscher Sportbootschulen","robots":{"index":"index","follow":"follow","max-snippet":"max-snippet:-1","max-image-preview":"max-image-preview:large","max-video-preview":"max-video-preview:-1"},"og_locale":"de_DE","og_type":"article","og_title":"Rabatte f\u00fcr Skipperhaftpflicht-Versicherung - Ihre Erfahrung wird belohnt! - Verband Deutscher Sportbootschulen","og_url":"https:\/\/www.2link.de\/vds\/versicherungs-rabatte-bei-der-eis\/","og_site_name":"Verband Deutscher Sportbootschulen","article_modified_time":"2023-01-15T10:29:45+00:00","twitter_card":"summary_large_image","twitter_misc":{"Gesch\u00e4tzte Lesezeit":"5\u00a0Minuten"},"schema":{"@context":"https:\/\/schema.org","@graph":[{"@type":"WebPage","@id":"https:\/\/www.2link.de\/vds\/versicherungs-rabatte-bei-der-eis\/","url":"https:\/\/www.2link.de\/vds\/versicherungs-rabatte-bei-der-eis\/","name":"Rabatte f\u00fcr Skipperhaftpflicht-Versicherung - Ihre Erfahrung wird belohnt! - Verband Deutscher Sportbootschulen","isPartOf":{"@id":"https:\/\/www.2link.de\/vds\/#website"},"datePublished":"2018-06-19T12:53:58+00:00","dateModified":"2023-01-15T10:29:45+00:00","breadcrumb":{"@id":"https:\/\/www.2link.de\/vds\/versicherungs-rabatte-bei-der-eis\/#breadcrumb"},"inLanguage":"de","potentialAction":[{"@type":"ReadAction","target":["https:\/\/www.2link.de\/vds\/versicherungs-rabatte-bei-der-eis\/"]}]},{"@type":"BreadcrumbList","@id":"https:\/\/www.2link.de\/vds\/versicherungs-rabatte-bei-der-eis\/#breadcrumb","itemListElement":[{"@type":"ListItem","position":1,"name":"Startseite","item":"https:\/\/www.2link.de\/vds\/"},{"@type":"ListItem","position":2,"name":"Rabatte f\u00fcr Skipperhaftpflicht-Versicherung &#8211; Ihre Erfahrung wird belohnt!"}]},{"@type":"WebSite","@id":"https:\/\/www.2link.de\/vds\/#website","url":"https:\/\/www.2link.de\/vds\/","name":"Verband Deutscher Sportbootschulen","description":"","potentialAction":[{"@type":"SearchAction","target":{"@type":"EntryPoint","urlTemplate":"https:\/\/www.2link.de\/vds\/?s={search_term_string}"},"query-input":{"@type":"PropertyValueSpecification","valueRequired":true,"valueName":"search_term_string"}}],"inLanguage":"de"}]}},"_links":{"self":[{"href":"https:\/\/www.2link.de\/vds\/wp-json\/wp\/v2\/pages\/1015","targetHints":{"allow":["GET"]}}],"collection":[{"href":"https:\/\/www.2link.de\/vds\/wp-json\/wp\/v2\/pages"}],"about":[{"href":"https:\/\/www.2link.de\/vds\/wp-json\/wp\/v2\/types\/page"}],"author":[{"embeddable":true,"href":"https:\/\/www.2link.de\/vds\/wp-json\/wp\/v2\/users\/1"}],"replies":[{"embeddable":true,"href":"https:\/\/www.2link.de\/vds\/wp-json\/wp\/v2\/comments?post=1015"}],"version-history":[{"count":10,"href":"https:\/\/www.2link.de\/vds\/wp-json\/wp\/v2\/pages\/1015\/revisions"}],"predecessor-version":[{"id":1491,"href":"https:\/\/www.2link.de\/vds\/wp-json\/wp\/v2\/pages\/1015\/revisions\/1491"}],"wp:attachment":[{"href":"https:\/\/www.2link.de\/vds\/wp-json\/wp\/v2\/media?parent=1015"}],"curies":[{"name":"wp","href":"https:\/\/api.w.org\/{rel}","templated":true}]}}