{"id":11,"date":"2015-11-30T14:57:55","date_gmt":"2015-11-30T14:57:55","guid":{"rendered":"http:\/\/www.2link.de\/vds\/der-vds\/mitgliedschaft\/"},"modified":"2023-01-19T15:31:29","modified_gmt":"2023-01-19T14:31:29","slug":"mitgliedschaft","status":"publish","type":"page","link":"https:\/\/www.2link.de\/vds\/der-vds\/mitgliedschaft\/","title":{"rendered":"Mitgliedschaft\/Antrag"},"content":{"rendered":"\n<style type=\"text\/css\" data-created_by=\"avia_inline_auto\" id=\"style-css-av-lc8wq5bh-829be63895a44d161fd3e7f85a087db8\">\n#top .av-special-heading.av-lc8wq5bh-829be63895a44d161fd3e7f85a087db8{\npadding-bottom:10px;\n}\nbody .av-special-heading.av-lc8wq5bh-829be63895a44d161fd3e7f85a087db8 .av-special-heading-tag .heading-char{\nfont-size:25px;\n}\n.av-special-heading.av-lc8wq5bh-829be63895a44d161fd3e7f85a087db8 .av-subheading{\nfont-size:15px;\n}\n<\/style>\n<div  class='av-special-heading av-lc8wq5bh-829be63895a44d161fd3e7f85a087db8 av-special-heading-h1  avia-builder-el-0  el_before_av_textblock  avia-builder-el-first '><h1 class='av-special-heading-tag'  itemprop=\"headline\"  >Mitgliedschaft\/Antrag<\/h1><div class=\"special-heading-border\"><div class=\"special-heading-inner-border\"><\/div><\/div><\/div>\n<section  class='av_textblock_section av-12d9b-fb2fefeb5309df9df1f61a192e7b8881'  itemscope=\"itemscope\" itemtype=\"https:\/\/schema.org\/CreativeWork\" ><div class='avia_textblock'  itemprop=\"text\" ><p>Die Aufnahmebedingungen f\u00fcr Segel-, Catamaran-, Windsurf- und Motorbootschulen:<\/p>\n<h4>Personelle Voraussetzungen<\/h4>\n<ul>\n<li><strong>Segelschulen:<\/strong><br \/>\nSchulleiter: SBF-Binnen, SBF-See, Sportseeschifferschein, VDS-Segellehrer-Lizenz<\/li>\n<li><strong>Motorbootschulen:<\/strong><br \/>\nSchulleiter: SBF-Binnen, SBF-See, VDS-Motorbootlehrer-Lizenz<\/li>\n<li><strong>Surfschulen\/ Kitesurfschulen<\/strong><br \/>\nSchulleiter: VDS-Windsurflehrer-Lizenz, Kitesurf-Instructor-\/ Kitesurf-Master-Instructor-Lizenz<\/li>\n<\/ul>\n<\/div><\/section>\n<div  class='avia-button-wrap av-lcrqypv7-0360993d38aba9d84d9ae9810d4aaa5e-wrap avia-button-center  avia-builder-el-2  el_after_av_textblock  el_before_av_section  avia-builder-el-last '><a href='https:\/\/www.2link.de\/vds\/der-vds\/mitgliedschaft-aufnahmeantrag\/'  class='avia-button av-lcrqypv7-0360993d38aba9d84d9ae9810d4aaa5e avia-icon_select-no avia-size-large avia-position-center avia-color-theme-color'  ><span class='avia_iconbox_title' >Online Aufnahmeantrag<\/span><\/a><\/div>\n<\/div><\/div><\/div><!-- close content main div --><\/div><\/div>\n<style type=\"text\/css\" data-created_by=\"avia_inline_auto\" id=\"style-css-av-lcyjr3cg-4a0dd0e5b2f1bf2357c3f0aa3935af96\">\n.avia-section.av-lcyjr3cg-4a0dd0e5b2f1bf2357c3f0aa3935af96{\nbackground-repeat:no-repeat;\nbackground-image:url(https:\/\/www.2link.de\/vds\/wp-content\/uploads\/people_shutterstock_605457920-1030x646.jpg);\nbackground-position:50% 50%;\nbackground-attachment:fixed;\n}\n<\/style>\n<div id='av_section_1'  class='avia-section av-lcyjr3cg-4a0dd0e5b2f1bf2357c3f0aa3935af96 main_color avia-section-default avia-no-border-styling  avia-builder-el-3  el_after_av_button  el_before_av_textblock  avia-full-stretch avia-bg-style-fixed av-minimum-height av-minimum-height-50  container_wrap fullsize'  data-section-bg-repeat='stretch' data-av_minimum_height_pc='50'><div class='container av-section-cont-open' ><div class='template-page content  av-content-full alpha units'><div class='post-entry post-entry-type-page post-entry-11'><div class='entry-content-wrapper clearfix'><\/div><\/div><\/div><!-- close content main div --><\/div><\/div><div id='after_section_1'  class='main_color av_default_container_wrap container_wrap fullsize'  ><div class='container av-section-cont-open' ><div class='template-page content  av-content-full alpha units'><div class='post-entry post-entry-type-page post-entry-11'><div class='entry-content-wrapper clearfix'>\n<section  class='av_textblock_section av-lcyjq5xo-c46e33e1d9d8a5fd6247dbeb3311a929'  itemscope=\"itemscope\" itemtype=\"https:\/\/schema.org\/CreativeWork\" ><div class='avia_textblock'  itemprop=\"text\" ><h4>Sachliche Voraussetzungen f\u00fcr alle Schulen<\/h4>\n<ul>\n<li>Schulungsraum mit sanit\u00e4ren Anlagen, Umkleidem\u00f6glichkeiten<\/li>\n<li>Ausreichender Boots- bzw. Boardpark<\/li>\n<li>Gesicherter, jederzeitiger Zugang zum Ausbildungsgew\u00e4sser<\/li>\n<li>Schulungsmaterial nach den g\u00fcltigen VDS-Lehrpl\u00e4nen bzw. Ausbildung auf der Grundlage der gesetzlichen Vorschriften (Verpflichtungserkl\u00e4rung).<\/li>\n<\/ul>\n<h4>Aufnahme in den VDS<\/h4>\n<p>Die Aufnahme in den VDS kann als ordentliches Mitglied oder als Interimsmitglied erfolgen.<\/p>\n<p>Der Aufnahmeantrag ist auf besonderem Formblatt an die VDS-Gesch\u00e4ftsstelle zu richten.<\/p>\n<\/div><\/section>\n<\/div><\/div><\/div><!-- close content main div --><\/div><\/div>\n<style type=\"text\/css\" data-created_by=\"avia_inline_auto\" id=\"style-css-av-lcyj0a6l-1b603dfbe8d0ef15ad6a93852133f103\">\n.avia-section.av-lcyj0a6l-1b603dfbe8d0ef15ad6a93852133f103{\nposition:relative;\n}\n.avia-section.av-lcyj0a6l-1b603dfbe8d0ef15ad6a93852133f103 .avia-divider-svg-top svg{\nheight:20px;\nwidth:calc(100% + 1.3px);\nfill:#ffffff;\n}\n.avia-section.av-lcyj0a6l-1b603dfbe8d0ef15ad6a93852133f103 .avia-divider-svg-bottom svg{\nheight:20px;\nwidth:calc(100% + 1.3px);\nfill:#0069b3;\n}\n<\/style>\n<div id='av_section_2'  class='avia-section av-lcyj0a6l-1b603dfbe8d0ef15ad6a93852133f103 alternate_color avia-section-default avia-no-border-styling  avia-builder-el-5  el_after_av_textblock  avia-builder-el-last  avia-bg-style-scroll container_wrap fullsize'  ><div class='avia-divider-svg avia-divider-svg-arrow avia-divider-svg-top avia-svg-original'><svg xmlns=\"http:\/\/www.w3.org\/2000\/svg\" viewBox=\"0 0 700 10\" preserveAspectRatio=\"none\">\n\t<path d=\"M350,10L340,0h20L350,10z\"\/>\n<\/svg><\/div><div class='avia-divider-svg avia-divider-svg-arrow avia-divider-svg-bottom avia-svg-original'><svg xmlns=\"http:\/\/www.w3.org\/2000\/svg\" viewBox=\"0 0 700 10\" preserveAspectRatio=\"none\">\n\t<path d=\"M350,10L340,0h20L350,10z\"\/>\n<\/svg><\/div><div class='container av-section-cont-open' ><div class='template-page content  av-content-full alpha units'><div class='post-entry post-entry-type-page post-entry-11'><div class='entry-content-wrapper clearfix'>\n<section  class='av_textblock_section av-lcyiyzl8-1bb999046afcc2ca44f67a27ddd4e0f1'  itemscope=\"itemscope\" itemtype=\"https:\/\/schema.org\/CreativeWork\" ><div class='avia_textblock'  itemprop=\"text\" ><h4>Ordentliche Mitgliedschaft<\/h4>\n<p>Bei Erf\u00fcllung aller personellen und sachlichen Voraussetzungen kann die sofortige Aufnahme als Ordentliches Mitglied erfolgen. Bei sofortiger Aufnahme als Ordentliches Mitglied erfolgt die Schulabnahme und &#8211; Pr\u00fcfung durch den VDS unmittelbar. Nach der Aufnahme tritt die Schule in alle Rechte und Pflichten eines VDS-Mitglieds ein. Das bedeutet, dass das Mitglied das aktive und passive Wahlrecht erh\u00e4lt und &#8211; bei Vorliegen der o.a. personellen Voraussetzungen &#8211; die Rechte erh\u00e4lt, das jeweilige VDS-Ausbildungsprogramm sowie die jeweiligen Pr\u00fcfungen in der Schule anzubieten.<\/p>\n<p><strong>Interimsmitgliedschaft<\/strong><\/p>\n<p>Erf\u00fcllt eine Schule zum Zeitpunkt der Antragstellung noch nicht alle Aufnahmevoraussetzungen, kann sie f\u00fcr die Dauer eines Jahres auf Probe in den VDS aufgenommen werden. F\u00fcr die Dauer des Probejahres wird die Schule betreut, als w\u00e4re eine Aufnahme erfolgt. Ein aktives und passives Wahlrecht besteht nicht. Innerhalb dieses Jahres m\u00fcssen alle Voraussetzungen f\u00fcr eine Ordentliche Mitgliedschaft im VDS erbracht werden (Erwerb der VDS-Lehrerlizenzen etc.) Innerhalb dieses Jahres erfolgt eine Schulabnahme und &#8211; Pr\u00fcfung durch den VDS. Bei einer erfolgreichen Pr\u00fcfung der Schule erfolgt die Aufnahme als Ordentliches Mitglied.<\/p>\n<h4>Mitgliedsbeitr\u00e4ge<\/h4>\n<p>Ordentliche Mitglieder: 320,00 Euro\/Jahr<\/p>\n<p>Interimsmitglieder: 150,00 Euro\/Jahr<\/p>\n<p>Aufnahmegeb\u00fchr: 170,00 EUR einmalig<\/p>\n<h4>VDS-anerkannte Schulen sind berechtigt,<\/h4>\n<ul>\n<li>mit dem Pr\u00e4dikat &#34;VDS-anerkannt&#34; sowie mit dem VDS-Emblem zu werben;<\/li>\n<li>folgende Zertifikate nach Erteilung einer entsprechenden Pr\u00fcferlaubnis in eigener Verantwortung zu erteilen:\n<ul>\n<li>Segel-Grundschein<\/li>\n<li>Catamaran-Grundschein<\/li>\n<li>Windsurfing-Grundschein<\/li>\n<li>Kitesurfing-Grundschein<\/li>\n<li>sowie die entsprechenden Junior-Grundscheine<\/li>\n<\/ul>\n<\/li>\n<\/ul>\n<p>VDS-Mitgliedsschulen werden in das jeweils aktuelle Gesamtverzeichnis der VDS-Mitgliedsschulen aufgenommen (Print und Websites www.2link.de\/vds und www.segelschein-yacht.de ) \u00a0VDS-Mitglieder haben zudem die M\u00f6glichkeit, den VDS-Messestand auf der boot D\u00fcsseldorf f\u00fcr ihr Marketing zu nutzen. Schul-Prospekte k\u00f6nnen dort ausgelegt werden und der Messestand kann f\u00fcr Kundenakquise \u00a0und Mitarbeiter-Meetings genutzt werden.<\/p>\n<p><a href=\"https:\/\/www.2link.de\/vds\/wp-content\/uploads\/Aufnahmeantrag-2021-12.10.21.pdf\" target=\"_blank\" rel=\"noopener noreferrer\">\u00a0Aufnahmeantrag herunterladen<\/a><\/p>\n<p><a href=\"https:\/\/www.2link.de\/vds\/wp-content\/uploads\/Aufnahmeordnung2019.pdf\" target=\"_blank\" rel=\"noopener noreferrer\">Aufnahmeordnung herunterladen<\/a><\/p>\n<p><a href=\"https:\/\/www.2link.de\/vds\/wp-content\/uploads\/Satzung2019.pdf\">Satzung herunterladen<\/a><\/p>\n<p><strong><br \/>\nAuf der n\u00e4chsten Seite:<\/strong><\/p>\n<p><strong><a href=\"https:\/\/www.2link.de\/vds\/der-vds\/partner\/\">Unsere Partner<\/a><\/strong><\/p>\n<\/div><\/section>\n<div  class='avia-button-wrap av-nzl7-83d21d2f644362cb6f1c1e321d111b2b-wrap avia-button-center  avia-builder-el-7  el_after_av_textblock  avia-builder-el-last '><a href='https:\/\/www.2link.de\/vds\/der-vds\/mitgliedschaft-aufnahmeantrag\/'  class='avia-button av-nzl7-83d21d2f644362cb6f1c1e321d111b2b avia-icon_select-no avia-size-large avia-position-center avia-color-theme-color'  ><span class='avia_iconbox_title' >Online Aufnahmeantrag<\/span><\/a><\/div>\n\n","protected":false},"excerpt":{"rendered":"","protected":false},"author":1,"featured_media":0,"parent":6,"menu_order":8,"comment_status":"closed","ping_status":"closed","template":"","meta":{"footnotes":""},"class_list":["post-11","page","type-page","status-publish","hentry"],"yoast_head":"<!-- This site is optimized with the Yoast SEO plugin v27.2 - https:\/\/yoast.com\/product\/yoast-seo-wordpress\/ -->\n<title>Mitgliedschaft\/Antrag - Verband Deutscher Sportbootschulen<\/title>\n<meta name=\"robots\" content=\"index, follow, max-snippet:-1, max-image-preview:large, max-video-preview:-1\" \/>\n<meta property=\"og:locale\" content=\"de_DE\" \/>\n<meta property=\"og:type\" content=\"article\" \/>\n<meta property=\"og:title\" content=\"Mitgliedschaft\/Antrag - Verband Deutscher Sportbootschulen\" \/>\n<meta property=\"og:url\" content=\"https:\/\/www.2link.de\/vds\/der-vds\/mitgliedschaft\/\" \/>\n<meta property=\"og:site_name\" content=\"Verband Deutscher Sportbootschulen\" \/>\n<meta property=\"article:modified_time\" content=\"2023-01-19T14:31:29+00:00\" \/>\n<meta name=\"twitter:card\" content=\"summary_large_image\" \/>\n<meta name=\"twitter:label1\" content=\"Gesch\u00e4tzte Lesezeit\" \/>\n\t<meta name=\"twitter:data1\" content=\"5\u00a0Minuten\" \/>\n<script type=\"application\/ld+json\" class=\"yoast-schema-graph\">{\"@context\":\"https:\/\/schema.org\",\"@graph\":[{\"@type\":\"WebPage\",\"@id\":\"https:\/\/www.2link.de\/vds\/der-vds\/mitgliedschaft\/\",\"url\":\"https:\/\/www.2link.de\/vds\/der-vds\/mitgliedschaft\/\",\"name\":\"Mitgliedschaft\/Antrag - Verband Deutscher Sportbootschulen\",\"isPartOf\":{\"@id\":\"https:\/\/www.2link.de\/vds\/#website\"},\"datePublished\":\"2015-11-30T14:57:55+00:00\",\"dateModified\":\"2023-01-19T14:31:29+00:00\",\"breadcrumb\":{\"@id\":\"https:\/\/www.2link.de\/vds\/der-vds\/mitgliedschaft\/#breadcrumb\"},\"inLanguage\":\"de\",\"potentialAction\":[{\"@type\":\"ReadAction\",\"target\":[\"https:\/\/www.2link.de\/vds\/der-vds\/mitgliedschaft\/\"]}]},{\"@type\":\"BreadcrumbList\",\"@id\":\"https:\/\/www.2link.de\/vds\/der-vds\/mitgliedschaft\/#breadcrumb\",\"itemListElement\":[{\"@type\":\"ListItem\",\"position\":1,\"name\":\"Startseite\",\"item\":\"https:\/\/www.2link.de\/vds\/\"},{\"@type\":\"ListItem\",\"position\":2,\"name\":\"Der VDS\",\"item\":\"https:\/\/www.2link.de\/vds\/der-vds\/\"},{\"@type\":\"ListItem\",\"position\":3,\"name\":\"Mitgliedschaft\/Antrag\"}]},{\"@type\":\"WebSite\",\"@id\":\"https:\/\/www.2link.de\/vds\/#website\",\"url\":\"https:\/\/www.2link.de\/vds\/\",\"name\":\"Verband Deutscher Sportbootschulen\",\"description\":\"\",\"potentialAction\":[{\"@type\":\"SearchAction\",\"target\":{\"@type\":\"EntryPoint\",\"urlTemplate\":\"https:\/\/www.2link.de\/vds\/?s={search_term_string}\"},\"query-input\":{\"@type\":\"PropertyValueSpecification\",\"valueRequired\":true,\"valueName\":\"search_term_string\"}}],\"inLanguage\":\"de\"}]}<\/script>\n<!-- \/ Yoast SEO plugin. -->","yoast_head_json":{"title":"Mitgliedschaft\/Antrag - Verband Deutscher Sportbootschulen","robots":{"index":"index","follow":"follow","max-snippet":"max-snippet:-1","max-image-preview":"max-image-preview:large","max-video-preview":"max-video-preview:-1"},"og_locale":"de_DE","og_type":"article","og_title":"Mitgliedschaft\/Antrag - Verband Deutscher Sportbootschulen","og_url":"https:\/\/www.2link.de\/vds\/der-vds\/mitgliedschaft\/","og_site_name":"Verband Deutscher Sportbootschulen","article_modified_time":"2023-01-19T14:31:29+00:00","twitter_card":"summary_large_image","twitter_misc":{"Gesch\u00e4tzte Lesezeit":"5\u00a0Minuten"},"schema":{"@context":"https:\/\/schema.org","@graph":[{"@type":"WebPage","@id":"https:\/\/www.2link.de\/vds\/der-vds\/mitgliedschaft\/","url":"https:\/\/www.2link.de\/vds\/der-vds\/mitgliedschaft\/","name":"Mitgliedschaft\/Antrag - Verband Deutscher Sportbootschulen","isPartOf":{"@id":"https:\/\/www.2link.de\/vds\/#website"},"datePublished":"2015-11-30T14:57:55+00:00","dateModified":"2023-01-19T14:31:29+00:00","breadcrumb":{"@id":"https:\/\/www.2link.de\/vds\/der-vds\/mitgliedschaft\/#breadcrumb"},"inLanguage":"de","potentialAction":[{"@type":"ReadAction","target":["https:\/\/www.2link.de\/vds\/der-vds\/mitgliedschaft\/"]}]},{"@type":"BreadcrumbList","@id":"https:\/\/www.2link.de\/vds\/der-vds\/mitgliedschaft\/#breadcrumb","itemListElement":[{"@type":"ListItem","position":1,"name":"Startseite","item":"https:\/\/www.2link.de\/vds\/"},{"@type":"ListItem","position":2,"name":"Der VDS","item":"https:\/\/www.2link.de\/vds\/der-vds\/"},{"@type":"ListItem","position":3,"name":"Mitgliedschaft\/Antrag"}]},{"@type":"WebSite","@id":"https:\/\/www.2link.de\/vds\/#website","url":"https:\/\/www.2link.de\/vds\/","name":"Verband Deutscher Sportbootschulen","description":"","potentialAction":[{"@type":"SearchAction","target":{"@type":"EntryPoint","urlTemplate":"https:\/\/www.2link.de\/vds\/?s={search_term_string}"},"query-input":{"@type":"PropertyValueSpecification","valueRequired":true,"valueName":"search_term_string"}}],"inLanguage":"de"}]}},"_links":{"self":[{"href":"https:\/\/www.2link.de\/vds\/wp-json\/wp\/v2\/pages\/11","targetHints":{"allow":["GET"]}}],"collection":[{"href":"https:\/\/www.2link.de\/vds\/wp-json\/wp\/v2\/pages"}],"about":[{"href":"https:\/\/www.2link.de\/vds\/wp-json\/wp\/v2\/types\/page"}],"author":[{"embeddable":true,"href":"https:\/\/www.2link.de\/vds\/wp-json\/wp\/v2\/users\/1"}],"replies":[{"embeddable":true,"href":"https:\/\/www.2link.de\/vds\/wp-json\/wp\/v2\/comments?post=11"}],"version-history":[{"count":28,"href":"https:\/\/www.2link.de\/vds\/wp-json\/wp\/v2\/pages\/11\/revisions"}],"predecessor-version":[{"id":2479,"href":"https:\/\/www.2link.de\/vds\/wp-json\/wp\/v2\/pages\/11\/revisions\/2479"}],"up":[{"embeddable":true,"href":"https:\/\/www.2link.de\/vds\/wp-json\/wp\/v2\/pages\/6"}],"wp:attachment":[{"href":"https:\/\/www.2link.de\/vds\/wp-json\/wp\/v2\/media?parent=11"}],"curies":[{"name":"wp","href":"https:\/\/api.w.org\/{rel}","templated":true}]}}