{"id":1256,"date":"2021-04-08T15:28:29","date_gmt":"2021-04-08T13:28:29","guid":{"rendered":"https:\/\/www.2link.de\/vds\/?page_id=1256"},"modified":"2023-01-20T15:43:00","modified_gmt":"2023-01-20T14:43:00","slug":"stand-up-paddling","status":"publish","type":"page","link":"https:\/\/www.2link.de\/vds\/sportbootlehrer\/stand-up-paddling\/","title":{"rendered":"Stand Up Paddling"},"content":{"rendered":"\n<style type=\"text\/css\" data-created_by=\"avia_inline_auto\" id=\"style-css-av-ld4mssk1-1b1b028ba15099f787e7d9851738f2b1\">\n.avia-section.av-ld4mssk1-1b1b028ba15099f787e7d9851738f2b1 .av-parallax .av-parallax-inner{\nbackground-repeat:no-repeat;\nbackground-image:url(https:\/\/www.2link.de\/vds\/wp-content\/uploads\/sup_lehrerausbildung_header-1030x690.jpg);\nbackground-position:50% 50%;\nbackground-attachment:scroll;\n}\n<\/style>\n<div id='av_section_1'  class='avia-section av-ld4mssk1-1b1b028ba15099f787e7d9851738f2b1 main_color avia-section-default avia-no-border-styling  avia-builder-el-0  el_before_av_textblock  avia-builder-el-first  avia-full-stretch av-parallax-section avia-bg-style-parallax av-minimum-height av-minimum-height-75  container_wrap fullsize'  data-section-bg-repeat='stretch' data-av_minimum_height_pc='75'><div class='av-parallax' data-avia-parallax-ratio='0.3' ><div class='av-parallax-inner main_color avia-full-stretch'><\/div><\/div><div class='container av-section-cont-open' ><main  role=\"main\" itemprop=\"mainContentOfPage\"  class='template-page content  av-content-full alpha units'><div class='post-entry post-entry-type-page post-entry-1256'><div class='entry-content-wrapper clearfix'>\n\n<style type=\"text\/css\" data-created_by=\"avia_inline_auto\" id=\"style-css-av-lc93q95k-5c287e8bbd2f5d48ea17b39ed6d455a5\">\n#top .av-special-heading.av-lc93q95k-5c287e8bbd2f5d48ea17b39ed6d455a5{\npadding-bottom:10px;\ncolor:#ffffff;\n}\nbody .av-special-heading.av-lc93q95k-5c287e8bbd2f5d48ea17b39ed6d455a5 .av-special-heading-tag .heading-char{\nfont-size:25px;\n}\n.av-special-heading.av-lc93q95k-5c287e8bbd2f5d48ea17b39ed6d455a5 .special-heading-inner-border{\nborder-color:#ffffff;\n}\n.av-special-heading.av-lc93q95k-5c287e8bbd2f5d48ea17b39ed6d455a5 .av-subheading{\nfont-size:15px;\n}\n<\/style>\n<div  class='av-special-heading av-lc93q95k-5c287e8bbd2f5d48ea17b39ed6d455a5 av-special-heading-h1 custom-color-heading blockquote modern-quote  avia-builder-el-1  avia-builder-el-no-sibling '><h1 class='av-special-heading-tag'  itemprop=\"headline\"  >Stand Up Paddling &#8211; Instructor<\/h1><div class=\"special-heading-border\"><div class=\"special-heading-inner-border\"><\/div><\/div><\/div>\n<\/div><\/div><\/main><!-- close content main element --><\/div><\/div><div id='after_section_1'  class='main_color av_default_container_wrap container_wrap fullsize'  ><div class='container av-section-cont-open' ><div class='template-page content  av-content-full alpha units'><div class='post-entry post-entry-type-page post-entry-1256'><div class='entry-content-wrapper clearfix'><section  class='av_textblock_section av-a5948-7da8f2d6949edcc627a9a06159bf5db0'  itemscope=\"itemscope\" itemtype=\"https:\/\/schema.org\/CreativeWork\" ><div class='avia_textblock'  itemprop=\"text\" ><p>Das <strong>Stand Up Paddle<\/strong>\u00a0(SUP) ist der Trendsport, der urspr\u00fcnglich &#8211; wie so viele Board-Sportarten- von Hawaii kommt. Viele unserer VDS-Schulen bieten seit einigen Jahren SUP an und halten Material f\u00fcr euch bereit!<\/p>\n<p><strong>SUP ist nicht nur ein perfekter Freizeitspa\u00df sondern auch in sportlicher Hinsicht ein ganzheitliches Training f\u00fcr K\u00f6rper und Seele. Unsere Schulen bieten zum Teil SUP-Touren, SUP-R\u00fcckentraining und SUP-Yoga an und auch in der Welle kann man mit dem SUP-Board viel Fun erleben.\u00a0<\/strong><\/p>\n<p>Startet durch und erlebt die Faszination SUP mit den vielen M\u00f6glichkeiten &#8211; ganz nach euren Bed\u00fcrfnissen.<\/p>\n<p>Wer bereits \u00fcber sehr gute SUP-Erfahrungen verf\u00fcgt und sich f\u00fcr eine Trainerfortbildung interessiert, findet nachfolgend Infos zu der Ausbildung.<\/p>\n<div class=\"page\" title=\"Page 1\">\n<div class=\"layoutArea\">\n<div class=\"column\">\u00a0<\/div>\n<\/div>\n<\/div>\n<div class=\"page\" title=\"Page 1\">\n<div class=\"layoutArea\">\n<div class=\"column\">\n<p><strong>VDS \u2013 Ausbildung Stand-Up-Paddling (SUP) \/ SUP- Instructor \/ SUP-Tourguide<\/strong><\/p>\n<p><strong>Ausbildungsinhalte: Modul 1 Basic<\/strong>:<\/p>\n<ul>\n<li>&#8211; \u00a0Planung, Vorbereitung, Organisation, Durchf\u00fchrung, Nachbereitung von SUP-Aktivit\u00e4ten f\u00fcr Einsteiger und Fortgeschrittene<\/li>\n<li>&#8211; \u00a0Ausr\u00fcstung, Materialkunde, Sicherheitsausr\u00fcstung<\/li>\n<li>&#8211; \u00a0Sicherheitsorganisation<\/li>\n<li>&#8211; \u00a0Paddel-, Stand- und Bewegungstechniken, Ein- und Ausstieg \/ Start und\n<p>Landung<\/p>\n<\/li>\n<li>&#8211; \u00a0Verhalten bei Str\u00f6mungen<\/li>\n<li>&#8211; \u00a0Techniken f\u00fcr Wellenbedingungen<\/li>\n<li>&#8211; \u00a0Methodik und Didaktik von SUP-Schulungen<\/li>\n<li>&#8211; \u00a0F\u00fchrung einer Gruppe<\/li>\n<li>&#8211; \u00a0Verhalten in besonderen Situationen<\/li>\n<li>&#8211; \u00a0Sicherheit \/ Rettung \/ Selbstrettung<\/li>\n<li>&#8211; \u00a0Wetterkunde<\/li>\n<li>&#8211; \u00a0Sportmedizinische Hintergr\u00fcnde \/ physiologischer Nutzen f\u00fcr die St\u00e4rkung und\n<p>Gesunderhaltung<\/p>\n<\/li>\n<li>&#8211; \u00a0Umwelt- und Naturschutz \/ Gew\u00e4sserschutz<\/li>\n<li>&#8211; \u00a0Gesetzliche und gewerbliche Regelungen sowie Versicherung<\/li>\n<\/ul>\n<\/div>\n<\/div>\n<\/div>\n<div class=\"page\" title=\"Page 2\">\n<div class=\"layoutArea\">\n<div class=\"column\">\n<p><strong>Modul 2 : SUP- R\u00fcckenfitness \/ SUP-Yoga<\/strong><\/p>\n<\/div>\n<\/div>\n<div class=\"layoutArea\">\n<div class=\"column\">\n<div class=\"page\" title=\"Page 2\">\n<div class=\"layoutArea\">\n<div class=\"column\">\n<ul>\n<li>&#8211; \u00a0Grundlagen des muskul\u00e4ren Gleichgewichtes und M\u00f6glichkeiten zur Verbesserung durch SUP<\/li>\n<li>&#8211; \u00a0Methodik und Didaktik<\/li>\n<li>&#8211; \u00a0\u00dcbungsauswahl<\/li>\n<li>&#8211; \u00a0Varianten im Bereich Konditionierung und Entspannung<\/li>\n<li>&#8211; \u00a0Verkn\u00fcpfung und Einbindung in SUP-Touren, Schnupperangeboten und SUP-\n<p>Kursen f\u00fcr Einsteiger und Fortgeschrittene<\/p>\n<\/li>\n<li>&#8211; \u00a0Einsatzm\u00f6glichkeiten in der Gesundheitspr\u00e4vention<\/li>\n<li>&#8211; \u00a0M\u00f6glichkeiten der Zusammenarbeit mit Kooperationspartnern im<\/li>\n<li>Gesundheitswesen<\/li>\n<\/ul>\n<\/div>\n<\/div>\n<\/div>\n<\/div>\n<div class=\"column\">\n<p><strong>Modul 3 : SUP-Windsurf<\/strong><\/p>\n<div class=\"page\" title=\"Page 2\">\n<div class=\"layoutArea\">\n<div class=\"column\">\n<ul>\n<li>&#8211; \u00a0Theorie und Praxis des Windsurfens<\/li>\n<li>&#8211; \u00a0Materialkunde sowie Besonderheiten bei Inflatables<\/li>\n<li>&#8211; \u00a0Sicherheit und Organisation<\/li>\n<li>&#8211; \u00a0Methodik und Didaktik<\/li>\n<\/ul>\n<\/div>\n<\/div>\n<\/div>\n<\/div>\n<\/div>\n<div class=\"layoutArea\">\n<div class=\"column\">\n<p><strong>Modul 4 : SUP-Wellness<\/strong><\/p>\n<div class=\"page\" title=\"Page 2\">\n<div class=\"layoutArea\">\n<div class=\"column\">\n<ul>\n<li>&#8211; \u00a0Kombinationsm\u00f6glichkeiten der Sportart SUP mit Wellness- und Sportmassagen, K\u00f6rperpeelings und Teilk\u00f6rperpeelings sowie Packungen<\/li>\n<li>&#8211; \u00a0Grundlagen der Wellness- und Massage\u201ckunst\u201c<\/li>\n<li>&#8211; \u00a0Revierauswahl, Materialauswahl und Tourorganisation f\u00fcr<\/li>\n<li>SUP-Wellnesskombination<\/li>\n<\/ul>\n<\/div>\n<\/div>\n<\/div>\n<\/div>\n<\/div>\n<div class=\"layoutArea\">\n<div class=\"column\">\u00a0<\/div>\n<div class=\"column\">\n<p><strong>Modul 5 SUP-Wellnesskombinationen : SUP-Relax<\/strong><\/p>\n<\/div>\n<\/div>\n<div class=\"layoutArea\">\n<div class=\"column\">\n<ul>\n<li>&#8211; \u00a0Grundlagen des muskul\u00e4ren Gleichgewichtes und M\u00f6glichkeiten zur Verbesserung durch SUP<\/li>\n<li>&#8211; \u00a0Methodik und Didaktik<\/li>\n<li>&#8211; \u00a0\u00dcbungsauswahl<\/li>\n<li>&#8211; \u00a0Varianten im Bereich Konditionierung und Entspannung<\/li>\n<li>&#8211; \u00a0Verkn\u00fcpfung und Einbindung in SUP-Touren, Schnupperangeboten und SUP-\n<p>Kursen f\u00fcr Einsteiger und Fortgeschrittene<\/p>\n<\/li>\n<li>&#8211; \u00a0Einsatzm\u00f6glichkeiten in der Gesundheitspr\u00e4vention<\/li>\n<li>&#8211; \u00a0M\u00f6glichkeiten der Zusammenarbeit mit Kooperationspartnern im<\/li>\n<\/ul>\n<\/div>\n<\/div>\n<div class=\"layoutArea\">\n<div class=\"column\">\n<ul>\n<li>&#8211; \u00a0Theorie und Praxis des Windsurfens<\/li>\n<li>&#8211; \u00a0Materialkunde sowie Besonderheiten bei Inflatables<\/li>\n<li>&#8211; \u00a0Sicherheit und Organisation<\/li>\n<li>&#8211; \u00a0Methodik und Didaktik<\/li>\n<\/ul>\n<\/div>\n<\/div>\n<div class=\"layoutArea\">\n<div class=\"column\">\n<ul>\n<li>&#8211; \u00a0Kombinationsm\u00f6glichkeiten der Sportart SUP mit Wellness- und Sportmassagen, K\u00f6rperpeelings und Teilk\u00f6rperpeelings sowie Packungen<\/li>\n<li>&#8211; \u00a0Grundlagen der Wellness- und Massage\u201ckunst\u201c<\/li>\n<li>&#8211; \u00a0Revierauswahl, Materialauswahl und Tourorganisation f\u00fcr<\/li>\n<\/ul>\n<\/div>\n<\/div>\n<div class=\"layoutArea\">\n<div class=\"column\">\n<ul>\n<li>&#8211; \u00a0Kombinationsm\u00f6glichkeiten der Sportart SUP mit verschiedenen Entspannungsmethoden und \u2013techniken<\/li>\n<li>&#8211; \u00a0Progressive Muskelentspannung (Kennenlernen, Erlernen bzw. Festigen von PME)<\/li>\n<li>&#8211; \u00a0Revierauswahl, Materialauswahl und Tourorganisation f\u00fcr SUP- Entspannungskombinationen\n<p>Teilnahmevoraussetzungen:<\/p>\n<ul>\n<li>&#8211; \u00a0Teilnehmer m\u00fcssen Schwimmen k\u00f6nnen<\/li>\n<li>&#8211; \u00a0Mindestalter 18 Jahre (Ausnahmen auf Antrag)<\/li>\n<li>&#8211; \u00a01.Hilfe-Nachweis<\/li>\n<\/ul>\n<\/li>\n<\/ul>\n<\/div>\n<\/div>\n<\/div>\n<div class=\"page\" title=\"Page 3\">\n<div class=\"layoutArea\">\n<div class=\"column\">\n<p>Die Teilnehmer erhalten eine Teilnahmebescheinigung vom VDS, eine Pr\u00fcfung erfolgt nicht.<\/p>\n<p><strong>Termine findet ihr unter &#34;NEWS&#34;<\/strong><\/p>\n<\/div>\n<\/div>\n<\/div>\n<\/div><\/section><\/p>\n","protected":false},"excerpt":{"rendered":"","protected":false},"author":1,"featured_media":0,"parent":68,"menu_order":0,"comment_status":"closed","ping_status":"closed","template":"","meta":{"footnotes":""},"class_list":["post-1256","page","type-page","status-publish","hentry"],"yoast_head":"<!-- This site is optimized with the Yoast SEO plugin v27.3 - https:\/\/yoast.com\/product\/yoast-seo-wordpress\/ -->\n<title>Stand Up Paddling - Verband Deutscher Sportbootschulen<\/title>\n<meta name=\"robots\" content=\"index, follow, max-snippet:-1, max-image-preview:large, max-video-preview:-1\" \/>\n<meta property=\"og:locale\" content=\"de_DE\" \/>\n<meta property=\"og:type\" content=\"article\" \/>\n<meta property=\"og:title\" content=\"Stand Up Paddling - Verband Deutscher Sportbootschulen\" \/>\n<meta property=\"og:url\" content=\"https:\/\/www.2link.de\/vds\/sportbootlehrer\/stand-up-paddling\/\" \/>\n<meta property=\"og:site_name\" content=\"Verband Deutscher Sportbootschulen\" \/>\n<meta property=\"article:modified_time\" content=\"2023-01-20T14:43:00+00:00\" \/>\n<meta name=\"twitter:card\" content=\"summary_large_image\" \/>\n<meta name=\"twitter:label1\" content=\"Gesch\u00e4tzte Lesezeit\" \/>\n\t<meta name=\"twitter:data1\" content=\"3\u00a0Minuten\" \/>\n<script type=\"application\/ld+json\" class=\"yoast-schema-graph\">{\"@context\":\"https:\\\/\\\/schema.org\",\"@graph\":[{\"@type\":\"WebPage\",\"@id\":\"https:\\\/\\\/www.2link.de\\\/vds\\\/sportbootlehrer\\\/stand-up-paddling\\\/\",\"url\":\"https:\\\/\\\/www.2link.de\\\/vds\\\/sportbootlehrer\\\/stand-up-paddling\\\/\",\"name\":\"Stand Up Paddling - Verband Deutscher Sportbootschulen\",\"isPartOf\":{\"@id\":\"https:\\\/\\\/www.2link.de\\\/vds\\\/#website\"},\"datePublished\":\"2021-04-08T13:28:29+00:00\",\"dateModified\":\"2023-01-20T14:43:00+00:00\",\"breadcrumb\":{\"@id\":\"https:\\\/\\\/www.2link.de\\\/vds\\\/sportbootlehrer\\\/stand-up-paddling\\\/#breadcrumb\"},\"inLanguage\":\"de\",\"potentialAction\":[{\"@type\":\"ReadAction\",\"target\":[\"https:\\\/\\\/www.2link.de\\\/vds\\\/sportbootlehrer\\\/stand-up-paddling\\\/\"]}]},{\"@type\":\"BreadcrumbList\",\"@id\":\"https:\\\/\\\/www.2link.de\\\/vds\\\/sportbootlehrer\\\/stand-up-paddling\\\/#breadcrumb\",\"itemListElement\":[{\"@type\":\"ListItem\",\"position\":1,\"name\":\"Startseite\",\"item\":\"https:\\\/\\\/www.2link.de\\\/vds\\\/\"},{\"@type\":\"ListItem\",\"position\":2,\"name\":\"Sportbootlehrer\",\"item\":\"https:\\\/\\\/www.2link.de\\\/vds\\\/sportbootlehrer\\\/\"},{\"@type\":\"ListItem\",\"position\":3,\"name\":\"Stand Up Paddling\"}]},{\"@type\":\"WebSite\",\"@id\":\"https:\\\/\\\/www.2link.de\\\/vds\\\/#website\",\"url\":\"https:\\\/\\\/www.2link.de\\\/vds\\\/\",\"name\":\"Verband Deutscher Sportbootschulen\",\"description\":\"\",\"potentialAction\":[{\"@type\":\"SearchAction\",\"target\":{\"@type\":\"EntryPoint\",\"urlTemplate\":\"https:\\\/\\\/www.2link.de\\\/vds\\\/?s={search_term_string}\"},\"query-input\":{\"@type\":\"PropertyValueSpecification\",\"valueRequired\":true,\"valueName\":\"search_term_string\"}}],\"inLanguage\":\"de\"}]}<\/script>\n<!-- \/ Yoast SEO plugin. -->","yoast_head_json":{"title":"Stand Up Paddling - Verband Deutscher Sportbootschulen","robots":{"index":"index","follow":"follow","max-snippet":"max-snippet:-1","max-image-preview":"max-image-preview:large","max-video-preview":"max-video-preview:-1"},"og_locale":"de_DE","og_type":"article","og_title":"Stand Up Paddling - Verband Deutscher Sportbootschulen","og_url":"https:\/\/www.2link.de\/vds\/sportbootlehrer\/stand-up-paddling\/","og_site_name":"Verband Deutscher Sportbootschulen","article_modified_time":"2023-01-20T14:43:00+00:00","twitter_card":"summary_large_image","twitter_misc":{"Gesch\u00e4tzte Lesezeit":"3\u00a0Minuten"},"schema":{"@context":"https:\/\/schema.org","@graph":[{"@type":"WebPage","@id":"https:\/\/www.2link.de\/vds\/sportbootlehrer\/stand-up-paddling\/","url":"https:\/\/www.2link.de\/vds\/sportbootlehrer\/stand-up-paddling\/","name":"Stand Up Paddling - Verband Deutscher Sportbootschulen","isPartOf":{"@id":"https:\/\/www.2link.de\/vds\/#website"},"datePublished":"2021-04-08T13:28:29+00:00","dateModified":"2023-01-20T14:43:00+00:00","breadcrumb":{"@id":"https:\/\/www.2link.de\/vds\/sportbootlehrer\/stand-up-paddling\/#breadcrumb"},"inLanguage":"de","potentialAction":[{"@type":"ReadAction","target":["https:\/\/www.2link.de\/vds\/sportbootlehrer\/stand-up-paddling\/"]}]},{"@type":"BreadcrumbList","@id":"https:\/\/www.2link.de\/vds\/sportbootlehrer\/stand-up-paddling\/#breadcrumb","itemListElement":[{"@type":"ListItem","position":1,"name":"Startseite","item":"https:\/\/www.2link.de\/vds\/"},{"@type":"ListItem","position":2,"name":"Sportbootlehrer","item":"https:\/\/www.2link.de\/vds\/sportbootlehrer\/"},{"@type":"ListItem","position":3,"name":"Stand Up Paddling"}]},{"@type":"WebSite","@id":"https:\/\/www.2link.de\/vds\/#website","url":"https:\/\/www.2link.de\/vds\/","name":"Verband Deutscher Sportbootschulen","description":"","potentialAction":[{"@type":"SearchAction","target":{"@type":"EntryPoint","urlTemplate":"https:\/\/www.2link.de\/vds\/?s={search_term_string}"},"query-input":{"@type":"PropertyValueSpecification","valueRequired":true,"valueName":"search_term_string"}}],"inLanguage":"de"}]}},"_links":{"self":[{"href":"https:\/\/www.2link.de\/vds\/wp-json\/wp\/v2\/pages\/1256","targetHints":{"allow":["GET"]}}],"collection":[{"href":"https:\/\/www.2link.de\/vds\/wp-json\/wp\/v2\/pages"}],"about":[{"href":"https:\/\/www.2link.de\/vds\/wp-json\/wp\/v2\/types\/page"}],"author":[{"embeddable":true,"href":"https:\/\/www.2link.de\/vds\/wp-json\/wp\/v2\/users\/1"}],"replies":[{"embeddable":true,"href":"https:\/\/www.2link.de\/vds\/wp-json\/wp\/v2\/comments?post=1256"}],"version-history":[{"count":11,"href":"https:\/\/www.2link.de\/vds\/wp-json\/wp\/v2\/pages\/1256\/revisions"}],"predecessor-version":[{"id":2516,"href":"https:\/\/www.2link.de\/vds\/wp-json\/wp\/v2\/pages\/1256\/revisions\/2516"}],"up":[{"embeddable":true,"href":"https:\/\/www.2link.de\/vds\/wp-json\/wp\/v2\/pages\/68"}],"wp:attachment":[{"href":"https:\/\/www.2link.de\/vds\/wp-json\/wp\/v2\/media?parent=1256"}],"curies":[{"name":"wp","href":"https:\/\/api.w.org\/{rel}","templated":true}]}}