{"id":14,"date":"2015-11-30T14:57:55","date_gmt":"2015-11-30T14:57:55","guid":{"rendered":"http:\/\/www.2link.de\/vds\/der-vds\/ber-uns\/"},"modified":"2023-01-16T11:55:54","modified_gmt":"2023-01-16T10:55:54","slug":"ueber-uns","status":"publish","type":"page","link":"https:\/\/www.2link.de\/vds\/der-vds\/ueber-uns\/","title":{"rendered":"\u00dcber uns"},"content":{"rendered":"\n<style type=\"text\/css\" data-created_by=\"avia_inline_auto\" id=\"style-css-av-lc8wogv8-c40637a0a0f5a19c5723c7a671feb8d2\">\n#top .av-special-heading.av-lc8wogv8-c40637a0a0f5a19c5723c7a671feb8d2{\npadding-bottom:10px;\n}\nbody .av-special-heading.av-lc8wogv8-c40637a0a0f5a19c5723c7a671feb8d2 .av-special-heading-tag .heading-char{\nfont-size:25px;\n}\n.av-special-heading.av-lc8wogv8-c40637a0a0f5a19c5723c7a671feb8d2 .av-subheading{\nfont-size:15px;\n}\n<\/style>\n<div  class='av-special-heading av-lc8wogv8-c40637a0a0f5a19c5723c7a671feb8d2 av-special-heading-h1  avia-builder-el-0  el_before_av_textblock  avia-builder-el-first '><h1 class='av-special-heading-tag'  itemprop=\"headline\"  >\u00dcber uns<\/h1><div class=\"special-heading-border\"><div class=\"special-heading-inner-border\"><\/div><\/div><\/div>\n<section  class='av_textblock_section av-12tp2-dc5b9b28ec6c5075cfba2c5b855f8429'  itemscope=\"itemscope\" itemtype=\"https:\/\/schema.org\/CreativeWork\" ><div class='avia_textblock'  itemprop=\"text\" ><h2>Der Verband Deutscher Sportbootschulen e.V.<\/h2>\n<p>ist der Bundesfachverband f\u00fcr Segel-, Surf- und Motorbootausbildung. Er vertritt die gewerblich und freiberuflich betriebenen Ausbildungsst\u00e4tten. Der VDS hat zum Ziel, die Ausbildungsqualit\u00e4t in den Wassersport- bzw. Sportbootschulen zu sichern und somit eine gute Grundlage zu schaffen, den Einsteigern und den Fortgeschrittenen die Freude und Sicherheit in ihrer Wassersportart zu vermitteln.<\/p>\n<p>Die \u00fcber 200 Mitgliedsschulen im VDS haben sich freiwillig der regelm\u00e4\u00dfigen Pr\u00fcfungen durch den VDS unterworfen, arbeiten mit ausgebildetem Lehrpersonal, ordentlichem Material und soliden Ausbildungsbooten, stehen ihren Sch\u00fclern mit Rat und Tat zur Seite und bilden zusammen mit\u00a0 den Sch\u00fclern ein gutes Team.<\/p>\n<\/div><\/section>\n<\/div><\/div><\/div><!-- close content main div --><\/div><\/div>\n<style type=\"text\/css\" data-created_by=\"avia_inline_auto\" id=\"style-css-av-lcyivy4g-471f224e0b0fa4394dd4ed3d16a4cec9\">\n.avia-section.av-lcyivy4g-471f224e0b0fa4394dd4ed3d16a4cec9{\nposition:relative;\n}\n.avia-section.av-lcyivy4g-471f224e0b0fa4394dd4ed3d16a4cec9 .avia-divider-svg-top svg{\nheight:20px;\nwidth:calc(100% + 1.3px);\nfill:#ffffff;\n}\n<\/style>\n<div id='av_section_1'  class='avia-section av-lcyivy4g-471f224e0b0fa4394dd4ed3d16a4cec9 alternate_color avia-section-default avia-no-border-styling  avia-builder-el-2  el_after_av_textblock  el_before_av_section  avia-bg-style-scroll container_wrap fullsize'  ><div class='avia-divider-svg avia-divider-svg-arrow avia-divider-svg-top avia-svg-original'><svg xmlns=\"http:\/\/www.w3.org\/2000\/svg\" viewBox=\"0 0 700 10\" preserveAspectRatio=\"none\">\n\t<path d=\"M350,10L340,0h20L350,10z\"\/>\n<\/svg><\/div><div class='container av-section-cont-open' ><div class='template-page content  av-content-full alpha units'><div class='post-entry post-entry-type-page post-entry-14'><div class='entry-content-wrapper clearfix'>\n<section  class='av_textblock_section av-lcyivc2a-b840c372a69f750d2772fc30b2e8c9ba'  itemscope=\"itemscope\" itemtype=\"https:\/\/schema.org\/CreativeWork\" ><div class='avia_textblock'  itemprop=\"text\" ><p>Seit 2013 bildet der VDS zusammen mit dem VDWS und dem Deutschen Motoryachtverband e.V. die Arbeitsgemeinschaft QAW- Qualit\u00e4tsausbildung Wassersport.<\/p>\n<p>Der VDS hat ein seit Jahren eingef\u00fchrtes und stetig verbessertes Konzept zur Ausbildung von Einsteigern in den Bereichen Segeln, Motorbootfahren, Windsurfen und Kitesurfen. Wassersport-Einsteiger lernen in einem einw\u00f6chigen Kurs die Basics im Jollensegeln, Catamaransegeln, Yachtsegeln, Windsurfen oder Kitesurfen und erhalten nach einer Pr\u00fcfung den jeweiligen Grundschein.<\/p>\n<p>Seit der Saison 2015 setzt der VDS einen besonderen Schwerpunkt in der Ausbildung der Segler. Die neu konzipierte Ausbildung zum Segelschein Jolle\/ offenes Kielboot und zum Segelschein Yacht ist modular aufgebaut und ist f\u00fcr alle Segler gedacht, die mehr wissen und lernen m\u00f6chten (weitere Man\u00f6ver,Regattasegeln, Schiffsf\u00fchrer etc.)<\/p>\n<p>Zudem bildet der VDS die Lehrer aus, die nach Qualifizierung und Pr\u00fcfung in den VDS-Mitgliedsschulen unterrichten.<\/p>\n<\/div><\/section>\n\n<\/div><\/div><\/div><!-- close content main div --><\/div><\/div>\n<style type=\"text\/css\" data-created_by=\"avia_inline_auto\" id=\"style-css-av-lcx7i44q-23877804171f4e45b9eeb317bfae3baf\">\n.avia-section.av-lcx7i44q-23877804171f4e45b9eeb317bfae3baf{\nbackground-repeat:no-repeat;\nbackground-image:url(https:\/\/www.2link.de\/vds\/wp-content\/uploads\/yacht_segeln_02-1030x687.jpg);\nbackground-position:50% 50%;\nbackground-attachment:fixed;\n}\n<\/style>\n<div id='av_section_2'  class='avia-section av-lcx7i44q-23877804171f4e45b9eeb317bfae3baf main_color avia-section-default avia-no-border-styling  avia-builder-el-4  el_after_av_section  el_before_av_textblock  avia-full-stretch avia-bg-style-fixed av-minimum-height av-minimum-height-50  container_wrap fullsize'  data-section-bg-repeat='stretch' data-av_minimum_height_pc='50'><div class='container av-section-cont-open' ><div class='template-page content  av-content-full alpha units'><div class='post-entry post-entry-type-page post-entry-14'><div class='entry-content-wrapper clearfix'><\/div><\/div><\/div><!-- close content main div --><\/div><\/div><div id='after_section_2'  class='main_color av_default_container_wrap container_wrap fullsize'  ><div class='container av-section-cont-open' ><div class='template-page content  av-content-full alpha units'><div class='post-entry post-entry-type-page post-entry-14'><div class='entry-content-wrapper clearfix'>\n<section  class='av_textblock_section av-lcx78zob-ff106358bf0908b11c10dc22021e747d'  itemscope=\"itemscope\" itemtype=\"https:\/\/schema.org\/CreativeWork\" ><div class='avia_textblock'  itemprop=\"text\" ><section id=\"block-system-main\" class=\"block block-system clearfix\">\n<div class=\"panel-flexible panels-flexible-6 clearfix\">\n<div class=\"panel-flexible-inside panels-flexible-6-inside\">\n<div class=\"panels-flexible-region panels-flexible-region-6-center panels-flexible-region-first panels-flexible-region-last\">\n<h2 class=\"inside panels-flexible-region-inside panels-flexible-region-6-center-inside panels-flexible-region-inside-first panels-flexible-region-inside-last\">Geschichte<\/h2>\n<div class=\"inside panels-flexible-region-inside panels-flexible-region-6-center-inside panels-flexible-region-inside-first panels-flexible-region-inside-last\">\u00a0<\/div>\n<div class=\"inside panels-flexible-region-inside panels-flexible-region-6-center-inside panels-flexible-region-inside-first panels-flexible-region-inside-last\">\n<p>Der Verband Deutscher Sportbootschulen e.V. (VDS) wurde im Jahre 1959 von 25 Segelschulen gegr\u00fcndet, die gleichzeitig auch Bootsvermieter waren.<br \/>\nVor nunmehr \u00fcber vierzig Jahren standen ganz konkrete Gr\u00fcnde Pate f\u00fcr die Idee, einen starken Interessenverband zu gr\u00fcnden:<\/p>\n<p>Der Bundesfinanzminister plante, die Vergn\u00fcgungssteuer drastisch anzuheben und mehrere Landesregierungen drohten, den Wassersport auf den Binnengew\u00e4ssern stark zu beschr\u00e4nken.<\/p>\n<p>In der Folgezeit schlossen sich immer mehr Schulen dem VDS an. Als es im Jahre 1969 zu einer Trennung von den Bootsvermietern kam, konnte diese \u00c4nderung der Statuten bereits mit 42 Mitgliedsschulen beschlossen werden.<\/p>\n<\/div>\n<\/div>\n<\/div>\n<\/div>\n<\/section>\n<\/div><\/section>\n<\/div><\/div><\/div><!-- close content main div --><\/div><\/div>\n<style type=\"text\/css\" data-created_by=\"avia_inline_auto\" id=\"style-css-av-lcx79ypd-d77ff279fbb4b77072c4fd21426275fe\">\n.avia-section.av-lcx79ypd-d77ff279fbb4b77072c4fd21426275fe{\nposition:relative;\n}\n.avia-section.av-lcx79ypd-d77ff279fbb4b77072c4fd21426275fe .avia-divider-svg-top svg{\nheight:20px;\nwidth:calc(100% + 1.3px);\nfill:#ffffff;\n}\n.avia-section.av-lcx79ypd-d77ff279fbb4b77072c4fd21426275fe .avia-divider-svg-bottom svg{\nheight:20px;\nwidth:calc(100% + 1.3px);\nfill:#0069b3;\n}\n<\/style>\n<div id='av_section_3'  class='avia-section av-lcx79ypd-d77ff279fbb4b77072c4fd21426275fe alternate_color avia-section-default avia-no-border-styling  avia-builder-el-6  el_after_av_textblock  avia-builder-el-last  avia-bg-style-scroll container_wrap fullsize'  ><div class='avia-divider-svg avia-divider-svg-arrow avia-divider-svg-top avia-svg-original'><svg xmlns=\"http:\/\/www.w3.org\/2000\/svg\" viewBox=\"0 0 700 10\" preserveAspectRatio=\"none\">\n\t<path d=\"M350,10L340,0h20L350,10z\"\/>\n<\/svg><\/div><div class='avia-divider-svg avia-divider-svg-arrow avia-divider-svg-bottom avia-svg-original'><svg xmlns=\"http:\/\/www.w3.org\/2000\/svg\" viewBox=\"0 0 700 10\" preserveAspectRatio=\"none\">\n\t<path d=\"M350,10L340,0h20L350,10z\"\/>\n<\/svg><\/div><div class='container av-section-cont-open' ><div class='template-page content  av-content-full alpha units'><div class='post-entry post-entry-type-page post-entry-14'><div class='entry-content-wrapper clearfix'>\n<section  class='av_textblock_section av-lcyiwpv4-e8cac03aa00f2c89ea965e051dea759e'  itemscope=\"itemscope\" itemtype=\"https:\/\/schema.org\/CreativeWork\" ><div class='avia_textblock'  itemprop=\"text\" ><section id=\"block-system-main\" class=\"block block-system clearfix\">\n<div class=\"inside panels-flexible-region-inside panels-flexible-region-6-center-inside panels-flexible-region-inside-first panels-flexible-region-inside-last\">\n<p>Grund f\u00fcr die Trennung war der Abschluss eines Vertrages mit dem Deutschen Segler-Verband, der dem VDS als Partner auf dem Ausbildungssektor f\u00fcr Segel- und Motorbootscheine die Pr\u00fcfungshoheit f\u00fcr diese damals noch privatrechtlichen Bef\u00e4higungsnachweise verlieh.<\/p>\n<p>Nach Einf\u00fchrung der staatlichen F\u00fchrerscheine f\u00fcr Motorboote \u00f6ffnete sich der VDS auch f\u00fcr die Aufnahme von reinen Motorboot- und Surfschulen. Im Jahr 1989 wurde der Verband Deutscher Segelschulen e.V. \u00a0durch Beschluss der Mitgliederversammlung in Verband Deutscher Sportbootschulen e.V. &#8211; Fachverband f\u00fcr Segel-, Surf- und Motorbootausbildung &#8211; umbenannt.<\/p>\n<p>Mittlerweile haben sich \u00fcber 220 Schulen im VDS organisiert. Dabei handelt es sich in der Mehrzahl um Schulen, die eine umfassende Ausbildung in allen Bereichen des Wassersports anbieten &#8211; von den Grundscheinen im Bereich Segeln, Catsegeln, Surfen und Kitesurfen bis zu den hohen Weihen des Yachtsegelns mit allen erg\u00e4nzenden Bef\u00e4higungsnachweisen in den Bereichen Funk, Pyrotechnik, Skippertraining und vieles mehr.<\/p>\n<p>Auf der n\u00e4chsten Seite:<\/p>\n<\/div>\n<div class=\"inside panels-flexible-region-inside panels-flexible-region-6-center-inside panels-flexible-region-inside-first panels-flexible-region-inside-last\">\n<p><a href=\"https:\/\/www.2link.de\/vds\/der-vds\/der-vds-vorstand\/\"><strong>Der VDS &#8211; Vorstand<\/strong><\/a><\/p>\n<\/div>\n<\/section>\n<\/div><\/section>\n\n","protected":false},"excerpt":{"rendered":"","protected":false},"author":1,"featured_media":0,"parent":6,"menu_order":0,"comment_status":"closed","ping_status":"closed","template":"","meta":{"footnotes":""},"class_list":["post-14","page","type-page","status-publish","hentry"],"yoast_head":"<!-- This site is optimized with the Yoast SEO plugin v27.3 - https:\/\/yoast.com\/product\/yoast-seo-wordpress\/ -->\n<title>\u00dcber uns - Verband Deutscher Sportbootschulen<\/title>\n<meta name=\"robots\" content=\"index, follow, max-snippet:-1, max-image-preview:large, max-video-preview:-1\" \/>\n<meta property=\"og:locale\" content=\"de_DE\" \/>\n<meta property=\"og:type\" content=\"article\" \/>\n<meta property=\"og:title\" content=\"\u00dcber uns - Verband Deutscher Sportbootschulen\" \/>\n<meta property=\"og:url\" content=\"https:\/\/www.2link.de\/vds\/der-vds\/ueber-uns\/\" \/>\n<meta property=\"og:site_name\" content=\"Verband Deutscher Sportbootschulen\" \/>\n<meta property=\"article:modified_time\" content=\"2023-01-16T10:55:54+00:00\" \/>\n<meta name=\"twitter:card\" content=\"summary_large_image\" \/>\n<meta name=\"twitter:label1\" content=\"Gesch\u00e4tzte Lesezeit\" \/>\n\t<meta name=\"twitter:data1\" content=\"5\u00a0Minuten\" \/>\n<script type=\"application\/ld+json\" class=\"yoast-schema-graph\">{\"@context\":\"https:\\\/\\\/schema.org\",\"@graph\":[{\"@type\":\"WebPage\",\"@id\":\"https:\\\/\\\/www.2link.de\\\/vds\\\/der-vds\\\/ueber-uns\\\/\",\"url\":\"https:\\\/\\\/www.2link.de\\\/vds\\\/der-vds\\\/ueber-uns\\\/\",\"name\":\"\u00dcber uns - Verband Deutscher Sportbootschulen\",\"isPartOf\":{\"@id\":\"https:\\\/\\\/www.2link.de\\\/vds\\\/#website\"},\"datePublished\":\"2015-11-30T14:57:55+00:00\",\"dateModified\":\"2023-01-16T10:55:54+00:00\",\"breadcrumb\":{\"@id\":\"https:\\\/\\\/www.2link.de\\\/vds\\\/der-vds\\\/ueber-uns\\\/#breadcrumb\"},\"inLanguage\":\"de\",\"potentialAction\":[{\"@type\":\"ReadAction\",\"target\":[\"https:\\\/\\\/www.2link.de\\\/vds\\\/der-vds\\\/ueber-uns\\\/\"]}]},{\"@type\":\"BreadcrumbList\",\"@id\":\"https:\\\/\\\/www.2link.de\\\/vds\\\/der-vds\\\/ueber-uns\\\/#breadcrumb\",\"itemListElement\":[{\"@type\":\"ListItem\",\"position\":1,\"name\":\"Startseite\",\"item\":\"https:\\\/\\\/www.2link.de\\\/vds\\\/\"},{\"@type\":\"ListItem\",\"position\":2,\"name\":\"Der VDS\",\"item\":\"https:\\\/\\\/www.2link.de\\\/vds\\\/der-vds\\\/\"},{\"@type\":\"ListItem\",\"position\":3,\"name\":\"\u00dcber uns\"}]},{\"@type\":\"WebSite\",\"@id\":\"https:\\\/\\\/www.2link.de\\\/vds\\\/#website\",\"url\":\"https:\\\/\\\/www.2link.de\\\/vds\\\/\",\"name\":\"Verband Deutscher Sportbootschulen\",\"description\":\"\",\"potentialAction\":[{\"@type\":\"SearchAction\",\"target\":{\"@type\":\"EntryPoint\",\"urlTemplate\":\"https:\\\/\\\/www.2link.de\\\/vds\\\/?s={search_term_string}\"},\"query-input\":{\"@type\":\"PropertyValueSpecification\",\"valueRequired\":true,\"valueName\":\"search_term_string\"}}],\"inLanguage\":\"de\"}]}<\/script>\n<!-- \/ Yoast SEO plugin. -->","yoast_head_json":{"title":"\u00dcber uns - Verband Deutscher Sportbootschulen","robots":{"index":"index","follow":"follow","max-snippet":"max-snippet:-1","max-image-preview":"max-image-preview:large","max-video-preview":"max-video-preview:-1"},"og_locale":"de_DE","og_type":"article","og_title":"\u00dcber uns - Verband Deutscher Sportbootschulen","og_url":"https:\/\/www.2link.de\/vds\/der-vds\/ueber-uns\/","og_site_name":"Verband Deutscher Sportbootschulen","article_modified_time":"2023-01-16T10:55:54+00:00","twitter_card":"summary_large_image","twitter_misc":{"Gesch\u00e4tzte Lesezeit":"5\u00a0Minuten"},"schema":{"@context":"https:\/\/schema.org","@graph":[{"@type":"WebPage","@id":"https:\/\/www.2link.de\/vds\/der-vds\/ueber-uns\/","url":"https:\/\/www.2link.de\/vds\/der-vds\/ueber-uns\/","name":"\u00dcber uns - Verband Deutscher Sportbootschulen","isPartOf":{"@id":"https:\/\/www.2link.de\/vds\/#website"},"datePublished":"2015-11-30T14:57:55+00:00","dateModified":"2023-01-16T10:55:54+00:00","breadcrumb":{"@id":"https:\/\/www.2link.de\/vds\/der-vds\/ueber-uns\/#breadcrumb"},"inLanguage":"de","potentialAction":[{"@type":"ReadAction","target":["https:\/\/www.2link.de\/vds\/der-vds\/ueber-uns\/"]}]},{"@type":"BreadcrumbList","@id":"https:\/\/www.2link.de\/vds\/der-vds\/ueber-uns\/#breadcrumb","itemListElement":[{"@type":"ListItem","position":1,"name":"Startseite","item":"https:\/\/www.2link.de\/vds\/"},{"@type":"ListItem","position":2,"name":"Der VDS","item":"https:\/\/www.2link.de\/vds\/der-vds\/"},{"@type":"ListItem","position":3,"name":"\u00dcber uns"}]},{"@type":"WebSite","@id":"https:\/\/www.2link.de\/vds\/#website","url":"https:\/\/www.2link.de\/vds\/","name":"Verband Deutscher Sportbootschulen","description":"","potentialAction":[{"@type":"SearchAction","target":{"@type":"EntryPoint","urlTemplate":"https:\/\/www.2link.de\/vds\/?s={search_term_string}"},"query-input":{"@type":"PropertyValueSpecification","valueRequired":true,"valueName":"search_term_string"}}],"inLanguage":"de"}]}},"_links":{"self":[{"href":"https:\/\/www.2link.de\/vds\/wp-json\/wp\/v2\/pages\/14","targetHints":{"allow":["GET"]}}],"collection":[{"href":"https:\/\/www.2link.de\/vds\/wp-json\/wp\/v2\/pages"}],"about":[{"href":"https:\/\/www.2link.de\/vds\/wp-json\/wp\/v2\/types\/page"}],"author":[{"embeddable":true,"href":"https:\/\/www.2link.de\/vds\/wp-json\/wp\/v2\/users\/1"}],"replies":[{"embeddable":true,"href":"https:\/\/www.2link.de\/vds\/wp-json\/wp\/v2\/comments?post=14"}],"version-history":[{"count":20,"href":"https:\/\/www.2link.de\/vds\/wp-json\/wp\/v2\/pages\/14\/revisions"}],"predecessor-version":[{"id":2076,"href":"https:\/\/www.2link.de\/vds\/wp-json\/wp\/v2\/pages\/14\/revisions\/2076"}],"up":[{"embeddable":true,"href":"https:\/\/www.2link.de\/vds\/wp-json\/wp\/v2\/pages\/6"}],"wp:attachment":[{"href":"https:\/\/www.2link.de\/vds\/wp-json\/wp\/v2\/media?parent=14"}],"curies":[{"name":"wp","href":"https:\/\/api.w.org\/{rel}","templated":true}]}}