{"id":19,"date":"2015-11-30T14:57:56","date_gmt":"2015-11-30T14:57:56","guid":{"rendered":"http:\/\/www.2link.de\/vds\/grundscheine\/allgemeine-informationen\/"},"modified":"2022-12-29T10:53:42","modified_gmt":"2022-12-29T09:53:42","slug":"allgemeine-informationen","status":"publish","type":"page","link":"https:\/\/www.2link.de\/vds\/grundscheine\/allgemeine-informationen\/","title":{"rendered":"Allgemeine Informationen"},"content":{"rendered":"\n<style type=\"text\/css\" data-created_by=\"avia_inline_auto\" id=\"style-css-av-lc8ws1fl-9b52fda49f8716927ff8a8973b81aa39\">\n#top .av-special-heading.av-lc8ws1fl-9b52fda49f8716927ff8a8973b81aa39{\npadding-bottom:10px;\n}\nbody .av-special-heading.av-lc8ws1fl-9b52fda49f8716927ff8a8973b81aa39 .av-special-heading-tag .heading-char{\nfont-size:25px;\n}\n.av-special-heading.av-lc8ws1fl-9b52fda49f8716927ff8a8973b81aa39 .av-subheading{\nfont-size:15px;\n}\n<\/style>\n<div  class='av-special-heading av-lc8ws1fl-9b52fda49f8716927ff8a8973b81aa39 av-special-heading-h1  avia-builder-el-0  el_before_av_textblock  avia-builder-el-first '><h1 class='av-special-heading-tag'  itemprop=\"headline\"  >Allgemeine Informationen<\/h1><div class=\"special-heading-border\"><div class=\"special-heading-inner-border\"><\/div><\/div><\/div>\n<section  class='av_textblock_section av-av_textblock-154edf3b81ea89278a85a087be81f544'  itemscope=\"itemscope\" itemtype=\"https:\/\/schema.org\/CreativeWork\" ><div class='avia_textblock'  itemprop=\"text\" ><section id=\"block-system-main\" class=\"block block-system clearfix\">\n<div class=\"panel-flexible panels-flexible-6 clearfix\">\n<div class=\"panel-flexible-inside panels-flexible-6-inside\">\n<div class=\"panels-flexible-region panels-flexible-region-6-center panels-flexible-region-first panels-flexible-region-last\">\n<div class=\"inside panels-flexible-region-inside panels-flexible-region-6-center-inside panels-flexible-region-inside-first panels-flexible-region-inside-last\">\n<div class=\"panel-pane pane-entity-field pane-node-body\">\n<div class=\"pane-content\">\n<div class=\"field field-name-body field-type-text-with-summary field-label-hidden\">\n<div class=\"field-items\">\n<div class=\"field-item even\">\n<h4>VDS-Grundscheine<\/h4>\n<p>Die Ausbildungs- und Pr\u00fcfungsinhalte st\u00fctzen sich auf die Ausbildungs- und Pr\u00fcfungsordnung des Verbandes Deutscher Sportbootschulen. Sie wurden auf der Grundlage langj\u00e4hriger Erfahrungen an den VDS-Mitgliedsschulen zusammengestellt, um den Einstieg in den Wassersport in vern\u00fcnftigem Zusammenwirken von Praxis und notwendiger Theorie zu erleichtern. Sie vermitteln dem Einsteiger ein solides Basiswissen, auf dem weitere Aktivit\u00e4ten aufzubauen sind.<\/p>\n<p>Grundscheine sind keine amtlichen F\u00fchrerscheine. Sie sind im besten Sinne dieses Wortes &#34;Bef\u00e4higungsnachweise\u00ee. Sie sollen dazu dienen, den Einsteiger in der sicheren Handhabung seines Sportger\u00e4tes zu unterweisen. Auf f\u00fchrerscheinfreien Gew\u00e4ssern kann der Inhaber beim Mieten eines Bootes sowie von Surf- oder Kitesurfmaterial nachweisen, dass er &#34;sein Handwerk versteht\u00ee. Dies ist z.B. auch im Versicherungsfall von nicht zu untersch\u00e4tzender Bedeutung.<\/p>\n<h4>VDS-Grundschein-Cards mit und ohne Versicherungsschutz<\/h4>\n<p>Die wasserfesten VDS-Cards zu den Segel-, Catamaran, Windsurf- und Kitesurfgrundscheinen dienen als Ihr pers\u00f6nlicher Ausweis auf dem Wasser gegen\u00fcber Beh\u00f6rden, Clubs oder beim Mieten einer Jolle, eines Catamarans oder Surfboards. Die VDS-Grundschein-Card ist ein anerkannter Bef\u00e4higungsnachweis auf Gew\u00e4ssern, auf denen kein amtlicher Sportbootf\u00fchrerschein vorgeschrieben ist. <strong>Die VDS-Cards werden bei uns registriert und sind z.B. nach Verlust jederzeit wieder ausstellbar.<\/strong><\/p>\n<p>Auf Wunsch schlie\u00dfen wir f\u00fcr Sie eine weltweite Wassersportversicherung zur VDS-Card ab. Diese Versicherung wurde gezielt auf die Bed\u00fcrfnisse von Wassersportlern abgestimmt und umfasst eine Haftpflicht- und Unfallversicherung.<\/p>\n<p><strong>Weitere Informationen zur VDS-Card:<\/strong><\/p>\n<p><a href=\"https:\/\/www.2link.de\/vds\/wp-content\/uploads\/vds-card.pdf\" target=\"_blank\" rel=\"noopener\"><span style=\"color: #ff8c00;\">Allgemeines Informationsblatt zur VDS-Card<\/span><\/a><br \/>\n<a href=\"https:\/\/www.2link.de\/vds\/wp-content\/uploads\/vds-card-versicherung.pdf\" target=\"_blank\" rel=\"noopener\"><span style=\"color: #ff8c00;\">Informationen zum Versicherungspaket der VDS-Card<\/span><\/a><br \/>\n<a href=\"https:\/\/www.2link.de\/vds\/wp-content\/uploads\/vds-card-antrag.pdf\" target=\"_blank\" rel=\"noopener\"><span style=\"color: #ff8c00;\">Antrag auf Ausstellung einer VDS-Card<\/span><\/a><\/p>\n<\/div>\n<\/div>\n<\/div>\n<\/div>\n<\/div>\n<div class=\"panel-separator\">\u00a0<\/div>\n<div class=\"panel-pane pane-node-links link-wrapper\">\n<div class=\"pane-content\">\u00a0<\/div>\n<\/div>\n<\/div>\n<\/div>\n<\/div>\n<\/div>\n<\/section>\n<\/div><\/section>\n","protected":false},"excerpt":{"rendered":"","protected":false},"author":1,"featured_media":0,"parent":18,"menu_order":0,"comment_status":"closed","ping_status":"closed","template":"","meta":{"footnotes":""},"class_list":["post-19","page","type-page","status-publish","hentry"],"yoast_head":"<!-- This site is optimized with the Yoast SEO plugin v27.2 - https:\/\/yoast.com\/product\/yoast-seo-wordpress\/ -->\n<title>Allgemeine Informationen - Verband Deutscher Sportbootschulen<\/title>\n<meta name=\"robots\" content=\"index, follow, max-snippet:-1, max-image-preview:large, max-video-preview:-1\" \/>\n<meta property=\"og:locale\" content=\"de_DE\" \/>\n<meta property=\"og:type\" content=\"article\" \/>\n<meta property=\"og:title\" content=\"Allgemeine Informationen - Verband Deutscher Sportbootschulen\" \/>\n<meta property=\"og:url\" content=\"https:\/\/www.2link.de\/vds\/grundscheine\/allgemeine-informationen\/\" \/>\n<meta property=\"og:site_name\" content=\"Verband Deutscher Sportbootschulen\" \/>\n<meta property=\"article:modified_time\" content=\"2022-12-29T09:53:42+00:00\" \/>\n<meta name=\"twitter:card\" content=\"summary_large_image\" \/>\n<meta name=\"twitter:label1\" content=\"Gesch\u00e4tzte Lesezeit\" \/>\n\t<meta name=\"twitter:data1\" content=\"2\u00a0Minuten\" \/>\n<script type=\"application\/ld+json\" class=\"yoast-schema-graph\">{\"@context\":\"https:\/\/schema.org\",\"@graph\":[{\"@type\":\"WebPage\",\"@id\":\"https:\/\/www.2link.de\/vds\/grundscheine\/allgemeine-informationen\/\",\"url\":\"https:\/\/www.2link.de\/vds\/grundscheine\/allgemeine-informationen\/\",\"name\":\"Allgemeine Informationen - Verband Deutscher Sportbootschulen\",\"isPartOf\":{\"@id\":\"https:\/\/www.2link.de\/vds\/#website\"},\"datePublished\":\"2015-11-30T14:57:56+00:00\",\"dateModified\":\"2022-12-29T09:53:42+00:00\",\"breadcrumb\":{\"@id\":\"https:\/\/www.2link.de\/vds\/grundscheine\/allgemeine-informationen\/#breadcrumb\"},\"inLanguage\":\"de\",\"potentialAction\":[{\"@type\":\"ReadAction\",\"target\":[\"https:\/\/www.2link.de\/vds\/grundscheine\/allgemeine-informationen\/\"]}]},{\"@type\":\"BreadcrumbList\",\"@id\":\"https:\/\/www.2link.de\/vds\/grundscheine\/allgemeine-informationen\/#breadcrumb\",\"itemListElement\":[{\"@type\":\"ListItem\",\"position\":1,\"name\":\"Startseite\",\"item\":\"https:\/\/www.2link.de\/vds\/\"},{\"@type\":\"ListItem\",\"position\":2,\"name\":\"Grundscheine\",\"item\":\"https:\/\/www.2link.de\/vds\/grundscheine\/\"},{\"@type\":\"ListItem\",\"position\":3,\"name\":\"Allgemeine Informationen\"}]},{\"@type\":\"WebSite\",\"@id\":\"https:\/\/www.2link.de\/vds\/#website\",\"url\":\"https:\/\/www.2link.de\/vds\/\",\"name\":\"Verband Deutscher Sportbootschulen\",\"description\":\"\",\"potentialAction\":[{\"@type\":\"SearchAction\",\"target\":{\"@type\":\"EntryPoint\",\"urlTemplate\":\"https:\/\/www.2link.de\/vds\/?s={search_term_string}\"},\"query-input\":{\"@type\":\"PropertyValueSpecification\",\"valueRequired\":true,\"valueName\":\"search_term_string\"}}],\"inLanguage\":\"de\"}]}<\/script>\n<!-- \/ Yoast SEO plugin. -->","yoast_head_json":{"title":"Allgemeine Informationen - Verband Deutscher Sportbootschulen","robots":{"index":"index","follow":"follow","max-snippet":"max-snippet:-1","max-image-preview":"max-image-preview:large","max-video-preview":"max-video-preview:-1"},"og_locale":"de_DE","og_type":"article","og_title":"Allgemeine Informationen - Verband Deutscher Sportbootschulen","og_url":"https:\/\/www.2link.de\/vds\/grundscheine\/allgemeine-informationen\/","og_site_name":"Verband Deutscher Sportbootschulen","article_modified_time":"2022-12-29T09:53:42+00:00","twitter_card":"summary_large_image","twitter_misc":{"Gesch\u00e4tzte Lesezeit":"2\u00a0Minuten"},"schema":{"@context":"https:\/\/schema.org","@graph":[{"@type":"WebPage","@id":"https:\/\/www.2link.de\/vds\/grundscheine\/allgemeine-informationen\/","url":"https:\/\/www.2link.de\/vds\/grundscheine\/allgemeine-informationen\/","name":"Allgemeine Informationen - Verband Deutscher Sportbootschulen","isPartOf":{"@id":"https:\/\/www.2link.de\/vds\/#website"},"datePublished":"2015-11-30T14:57:56+00:00","dateModified":"2022-12-29T09:53:42+00:00","breadcrumb":{"@id":"https:\/\/www.2link.de\/vds\/grundscheine\/allgemeine-informationen\/#breadcrumb"},"inLanguage":"de","potentialAction":[{"@type":"ReadAction","target":["https:\/\/www.2link.de\/vds\/grundscheine\/allgemeine-informationen\/"]}]},{"@type":"BreadcrumbList","@id":"https:\/\/www.2link.de\/vds\/grundscheine\/allgemeine-informationen\/#breadcrumb","itemListElement":[{"@type":"ListItem","position":1,"name":"Startseite","item":"https:\/\/www.2link.de\/vds\/"},{"@type":"ListItem","position":2,"name":"Grundscheine","item":"https:\/\/www.2link.de\/vds\/grundscheine\/"},{"@type":"ListItem","position":3,"name":"Allgemeine Informationen"}]},{"@type":"WebSite","@id":"https:\/\/www.2link.de\/vds\/#website","url":"https:\/\/www.2link.de\/vds\/","name":"Verband Deutscher Sportbootschulen","description":"","potentialAction":[{"@type":"SearchAction","target":{"@type":"EntryPoint","urlTemplate":"https:\/\/www.2link.de\/vds\/?s={search_term_string}"},"query-input":{"@type":"PropertyValueSpecification","valueRequired":true,"valueName":"search_term_string"}}],"inLanguage":"de"}]}},"_links":{"self":[{"href":"https:\/\/www.2link.de\/vds\/wp-json\/wp\/v2\/pages\/19","targetHints":{"allow":["GET"]}}],"collection":[{"href":"https:\/\/www.2link.de\/vds\/wp-json\/wp\/v2\/pages"}],"about":[{"href":"https:\/\/www.2link.de\/vds\/wp-json\/wp\/v2\/types\/page"}],"author":[{"embeddable":true,"href":"https:\/\/www.2link.de\/vds\/wp-json\/wp\/v2\/users\/1"}],"replies":[{"embeddable":true,"href":"https:\/\/www.2link.de\/vds\/wp-json\/wp\/v2\/comments?post=19"}],"version-history":[{"count":3,"href":"https:\/\/www.2link.de\/vds\/wp-json\/wp\/v2\/pages\/19\/revisions"}],"predecessor-version":[{"id":1439,"href":"https:\/\/www.2link.de\/vds\/wp-json\/wp\/v2\/pages\/19\/revisions\/1439"}],"up":[{"embeddable":true,"href":"https:\/\/www.2link.de\/vds\/wp-json\/wp\/v2\/pages\/18"}],"wp:attachment":[{"href":"https:\/\/www.2link.de\/vds\/wp-json\/wp\/v2\/media?parent=19"}],"curies":[{"name":"wp","href":"https:\/\/api.w.org\/{rel}","templated":true}]}}