{"id":197,"date":"2015-11-30T16:18:17","date_gmt":"2015-11-30T15:18:17","guid":{"rendered":"http:\/\/www.2link.de\/vds\/?page_id=197"},"modified":"2022-12-29T10:55:31","modified_gmt":"2022-12-29T09:55:31","slug":"sportbootfuehrerscheine","status":"publish","type":"page","link":"https:\/\/www.2link.de\/vds\/sportbootfuehrerscheine\/","title":{"rendered":"\u00dcbersicht"},"content":{"rendered":"\n<style type=\"text\/css\" data-created_by=\"avia_inline_auto\" id=\"style-css-av-lc8wudrp-734183fbf88300d1d2db2a64ab58a5ad\">\n#top .av-special-heading.av-lc8wudrp-734183fbf88300d1d2db2a64ab58a5ad{\npadding-bottom:10px;\n}\nbody .av-special-heading.av-lc8wudrp-734183fbf88300d1d2db2a64ab58a5ad .av-special-heading-tag .heading-char{\nfont-size:25px;\n}\n.av-special-heading.av-lc8wudrp-734183fbf88300d1d2db2a64ab58a5ad .av-subheading{\nfont-size:15px;\n}\n<\/style>\n<div  class='av-special-heading av-lc8wudrp-734183fbf88300d1d2db2a64ab58a5ad av-special-heading-h1  avia-builder-el-0  el_before_av_textblock  avia-builder-el-first '><h1 class='av-special-heading-tag'  itemprop=\"headline\"  >\u00dcbersicht<\/h1><div class=\"special-heading-border\"><div class=\"special-heading-inner-border\"><\/div><\/div><\/div>\n<section  class='av_textblock_section av-av_textblock-154edf3b81ea89278a85a087be81f544'  itemscope=\"itemscope\" itemtype=\"https:\/\/schema.org\/CreativeWork\" ><div class='avia_textblock'  itemprop=\"text\" ><h4>\u00a0Sportbootf\u00fchrerscheine<\/h4>\n<ul>\n<li><a href=\"https:\/\/www.2link.de\/vds\/segeln-2\/jollensegeln\/\">Segelschein Jolle\/offenes Kielboot<\/a><\/li>\n<li><a href=\"https:\/\/www.2link.de\/vds\/segeln-2\/yachtsegeln\/\">Segelschein Yacht<\/a><\/li>\n<li><a href=\"https:\/\/www.2link.de\/vds\/sportbootfuehrerscheine\/sportkustenschifferschein\/\">Sportk\u00fcstenschifferschein<\/a><\/li>\n<li><a href=\"https:\/\/www.2link.de\/vds\/sportbootfuehrerscheine\/sportseeschifferschein\/\">Sportseeschifferschein<\/a><\/li>\n<li><a href=\"https:\/\/www.2link.de\/vds\/sportbootfuehrerscheine\/sporthochseeschifferschein\/\">Sporthochseeschifferschein<\/a><\/li>\n<li><a href=\"https:\/\/www.2link.de\/vds\/sportbootfuehrerscheine\/bodenseeschifferpatent\/\">Bodenseeschifferpatent<\/a><\/li>\n<li><a href=\"https:\/\/www.2link.de\/vds\/sportbootfuehrerscheine\/funkzeugnisse\/\">Funkzeugnisse<\/a><\/li>\n<\/ul>\n<h4>Amtliche F\u00fchrerscheine<\/h4>\n<p>In Deutschland sind zwei F\u00fchrerscheine f\u00fcr Sportbootfahrer vom Gesetz vorgeschrieben:<\/p>\n<ul>\n<li>amtlicher <a href=\"https:\/\/www.2link.de\/vds\/sportbootfuehrerscheine\/sportbootfuhrerschein-binnen\/\">Sportbootf\u00fchrerschein Binnen<\/a> (f\u00fcr f\u00fchrerscheinpflichtige Binnengew\u00e4sser und Fl\u00fcsse)<\/li>\n<\/ul>\n<ul>\n<li>amtlicher <a href=\"https:\/\/www.2link.de\/vds\/sportbootfuehrerscheine\/sportbootfuhrerschein-see\/\">Sportbootf\u00fchrerschein See<\/a> (f\u00fcr K\u00fcstengew\u00e4sser)<\/li>\n<\/ul>\n<\/div><\/section>\n","protected":false},"excerpt":{"rendered":"","protected":false},"author":1,"featured_media":0,"parent":0,"menu_order":14,"comment_status":"closed","ping_status":"closed","template":"","meta":{"footnotes":""},"class_list":["post-197","page","type-page","status-publish","hentry"],"yoast_head":"<!-- This site is optimized with the Yoast SEO plugin v27.3 - https:\/\/yoast.com\/product\/yoast-seo-wordpress\/ -->\n<title>\u00dcbersicht - Verband Deutscher Sportbootschulen<\/title>\n<meta name=\"robots\" content=\"index, follow, max-snippet:-1, max-image-preview:large, max-video-preview:-1\" \/>\n<meta property=\"og:locale\" content=\"de_DE\" \/>\n<meta property=\"og:type\" content=\"article\" \/>\n<meta property=\"og:title\" content=\"\u00dcbersicht - Verband Deutscher Sportbootschulen\" \/>\n<meta property=\"og:url\" content=\"https:\/\/www.2link.de\/vds\/sportbootfuehrerscheine\/\" \/>\n<meta property=\"og:site_name\" content=\"Verband Deutscher Sportbootschulen\" \/>\n<meta property=\"article:modified_time\" content=\"2022-12-29T09:55:31+00:00\" \/>\n<meta name=\"twitter:card\" content=\"summary_large_image\" \/>\n<meta name=\"twitter:label1\" content=\"Gesch\u00e4tzte Lesezeit\" \/>\n\t<meta name=\"twitter:data1\" content=\"1\u00a0Minute\" \/>\n<script type=\"application\/ld+json\" class=\"yoast-schema-graph\">{\"@context\":\"https:\\\/\\\/schema.org\",\"@graph\":[{\"@type\":\"WebPage\",\"@id\":\"https:\\\/\\\/www.2link.de\\\/vds\\\/sportbootfuehrerscheine\\\/\",\"url\":\"https:\\\/\\\/www.2link.de\\\/vds\\\/sportbootfuehrerscheine\\\/\",\"name\":\"\u00dcbersicht - Verband Deutscher Sportbootschulen\",\"isPartOf\":{\"@id\":\"https:\\\/\\\/www.2link.de\\\/vds\\\/#website\"},\"datePublished\":\"2015-11-30T15:18:17+00:00\",\"dateModified\":\"2022-12-29T09:55:31+00:00\",\"breadcrumb\":{\"@id\":\"https:\\\/\\\/www.2link.de\\\/vds\\\/sportbootfuehrerscheine\\\/#breadcrumb\"},\"inLanguage\":\"de\",\"potentialAction\":[{\"@type\":\"ReadAction\",\"target\":[\"https:\\\/\\\/www.2link.de\\\/vds\\\/sportbootfuehrerscheine\\\/\"]}]},{\"@type\":\"BreadcrumbList\",\"@id\":\"https:\\\/\\\/www.2link.de\\\/vds\\\/sportbootfuehrerscheine\\\/#breadcrumb\",\"itemListElement\":[{\"@type\":\"ListItem\",\"position\":1,\"name\":\"Startseite\",\"item\":\"https:\\\/\\\/www.2link.de\\\/vds\\\/\"},{\"@type\":\"ListItem\",\"position\":2,\"name\":\"\u00dcbersicht\"}]},{\"@type\":\"WebSite\",\"@id\":\"https:\\\/\\\/www.2link.de\\\/vds\\\/#website\",\"url\":\"https:\\\/\\\/www.2link.de\\\/vds\\\/\",\"name\":\"Verband Deutscher Sportbootschulen\",\"description\":\"\",\"potentialAction\":[{\"@type\":\"SearchAction\",\"target\":{\"@type\":\"EntryPoint\",\"urlTemplate\":\"https:\\\/\\\/www.2link.de\\\/vds\\\/?s={search_term_string}\"},\"query-input\":{\"@type\":\"PropertyValueSpecification\",\"valueRequired\":true,\"valueName\":\"search_term_string\"}}],\"inLanguage\":\"de\"}]}<\/script>\n<!-- \/ Yoast SEO plugin. -->","yoast_head_json":{"title":"\u00dcbersicht - Verband Deutscher Sportbootschulen","robots":{"index":"index","follow":"follow","max-snippet":"max-snippet:-1","max-image-preview":"max-image-preview:large","max-video-preview":"max-video-preview:-1"},"og_locale":"de_DE","og_type":"article","og_title":"\u00dcbersicht - Verband Deutscher Sportbootschulen","og_url":"https:\/\/www.2link.de\/vds\/sportbootfuehrerscheine\/","og_site_name":"Verband Deutscher Sportbootschulen","article_modified_time":"2022-12-29T09:55:31+00:00","twitter_card":"summary_large_image","twitter_misc":{"Gesch\u00e4tzte Lesezeit":"1\u00a0Minute"},"schema":{"@context":"https:\/\/schema.org","@graph":[{"@type":"WebPage","@id":"https:\/\/www.2link.de\/vds\/sportbootfuehrerscheine\/","url":"https:\/\/www.2link.de\/vds\/sportbootfuehrerscheine\/","name":"\u00dcbersicht - Verband Deutscher Sportbootschulen","isPartOf":{"@id":"https:\/\/www.2link.de\/vds\/#website"},"datePublished":"2015-11-30T15:18:17+00:00","dateModified":"2022-12-29T09:55:31+00:00","breadcrumb":{"@id":"https:\/\/www.2link.de\/vds\/sportbootfuehrerscheine\/#breadcrumb"},"inLanguage":"de","potentialAction":[{"@type":"ReadAction","target":["https:\/\/www.2link.de\/vds\/sportbootfuehrerscheine\/"]}]},{"@type":"BreadcrumbList","@id":"https:\/\/www.2link.de\/vds\/sportbootfuehrerscheine\/#breadcrumb","itemListElement":[{"@type":"ListItem","position":1,"name":"Startseite","item":"https:\/\/www.2link.de\/vds\/"},{"@type":"ListItem","position":2,"name":"\u00dcbersicht"}]},{"@type":"WebSite","@id":"https:\/\/www.2link.de\/vds\/#website","url":"https:\/\/www.2link.de\/vds\/","name":"Verband Deutscher Sportbootschulen","description":"","potentialAction":[{"@type":"SearchAction","target":{"@type":"EntryPoint","urlTemplate":"https:\/\/www.2link.de\/vds\/?s={search_term_string}"},"query-input":{"@type":"PropertyValueSpecification","valueRequired":true,"valueName":"search_term_string"}}],"inLanguage":"de"}]}},"_links":{"self":[{"href":"https:\/\/www.2link.de\/vds\/wp-json\/wp\/v2\/pages\/197","targetHints":{"allow":["GET"]}}],"collection":[{"href":"https:\/\/www.2link.de\/vds\/wp-json\/wp\/v2\/pages"}],"about":[{"href":"https:\/\/www.2link.de\/vds\/wp-json\/wp\/v2\/types\/page"}],"author":[{"embeddable":true,"href":"https:\/\/www.2link.de\/vds\/wp-json\/wp\/v2\/users\/1"}],"replies":[{"embeddable":true,"href":"https:\/\/www.2link.de\/vds\/wp-json\/wp\/v2\/comments?post=197"}],"version-history":[{"count":13,"href":"https:\/\/www.2link.de\/vds\/wp-json\/wp\/v2\/pages\/197\/revisions"}],"predecessor-version":[{"id":1466,"href":"https:\/\/www.2link.de\/vds\/wp-json\/wp\/v2\/pages\/197\/revisions\/1466"}],"wp:attachment":[{"href":"https:\/\/www.2link.de\/vds\/wp-json\/wp\/v2\/media?parent=197"}],"curies":[{"name":"wp","href":"https:\/\/api.w.org\/{rel}","templated":true}]}}