{"id":2152,"date":"2023-01-18T11:04:36","date_gmt":"2023-01-18T10:04:36","guid":{"rendered":"https:\/\/www.2link.de\/vds\/kitesurfen-2\/grundscheine-copy\/"},"modified":"2023-01-19T14:13:10","modified_gmt":"2023-01-19T13:13:10","slug":"wingsurfen-wingfoil","status":"publish","type":"page","link":"https:\/\/www.2link.de\/vds\/wingsurfen-wingfoil\/","title":{"rendered":"Wingsurfen \/ Wingfoil"},"content":{"rendered":"\n<style type=\"text\/css\" data-created_by=\"avia_inline_auto\" id=\"style-css-av-ld1vk1uc-8d3b30cc379eb11f1473077f2b67aa13\">\n.avia-section.av-ld1vk1uc-8d3b30cc379eb11f1473077f2b67aa13 .av-parallax .av-parallax-inner{\nbackground-repeat:no-repeat;\nbackground-image:url(https:\/\/www.2link.de\/vds\/wp-content\/uploads\/wingfoil_subheader_01-1030x687.jpg);\nbackground-position:50% 0%;\nbackground-attachment:scroll;\n}\n<\/style>\n<div id='av_section_1'  class='avia-section av-ld1vk1uc-8d3b30cc379eb11f1473077f2b67aa13 main_color avia-section-default avia-no-border-styling  avia-builder-el-0  el_before_av_textblock  avia-builder-el-first  avia-full-stretch av-parallax-section avia-bg-style-parallax av-minimum-height av-minimum-height-75  container_wrap fullsize'  data-section-bg-repeat='stretch' data-av_minimum_height_pc='75'><div class='av-parallax' data-avia-parallax-ratio='0.3' ><div class='av-parallax-inner main_color avia-full-stretch'><\/div><\/div><div class='container av-section-cont-open' ><main  role=\"main\" itemprop=\"mainContentOfPage\"  class='template-page content  av-content-full alpha units'><div class='post-entry post-entry-type-page post-entry-2152'><div class='entry-content-wrapper clearfix'>\n\n<style type=\"text\/css\" data-created_by=\"avia_inline_auto\" id=\"style-css-av-ld1vjbu8-284ddd0fb070bd3ea10904458e2f84b3\">\n#top .av-special-heading.av-ld1vjbu8-284ddd0fb070bd3ea10904458e2f84b3{\npadding-bottom:10px;\ncolor:#ffffff;\n}\nbody .av-special-heading.av-ld1vjbu8-284ddd0fb070bd3ea10904458e2f84b3 .av-special-heading-tag .heading-char{\nfont-size:25px;\n}\n.av-special-heading.av-ld1vjbu8-284ddd0fb070bd3ea10904458e2f84b3 .special-heading-inner-border{\nborder-color:#ffffff;\n}\n.av-special-heading.av-ld1vjbu8-284ddd0fb070bd3ea10904458e2f84b3 .av-subheading{\nfont-size:15px;\n}\n<\/style>\n<div  class='av-special-heading av-ld1vjbu8-284ddd0fb070bd3ea10904458e2f84b3 av-special-heading-h1 custom-color-heading blockquote modern-quote  avia-builder-el-1  avia-builder-el-no-sibling '><h1 class='av-special-heading-tag'  itemprop=\"headline\"  >Wingsurfen \/ Wingfoil<\/h1><div class=\"special-heading-border\"><div class=\"special-heading-inner-border\"><\/div><\/div><\/div>\n<\/div><\/div><\/main><!-- close content main element --><\/div><\/div><div id='after_section_1'  class='main_color av_default_container_wrap container_wrap fullsize'  ><div class='container av-section-cont-open' ><div class='template-page content  av-content-full alpha units'><div class='post-entry post-entry-type-page post-entry-2152'><div class='entry-content-wrapper clearfix'>\n<section  class='av_textblock_section av-cg9b0o-33959a7e091ed1c07a5c578656cf5c2c'  itemscope=\"itemscope\" itemtype=\"https:\/\/schema.org\/CreativeWork\" ><div class='avia_textblock'  itemprop=\"text\" ><p>Wingfoilen ist die neue faszinierende Wassersportart, die verschiedene Arten des Surfens vereint. Mit dem Foil-Board und und durch den Wing (Fl\u00fcgel) gleitet der Surfer \u00fcber das Wasser. Ein einzigartiges Gef\u00fchl! Mit einem\u00a0Surf- oder SUP-Board und dem Wing kann man Wingsurfen \u00a0&#8211; auch hier ist ein Riesenspa\u00df garantiert!<\/p>\n<p>Viele VDS-Schulen haben das Wingfoilen oder das Wingsurfen bereits seit der Saison 2020 im Angebot. Unsere Kitesurf-Lehrteamer waren auch von Anfang an dabei und haben diesen tollen Sport f\u00fcr sich entdeckt und waren sofort begeistert und seitdem immer auf dem Foil-Board, wenn es die Zeit zul\u00e4sst.<\/p>\n<p>Nachfolgend ein Auszug aus dem VDS-Wingsurf-\/Wingfoil-Lehrbuch. Das Buch kann \u00fcber die Kontaktseite zum Preis von 19,90 EUR Zug. 3,00 EUR f\u00fcr den Versand bestellt werden.<\/p>\n<\/div><\/section>\n\n<style type=\"text\/css\" data-created_by=\"avia_inline_auto\" id=\"style-css-av-ld345gnt-ea750236b2cb7a20ed4c29c8fc5dfb42\">\n#top .avia-gallery.av-ld345gnt-ea750236b2cb7a20ed4c29c8fc5dfb42 .avia-gallery-thumb a{\nwidth:20%;\n}\n<\/style>\n<div  class='avia-gallery av-ld345gnt-ea750236b2cb7a20ed4c29c8fc5dfb42 avia_animate_when_visible  avia-builder-el-3  el_after_av_textblock  el_before_av_section  avia-builder-el-last  animations_off avia-gallery-1'  itemprop=\"image\" itemscope=\"itemscope\" itemtype=\"https:\/\/schema.org\/ImageObject\" ><meta itemprop=\"contentURL\" content=\"https:\/\/www.2link.de\/vds\/wingsurfen-wingfoil\/\"><div class='avia-gallery-thumb'><a href=\"https:\/\/www.2link.de\/vds\/wp-content\/uploads\/wingsurfen-gal-01.jpg\" data-srcset=\"https:\/\/www.2link.de\/vds\/wp-content\/uploads\/wingsurfen-gal-01.jpg 1000w, https:\/\/www.2link.de\/vds\/wp-content\/uploads\/wingsurfen-gal-01-300x200.jpg 300w, https:\/\/www.2link.de\/vds\/wp-content\/uploads\/wingsurfen-gal-01-768x512.jpg 768w, https:\/\/www.2link.de\/vds\/wp-content\/uploads\/wingsurfen-gal-01-705x470.jpg 705w, https:\/\/www.2link.de\/vds\/wp-content\/uploads\/wingsurfen-gal-01-450x300.jpg 450w, https:\/\/www.2link.de\/vds\/wp-content\/uploads\/wingsurfen-gal-01-600x400.jpg 600w\" data-sizes=\"(max-width: 1000px) 100vw, 1000px\" data-rel='gallery-1' data-prev-img='https:\/\/www.2link.de\/vds\/wp-content\/uploads\/wingsurfen-gal-01-495x400.jpg' class='first_thumb lightbox ' data-onclick='1' title='wingsurfen-gal-01'  itemprop=\"thumbnailUrl\"  ><img decoding=\"async\" class=\"wp-image-2448 avia-img-lazy-loading-not-2448\"   src=\"https:\/\/www.2link.de\/vds\/wp-content\/uploads\/wingsurfen-gal-01-495x400.jpg\" width=\"495\" height=\"400\"  title='wingsurfen-gal-01' alt='' \/><div class='big-prev-fake'><img loading=\"lazy\" decoding=\"async\" class=\"wp-image-2448 avia-img-lazy-loading-2448\"  width=\"495\" height=\"400\" src=\"https:\/\/www.2link.de\/vds\/wp-content\/uploads\/wingsurfen-gal-01-495x400.jpg\" title='wingsurfen-gal-01' alt='' \/><\/div><\/a><a href=\"https:\/\/www.2link.de\/vds\/wp-content\/uploads\/wingsurfen-gal-02.jpg\" data-srcset=\"https:\/\/www.2link.de\/vds\/wp-content\/uploads\/wingsurfen-gal-02.jpg 1000w, https:\/\/www.2link.de\/vds\/wp-content\/uploads\/wingsurfen-gal-02-300x200.jpg 300w, https:\/\/www.2link.de\/vds\/wp-content\/uploads\/wingsurfen-gal-02-768x512.jpg 768w, https:\/\/www.2link.de\/vds\/wp-content\/uploads\/wingsurfen-gal-02-705x470.jpg 705w, https:\/\/www.2link.de\/vds\/wp-content\/uploads\/wingsurfen-gal-02-450x300.jpg 450w, https:\/\/www.2link.de\/vds\/wp-content\/uploads\/wingsurfen-gal-02-600x400.jpg 600w\" data-sizes=\"(max-width: 1000px) 100vw, 1000px\" data-rel='gallery-1' data-prev-img='https:\/\/www.2link.de\/vds\/wp-content\/uploads\/wingsurfen-gal-02-495x400.jpg' class='lightbox ' data-onclick='2' title='wingsurfen-gal-02'  itemprop=\"thumbnailUrl\"  ><img decoding=\"async\" class=\"wp-image-2449 avia-img-lazy-loading-not-2449\"   src=\"https:\/\/www.2link.de\/vds\/wp-content\/uploads\/wingsurfen-gal-02-495x400.jpg\" width=\"495\" height=\"400\"  title='wingsurfen-gal-02' alt='' \/><div class='big-prev-fake'><img loading=\"lazy\" decoding=\"async\" class=\"wp-image-2449 avia-img-lazy-loading-2449\"  width=\"495\" height=\"400\" src=\"https:\/\/www.2link.de\/vds\/wp-content\/uploads\/wingsurfen-gal-02-495x400.jpg\" title='wingsurfen-gal-02' alt='' \/><\/div><\/a><a href=\"https:\/\/www.2link.de\/vds\/wp-content\/uploads\/wingsurfen-gal-03.jpg\" data-srcset=\"https:\/\/www.2link.de\/vds\/wp-content\/uploads\/wingsurfen-gal-03.jpg 1000w, https:\/\/www.2link.de\/vds\/wp-content\/uploads\/wingsurfen-gal-03-300x200.jpg 300w, https:\/\/www.2link.de\/vds\/wp-content\/uploads\/wingsurfen-gal-03-768x512.jpg 768w, https:\/\/www.2link.de\/vds\/wp-content\/uploads\/wingsurfen-gal-03-705x470.jpg 705w, https:\/\/www.2link.de\/vds\/wp-content\/uploads\/wingsurfen-gal-03-450x300.jpg 450w, https:\/\/www.2link.de\/vds\/wp-content\/uploads\/wingsurfen-gal-03-600x400.jpg 600w\" data-sizes=\"(max-width: 1000px) 100vw, 1000px\" data-rel='gallery-1' data-prev-img='https:\/\/www.2link.de\/vds\/wp-content\/uploads\/wingsurfen-gal-03-495x400.jpg' class='lightbox ' data-onclick='3' title='wingsurfen-gal-03'  itemprop=\"thumbnailUrl\"  ><img decoding=\"async\" class=\"wp-image-2450 avia-img-lazy-loading-not-2450\"   src=\"https:\/\/www.2link.de\/vds\/wp-content\/uploads\/wingsurfen-gal-03-495x400.jpg\" width=\"495\" height=\"400\"  title='wingsurfen-gal-03' alt='' \/><div class='big-prev-fake'><img loading=\"lazy\" decoding=\"async\" class=\"wp-image-2450 avia-img-lazy-loading-2450\"  width=\"495\" height=\"400\" src=\"https:\/\/www.2link.de\/vds\/wp-content\/uploads\/wingsurfen-gal-03-495x400.jpg\" title='wingsurfen-gal-03' alt='' \/><\/div><\/a><a href=\"https:\/\/www.2link.de\/vds\/wp-content\/uploads\/wingsurfen-gal-04.jpg\" data-srcset=\"https:\/\/www.2link.de\/vds\/wp-content\/uploads\/wingsurfen-gal-04.jpg 1000w, https:\/\/www.2link.de\/vds\/wp-content\/uploads\/wingsurfen-gal-04-300x200.jpg 300w, https:\/\/www.2link.de\/vds\/wp-content\/uploads\/wingsurfen-gal-04-768x512.jpg 768w, https:\/\/www.2link.de\/vds\/wp-content\/uploads\/wingsurfen-gal-04-705x470.jpg 705w, https:\/\/www.2link.de\/vds\/wp-content\/uploads\/wingsurfen-gal-04-450x300.jpg 450w, https:\/\/www.2link.de\/vds\/wp-content\/uploads\/wingsurfen-gal-04-600x400.jpg 600w\" data-sizes=\"(max-width: 1000px) 100vw, 1000px\" data-rel='gallery-1' data-prev-img='https:\/\/www.2link.de\/vds\/wp-content\/uploads\/wingsurfen-gal-04-495x400.jpg' class='lightbox ' data-onclick='4' title='wingsurfen-gal-04'  itemprop=\"thumbnailUrl\"  ><img decoding=\"async\" class=\"wp-image-2451 avia-img-lazy-loading-not-2451\"   src=\"https:\/\/www.2link.de\/vds\/wp-content\/uploads\/wingsurfen-gal-04-495x400.jpg\" width=\"495\" height=\"400\"  title='wingsurfen-gal-04' alt='' \/><div class='big-prev-fake'><img loading=\"lazy\" decoding=\"async\" class=\"wp-image-2451 avia-img-lazy-loading-2451\"  width=\"495\" height=\"400\" src=\"https:\/\/www.2link.de\/vds\/wp-content\/uploads\/wingsurfen-gal-04-495x400.jpg\" title='wingsurfen-gal-04' alt='' \/><\/div><\/a><a href=\"https:\/\/www.2link.de\/vds\/wp-content\/uploads\/wingsurfen-gal-05.jpg\" data-srcset=\"https:\/\/www.2link.de\/vds\/wp-content\/uploads\/wingsurfen-gal-05.jpg 1000w, https:\/\/www.2link.de\/vds\/wp-content\/uploads\/wingsurfen-gal-05-300x200.jpg 300w, https:\/\/www.2link.de\/vds\/wp-content\/uploads\/wingsurfen-gal-05-768x512.jpg 768w, https:\/\/www.2link.de\/vds\/wp-content\/uploads\/wingsurfen-gal-05-705x470.jpg 705w, https:\/\/www.2link.de\/vds\/wp-content\/uploads\/wingsurfen-gal-05-450x300.jpg 450w, https:\/\/www.2link.de\/vds\/wp-content\/uploads\/wingsurfen-gal-05-600x400.jpg 600w\" data-sizes=\"(max-width: 1000px) 100vw, 1000px\" data-rel='gallery-1' data-prev-img='https:\/\/www.2link.de\/vds\/wp-content\/uploads\/wingsurfen-gal-05-495x400.jpg' class='lightbox ' data-onclick='5' title='wingsurfen-gal-05'  itemprop=\"thumbnailUrl\"  ><img decoding=\"async\" class=\"wp-image-2452 avia-img-lazy-loading-not-2452\"   src=\"https:\/\/www.2link.de\/vds\/wp-content\/uploads\/wingsurfen-gal-05-495x400.jpg\" width=\"495\" height=\"400\"  title='wingsurfen-gal-05' alt='' \/><div class='big-prev-fake'><img loading=\"lazy\" decoding=\"async\" class=\"wp-image-2452 avia-img-lazy-loading-2452\"  width=\"495\" height=\"400\" src=\"https:\/\/www.2link.de\/vds\/wp-content\/uploads\/wingsurfen-gal-05-495x400.jpg\" title='wingsurfen-gal-05' alt='' \/><\/div><\/a><\/div><\/div>\n<\/div><\/div><\/div><!-- close content main div --><\/div><\/div>\n<style type=\"text\/css\" data-created_by=\"avia_inline_auto\" id=\"style-css-av-bagoco-c4496f5cc0ac20fbc94fbfab45dc4c94\">\n.avia-section.av-bagoco-c4496f5cc0ac20fbc94fbfab45dc4c94{\nbackground-repeat:no-repeat;\nbackground-image:url(https:\/\/www.2link.de\/vds\/wp-content\/uploads\/wingssurfen_02-1030x687.jpg);\nbackground-position:50% 50%;\nbackground-attachment:fixed;\n}\n<\/style>\n<div id='av_section_2'  class='avia-section av-bagoco-c4496f5cc0ac20fbc94fbfab45dc4c94 main_color avia-section-default avia-no-border-styling  avia-builder-el-4  el_after_av_gallery  el_before_av_section  avia-full-stretch avia-bg-style-fixed av-minimum-height av-minimum-height-50  container_wrap fullsize'  data-section-bg-repeat='stretch' data-av_minimum_height_pc='50'><div class='container av-section-cont-open' ><div class='template-page content  av-content-full alpha units'><div class='post-entry post-entry-type-page post-entry-2152'><div class='entry-content-wrapper clearfix'>\n<\/div><\/div><\/div><!-- close content main div --><\/div><\/div>\n<style type=\"text\/css\" data-created_by=\"avia_inline_auto\" id=\"style-css-av-9m4e6w-6cdf4509bf52afff3f03426909cd18b1\">\n.avia-section.av-9m4e6w-6cdf4509bf52afff3f03426909cd18b1{\nposition:relative;\n}\n.avia-section.av-9m4e6w-6cdf4509bf52afff3f03426909cd18b1 .avia-divider-svg-top svg{\nheight:20px;\nwidth:calc(100% + 1.3px);\nfill:#ffffff;\n}\n.avia-section.av-9m4e6w-6cdf4509bf52afff3f03426909cd18b1 .avia-divider-svg-bottom svg{\nheight:20px;\nwidth:calc(100% + 1.3px);\nfill:#0069b3;\n}\n<\/style>\n<div id='av_section_3'  class='avia-section av-9m4e6w-6cdf4509bf52afff3f03426909cd18b1 alternate_color avia-section-default avia-no-border-styling  avia-builder-el-5  el_after_av_section  avia-builder-el-last  avia-bg-style-scroll container_wrap fullsize'  ><div class='avia-divider-svg avia-divider-svg-arrow avia-divider-svg-top avia-svg-original'><svg xmlns=\"http:\/\/www.w3.org\/2000\/svg\" viewBox=\"0 0 700 10\" preserveAspectRatio=\"none\">\n\t<path d=\"M350,10L340,0h20L350,10z\"\/>\n<\/svg><\/div><div class='avia-divider-svg avia-divider-svg-arrow avia-divider-svg-bottom avia-svg-original'><svg xmlns=\"http:\/\/www.w3.org\/2000\/svg\" viewBox=\"0 0 700 10\" preserveAspectRatio=\"none\">\n\t<path d=\"M350,10L340,0h20L350,10z\"\/>\n<\/svg><\/div><div class='container av-section-cont-open' ><div class='template-page content  av-content-full alpha units'><div class='post-entry post-entry-type-page post-entry-2152'><div class='entry-content-wrapper clearfix'>\n<div class='flex_column av-7cbfo8-c3557b0c7d5f3387e595eae0f78cfa5e av_two_third  avia-builder-el-6  el_before_av_one_third  avia-builder-el-first  first flex_column_div '     ><section  class='av_textblock_section av-6iw6yg-b225ec000c51dc8db0bef6f79e3592d2'  itemscope=\"itemscope\" itemtype=\"https:\/\/schema.org\/CreativeWork\" ><div class='avia_textblock'  itemprop=\"text\" ><p>Wingfoilen ist die neue faszinierende Wassersportart, die verschiedene Arten des Surfens vereint. Mit dem Foil-Board und und durch den Wing (Fl\u00fcgel) gleitet der Surfer \u00fcber das Wasser. Ein einzigartiges Gef\u00fchl! Mit einem\u00a0Surf- oder SUP-Board und dem Wing kann man Wingsurfen \u00a0&#8211; auch hier ist ein Riesenspa\u00df garantiert!<\/p>\n<p>Viele VDS-Schulen haben das Wingfoilen oder das Wingsurfen bereits seit der Saison 2020 im Angebot. Unsere Kitesurf-Lehrteamer waren auch von Anfang an dabei und haben diesen tollen Sport f\u00fcr sich entdeckt und waren sofort begeistert und seitdem immer auf dem Foil-Board, wenn es die Zeit zul\u00e4sst.<\/p>\n<p>Nachfolgend ein Auszug aus dem VDS-Wingsurf-\/Wingfoil-Lehrbuch. Das Buch kann \u00fcber die Kontaktseite zum Preis von 19,90 EUR Zug. 3,00 EUR f\u00fcr den Versand bestellt werden.<\/p>\n<\/div><\/section><\/div><div class='flex_column av-4wyxig-95e301bc02a30f337e57fba6f1b6ec6b av_one_third  avia-builder-el-8  el_after_av_two_third  avia-builder-el-last  flex_column_div '     ><style type=\"text\/css\" data-created_by=\"avia_inline_auto\" id=\"style-css-av-ld343ssn-edce86879f086f3b3719ae9fe56bc09b\">\n.avia-image-container.av-ld343ssn-edce86879f086f3b3719ae9fe56bc09b img.avia_image{\nbox-shadow:none;\n}\n.avia-image-container.av-ld343ssn-edce86879f086f3b3719ae9fe56bc09b .av-image-caption-overlay-center{\ncolor:#ffffff;\n}\n<\/style>\n<div  class='avia-image-container av-ld343ssn-edce86879f086f3b3719ae9fe56bc09b av-styling- avia-align-center  avia-builder-el-9  avia-builder-el-no-sibling '   itemprop=\"image\" itemscope=\"itemscope\" itemtype=\"https:\/\/schema.org\/ImageObject\" ><div class=\"avia-image-container-inner\"><div class=\"avia-image-overlay-wrap\"><img decoding=\"async\" class='wp-image-2447 avia-img-lazy-loading-not-2447 avia_image ' src=\"https:\/\/www.2link.de\/vds\/wp-content\/uploads\/wingsurfen-gal-06.jpg\" alt='' title='wingsurfen-gal-06'  height=\"667\" width=\"445\"  itemprop=\"thumbnailUrl\" srcset=\"https:\/\/www.2link.de\/vds\/wp-content\/uploads\/wingsurfen-gal-06.jpg 445w, https:\/\/www.2link.de\/vds\/wp-content\/uploads\/wingsurfen-gal-06-200x300.jpg 200w\" sizes=\"(max-width: 445px) 100vw, 445px\" \/><\/div><\/div><\/div><\/div>\n","protected":false},"excerpt":{"rendered":"","protected":false},"author":1,"featured_media":0,"parent":0,"menu_order":2,"comment_status":"closed","ping_status":"closed","template":"","meta":{"footnotes":""},"class_list":["post-2152","page","type-page","status-publish","hentry"],"yoast_head":"<!-- This site is optimized with the Yoast SEO plugin v27.3 - https:\/\/yoast.com\/product\/yoast-seo-wordpress\/ -->\n<title>Wingsurfen \/ Wingfoil - Verband Deutscher Sportbootschulen<\/title>\n<meta name=\"robots\" content=\"index, follow, max-snippet:-1, max-image-preview:large, max-video-preview:-1\" \/>\n<meta property=\"og:locale\" content=\"de_DE\" \/>\n<meta property=\"og:type\" content=\"article\" \/>\n<meta property=\"og:title\" content=\"Wingsurfen \/ Wingfoil - Verband Deutscher Sportbootschulen\" \/>\n<meta property=\"og:url\" content=\"https:\/\/www.2link.de\/vds\/wingsurfen-wingfoil\/\" \/>\n<meta property=\"og:site_name\" content=\"Verband Deutscher Sportbootschulen\" \/>\n<meta property=\"article:modified_time\" content=\"2023-01-19T13:13:10+00:00\" \/>\n<meta name=\"twitter:card\" content=\"summary_large_image\" \/>\n<meta name=\"twitter:label1\" content=\"Gesch\u00e4tzte Lesezeit\" \/>\n\t<meta name=\"twitter:data1\" content=\"5\u00a0Minuten\" \/>\n<script type=\"application\/ld+json\" class=\"yoast-schema-graph\">{\"@context\":\"https:\\\/\\\/schema.org\",\"@graph\":[{\"@type\":\"WebPage\",\"@id\":\"https:\\\/\\\/www.2link.de\\\/vds\\\/wingsurfen-wingfoil\\\/\",\"url\":\"https:\\\/\\\/www.2link.de\\\/vds\\\/wingsurfen-wingfoil\\\/\",\"name\":\"Wingsurfen \\\/ Wingfoil - Verband Deutscher Sportbootschulen\",\"isPartOf\":{\"@id\":\"https:\\\/\\\/www.2link.de\\\/vds\\\/#website\"},\"datePublished\":\"2023-01-18T10:04:36+00:00\",\"dateModified\":\"2023-01-19T13:13:10+00:00\",\"breadcrumb\":{\"@id\":\"https:\\\/\\\/www.2link.de\\\/vds\\\/wingsurfen-wingfoil\\\/#breadcrumb\"},\"inLanguage\":\"de\",\"potentialAction\":[{\"@type\":\"ReadAction\",\"target\":[\"https:\\\/\\\/www.2link.de\\\/vds\\\/wingsurfen-wingfoil\\\/\"]}]},{\"@type\":\"BreadcrumbList\",\"@id\":\"https:\\\/\\\/www.2link.de\\\/vds\\\/wingsurfen-wingfoil\\\/#breadcrumb\",\"itemListElement\":[{\"@type\":\"ListItem\",\"position\":1,\"name\":\"Startseite\",\"item\":\"https:\\\/\\\/www.2link.de\\\/vds\\\/\"},{\"@type\":\"ListItem\",\"position\":2,\"name\":\"Wingsurfen \\\/ Wingfoil\"}]},{\"@type\":\"WebSite\",\"@id\":\"https:\\\/\\\/www.2link.de\\\/vds\\\/#website\",\"url\":\"https:\\\/\\\/www.2link.de\\\/vds\\\/\",\"name\":\"Verband Deutscher Sportbootschulen\",\"description\":\"\",\"potentialAction\":[{\"@type\":\"SearchAction\",\"target\":{\"@type\":\"EntryPoint\",\"urlTemplate\":\"https:\\\/\\\/www.2link.de\\\/vds\\\/?s={search_term_string}\"},\"query-input\":{\"@type\":\"PropertyValueSpecification\",\"valueRequired\":true,\"valueName\":\"search_term_string\"}}],\"inLanguage\":\"de\"}]}<\/script>\n<!-- \/ Yoast SEO plugin. -->","yoast_head_json":{"title":"Wingsurfen \/ Wingfoil - Verband Deutscher Sportbootschulen","robots":{"index":"index","follow":"follow","max-snippet":"max-snippet:-1","max-image-preview":"max-image-preview:large","max-video-preview":"max-video-preview:-1"},"og_locale":"de_DE","og_type":"article","og_title":"Wingsurfen \/ Wingfoil - Verband Deutscher Sportbootschulen","og_url":"https:\/\/www.2link.de\/vds\/wingsurfen-wingfoil\/","og_site_name":"Verband Deutscher Sportbootschulen","article_modified_time":"2023-01-19T13:13:10+00:00","twitter_card":"summary_large_image","twitter_misc":{"Gesch\u00e4tzte Lesezeit":"5\u00a0Minuten"},"schema":{"@context":"https:\/\/schema.org","@graph":[{"@type":"WebPage","@id":"https:\/\/www.2link.de\/vds\/wingsurfen-wingfoil\/","url":"https:\/\/www.2link.de\/vds\/wingsurfen-wingfoil\/","name":"Wingsurfen \/ Wingfoil - Verband Deutscher Sportbootschulen","isPartOf":{"@id":"https:\/\/www.2link.de\/vds\/#website"},"datePublished":"2023-01-18T10:04:36+00:00","dateModified":"2023-01-19T13:13:10+00:00","breadcrumb":{"@id":"https:\/\/www.2link.de\/vds\/wingsurfen-wingfoil\/#breadcrumb"},"inLanguage":"de","potentialAction":[{"@type":"ReadAction","target":["https:\/\/www.2link.de\/vds\/wingsurfen-wingfoil\/"]}]},{"@type":"BreadcrumbList","@id":"https:\/\/www.2link.de\/vds\/wingsurfen-wingfoil\/#breadcrumb","itemListElement":[{"@type":"ListItem","position":1,"name":"Startseite","item":"https:\/\/www.2link.de\/vds\/"},{"@type":"ListItem","position":2,"name":"Wingsurfen \/ Wingfoil"}]},{"@type":"WebSite","@id":"https:\/\/www.2link.de\/vds\/#website","url":"https:\/\/www.2link.de\/vds\/","name":"Verband Deutscher Sportbootschulen","description":"","potentialAction":[{"@type":"SearchAction","target":{"@type":"EntryPoint","urlTemplate":"https:\/\/www.2link.de\/vds\/?s={search_term_string}"},"query-input":{"@type":"PropertyValueSpecification","valueRequired":true,"valueName":"search_term_string"}}],"inLanguage":"de"}]}},"_links":{"self":[{"href":"https:\/\/www.2link.de\/vds\/wp-json\/wp\/v2\/pages\/2152","targetHints":{"allow":["GET"]}}],"collection":[{"href":"https:\/\/www.2link.de\/vds\/wp-json\/wp\/v2\/pages"}],"about":[{"href":"https:\/\/www.2link.de\/vds\/wp-json\/wp\/v2\/types\/page"}],"author":[{"embeddable":true,"href":"https:\/\/www.2link.de\/vds\/wp-json\/wp\/v2\/users\/1"}],"replies":[{"embeddable":true,"href":"https:\/\/www.2link.de\/vds\/wp-json\/wp\/v2\/comments?post=2152"}],"version-history":[{"count":8,"href":"https:\/\/www.2link.de\/vds\/wp-json\/wp\/v2\/pages\/2152\/revisions"}],"predecessor-version":[{"id":2454,"href":"https:\/\/www.2link.de\/vds\/wp-json\/wp\/v2\/pages\/2152\/revisions\/2454"}],"wp:attachment":[{"href":"https:\/\/www.2link.de\/vds\/wp-json\/wp\/v2\/media?parent=2152"}],"curies":[{"name":"wp","href":"https:\/\/api.w.org\/{rel}","templated":true}]}}