{"id":2336,"date":"2023-01-19T11:21:54","date_gmt":"2023-01-19T10:21:54","guid":{"rendered":"https:\/\/www.2link.de\/vds\/sportbootlehrer\/segellehrer-copy\/"},"modified":"2023-01-20T15:53:45","modified_gmt":"2023-01-20T14:53:45","slug":"segellehrer-jolle-offenes-kielboot","status":"publish","type":"page","link":"https:\/\/www.2link.de\/vds\/sportbootlehrer\/segellehrer-jolle-offenes-kielboot\/","title":{"rendered":"Segellehrer Jolle \/ offenes Kielboot"},"content":{"rendered":"\n<style type=\"text\/css\" data-created_by=\"avia_inline_auto\" id=\"style-css-av-lcxjg585-49879f82655a5dbe5f4bd82895815e43\">\n.avia-section.av-lcxjg585-49879f82655a5dbe5f4bd82895815e43 .av-parallax .av-parallax-inner{\nbackground-repeat:no-repeat;\nbackground-image:url(https:\/\/www.2link.de\/vds\/wp-content\/uploads\/offenes_kielboot_lehrerausbildung_header-1030x690.jpg);\nbackground-position:50% 50%;\nbackground-attachment:scroll;\n}\n<\/style>\n<div id='av_section_1'  class='avia-section av-lcxjg585-49879f82655a5dbe5f4bd82895815e43 main_color avia-section-default avia-no-border-styling  avia-builder-el-0  el_before_av_submenu  avia-builder-el-first  avia-full-stretch av-parallax-section avia-bg-style-parallax av-minimum-height av-minimum-height-75  container_wrap fullsize'  data-section-bg-repeat='stretch' data-av_minimum_height_pc='75'><div class='av-parallax' data-avia-parallax-ratio='0.3' ><div class='av-parallax-inner main_color avia-full-stretch'><\/div><\/div><div class='container av-section-cont-open' ><main  role=\"main\" itemprop=\"mainContentOfPage\"  class='template-page content  av-content-full alpha units'><div class='post-entry post-entry-type-page post-entry-2336'><div class='entry-content-wrapper clearfix'>\n\n<style type=\"text\/css\" data-created_by=\"avia_inline_auto\" id=\"style-css-av-lc8wztwg-355cbb2ebb8c0e4f5819034a963b4323\">\n#top .av-special-heading.av-lc8wztwg-355cbb2ebb8c0e4f5819034a963b4323{\npadding-bottom:10px;\ncolor:#ffffff;\n}\nbody .av-special-heading.av-lc8wztwg-355cbb2ebb8c0e4f5819034a963b4323 .av-special-heading-tag .heading-char{\nfont-size:25px;\n}\n.av-special-heading.av-lc8wztwg-355cbb2ebb8c0e4f5819034a963b4323 .special-heading-inner-border{\nborder-color:#ffffff;\n}\n.av-special-heading.av-lc8wztwg-355cbb2ebb8c0e4f5819034a963b4323 .av-subheading{\nfont-size:15px;\n}\n<\/style>\n<div  class='av-special-heading av-lc8wztwg-355cbb2ebb8c0e4f5819034a963b4323 av-special-heading-h1 custom-color-heading  avia-builder-el-1  avia-builder-el-no-sibling '><h1 class='av-special-heading-tag'  itemprop=\"headline\"  >Segellehrer Jolle \/offenes Kielboot<\/h1><div class=\"special-heading-border\"><div class=\"special-heading-inner-border\"><\/div><\/div><\/div>\n\n<\/div><\/div><\/main><!-- close content main element --><\/div><\/div><div class='clear'><\/div><div id='sub_menu1'  class='av-submenu-container av-ld4lef66-7c67714dad26e0c400b087caacc85eb4 main_color  avia-builder-el-2  el_after_av_section  el_before_av_textblock  av-sticky-submenu submenu-not-first container_wrap fullsize' style='z-index:301' ><div class='container av-menu-mobile-disabled av-submenu-pos-center'><ul id=\"menu-segellehrer\" class=\"av-subnav-menu\"><li role=\"menuitem\" id=\"menu-item-2501\" class=\"menu-item menu-item-type-post_type menu-item-object-page menu-item-top-level menu-item-top-level-1\"><a href=\"https:\/\/www.2link.de\/vds\/sportbootlehrer\/segellehrer\/\" itemprop=\"url\" tabindex=\"0\"><span class=\"avia-bullet\"><\/span><span class=\"avia-menu-text\">Segellehrer Basic<\/span><span class=\"avia-menu-fx\"><span class=\"avia-arrow-wrap\"><span class=\"avia-arrow\"><\/span><\/span><\/span><\/a><\/li>\n<li role=\"menuitem\" id=\"menu-item-2502\" class=\"menu-item menu-item-type-post_type menu-item-object-page menu-item-top-level menu-item-top-level-2\"><a href=\"https:\/\/www.2link.de\/vds\/sportbootlehrer\/segellehrer-jolle-offenes-kielboot\/\" itemprop=\"url\" tabindex=\"0\"><span class=\"avia-bullet\"><\/span><span class=\"avia-menu-text\">Segellehrer Jolle \/ offenes Kielboot<\/span><span class=\"avia-menu-fx\"><span class=\"avia-arrow-wrap\"><span class=\"avia-arrow\"><\/span><\/span><\/span><\/a><\/li>\n<li role=\"menuitem\" id=\"menu-item-2503\" class=\"menu-item menu-item-type-post_type menu-item-object-page menu-item-top-level menu-item-top-level-3\"><a href=\"https:\/\/www.2link.de\/vds\/sportbootlehrer\/yachtlehrer-profiskipper\/\" itemprop=\"url\" tabindex=\"0\"><span class=\"avia-bullet\"><\/span><span class=\"avia-menu-text\">Yachtlehrer\/Profiskipper<\/span><span class=\"avia-menu-fx\"><span class=\"avia-arrow-wrap\"><span class=\"avia-arrow\"><\/span><\/span><\/span><\/a><\/li>\n<li role=\"menuitem\" id=\"menu-item-2504\" class=\"menu-item menu-item-type-post_type menu-item-object-page menu-item-top-level menu-item-top-level-4\"><a href=\"https:\/\/www.2link.de\/vds\/sportbootlehrer\/catamaranlehrer\/\" itemprop=\"url\" tabindex=\"0\"><span class=\"avia-bullet\"><\/span><span class=\"avia-menu-text\">Catamaranlehrer<\/span><span class=\"avia-menu-fx\"><span class=\"avia-arrow-wrap\"><span class=\"avia-arrow\"><\/span><\/span><\/span><\/a><\/li>\n<\/ul><\/div><\/div><div class='sticky_placeholder'><\/div><div id='after_submenu_1'  class='main_color av_default_container_wrap container_wrap fullsize'  ><div class='container av-section-cont-open' ><div class='template-page content  av-content-full alpha units'><div class='post-entry post-entry-type-page post-entry-2336'><div class='entry-content-wrapper clearfix'>\n<section  class='av_textblock_section av-16gzq-cf9e112e8f5650e0bc6e00fd6d82a014'  itemscope=\"itemscope\" itemtype=\"https:\/\/schema.org\/CreativeWork\" ><div class='avia_textblock'  itemprop=\"text\" ><p><strong>Segellehrer Jolle\/ offenes Kielboot<\/strong><\/p>\n<p>Ausbilder f\u00fcr Fortgeschrittene<\/p>\n<p>Lehrproben-\u00dcbungen und erg\u00e4nzendem Unterricht in den F\u00e4chern Schifffahrtsrecht, Seemannschaft, Wetterkunde, Segeltheorie und Motorenkunde.<\/p>\n<p>Praxislehrproben\u00fcbungen \u00a0auf der Jolle\/offenes Kielboot<\/p>\n<p>Theorie-Lehrprobe:<\/p>\n<p>Nach der Anmeldung zum Seminar erh\u00e4lt der Teilnehmer ein Thema zur Ausarbeitung einer Lehrprobe von ca. 30 Minuten L\u00e4nge sowie eine Muster-Lehrprobe. Eine Woche vor Seminarbeginn wird die Ausarbeitung in doppelter Ausfertigung beim VDS eingereicht. Die Lehrprobe wird vom Teilnehmer bei der Pr\u00fcfung am Ende der Ausbildungswoche gehalten.<\/p>\n<p>Das eingereichte Thema wird nach folgenden Kriterien bewertet: Sachliche Richtigkeit, Unterrichtsstil, Medieneinsatz, Kontakt zu den Sch\u00fclern, Zielstrebigkeit.<\/p>\n<p>Praxis-Lehrprobe:<\/p>\n<p>Hier soll der Pr\u00fcfling beweisen, dass er in der Lage ist, Sch\u00fclern Handlungsanweisungen zu geben, die diese dann unmittelbar umsetzen sollen.<\/p>\n<p>Segelpraxis<\/p>\n<p>Schriftliche Pr\u00fcfung durch Fragebogen<br \/>\nUnterrichtslehrprobe des vorbereiteten Themas<br \/>\nPraxislehrprobe<\/p>\n<p>Teilnahmevoraussetzungen:<\/p>\n<ul>\n<li>Fundierte Kenntnisse im Jollensegeln<\/li>\n<li>Sportbootf\u00fchrerschein See und Binnen<\/li>\n<li>Hospitation an einer VDS-Schule (mind. 40 Stunden oder gleichwertiger Nachweis)<\/li>\n<\/ul>\n<p>Termin:<\/p>\n<ol start=\"16\">\n<li>\u2013 23.09.2023\u00a0\u00a0\u00a0\u00a0\u00a0\u00a0\u00a0\u00a0 Niendorf\/Ostsee<\/li>\n<\/ol>\n<p>Kosten: \u00a0\u00a0\u00a0\u00a0\u00a0\u00a0\u00a0\u00a0\u00a0\u00a0 995,00 EUR\u00a0\u00a0\u00a0\u00a0\u00a0 Inklusive Unterbringung in Ferienwohnung, Selbstverpflegung<\/p>\n<p>Pr\u00fcfungsgeb\u00fchr: \u00a0\u00a0\u00a0\u00a0\u00a0\u00a0\u00a0\u00a0 150,00 EUR<\/p>\n<\/div><\/section>\n","protected":false},"excerpt":{"rendered":"","protected":false},"author":1,"featured_media":281,"parent":68,"menu_order":7,"comment_status":"closed","ping_status":"closed","template":"","meta":{"footnotes":""},"class_list":["post-2336","page","type-page","status-publish","has-post-thumbnail","hentry"],"yoast_head":"<!-- This site is optimized with the Yoast SEO plugin v27.3 - https:\/\/yoast.com\/product\/yoast-seo-wordpress\/ -->\n<title>Segellehrer Jolle \/ offenes Kielboot - Verband Deutscher Sportbootschulen<\/title>\n<meta name=\"robots\" content=\"index, follow, max-snippet:-1, max-image-preview:large, max-video-preview:-1\" \/>\n<meta property=\"og:locale\" content=\"de_DE\" \/>\n<meta property=\"og:type\" content=\"article\" \/>\n<meta property=\"og:title\" content=\"Segellehrer Jolle \/ offenes Kielboot - Verband Deutscher Sportbootschulen\" \/>\n<meta property=\"og:url\" content=\"https:\/\/www.2link.de\/vds\/sportbootlehrer\/segellehrer-jolle-offenes-kielboot\/\" \/>\n<meta property=\"og:site_name\" content=\"Verband Deutscher Sportbootschulen\" \/>\n<meta property=\"article:modified_time\" content=\"2023-01-20T14:53:45+00:00\" \/>\n<meta property=\"og:image\" content=\"https:\/\/www.2link.de\/vds\/wp-content\/uploads\/segeln.png\" \/>\n\t<meta property=\"og:image:width\" content=\"1024\" \/>\n\t<meta property=\"og:image:height\" content=\"341\" \/>\n\t<meta property=\"og:image:type\" content=\"image\/png\" \/>\n<meta name=\"twitter:card\" content=\"summary_large_image\" \/>\n<meta name=\"twitter:label1\" content=\"Gesch\u00e4tzte Lesezeit\" \/>\n\t<meta name=\"twitter:data1\" content=\"2\u00a0Minuten\" \/>\n<script type=\"application\/ld+json\" class=\"yoast-schema-graph\">{\"@context\":\"https:\\\/\\\/schema.org\",\"@graph\":[{\"@type\":\"WebPage\",\"@id\":\"https:\\\/\\\/www.2link.de\\\/vds\\\/sportbootlehrer\\\/segellehrer-jolle-offenes-kielboot\\\/\",\"url\":\"https:\\\/\\\/www.2link.de\\\/vds\\\/sportbootlehrer\\\/segellehrer-jolle-offenes-kielboot\\\/\",\"name\":\"Segellehrer Jolle \\\/ offenes Kielboot - Verband Deutscher Sportbootschulen\",\"isPartOf\":{\"@id\":\"https:\\\/\\\/www.2link.de\\\/vds\\\/#website\"},\"primaryImageOfPage\":{\"@id\":\"https:\\\/\\\/www.2link.de\\\/vds\\\/sportbootlehrer\\\/segellehrer-jolle-offenes-kielboot\\\/#primaryimage\"},\"image\":{\"@id\":\"https:\\\/\\\/www.2link.de\\\/vds\\\/sportbootlehrer\\\/segellehrer-jolle-offenes-kielboot\\\/#primaryimage\"},\"thumbnailUrl\":\"https:\\\/\\\/www.2link.de\\\/vds\\\/wp-content\\\/uploads\\\/segeln.png\",\"datePublished\":\"2023-01-19T10:21:54+00:00\",\"dateModified\":\"2023-01-20T14:53:45+00:00\",\"breadcrumb\":{\"@id\":\"https:\\\/\\\/www.2link.de\\\/vds\\\/sportbootlehrer\\\/segellehrer-jolle-offenes-kielboot\\\/#breadcrumb\"},\"inLanguage\":\"de\",\"potentialAction\":[{\"@type\":\"ReadAction\",\"target\":[\"https:\\\/\\\/www.2link.de\\\/vds\\\/sportbootlehrer\\\/segellehrer-jolle-offenes-kielboot\\\/\"]}]},{\"@type\":\"ImageObject\",\"inLanguage\":\"de\",\"@id\":\"https:\\\/\\\/www.2link.de\\\/vds\\\/sportbootlehrer\\\/segellehrer-jolle-offenes-kielboot\\\/#primaryimage\",\"url\":\"https:\\\/\\\/www.2link.de\\\/vds\\\/wp-content\\\/uploads\\\/segeln.png\",\"contentUrl\":\"https:\\\/\\\/www.2link.de\\\/vds\\\/wp-content\\\/uploads\\\/segeln.png\",\"width\":1024,\"height\":341},{\"@type\":\"BreadcrumbList\",\"@id\":\"https:\\\/\\\/www.2link.de\\\/vds\\\/sportbootlehrer\\\/segellehrer-jolle-offenes-kielboot\\\/#breadcrumb\",\"itemListElement\":[{\"@type\":\"ListItem\",\"position\":1,\"name\":\"Startseite\",\"item\":\"https:\\\/\\\/www.2link.de\\\/vds\\\/\"},{\"@type\":\"ListItem\",\"position\":2,\"name\":\"Sportbootlehrer\",\"item\":\"https:\\\/\\\/www.2link.de\\\/vds\\\/sportbootlehrer\\\/\"},{\"@type\":\"ListItem\",\"position\":3,\"name\":\"Segellehrer Jolle \\\/ offenes Kielboot\"}]},{\"@type\":\"WebSite\",\"@id\":\"https:\\\/\\\/www.2link.de\\\/vds\\\/#website\",\"url\":\"https:\\\/\\\/www.2link.de\\\/vds\\\/\",\"name\":\"Verband Deutscher Sportbootschulen\",\"description\":\"\",\"potentialAction\":[{\"@type\":\"SearchAction\",\"target\":{\"@type\":\"EntryPoint\",\"urlTemplate\":\"https:\\\/\\\/www.2link.de\\\/vds\\\/?s={search_term_string}\"},\"query-input\":{\"@type\":\"PropertyValueSpecification\",\"valueRequired\":true,\"valueName\":\"search_term_string\"}}],\"inLanguage\":\"de\"}]}<\/script>\n<!-- \/ Yoast SEO plugin. -->","yoast_head_json":{"title":"Segellehrer Jolle \/ offenes Kielboot - Verband Deutscher Sportbootschulen","robots":{"index":"index","follow":"follow","max-snippet":"max-snippet:-1","max-image-preview":"max-image-preview:large","max-video-preview":"max-video-preview:-1"},"og_locale":"de_DE","og_type":"article","og_title":"Segellehrer Jolle \/ offenes Kielboot - Verband Deutscher Sportbootschulen","og_url":"https:\/\/www.2link.de\/vds\/sportbootlehrer\/segellehrer-jolle-offenes-kielboot\/","og_site_name":"Verband Deutscher Sportbootschulen","article_modified_time":"2023-01-20T14:53:45+00:00","og_image":[{"width":1024,"height":341,"url":"https:\/\/www.2link.de\/vds\/wp-content\/uploads\/segeln.png","type":"image\/png"}],"twitter_card":"summary_large_image","twitter_misc":{"Gesch\u00e4tzte Lesezeit":"2\u00a0Minuten"},"schema":{"@context":"https:\/\/schema.org","@graph":[{"@type":"WebPage","@id":"https:\/\/www.2link.de\/vds\/sportbootlehrer\/segellehrer-jolle-offenes-kielboot\/","url":"https:\/\/www.2link.de\/vds\/sportbootlehrer\/segellehrer-jolle-offenes-kielboot\/","name":"Segellehrer Jolle \/ offenes Kielboot - Verband Deutscher Sportbootschulen","isPartOf":{"@id":"https:\/\/www.2link.de\/vds\/#website"},"primaryImageOfPage":{"@id":"https:\/\/www.2link.de\/vds\/sportbootlehrer\/segellehrer-jolle-offenes-kielboot\/#primaryimage"},"image":{"@id":"https:\/\/www.2link.de\/vds\/sportbootlehrer\/segellehrer-jolle-offenes-kielboot\/#primaryimage"},"thumbnailUrl":"https:\/\/www.2link.de\/vds\/wp-content\/uploads\/segeln.png","datePublished":"2023-01-19T10:21:54+00:00","dateModified":"2023-01-20T14:53:45+00:00","breadcrumb":{"@id":"https:\/\/www.2link.de\/vds\/sportbootlehrer\/segellehrer-jolle-offenes-kielboot\/#breadcrumb"},"inLanguage":"de","potentialAction":[{"@type":"ReadAction","target":["https:\/\/www.2link.de\/vds\/sportbootlehrer\/segellehrer-jolle-offenes-kielboot\/"]}]},{"@type":"ImageObject","inLanguage":"de","@id":"https:\/\/www.2link.de\/vds\/sportbootlehrer\/segellehrer-jolle-offenes-kielboot\/#primaryimage","url":"https:\/\/www.2link.de\/vds\/wp-content\/uploads\/segeln.png","contentUrl":"https:\/\/www.2link.de\/vds\/wp-content\/uploads\/segeln.png","width":1024,"height":341},{"@type":"BreadcrumbList","@id":"https:\/\/www.2link.de\/vds\/sportbootlehrer\/segellehrer-jolle-offenes-kielboot\/#breadcrumb","itemListElement":[{"@type":"ListItem","position":1,"name":"Startseite","item":"https:\/\/www.2link.de\/vds\/"},{"@type":"ListItem","position":2,"name":"Sportbootlehrer","item":"https:\/\/www.2link.de\/vds\/sportbootlehrer\/"},{"@type":"ListItem","position":3,"name":"Segellehrer Jolle \/ offenes Kielboot"}]},{"@type":"WebSite","@id":"https:\/\/www.2link.de\/vds\/#website","url":"https:\/\/www.2link.de\/vds\/","name":"Verband Deutscher Sportbootschulen","description":"","potentialAction":[{"@type":"SearchAction","target":{"@type":"EntryPoint","urlTemplate":"https:\/\/www.2link.de\/vds\/?s={search_term_string}"},"query-input":{"@type":"PropertyValueSpecification","valueRequired":true,"valueName":"search_term_string"}}],"inLanguage":"de"}]}},"_links":{"self":[{"href":"https:\/\/www.2link.de\/vds\/wp-json\/wp\/v2\/pages\/2336","targetHints":{"allow":["GET"]}}],"collection":[{"href":"https:\/\/www.2link.de\/vds\/wp-json\/wp\/v2\/pages"}],"about":[{"href":"https:\/\/www.2link.de\/vds\/wp-json\/wp\/v2\/types\/page"}],"author":[{"embeddable":true,"href":"https:\/\/www.2link.de\/vds\/wp-json\/wp\/v2\/users\/1"}],"replies":[{"embeddable":true,"href":"https:\/\/www.2link.de\/vds\/wp-json\/wp\/v2\/comments?post=2336"}],"version-history":[{"count":7,"href":"https:\/\/www.2link.de\/vds\/wp-json\/wp\/v2\/pages\/2336\/revisions"}],"predecessor-version":[{"id":2548,"href":"https:\/\/www.2link.de\/vds\/wp-json\/wp\/v2\/pages\/2336\/revisions\/2548"}],"up":[{"embeddable":true,"href":"https:\/\/www.2link.de\/vds\/wp-json\/wp\/v2\/pages\/68"}],"wp:featuredmedia":[{"embeddable":true,"href":"https:\/\/www.2link.de\/vds\/wp-json\/wp\/v2\/media\/281"}],"wp:attachment":[{"href":"https:\/\/www.2link.de\/vds\/wp-json\/wp\/v2\/media?parent=2336"}],"curies":[{"name":"wp","href":"https:\/\/api.w.org\/{rel}","templated":true}]}}