{"id":24,"date":"2015-11-30T14:57:56","date_gmt":"2015-11-30T14:57:56","guid":{"rendered":"http:\/\/www.2link.de\/vds\/kitesurfen\/grundscheine\/"},"modified":"2023-01-16T10:13:44","modified_gmt":"2023-01-16T09:13:44","slug":"grundscheine","status":"publish","type":"page","link":"https:\/\/www.2link.de\/vds\/kitesurfen-2\/grundscheine\/","title":{"rendered":"Kitesurfen"},"content":{"rendered":"\n<style type=\"text\/css\" data-created_by=\"avia_inline_auto\" id=\"style-css-av-lc8wrs0o-bb497c7598c828df8b48d545e8191a1e\">\n#top .av-special-heading.av-lc8wrs0o-bb497c7598c828df8b48d545e8191a1e{\npadding-bottom:10px;\n}\nbody .av-special-heading.av-lc8wrs0o-bb497c7598c828df8b48d545e8191a1e .av-special-heading-tag .heading-char{\nfont-size:25px;\n}\n.av-special-heading.av-lc8wrs0o-bb497c7598c828df8b48d545e8191a1e .av-subheading{\nfont-size:15px;\n}\n<\/style>\n<div  class='av-special-heading av-lc8wrs0o-bb497c7598c828df8b48d545e8191a1e av-special-heading-h1  avia-builder-el-0  el_before_av_one_third  avia-builder-el-first '><h1 class='av-special-heading-tag'  itemprop=\"headline\"  >Kitesurfen<\/h1><div class=\"special-heading-border\"><div class=\"special-heading-inner-border\"><\/div><\/div><\/div>\n<div class='flex_column av-1nacs-9a7804bf2371821ea32fa7635b3562e7 av_one_third  avia-builder-el-1  el_after_av_heading  el_before_av_two_third  first flex_column_div '     ><style type=\"text\/css\" data-created_by=\"avia_inline_auto\" id=\"style-css-av-lcx8v1xh-faa45a35532705a8104454d3e35d37eb\">\n.avia-image-container.av-lcx8v1xh-faa45a35532705a8104454d3e35d37eb img.avia_image{\nbox-shadow:none;\n}\n.avia-image-container.av-lcx8v1xh-faa45a35532705a8104454d3e35d37eb .av-image-caption-overlay-center{\ncolor:#ffffff;\n}\n<\/style>\n<div  class='avia-image-container av-lcx8v1xh-faa45a35532705a8104454d3e35d37eb av-styling- avia-align-center  avia-builder-el-2  avia-builder-el-no-sibling '   itemprop=\"image\" itemscope=\"itemscope\" itemtype=\"https:\/\/schema.org\/ImageObject\" ><div class=\"avia-image-container-inner\"><div class=\"avia-image-overlay-wrap\"><img decoding=\"async\" class='wp-image-92 avia-img-lazy-loading-not-92 avia_image ' src=\"https:\/\/www.2link.de\/vds\/wp-content\/uploads\/grundschein-kite_0.jpg\" alt='' title='grundschein-kite_0'  height=\"200\" width=\"132\"  itemprop=\"thumbnailUrl\"  \/><\/div><\/div><\/div><\/div>\n<div class='flex_column av-s92k-4fb9702b4ad5ca948af4b106617128b0 av_two_third  avia-builder-el-3  el_after_av_one_third  el_before_av_section  avia-builder-el-last  flex_column_div '     ><section  class='av_textblock_section av-3l9g-164cb9a08282f8661af4d9c33be4dee3'  itemscope=\"itemscope\" itemtype=\"https:\/\/schema.org\/CreativeWork\" ><div class='avia_textblock'  itemprop=\"text\" ><h4>Kitesurfing-Grundschein<\/h4>\n<\/div><\/section><br \/>\n\n<style type=\"text\/css\" data-created_by=\"avia_inline_auto\" id=\"style-css-av-av_hr-ff99b3fbc44679c7028d7b51dfc07179\">\n#top .hr.av-av_hr-ff99b3fbc44679c7028d7b51dfc07179{\nmargin-top:30px;\nmargin-bottom:30px;\n}\n.hr.av-av_hr-ff99b3fbc44679c7028d7b51dfc07179 .hr-inner{\nwidth:50px;\nborder-color:#0069b3;\n}\n<\/style>\n<div  class='hr av-av_hr-ff99b3fbc44679c7028d7b51dfc07179 hr-custom  avia-builder-el-5  el_after_av_textblock  el_before_av_textblock  hr-left hr-icon-no'><span class='hr-inner inner-border-av-border-fat'><span class=\"hr-inner-style\"><\/span><\/span><\/div><br \/>\n<section  class='av_textblock_section av-lcyl93qc-f592eefdc767571065903b92d8a9e3fc'  itemscope=\"itemscope\" itemtype=\"https:\/\/schema.org\/CreativeWork\" ><div class='avia_textblock'  itemprop=\"text\" ><p>Dank einer rasanten Entwicklung von sicherem und leicht beherrschbarem Material und einer vom VDS-Lehrteam entwickelten Ausbildungsmethode f\u00fcr Einsteiger und Fortgeschrittene konnte das Kitesurfen dem Bereich der Extremsportarten entwachsen und seinen Platz als Familien- und Breitensport finden.<\/p>\n<p>In einem Kurs zum Kitesurfing-Grundschein werden die Grundfertigkeiten im Kitesurfen vermittelt. Der Grundschein ist modular aufgebaut und in Steps unterteilt und so k\u00f6nnen Sie selbst Ihr Lerntempo bestimmen. Nach dem Kurs findet eine theoretische und eine praktische Pr\u00fcfung statt.<\/p>\n<\/div><\/section><\/p><\/div><\/div><\/div><\/div><!-- close content main div --><\/div><\/div>\n<style type=\"text\/css\" data-created_by=\"avia_inline_auto\" id=\"style-css-av-lcx8s8oc-ef2b25b9cb0005b27936479172fb4520\">\n.avia-section.av-lcx8s8oc-ef2b25b9cb0005b27936479172fb4520{\nbackground-repeat:no-repeat;\nbackground-image:url(https:\/\/www.2link.de\/vds\/wp-content\/uploads\/windsurfen-1030x687.jpg);\nbackground-position:50% 50%;\nbackground-attachment:fixed;\n}\n<\/style>\n<div id='av_section_1'  class='avia-section av-lcx8s8oc-ef2b25b9cb0005b27936479172fb4520 main_color avia-section-default avia-no-border-styling  avia-builder-el-7  el_after_av_two_third  el_before_av_section  avia-full-stretch avia-bg-style-fixed av-minimum-height av-minimum-height-50  container_wrap fullsize'  data-section-bg-repeat='stretch' data-av_minimum_height_pc='50'><div class='container av-section-cont-open' ><div class='template-page content  av-content-full alpha units'><div class='post-entry post-entry-type-page post-entry-24'><div class='entry-content-wrapper clearfix'><\/p>\n<\/div><\/div><\/div><!-- close content main div --><\/div><\/div>\n<style type=\"text\/css\" data-created_by=\"avia_inline_auto\" id=\"style-css-av-lcx8rsnc-642c4b771f8c521bd1b7d97d2f58b92b\">\n.avia-section.av-lcx8rsnc-642c4b771f8c521bd1b7d97d2f58b92b{\nposition:relative;\n}\n.avia-section.av-lcx8rsnc-642c4b771f8c521bd1b7d97d2f58b92b .avia-divider-svg-top svg{\nheight:50px;\nwidth:calc(100% + 1.3px);\nfill:#ffffff;\n}\n.avia-section.av-lcx8rsnc-642c4b771f8c521bd1b7d97d2f58b92b .avia-divider-svg-bottom svg{\nheight:20px;\nwidth:calc(100% + 1.3px);\nfill:#0069b3;\n}\n<\/style>\n<div id='av_section_2'  class='avia-section av-lcx8rsnc-642c4b771f8c521bd1b7d97d2f58b92b alternate_color avia-section-default avia-no-border-styling  avia-builder-el-8  el_after_av_section  avia-builder-el-last  avia-bg-style-scroll container_wrap fullsize'  ><div class='avia-divider-svg avia-divider-svg-arrow avia-divider-svg-top avia-svg-original'><svg xmlns=\"http:\/\/www.w3.org\/2000\/svg\" viewBox=\"0 0 700 10\" preserveAspectRatio=\"none\">\n\t<path d=\"M350,10L340,0h20L350,10z\"\/>\n<\/svg><\/div><div class='avia-divider-svg avia-divider-svg-arrow avia-divider-svg-bottom avia-svg-original'><svg xmlns=\"http:\/\/www.w3.org\/2000\/svg\" viewBox=\"0 0 700 10\" preserveAspectRatio=\"none\">\n\t<path d=\"M350,10L340,0h20L350,10z\"\/>\n<\/svg><\/div><div class='container av-section-cont-open' ><div class='template-page content  av-content-full alpha units'><div class='post-entry post-entry-type-page post-entry-24'><div class='entry-content-wrapper clearfix'>\n<section  class='av_textblock_section av-lcx8r87j-ac1d736be8f24f2ef93f08dabe4a6d73'  itemscope=\"itemscope\" itemtype=\"https:\/\/schema.org\/CreativeWork\" ><div class='avia_textblock'  itemprop=\"text\" ><h4>Kitesurfing-Junior-Grundschein<\/h4>\n<\/div><\/section>\n\n<style type=\"text\/css\" data-created_by=\"avia_inline_auto\" id=\"style-css-av-lcyl8spx-cb50bc53d8d7765ac4ea69e83f0d7888\">\n#top .hr.av-lcyl8spx-cb50bc53d8d7765ac4ea69e83f0d7888{\nmargin-top:30px;\nmargin-bottom:30px;\n}\n.hr.av-lcyl8spx-cb50bc53d8d7765ac4ea69e83f0d7888 .hr-inner{\nwidth:50px;\nborder-color:#0069b3;\n}\n<\/style>\n<div  class='hr av-lcyl8spx-cb50bc53d8d7765ac4ea69e83f0d7888 hr-custom  avia-builder-el-10  el_after_av_textblock  el_before_av_textblock  hr-left hr-icon-no'><span class='hr-inner inner-border-av-border-fat'><span class=\"hr-inner-style\"><\/span><\/span><\/div>\n<section  class='av_textblock_section av-lcyl9lo2-b08274f1fc54b78fc841d55a2c935024'  itemscope=\"itemscope\" itemtype=\"https:\/\/schema.org\/CreativeWork\" ><div class='avia_textblock'  itemprop=\"text\" ><p>Die technische Entwicklung in den letzten Jahren erm\u00f6glicht es, auch sportliche Kinder und Jugendliche gefahrlos mit dem Kitesurfen vertraut zu machen.<\/p>\n<p>Es ist zu beobachten, dass auch im Profi-Kitesurfsport die Gewinner der Contests immer j\u00fcnger werden und schon 15-j\u00e4hrige diese Wettbewerbe gewinnen k\u00f6nnen.<\/p>\n<p>In VDS-Mitgliedsschulen werden spezielle Kurse f\u00fcr Kinder und Jugendliche angeboten, in denen auf die Anforderungen und Bed\u00fcrfnisse der Junior-Kitesurfer eingegangen wird.<\/p>\n<p><strong>Mindestalter: 10 Jahre<\/strong><\/p>\n<\/div><\/section>\n\n","protected":false},"excerpt":{"rendered":"","protected":false},"author":1,"featured_media":0,"parent":27,"menu_order":2,"comment_status":"closed","ping_status":"closed","template":"","meta":{"footnotes":""},"class_list":["post-24","page","type-page","status-publish","hentry"],"yoast_head":"<!-- This site is optimized with the Yoast SEO plugin v27.2 - https:\/\/yoast.com\/product\/yoast-seo-wordpress\/ -->\n<title>Kitesurfen - Verband Deutscher Sportbootschulen<\/title>\n<meta name=\"robots\" content=\"index, follow, max-snippet:-1, max-image-preview:large, max-video-preview:-1\" \/>\n<meta property=\"og:locale\" content=\"de_DE\" \/>\n<meta property=\"og:type\" content=\"article\" \/>\n<meta property=\"og:title\" content=\"Kitesurfen - Verband Deutscher Sportbootschulen\" \/>\n<meta property=\"og:url\" content=\"https:\/\/www.2link.de\/vds\/kitesurfen-2\/grundscheine\/\" \/>\n<meta property=\"og:site_name\" content=\"Verband Deutscher Sportbootschulen\" \/>\n<meta property=\"article:modified_time\" content=\"2023-01-16T09:13:44+00:00\" \/>\n<meta name=\"twitter:card\" content=\"summary_large_image\" \/>\n<meta name=\"twitter:label1\" content=\"Gesch\u00e4tzte Lesezeit\" \/>\n\t<meta name=\"twitter:data1\" content=\"5\u00a0Minuten\" \/>\n<script type=\"application\/ld+json\" class=\"yoast-schema-graph\">{\"@context\":\"https:\/\/schema.org\",\"@graph\":[{\"@type\":\"WebPage\",\"@id\":\"https:\/\/www.2link.de\/vds\/kitesurfen-2\/grundscheine\/\",\"url\":\"https:\/\/www.2link.de\/vds\/kitesurfen-2\/grundscheine\/\",\"name\":\"Kitesurfen - Verband Deutscher Sportbootschulen\",\"isPartOf\":{\"@id\":\"https:\/\/www.2link.de\/vds\/#website\"},\"datePublished\":\"2015-11-30T14:57:56+00:00\",\"dateModified\":\"2023-01-16T09:13:44+00:00\",\"breadcrumb\":{\"@id\":\"https:\/\/www.2link.de\/vds\/kitesurfen-2\/grundscheine\/#breadcrumb\"},\"inLanguage\":\"de\",\"potentialAction\":[{\"@type\":\"ReadAction\",\"target\":[\"https:\/\/www.2link.de\/vds\/kitesurfen-2\/grundscheine\/\"]}]},{\"@type\":\"BreadcrumbList\",\"@id\":\"https:\/\/www.2link.de\/vds\/kitesurfen-2\/grundscheine\/#breadcrumb\",\"itemListElement\":[{\"@type\":\"ListItem\",\"position\":1,\"name\":\"Startseite\",\"item\":\"https:\/\/www.2link.de\/vds\/\"},{\"@type\":\"ListItem\",\"position\":2,\"name\":\"Kitesurfen\",\"item\":\"https:\/\/www.2link.de\/vds\/kitesurfen-2\/\"},{\"@type\":\"ListItem\",\"position\":3,\"name\":\"Kitesurfen\"}]},{\"@type\":\"WebSite\",\"@id\":\"https:\/\/www.2link.de\/vds\/#website\",\"url\":\"https:\/\/www.2link.de\/vds\/\",\"name\":\"Verband Deutscher Sportbootschulen\",\"description\":\"\",\"potentialAction\":[{\"@type\":\"SearchAction\",\"target\":{\"@type\":\"EntryPoint\",\"urlTemplate\":\"https:\/\/www.2link.de\/vds\/?s={search_term_string}\"},\"query-input\":{\"@type\":\"PropertyValueSpecification\",\"valueRequired\":true,\"valueName\":\"search_term_string\"}}],\"inLanguage\":\"de\"}]}<\/script>\n<!-- \/ Yoast SEO plugin. -->","yoast_head_json":{"title":"Kitesurfen - Verband Deutscher Sportbootschulen","robots":{"index":"index","follow":"follow","max-snippet":"max-snippet:-1","max-image-preview":"max-image-preview:large","max-video-preview":"max-video-preview:-1"},"og_locale":"de_DE","og_type":"article","og_title":"Kitesurfen - Verband Deutscher Sportbootschulen","og_url":"https:\/\/www.2link.de\/vds\/kitesurfen-2\/grundscheine\/","og_site_name":"Verband Deutscher Sportbootschulen","article_modified_time":"2023-01-16T09:13:44+00:00","twitter_card":"summary_large_image","twitter_misc":{"Gesch\u00e4tzte Lesezeit":"5\u00a0Minuten"},"schema":{"@context":"https:\/\/schema.org","@graph":[{"@type":"WebPage","@id":"https:\/\/www.2link.de\/vds\/kitesurfen-2\/grundscheine\/","url":"https:\/\/www.2link.de\/vds\/kitesurfen-2\/grundscheine\/","name":"Kitesurfen - Verband Deutscher Sportbootschulen","isPartOf":{"@id":"https:\/\/www.2link.de\/vds\/#website"},"datePublished":"2015-11-30T14:57:56+00:00","dateModified":"2023-01-16T09:13:44+00:00","breadcrumb":{"@id":"https:\/\/www.2link.de\/vds\/kitesurfen-2\/grundscheine\/#breadcrumb"},"inLanguage":"de","potentialAction":[{"@type":"ReadAction","target":["https:\/\/www.2link.de\/vds\/kitesurfen-2\/grundscheine\/"]}]},{"@type":"BreadcrumbList","@id":"https:\/\/www.2link.de\/vds\/kitesurfen-2\/grundscheine\/#breadcrumb","itemListElement":[{"@type":"ListItem","position":1,"name":"Startseite","item":"https:\/\/www.2link.de\/vds\/"},{"@type":"ListItem","position":2,"name":"Kitesurfen","item":"https:\/\/www.2link.de\/vds\/kitesurfen-2\/"},{"@type":"ListItem","position":3,"name":"Kitesurfen"}]},{"@type":"WebSite","@id":"https:\/\/www.2link.de\/vds\/#website","url":"https:\/\/www.2link.de\/vds\/","name":"Verband Deutscher Sportbootschulen","description":"","potentialAction":[{"@type":"SearchAction","target":{"@type":"EntryPoint","urlTemplate":"https:\/\/www.2link.de\/vds\/?s={search_term_string}"},"query-input":{"@type":"PropertyValueSpecification","valueRequired":true,"valueName":"search_term_string"}}],"inLanguage":"de"}]}},"_links":{"self":[{"href":"https:\/\/www.2link.de\/vds\/wp-json\/wp\/v2\/pages\/24","targetHints":{"allow":["GET"]}}],"collection":[{"href":"https:\/\/www.2link.de\/vds\/wp-json\/wp\/v2\/pages"}],"about":[{"href":"https:\/\/www.2link.de\/vds\/wp-json\/wp\/v2\/types\/page"}],"author":[{"embeddable":true,"href":"https:\/\/www.2link.de\/vds\/wp-json\/wp\/v2\/users\/1"}],"replies":[{"embeddable":true,"href":"https:\/\/www.2link.de\/vds\/wp-json\/wp\/v2\/comments?post=24"}],"version-history":[{"count":10,"href":"https:\/\/www.2link.de\/vds\/wp-json\/wp\/v2\/pages\/24\/revisions"}],"predecessor-version":[{"id":2154,"href":"https:\/\/www.2link.de\/vds\/wp-json\/wp\/v2\/pages\/24\/revisions\/2154"}],"up":[{"embeddable":true,"href":"https:\/\/www.2link.de\/vds\/wp-json\/wp\/v2\/pages\/27"}],"wp:attachment":[{"href":"https:\/\/www.2link.de\/vds\/wp-json\/wp\/v2\/media?parent=24"}],"curies":[{"name":"wp","href":"https:\/\/api.w.org\/{rel}","templated":true}]}}