{"id":42,"date":"2015-11-30T14:57:57","date_gmt":"2015-11-30T14:57:57","guid":{"rendered":"http:\/\/www.2link.de\/vds\/node\/125-2\/"},"modified":"2022-12-29T14:18:30","modified_gmt":"2022-12-29T13:18:30","slug":"125-2","status":"publish","type":"page","link":"https:\/\/www.2link.de\/vds\/node\/125-2\/","title":{"rendered":"Sportbootschulen"},"content":{"rendered":"\n<style type=\"text\/css\" data-created_by=\"avia_inline_auto\" id=\"style-css-av-lc943fj1-7f6983a275944a87729bc5f896a56061\">\n#top .av-special-heading.av-lc943fj1-7f6983a275944a87729bc5f896a56061{\npadding-bottom:10px;\n}\nbody .av-special-heading.av-lc943fj1-7f6983a275944a87729bc5f896a56061 .av-special-heading-tag .heading-char{\nfont-size:25px;\n}\n.av-special-heading.av-lc943fj1-7f6983a275944a87729bc5f896a56061 .av-subheading{\nfont-size:15px;\n}\n<\/style>\n<div  class='av-special-heading av-lc943fj1-7f6983a275944a87729bc5f896a56061 av-special-heading-h1  avia-builder-el-0  el_before_av_textblock  avia-builder-el-first '><h1 class='av-special-heading-tag'  itemprop=\"headline\"  >Sportbootschulen<\/h1><div class=\"special-heading-border\"><div class=\"special-heading-inner-border\"><\/div><\/div><\/div>\n<section  class='av_textblock_section av-av_textblock-154edf3b81ea89278a85a087be81f544'  itemscope=\"itemscope\" itemtype=\"https:\/\/schema.org\/CreativeWork\" ><div class='avia_textblock'  itemprop=\"text\" ><section id=\"block-system-main\" class=\"block block-system clearfix\">\n<div class=\"panel-flexible panels-flexible-6 clearfix\">\n<div class=\"panel-flexible-inside panels-flexible-6-inside\">\n<div class=\"panels-flexible-region panels-flexible-region-6-center panels-flexible-region-first panels-flexible-region-last\">\n<div class=\"inside panels-flexible-region-inside panels-flexible-region-6-center-inside panels-flexible-region-inside-first panels-flexible-region-inside-last\">\n<div class=\"panel-pane pane-entity-field pane-node-body\">\n<div class=\"pane-content\">\n<div class=\"field field-name-body field-type-text-with-summary field-label-hidden\">\n<div class=\"field-items\">\n<div class=\"field-item even\">\n<p>Sie suchen eine qualifizierte Ausbildungsst\u00e4tte?<\/p>\n<p>Unser Schulen-Suchverzeichnis wird Ihnen dabei helfen, eine qualifizierte Segelschule\/Wassersportschule zu finden. Alle VDS-Mitgliedsschulen sind vor ihrer Aufnahme sorgf\u00e4ltig nach einheitlichen Kriterien \u00fcberpr\u00fcft worden. Sie k\u00f6nnen daher davon ausgehen, dass Sie bei der Segelschule Ihrer Wahl eine solide theoretische und praktische Ausbildung erhalten werden.<\/p>\n<p>Unser Schulen-Suchverzeichnis<\/p>\n<p>In unserem Schulen-Suchverzeichnis finden Sie mit Hilfe der Suchoptionen die f\u00fcr Sie passende Schule. Hier k\u00f6nnen Sie Schulen in Deutschland anhand des Standortes und der Kurse, welche mindestens angeboten werden sollen, anzeigen lassen. Ebenso k\u00f6nnen Sie nach den vielen weiteren VDS-Schulen in Europa oder auch weltweit suchen. Durch die M\u00f6glichkeit der Kombination der Suchoptionen finden Sie Ihre &#34;Schule nach Ma\u00df&#34;.<\/p>\n<p>Wir w\u00fcnschen Ihnen viel Erfolg und Freude bei Ihrem Lehrgang!<\/p>\n<p>Das QAW Siegel &#8211; Qualit\u00e4tsausbildung im Wassersport<\/p>\n<p>Im Rahmen der Deregulierungsbem\u00fchungen in der Sportschifffahrt haben die Regierungsparteien im Deutschen Bundestag am 29.11.2011 den Antrag &#34;Neue Impulse f\u00fcr die Sportbootschifffahrt&#34; eingebracht und diesen am 26. Januar 2012 beschlossen. U.a. wurden dabei folgende Forderungen formuliert.<\/p>\n<p><em>&#34;In Deutschland gibt es f\u00fcr die Wassersportschulen unterschiedliche M\u00f6glichkeiten, eine Anerkennung zu erhalten. Sportverb\u00e4nde und kommerzielle Ausbildungsdachorganisationen legen Ausbildungsstandards fest, die allerdings nicht miteinander harmonisiert sind und deren Einhaltung oft nicht kontrolliert wird. Dar\u00fcber hinaus bilden viele Schulen aus, die keiner Organisation angeschlossen sind. Deshalb ist zu pr\u00fcfen, ob ein einheitliches Zertifikat sinnvoll ist und wie es eingef\u00fchrt werden kann.<\/em><\/p>\n<p><em>Die Verb\u00e4nde und Vereine sind dabei zu unterst\u00fctzen, anstelle der bislang f\u00fcr den Verbraucher nicht transparenten und aussagekr\u00e4ftigen Zulassung der Ausbildungsst\u00e4tten ein einheitliches Qualit\u00e4tssiegel zu schaffen, das Mindeststandards in der Ausbildung garantiert. Sollte bis Ende des Jahres 2016 kein deutlicher Fortschritt hin zu einem einheitlichen Qualit\u00e4tssiegel erreicht worden sein, soll die Bundesregierung selbst die Initiative ergreifen, um allgemeine Mindeststandards sicherzustellen.&#34;<\/em><\/p>\n<p>Um diesem Auftrag gerecht zu werden, haben sich die drei Wassersportverb\u00e4nde<\/p>\n<ul>\n<li>DMYV &#8211; Deutscher Motoryachtverband e.V.<\/li>\n<li>VDS &#8211; Verband Deutscher Sportbootschulen e.V.<\/li>\n<li>VDWS &#8211; Verband Deutscher Wassersport Schulen e.V.<\/li>\n<\/ul>\n<p>zur Arbeitsgemeinschaft <strong>Qualit\u00e4tsausbildung im Wassersport &#8211; QAW<\/strong> zusammengeschlossen.<\/p>\n<p>Zweck des Zusammenschlusses<\/p>\n<p>Zweck des Zusammenschlusses ist es, einen nach einheitlichen Kriterien vergebenen gemeinsamen Qualit\u00e4tsstandard f\u00fcr die angeschlossenen Ausbildungsbetriebe zu gew\u00e4hrleisten. Dadurch soll der wassersportsportinteressierten \u00d6ffentlichkeit eine Entscheidungshilfe bei der Auswahl einer qualifizierten Ausbildungsst\u00e4tte erm\u00f6glicht werden. Gleichzeitig dient die erh\u00f6hte Transparenz der Abgrenzung gegen\u00fcber den undurchschaubaren, verwirrenden und damit unzumutbaren Offerten von nicht organisierten und unqualifizierten Anbietern. Weitere Schulverb\u00e4nde k\u00f6nnen nach Ma\u00dfgabe dieses Vertrages beitreten.<\/p>\n<p>Die vertragsschlie\u00dfenden Verb\u00e4nde vereinbaren auf der Grundlage ihrer vorhandenen verbandseigenen Richtlinien gemeinsame Qualit\u00e4tskriterien. Sie verpflichten sich, durch \u00dcberwachung ihrer Mitgliedsschulen sicherzustellen, dass die QAW Standards nur unter Einhaltung der verbandseigenen Ausbildungs- und Anerkennungsrichtlinien vergeben werden.<\/p>\n<p>Als Ausdruck dieser gemeinsamen Bem\u00fchungen wurde ein Qualit\u00e4tssiegel entwickelt, dass die Mitgliedsverb\u00e4nde und ihre angeschlossenen Schulen f\u00fcr ihre \u00d6ffentlichkeitsarbeit einsetzen k\u00f6nnen.<\/p>\n<p>Die gemeinsamen QAW Standards sollen gegen\u00fcber Beh\u00f6rden, sonstigen \u00f6ffentlichen Stellen und anderen Verb\u00e4nden als einheitliches Qualit\u00e4tsstandard in der Wassersportausbildung propagiert werden. Gleichzeitig werden die Beh\u00f6rden und die \u00f6ffentliche Stellen gebeten, die im Bundestagsbeschluss angebotene Unterst\u00fctzung bei der Verbreitung des Qualit\u00e4tssiegels in der \u00d6ffentlichkeit, aktiv zu forcieren.<\/p>\n<p>Die Mitgliedsverb\u00e4nde verpflichten sich, sich gegenseitig \u00fcber ihnen bekannt werdende Verst\u00f6\u00dfe gegen Verpflichtungen dieses Vertrages zu informieren. Jeder Mitgliedsverband wird entsprechende Verst\u00f6\u00dfe von Mitgliedsschulen unterbinden und ahnden, sobald ihm diese bekannt geworden sind.<\/p>\n<p>Die QAW-Qualit\u00e4tsstandards<\/p>\n<p>Auf der Grundlage der jeweiligen Ausbildungsordnungen sowie der Schulanerkennungsrichtlinien der beteiligten Verb\u00e4nde werden f\u00fcr die Mitgliedschaft in der Arbeitsgemeinschaft QAW folgende Qualit\u00e4tsstandards verbindlich definiert.<\/p>\n<p>1. Schule &#8211; Formelle Voraussetzungen<\/p>\n<ul>\n<li>Die Schule muss sich auf wirtschaftlich gesicherter Grundlage befinden, die Eigentumsverh\u00e4ltnisse nachweisen sowie die gewerbe- und steuerrechtlichen Voraussetzungen eines Unternehmens erf\u00fcllen. Dies gilt nicht f\u00fcr gemeinn\u00fctzige Vereine.<\/li>\n<li>Die Schule verf\u00fcgt \u00fcber einen gesicherten, jederzeitigen Zugang zum Ausbildungsgew\u00e4sser, das Nutzungsrecht muss ggf. durch den Eigent\u00fcmer oder Beh\u00f6rden best\u00e4tigt werden.<\/li>\n<li>Die Schule muss eine ausreichende Haftpflichtversicherung nachweisen.<\/li>\n<li>Jede Schule muss sich eindeutig als Verbandsschule darstellen. Dazu geh\u00f6ren Schulschild, Schulflagge und -Schulstempel, sowie die Verlinkung auf der Internetseite und der Hinweis auf Werbematerial.<\/li>\n<li>Die Schule verpflichtet sich, die Ausbildung zum Erwerb der amtlichen Sportbootf\u00fchrerscheine entsprechend den g\u00fcltigen Verordnungen und Durchf\u00fchrungsrichtlinien durchzuf\u00fchren.<\/li>\n<li>Die Schule verpflichtet sich, die Ausbildung und Pr\u00fcfung zum Erwerb der freiwilligen Bef\u00e4higungsnachweise und Zertifikate nach den Vorschriften des jeweiligen Verbandes durchzuf\u00fchren.<\/li>\n<\/ul>\n<p>2. Schule &#8211; Materielle Voraussetzungen<\/p>\n<ul>\n<li>Die Schule verf\u00fcgt \u00fcber einen geeigneten Raum f\u00fcr Theorieunterricht, bei revierbedingtem Unterricht im Freien eine entsprechende Arbeitsfl\u00e4che, mit einer angemessenen Zahl von Einzel- und Gruppenarbeitspl\u00e4tzen.<\/li>\n<li>Es m\u00fcssen ausreichende Umkleidem\u00f6glichkeiten und sanit\u00e4re Anlagen vorhanden sein.<\/li>\n<li>Das f\u00fcr den Ausbildungsbetrieb notwendige Schulungsmaterial muss optisch ansprechend gelagert und pr\u00e4sentiert werden.<\/li>\n<li>Die Schule muss als Schulbetrieb zu erkennen sein. Das setzt voraus, dass es Informationstafeln, eine Beschilderung, eine Anmeldung, ein B\u00fcro sowie weitere typische Elemente gibt, die f\u00fcr den Verbraucher auf eine ordnungsgem\u00e4\u00dfe Ausbildungsst\u00e4tte schlie\u00dfen lassen.<\/li>\n<\/ul>\n<p>3. Schulleitung &#8211; Personelle Voraussetzungen<\/p>\n<ul>\n<li>F\u00fcr die Leitung der Schule m\u00fcssen die jeweils notwendigen Lizenzen der Mitgliedsverb\u00e4nde nachgewiesen werden.<\/li>\n<li>Die Ausbildungsst\u00e4tte muss \u00fcber eine, ihrem Sch\u00fcleraufkommen angemessene Zahl an Ausbildern verf\u00fcgen.<\/li>\n<li>Mindestens der Ausbildungsleiter f\u00fcr die jeweils angebotene Wassersportart muss im Besitz einer g\u00fcltigen Ausbildungslizenz sein. N\u00e4heres regeln die Ausbildungsrichtlinien des jeweiligen Verbandes.<\/li>\n<li>Schulen die \u00fcber mehrere Niederlassungen verf\u00fcgen, m\u00fcssen diese Voraussetzungen an jeder Niederlassung erf\u00fcllen.<\/li>\n<\/ul>\n<p>4. Unterrichtsausstattung<\/p>\n<ul>\n<li>Die Ausbildungsst\u00e4tte muss f\u00fcr alle am Standort angebotenen Kurse eine angemessene Zahl an Ausbildungsbooten bzw. einen entsprechenden Boardpark vorweisen. Alle Boote und Sportger\u00e4te sollen von Bauart, Gr\u00f6\u00dfe und den Man\u00f6vereigenschaften f\u00fcr die Bewerber gut zu beherrschen sein.<\/li>\n<li>Ausbildungsboote m\u00fcssen die Anforderungen der Sportbootf\u00fchrerscheinverordnungen und sonstigen einschl\u00e4gigen gesetzlichen Bestimmungen in der jeweils aktuellen Fassung erf\u00fcllen.<\/li>\n<li>F\u00fcr s\u00e4mtliche Ausbildungsboote ist der Abschluss von Haftpflichtversicherungen nachzuweisen.<\/li>\n<li>Wenn es die rechtlichen Bedingungen oder die Besonderheiten des Reviers erfordern, muss ein motorbetriebenes Rettungsfahrzeug zur Verf\u00fcgung stehen (beim Kitesurfen immer notwendig au\u00dfer bei Stehrevieren).<\/li>\n<li>F\u00fcr die Ausbildung auf dem Wasser und die Vermietung stehen Schwimmwesten in ausreichender Zahl zur Verf\u00fcgung.<\/li>\n<li>Bei allen Strandsportarten muss f\u00fcr ausreichende K\u00e4lteschutzkleidung unter Einhaltung entsprechender Hygienevorschriften gesorgt sein.<\/li>\n<\/ul>\n<p>5. Lehrmittel<\/p>\n<ul>\n<li>Schulungsmaterial nach den g\u00fcltigen Lehrpl\u00e4nen bzw. Ausbildung auf der Grundlage der gesetzlichen Vorschriften.<\/li>\n<li>Hilfsmittel zur Stoffvermittlung wie Modelle, Tafel oder Flipchart, Beamer, Overheadprojektor, Videos, Kartenst\u00e4nder.<\/li>\n<li>Soweit es f\u00fcr das Ausbildungsziel notwendig ist, sollten vorhanden sein: Verkehrs- und Sicherheitsvorschriften, Seekarten und -bestecke, See- und Hafenhandb\u00fccher, Tidenkalender, Bekanntmachungsmedien z.B. \u201eNachrichten f\u00fcr Seefahrer\u201c (NfS) oder \u201eBekanntmachungen f\u00fcr Seefahrer\u201c (BfS), elektronische Navigationshilfen, Funkger\u00e4te (nur bei Funkausbildung).<\/li>\n<li>Knotentafeln und Tauwerk zum \u00dcben.<\/li>\n<\/ul>\n<p>Die aufgef\u00fchrten Voraussetzungen sind Mindestanforderungen, die durch weitere Elemente aus den besonderen Bestimmungen der einzelne Verb\u00e4nde zu erg\u00e4nzen sind, soweit dies f\u00fcr einen qualitativ angemessenen Schulungsbetrieb notwendig ist.<\/p>\n<p>Umsetzung<\/p>\n<p>Die vertragsschlie\u00dfenden Verb\u00e4nde verpflichten sich, die jeweils vorhandenen Qualit\u00e4tsstandards einzuhalten und f\u00fcr die Umsetzung in den ihnen angeschlossenen Betrieben zu sorgen. Der jeweilige Mitgliedsverband ist berechtigt, jederzeit und unangemeldet Kontrollen in seinen Schulen durchzuf\u00fchren. Die Berechtigung zum F\u00fchren des Qualit\u00e4tssiegels endet nach 5 Jahren. Ein Standort-Check durch den jeweiligen Verband wird im gleichen Rhythmus durchgef\u00fchrt. Ist ein Standort-Check in dem Zeitraum von 5 Jahren nicht erfolgt, kann die Ausbildungsst\u00e4tte schriftlich einen Verl\u00e4ngerungsantrag stellen, und dabei erkl\u00e4ren, dass sie die Qualit\u00e4tskriterien weiterhin erf\u00fcllt.<\/p>\n<\/div>\n<\/div>\n<\/div>\n<\/div>\n<\/div>\n<div class=\"panel-separator\">\u00a0<\/div>\n<div class=\"panel-pane pane-node-links link-wrapper\">\n<div class=\"pane-content\">\u00a0<\/div>\n<\/div>\n<\/div>\n<\/div>\n<\/div>\n<\/div>\n<\/section>\n<\/div><\/section>\n","protected":false},"excerpt":{"rendered":"","protected":false},"author":1,"featured_media":0,"parent":34,"menu_order":9,"comment_status":"closed","ping_status":"closed","template":"","meta":{"footnotes":""},"class_list":["post-42","page","type-page","status-publish","hentry"],"yoast_head":"<!-- This site is optimized with the Yoast SEO plugin v27.2 - https:\/\/yoast.com\/product\/yoast-seo-wordpress\/ -->\n<title>Sportbootschulen - Verband Deutscher Sportbootschulen<\/title>\n<meta name=\"robots\" content=\"index, follow, max-snippet:-1, max-image-preview:large, max-video-preview:-1\" \/>\n<meta property=\"og:locale\" content=\"de_DE\" \/>\n<meta property=\"og:type\" content=\"article\" \/>\n<meta property=\"og:title\" content=\"Sportbootschulen - Verband Deutscher Sportbootschulen\" \/>\n<meta property=\"og:url\" content=\"https:\/\/www.2link.de\/vds\/node\/125-2\/\" \/>\n<meta property=\"og:site_name\" content=\"Verband Deutscher Sportbootschulen\" \/>\n<meta property=\"article:modified_time\" content=\"2022-12-29T13:18:30+00:00\" \/>\n<meta name=\"twitter:card\" content=\"summary_large_image\" \/>\n<meta name=\"twitter:label1\" content=\"Gesch\u00e4tzte Lesezeit\" \/>\n\t<meta name=\"twitter:data1\" content=\"7\u00a0Minuten\" \/>\n<script type=\"application\/ld+json\" class=\"yoast-schema-graph\">{\"@context\":\"https:\/\/schema.org\",\"@graph\":[{\"@type\":\"WebPage\",\"@id\":\"https:\/\/www.2link.de\/vds\/node\/125-2\/\",\"url\":\"https:\/\/www.2link.de\/vds\/node\/125-2\/\",\"name\":\"Sportbootschulen - Verband Deutscher Sportbootschulen\",\"isPartOf\":{\"@id\":\"https:\/\/www.2link.de\/vds\/#website\"},\"datePublished\":\"2015-11-30T14:57:57+00:00\",\"dateModified\":\"2022-12-29T13:18:30+00:00\",\"breadcrumb\":{\"@id\":\"https:\/\/www.2link.de\/vds\/node\/125-2\/#breadcrumb\"},\"inLanguage\":\"de\",\"potentialAction\":[{\"@type\":\"ReadAction\",\"target\":[\"https:\/\/www.2link.de\/vds\/node\/125-2\/\"]}]},{\"@type\":\"BreadcrumbList\",\"@id\":\"https:\/\/www.2link.de\/vds\/node\/125-2\/#breadcrumb\",\"itemListElement\":[{\"@type\":\"ListItem\",\"position\":1,\"name\":\"Startseite\",\"item\":\"https:\/\/www.2link.de\/vds\/\"},{\"@type\":\"ListItem\",\"position\":2,\"name\":\"Node\",\"item\":\"https:\/\/www.2link.de\/vds\/node\/\"},{\"@type\":\"ListItem\",\"position\":3,\"name\":\"Sportbootschulen\"}]},{\"@type\":\"WebSite\",\"@id\":\"https:\/\/www.2link.de\/vds\/#website\",\"url\":\"https:\/\/www.2link.de\/vds\/\",\"name\":\"Verband Deutscher Sportbootschulen\",\"description\":\"\",\"potentialAction\":[{\"@type\":\"SearchAction\",\"target\":{\"@type\":\"EntryPoint\",\"urlTemplate\":\"https:\/\/www.2link.de\/vds\/?s={search_term_string}\"},\"query-input\":{\"@type\":\"PropertyValueSpecification\",\"valueRequired\":true,\"valueName\":\"search_term_string\"}}],\"inLanguage\":\"de\"}]}<\/script>\n<!-- \/ Yoast SEO plugin. -->","yoast_head_json":{"title":"Sportbootschulen - Verband Deutscher Sportbootschulen","robots":{"index":"index","follow":"follow","max-snippet":"max-snippet:-1","max-image-preview":"max-image-preview:large","max-video-preview":"max-video-preview:-1"},"og_locale":"de_DE","og_type":"article","og_title":"Sportbootschulen - Verband Deutscher Sportbootschulen","og_url":"https:\/\/www.2link.de\/vds\/node\/125-2\/","og_site_name":"Verband Deutscher Sportbootschulen","article_modified_time":"2022-12-29T13:18:30+00:00","twitter_card":"summary_large_image","twitter_misc":{"Gesch\u00e4tzte Lesezeit":"7\u00a0Minuten"},"schema":{"@context":"https:\/\/schema.org","@graph":[{"@type":"WebPage","@id":"https:\/\/www.2link.de\/vds\/node\/125-2\/","url":"https:\/\/www.2link.de\/vds\/node\/125-2\/","name":"Sportbootschulen - Verband Deutscher Sportbootschulen","isPartOf":{"@id":"https:\/\/www.2link.de\/vds\/#website"},"datePublished":"2015-11-30T14:57:57+00:00","dateModified":"2022-12-29T13:18:30+00:00","breadcrumb":{"@id":"https:\/\/www.2link.de\/vds\/node\/125-2\/#breadcrumb"},"inLanguage":"de","potentialAction":[{"@type":"ReadAction","target":["https:\/\/www.2link.de\/vds\/node\/125-2\/"]}]},{"@type":"BreadcrumbList","@id":"https:\/\/www.2link.de\/vds\/node\/125-2\/#breadcrumb","itemListElement":[{"@type":"ListItem","position":1,"name":"Startseite","item":"https:\/\/www.2link.de\/vds\/"},{"@type":"ListItem","position":2,"name":"Node","item":"https:\/\/www.2link.de\/vds\/node\/"},{"@type":"ListItem","position":3,"name":"Sportbootschulen"}]},{"@type":"WebSite","@id":"https:\/\/www.2link.de\/vds\/#website","url":"https:\/\/www.2link.de\/vds\/","name":"Verband Deutscher Sportbootschulen","description":"","potentialAction":[{"@type":"SearchAction","target":{"@type":"EntryPoint","urlTemplate":"https:\/\/www.2link.de\/vds\/?s={search_term_string}"},"query-input":{"@type":"PropertyValueSpecification","valueRequired":true,"valueName":"search_term_string"}}],"inLanguage":"de"}]}},"_links":{"self":[{"href":"https:\/\/www.2link.de\/vds\/wp-json\/wp\/v2\/pages\/42","targetHints":{"allow":["GET"]}}],"collection":[{"href":"https:\/\/www.2link.de\/vds\/wp-json\/wp\/v2\/pages"}],"about":[{"href":"https:\/\/www.2link.de\/vds\/wp-json\/wp\/v2\/types\/page"}],"author":[{"embeddable":true,"href":"https:\/\/www.2link.de\/vds\/wp-json\/wp\/v2\/users\/1"}],"replies":[{"embeddable":true,"href":"https:\/\/www.2link.de\/vds\/wp-json\/wp\/v2\/comments?post=42"}],"version-history":[{"count":6,"href":"https:\/\/www.2link.de\/vds\/wp-json\/wp\/v2\/pages\/42\/revisions"}],"predecessor-version":[{"id":1527,"href":"https:\/\/www.2link.de\/vds\/wp-json\/wp\/v2\/pages\/42\/revisions\/1527"}],"up":[{"embeddable":true,"href":"https:\/\/www.2link.de\/vds\/wp-json\/wp\/v2\/pages\/34"}],"wp:attachment":[{"href":"https:\/\/www.2link.de\/vds\/wp-json\/wp\/v2\/media?parent=42"}],"curies":[{"name":"wp","href":"https:\/\/api.w.org\/{rel}","templated":true}]}}