{"id":5,"date":"2015-11-30T14:57:50","date_gmt":"2015-11-30T14:57:50","guid":{"rendered":"http:\/\/www.2link.de\/vds\/ausbildung\/"},"modified":"2023-01-19T15:57:29","modified_gmt":"2023-01-19T14:57:29","slug":"ausbildung","status":"publish","type":"page","link":"https:\/\/www.2link.de\/vds\/ausbildung\/","title":{"rendered":"Lehrer-Ausbildung"},"content":{"rendered":"\n<style type=\"text\/css\" data-created_by=\"avia_inline_auto\" id=\"style-css-av-lc93yd7o-e29a44732aeef289edff53d710c24d2f\">\n#top .av-special-heading.av-lc93yd7o-e29a44732aeef289edff53d710c24d2f{\npadding-bottom:10px;\n}\nbody .av-special-heading.av-lc93yd7o-e29a44732aeef289edff53d710c24d2f .av-special-heading-tag .heading-char{\nfont-size:25px;\n}\n.av-special-heading.av-lc93yd7o-e29a44732aeef289edff53d710c24d2f .av-subheading{\nfont-size:15px;\n}\n<\/style>\n<div  class='av-special-heading av-lc93yd7o-e29a44732aeef289edff53d710c24d2f av-special-heading-h1  avia-builder-el-0  el_before_av_one_full  avia-builder-el-first '><h1 class='av-special-heading-tag'  itemprop=\"headline\"  >Lehrer-Ausbildung<\/h1><div class=\"special-heading-border\"><div class=\"special-heading-inner-border\"><\/div><\/div><\/div>\n<div class='flex_column av-dsrr-09abe3bcc1b2fd84ac301253f813b29d av_one_full  avia-builder-el-1  el_after_av_heading  el_before_av_submenu  avia-builder-el-last  first flex_column_div '     ><style type=\"text\/css\" data-created_by=\"avia_inline_auto\" id=\"style-css-av-ld2vh0g5-cf07d937b07c5cef856403316cd75f51\">\n.avia-accordion.av-ld2vh0g5-cf07d937b07c5cef856403316cd75f51{\nmax-height:321px;\n}\n.avia-accordion.av-ld2vh0g5-cf07d937b07c5cef856403316cd75f51 .aviaccordion-preview{\nwidth:17.1%;\n}\n.avia-accordion .aviaccordion-slide.av-ld2vh0g5-cf07d937b07c5cef856403316cd75f51__0{\nleft:0%;\n}\n.avia-accordion .aviaccordion-slide.av-ld2vh0g5-cf07d937b07c5cef856403316cd75f51__1{\nleft:16.666666666667%;\n}\n.avia-accordion .aviaccordion-slide.av-ld2vh0g5-cf07d937b07c5cef856403316cd75f51__2{\nleft:33.333333333333%;\n}\n.avia-accordion .aviaccordion-slide.av-ld2vh0g5-cf07d937b07c5cef856403316cd75f51__3{\nleft:50%;\n}\n.avia-accordion .aviaccordion-slide.av-ld2vh0g5-cf07d937b07c5cef856403316cd75f51__4{\nleft:66.666666666667%;\n}\n.avia-accordion .aviaccordion-slide.av-ld2vh0g5-cf07d937b07c5cef856403316cd75f51__5{\nleft:83.333333333333%;\n}\n<\/style>\n<div  id=\"accordion_slider_1\"  class='aviaccordion avia-accordion av-ld2vh0g5-cf07d937b07c5cef856403316cd75f51 aviaccordion-title-active av-slideshow-manual av-loop-once ' data-slideshow-options=\"{&quot;interval&quot;:5,&quot;autoplay&quot;:false,&quot;loop_autoplay&quot;:&quot;once&quot;}\"  itemscope=\"itemscope\" itemtype=\"https:\/\/schema.org\/Blog\" ><ul class=\"aviaccordion-inner\"><li class='aviaccordion-slide av-ld2vh0g5-cf07d937b07c5cef856403316cd75f51__0 aviaccordion-slide-1' data-av-left='0'  itemscope=\"itemscope\" itemtype=\"https:\/\/schema.org\/CreativeWork\" ><a class='aviaccordion-slide-link noHover' href=\"https:\/\/www.2link.de\/vds\/sportbootlehrer\/segellehrer\/\"  ><div class='aviaccordion-preview av-accordion-text-center'><\/div><img loading=\"lazy\" decoding=\"async\" width=\"500\" height=\"321\" src=\"https:\/\/www.2link.de\/vds\/wp-content\/uploads\/segeln_lehrerausbildung_akkordeon-500x321.jpg\" class=\"aviaccordion-image\" alt=\"\" \/><\/a><\/li><li class='aviaccordion-slide av-ld2vh0g5-cf07d937b07c5cef856403316cd75f51__1 aviaccordion-slide-2' data-av-left='16.666666666667'  itemscope=\"itemscope\" itemtype=\"https:\/\/schema.org\/CreativeWork\" ><a class='aviaccordion-slide-link noHover' href=\"https:\/\/www.2link.de\/vds\/sportbootlehrer\/motorbootlehrer\/\"  ><div class='aviaccordion-preview av-accordion-text-center'><\/div><img loading=\"lazy\" decoding=\"async\" width=\"500\" height=\"321\" src=\"https:\/\/www.2link.de\/vds\/wp-content\/uploads\/motorboot_lehrerausbildung_akkordeon-500x321.jpg\" class=\"aviaccordion-image\" alt=\"\" \/><\/a><\/li><li class='aviaccordion-slide av-ld2vh0g5-cf07d937b07c5cef856403316cd75f51__2 aviaccordion-slide-3' data-av-left='33.333333333333'  itemscope=\"itemscope\" itemtype=\"https:\/\/schema.org\/CreativeWork\" ><a class='aviaccordion-slide-link noHover' href=\"https:\/\/www.2link.de\/vds\/sportbootlehrer\/windsurflehrer\/\"  ><div class='aviaccordion-preview av-accordion-text-center'><\/div><img loading=\"lazy\" decoding=\"async\" width=\"500\" height=\"321\" src=\"https:\/\/www.2link.de\/vds\/wp-content\/uploads\/windsurf_lehrerausbildung_akkordeon-500x321.jpg\" class=\"aviaccordion-image\" alt=\"\" \/><\/a><\/li><li class='aviaccordion-slide av-ld2vh0g5-cf07d937b07c5cef856403316cd75f51__3 aviaccordion-slide-4' data-av-left='50'  itemscope=\"itemscope\" itemtype=\"https:\/\/schema.org\/CreativeWork\" ><a class='aviaccordion-slide-link noHover' href=\"https:\/\/www.2link.de\/vds\/kitesurfen-2\/lehrerlizenz\"  ><div class='aviaccordion-preview av-accordion-text-center'><\/div><img loading=\"lazy\" decoding=\"async\" width=\"500\" height=\"321\" src=\"https:\/\/www.2link.de\/vds\/wp-content\/uploads\/kitesurf_instructor_akkordeon-500x321.jpg\" class=\"aviaccordion-image\" alt=\"\" \/><\/a><\/li><li class='aviaccordion-slide av-ld2vh0g5-cf07d937b07c5cef856403316cd75f51__4 aviaccordion-slide-5' data-av-left='66.666666666667'  itemscope=\"itemscope\" itemtype=\"https:\/\/schema.org\/CreativeWork\" ><a class='aviaccordion-slide-link noHover' href=\"https:\/\/www.2link.de\/vds\/sportbootlehrer\/wingsurf-wingfoil-lehrerfortbildung\/\"  ><div class='aviaccordion-preview av-accordion-text-center'><\/div><img loading=\"lazy\" decoding=\"async\" width=\"500\" height=\"321\" src=\"https:\/\/www.2link.de\/vds\/wp-content\/uploads\/wingsurf_instructor_ausbiildung_akkordeon-500x321.jpg\" class=\"aviaccordion-image\" alt=\"\" \/><\/a><\/li><li class='aviaccordion-slide av-ld2vh0g5-cf07d937b07c5cef856403316cd75f51__5 aviaccordion-slide-6' data-av-left='83.333333333333'  itemscope=\"itemscope\" itemtype=\"https:\/\/schema.org\/CreativeWork\" ><a class='aviaccordion-slide-link noHover' href=\"https:\/\/www.2link.de\/vds\/sportbootlehrer\/stand-up-paddling\/\"  ><div class='aviaccordion-preview av-accordion-text-center'><\/div><img loading=\"lazy\" decoding=\"async\" width=\"500\" height=\"321\" src=\"https:\/\/www.2link.de\/vds\/wp-content\/uploads\/sup_instructor_lehrerausbildung-500x321.jpg\" class=\"aviaccordion-image\" alt=\"\" \/><\/a><\/li><\/ul><div class='aviaccordion-spacer' style='padding-bottom:37.988165680473%'><\/div><\/div><\/div><\/div><\/div><\/div><!-- close content main div --><\/div><\/div><div id='sub_menu1'  class='av-submenu-container av-ld2vmfag-700d075a143d97d1683dc1064913bb7d main_color  avia-builder-el-3  el_after_av_one_full  el_before_av_textblock  submenu-not-first container_wrap fullsize' style='z-index:301' ><div class='container av-menu-mobile-disabled av-submenu-pos-center'><ul id='av-custom-submenu-1' class='av-subnav-menu'>\n<li class='menu-item av-ld2vkub5-2-52d14a809fae29eb73f5f077a0cd3c75 menu-item-top-level menu-item-top-level-1'><a href='https:\/\/www.2link.de\/vds\/sportbootlehrer\/segellehrer\/' ><span class='avia-bullet'><\/span><span class='avia-menu-text'>Segellehrer<\/span><\/a><\/li>\n<li class='menu-item av-ld2vkub5-b996bb4ac9e39c8490299023b0fa68f7 menu-item-top-level menu-item-top-level-2'><a href='https:\/\/www.2link.de\/vds\/sportbootlehrer\/motorbootlehrer\/' ><span class='avia-bullet'><\/span><span class='avia-menu-text'>Motorboot<\/span><\/a><\/li>\n<li class='menu-item av-ld2vkub5-1-1-d871bd15ed3ff77aee43b6ba343d10d6 menu-item-top-level menu-item-top-level-3'><a href='https:\/\/www.2link.de\/vds\/sportbootlehrer\/windsurflehrer\/' ><span class='avia-bullet'><\/span><span class='avia-menu-text'>Windsurfen<\/span><\/a><\/li>\n<li class='menu-item av-ld2vkkrc-9b61cc5da39cabd8dbb2ec442741f0e6 menu-item-top-level menu-item-top-level-4'><a href='https:\/\/www.2link.de\/vds\/kitesurfen-2\/lehrerlizenz' ><span class='avia-bullet'><\/span><span class='avia-menu-text'>Kitesurfen<\/span><\/a><\/li>\n<li class='menu-item av-ld2vkub5-1-1-1-d999ae1480453e8f6093372977e98b72 menu-item-top-level menu-item-top-level-5'><a href='https:\/\/www.2link.de\/vds\/sportbootlehrer\/wingsurf-wingfoil-lehrerfortbildung\/' ><span class='avia-bullet'><\/span><span class='avia-menu-text'>Wingsurfen<\/span><\/a><\/li>\n<li class='menu-item av-ld2vkub5-1-1-1-1-962dfb087dac4d6b37d5ad743dde6506 menu-item-top-level menu-item-top-level-6'><a href='https:\/\/www.2link.de\/vds\/sportbootlehrer\/stand-up-paddling\/' ><span class='avia-bullet'><\/span><span class='avia-menu-text'>Stand Up Paddling<\/span><\/a><\/li>\n<\/ul><\/div><\/div><div id='after_submenu_1'  class='main_color av_default_container_wrap container_wrap fullsize'  ><div class='container av-section-cont-open' ><div class='template-page content  av-content-full alpha units'><div class='post-entry post-entry-type-page post-entry-5'><div class='entry-content-wrapper clearfix'><\/p>\n<section  class='av_textblock_section av-3dzt-bfffa31246f35178cd6ec642cc7fa272'  itemscope=\"itemscope\" itemtype=\"https:\/\/schema.org\/CreativeWork\" ><div class='avia_textblock'  itemprop=\"text\" ><h3>Lehrer beim VDS<\/h3>\n<p><strong>Das Hobby zum Beruf machen&#8230;<\/strong><\/p>\n<p><strong>das ist der Traum vieler Wassersportler.<\/strong><\/p>\n<p>Der VDS bildet qualifizierte Wassersportlehrer aus, deren Einsatzm\u00f6glichkeiten sehr vielf\u00e4ltig sind. Die VDS-Wassersportschulen suchen zu jeder Saison qualifizierte Kr\u00e4fte, die saisonweise und auch langfristig eingesetzt werden. Egal, ob man in Deutschland arbeiten oder lieber im sonnigen S\u00fcden t\u00e4tig sein m\u00f6chte, der VDS-Wassersportlehrer hat hier alle M\u00f6glichkeiten und auch die gro\u00dfen Ferienclubs sind dankbar f\u00fcr die Vermittlung von Wassersportlehrern.<\/p>\n<p>Wassersportlehrer k\u00f6nnen sich schwerpunktorientiert durch die Teilnahme des jeweiligen Seminars und das Bestehen der Pr\u00fcfung qualifizieren<\/p>\n<\/div><\/section>\n\n<\/div><\/div><\/div><!-- close content main div --><\/div><\/div>\n<style type=\"text\/css\" data-created_by=\"avia_inline_auto\" id=\"style-css-av-lcxhf5g7-560528c13e41ca38004959a5d8b35780\">\n.avia-section.av-lcxhf5g7-560528c13e41ca38004959a5d8b35780{\nposition:relative;\n}\n.avia-section.av-lcxhf5g7-560528c13e41ca38004959a5d8b35780 .avia-divider-svg-top svg{\nheight:20px;\nwidth:calc(100% + 1.3px);\nfill:#ffffff;\n}\n.avia-section.av-lcxhf5g7-560528c13e41ca38004959a5d8b35780 .avia-divider-svg-bottom svg{\nheight:20px;\nwidth:calc(100% + 1.3px);\nfill:#0069b3;\n}\n<\/style>\n<div id='av_section_1'  class='avia-section av-lcxhf5g7-560528c13e41ca38004959a5d8b35780 alternate_color avia-section-default avia-no-border-styling  avia-builder-el-6  el_after_av_codeblock  avia-builder-el-last  avia-bg-style-scroll container_wrap fullsize'  ><div class='avia-divider-svg avia-divider-svg-arrow avia-divider-svg-top avia-svg-original'><svg xmlns=\"http:\/\/www.w3.org\/2000\/svg\" viewBox=\"0 0 700 10\" preserveAspectRatio=\"none\">\n\t<path d=\"M350,10L340,0h20L350,10z\"\/>\n<\/svg><\/div><div class='avia-divider-svg avia-divider-svg-arrow avia-divider-svg-bottom avia-svg-original'><svg xmlns=\"http:\/\/www.w3.org\/2000\/svg\" viewBox=\"0 0 700 10\" preserveAspectRatio=\"none\">\n\t<path d=\"M350,10L340,0h20L350,10z\"\/>\n<\/svg><\/div><div class='container av-section-cont-open' ><div class='template-page content  av-content-full alpha units'><div class='post-entry post-entry-type-page post-entry-5'><div class='entry-content-wrapper clearfix'>\n<section  class='av_textblock_section av-lcxhekrh-e30ffb655ab313fd16db55cca32b512c'  itemscope=\"itemscope\" itemtype=\"https:\/\/schema.org\/CreativeWork\" ><div class='avia_textblock'  itemprop=\"text\" ><p><strong>Wer bereits Lehrer ist<\/strong><\/p>\n<p>kann unsere umfangreiche Job-Vermittlung im Internet nutzen!<\/p>\n<p>F\u00fcr die Online-Job-Suchb\u00f6rse tragt bitte eure aussagekr\u00e4ftige Kurzbewerbung und Eure E-Mail-Adresse oder Telefonnummer ein. Unsere Schulen rufen die Daten eigenst\u00e4ndig ab und setzen sich dann direkt mit euch in Verbindung.<\/p>\n<p>Zus\u00e4tzlich bietet der VDS auch den Schulen die M\u00f6glichkeit, offene Stellen auszuschreiben. VDS-Schulen, die nach Lehrern suchen, k\u00f6nnen sich direkt in die Online-Job-Angebotsb\u00f6rse eintragen (Bitte auch dringend dort hineinschauen!)<\/p>\n<\/div><\/section>\n\n","protected":false},"excerpt":{"rendered":"","protected":false},"author":1,"featured_media":0,"parent":0,"menu_order":9,"comment_status":"closed","ping_status":"closed","template":"","meta":{"footnotes":""},"class_list":["post-5","page","type-page","status-publish","hentry"],"yoast_head":"<!-- This site is optimized with the Yoast SEO plugin v27.2 - https:\/\/yoast.com\/product\/yoast-seo-wordpress\/ -->\n<title>Lehrer-Ausbildung - Verband Deutscher Sportbootschulen<\/title>\n<meta name=\"robots\" content=\"index, follow, max-snippet:-1, max-image-preview:large, max-video-preview:-1\" \/>\n<meta property=\"og:locale\" content=\"de_DE\" \/>\n<meta property=\"og:type\" content=\"article\" \/>\n<meta property=\"og:title\" content=\"Lehrer-Ausbildung - Verband Deutscher Sportbootschulen\" \/>\n<meta property=\"og:url\" content=\"https:\/\/www.2link.de\/vds\/ausbildung\/\" \/>\n<meta property=\"og:site_name\" content=\"Verband Deutscher Sportbootschulen\" \/>\n<meta property=\"article:modified_time\" content=\"2023-01-19T14:57:29+00:00\" \/>\n<meta name=\"twitter:card\" content=\"summary_large_image\" \/>\n<meta name=\"twitter:label1\" content=\"Gesch\u00e4tzte Lesezeit\" \/>\n\t<meta name=\"twitter:data1\" content=\"4\u00a0Minuten\" \/>\n<script type=\"application\/ld+json\" class=\"yoast-schema-graph\">{\"@context\":\"https:\/\/schema.org\",\"@graph\":[{\"@type\":\"WebPage\",\"@id\":\"https:\/\/www.2link.de\/vds\/ausbildung\/\",\"url\":\"https:\/\/www.2link.de\/vds\/ausbildung\/\",\"name\":\"Lehrer-Ausbildung - Verband Deutscher Sportbootschulen\",\"isPartOf\":{\"@id\":\"https:\/\/www.2link.de\/vds\/#website\"},\"datePublished\":\"2015-11-30T14:57:50+00:00\",\"dateModified\":\"2023-01-19T14:57:29+00:00\",\"breadcrumb\":{\"@id\":\"https:\/\/www.2link.de\/vds\/ausbildung\/#breadcrumb\"},\"inLanguage\":\"de\",\"potentialAction\":[{\"@type\":\"ReadAction\",\"target\":[\"https:\/\/www.2link.de\/vds\/ausbildung\/\"]}]},{\"@type\":\"BreadcrumbList\",\"@id\":\"https:\/\/www.2link.de\/vds\/ausbildung\/#breadcrumb\",\"itemListElement\":[{\"@type\":\"ListItem\",\"position\":1,\"name\":\"Startseite\",\"item\":\"https:\/\/www.2link.de\/vds\/\"},{\"@type\":\"ListItem\",\"position\":2,\"name\":\"Lehrer-Ausbildung\"}]},{\"@type\":\"WebSite\",\"@id\":\"https:\/\/www.2link.de\/vds\/#website\",\"url\":\"https:\/\/www.2link.de\/vds\/\",\"name\":\"Verband Deutscher Sportbootschulen\",\"description\":\"\",\"potentialAction\":[{\"@type\":\"SearchAction\",\"target\":{\"@type\":\"EntryPoint\",\"urlTemplate\":\"https:\/\/www.2link.de\/vds\/?s={search_term_string}\"},\"query-input\":{\"@type\":\"PropertyValueSpecification\",\"valueRequired\":true,\"valueName\":\"search_term_string\"}}],\"inLanguage\":\"de\"}]}<\/script>\n<!-- \/ Yoast SEO plugin. -->","yoast_head_json":{"title":"Lehrer-Ausbildung - Verband Deutscher Sportbootschulen","robots":{"index":"index","follow":"follow","max-snippet":"max-snippet:-1","max-image-preview":"max-image-preview:large","max-video-preview":"max-video-preview:-1"},"og_locale":"de_DE","og_type":"article","og_title":"Lehrer-Ausbildung - Verband Deutscher Sportbootschulen","og_url":"https:\/\/www.2link.de\/vds\/ausbildung\/","og_site_name":"Verband Deutscher Sportbootschulen","article_modified_time":"2023-01-19T14:57:29+00:00","twitter_card":"summary_large_image","twitter_misc":{"Gesch\u00e4tzte Lesezeit":"4\u00a0Minuten"},"schema":{"@context":"https:\/\/schema.org","@graph":[{"@type":"WebPage","@id":"https:\/\/www.2link.de\/vds\/ausbildung\/","url":"https:\/\/www.2link.de\/vds\/ausbildung\/","name":"Lehrer-Ausbildung - Verband Deutscher Sportbootschulen","isPartOf":{"@id":"https:\/\/www.2link.de\/vds\/#website"},"datePublished":"2015-11-30T14:57:50+00:00","dateModified":"2023-01-19T14:57:29+00:00","breadcrumb":{"@id":"https:\/\/www.2link.de\/vds\/ausbildung\/#breadcrumb"},"inLanguage":"de","potentialAction":[{"@type":"ReadAction","target":["https:\/\/www.2link.de\/vds\/ausbildung\/"]}]},{"@type":"BreadcrumbList","@id":"https:\/\/www.2link.de\/vds\/ausbildung\/#breadcrumb","itemListElement":[{"@type":"ListItem","position":1,"name":"Startseite","item":"https:\/\/www.2link.de\/vds\/"},{"@type":"ListItem","position":2,"name":"Lehrer-Ausbildung"}]},{"@type":"WebSite","@id":"https:\/\/www.2link.de\/vds\/#website","url":"https:\/\/www.2link.de\/vds\/","name":"Verband Deutscher Sportbootschulen","description":"","potentialAction":[{"@type":"SearchAction","target":{"@type":"EntryPoint","urlTemplate":"https:\/\/www.2link.de\/vds\/?s={search_term_string}"},"query-input":{"@type":"PropertyValueSpecification","valueRequired":true,"valueName":"search_term_string"}}],"inLanguage":"de"}]}},"_links":{"self":[{"href":"https:\/\/www.2link.de\/vds\/wp-json\/wp\/v2\/pages\/5","targetHints":{"allow":["GET"]}}],"collection":[{"href":"https:\/\/www.2link.de\/vds\/wp-json\/wp\/v2\/pages"}],"about":[{"href":"https:\/\/www.2link.de\/vds\/wp-json\/wp\/v2\/types\/page"}],"author":[{"embeddable":true,"href":"https:\/\/www.2link.de\/vds\/wp-json\/wp\/v2\/users\/1"}],"replies":[{"embeddable":true,"href":"https:\/\/www.2link.de\/vds\/wp-json\/wp\/v2\/comments?post=5"}],"version-history":[{"count":23,"href":"https:\/\/www.2link.de\/vds\/wp-json\/wp\/v2\/pages\/5\/revisions"}],"predecessor-version":[{"id":2481,"href":"https:\/\/www.2link.de\/vds\/wp-json\/wp\/v2\/pages\/5\/revisions\/2481"}],"wp:attachment":[{"href":"https:\/\/www.2link.de\/vds\/wp-json\/wp\/v2\/media?parent=5"}],"curies":[{"name":"wp","href":"https:\/\/api.w.org\/{rel}","templated":true}]}}