{"id":61,"date":"2015-11-30T14:59:03","date_gmt":"2015-11-30T14:59:03","guid":{"rendered":"http:\/\/www.2link.de\/vds\/bodenseeschifferpatent\/"},"modified":"2022-12-29T10:58:06","modified_gmt":"2022-12-29T09:58:06","slug":"bodenseeschifferpatent","status":"publish","type":"page","link":"https:\/\/www.2link.de\/vds\/sportbootfuehrerscheine\/bodenseeschifferpatent\/","title":{"rendered":"Bodenseeschifferpatent"},"content":{"rendered":"\n<style type=\"text\/css\" data-created_by=\"avia_inline_auto\" id=\"style-css-av-lc8wxoi3-a012b07631b7514911047a18fd1bcbc4\">\n#top .av-special-heading.av-lc8wxoi3-a012b07631b7514911047a18fd1bcbc4{\npadding-bottom:10px;\n}\nbody .av-special-heading.av-lc8wxoi3-a012b07631b7514911047a18fd1bcbc4 .av-special-heading-tag .heading-char{\nfont-size:25px;\n}\n.av-special-heading.av-lc8wxoi3-a012b07631b7514911047a18fd1bcbc4 .av-subheading{\nfont-size:15px;\n}\n<\/style>\n<div  class='av-special-heading av-lc8wxoi3-a012b07631b7514911047a18fd1bcbc4 av-special-heading-h1  avia-builder-el-0  el_before_av_textblock  avia-builder-el-first '><h1 class='av-special-heading-tag'  itemprop=\"headline\"  >Bodenseeschifferpatent<\/h1><div class=\"special-heading-border\"><div class=\"special-heading-inner-border\"><\/div><\/div><\/div>\n<section  class='av_textblock_section av-av_textblock-154edf3b81ea89278a85a087be81f544'  itemscope=\"itemscope\" itemtype=\"https:\/\/schema.org\/CreativeWork\" ><div class='avia_textblock'  itemprop=\"text\" ><p><strong>Sie m\u00f6chten auf dem Bodensee eine Segelyacht oder ein Motorboot f\u00fchren?<\/strong><\/p>\n<p>F\u00fcr Segelfahrzeuge mit mehr als 12 qm Segelfl\u00e4che ben\u00f6tigen Sie hier das Bodenseeschifferpatent der Kategorie D. Fahrzeuge mit Maschinenantrieb, auch Segelfahrzeuge, die 4,4 kW (6 PS) \u00fcbersteigen, d\u00fcrfen nur gef\u00fchrt werden, wenn der Schiffsf\u00fchrer ein Patent der Kategorie A besitzt.<\/p>\n<p>Das Bodenseeschifferpatent wird auf Antrag auch ohne Pr\u00fcfung in den Sportbootf\u00fchrerschein-Binnen umgeschrieben. Die Kategorie A (Motor)-Praxis kann f\u00fcr den Sportbootf\u00fchrerschein-See anerkannt werden, sofern eine Zusatzpr\u00fcfung zum Thema Navigation abgelegt wurde.<\/p>\n<p>Sofern Sie den Sportbootf\u00fchrerschein-Binnen unter Segel und\/oder mit der Antriebsart Motor besitzen, kann Ihnen auf Antrag ein sogenanntes &#34;Urlaubspatent&#34; f\u00fcr die Dauer von vier Wochen\/Jahr ausgestellt werden.<\/p>\n<\/div><\/section>\n","protected":false},"excerpt":{"rendered":"","protected":false},"author":1,"featured_media":0,"parent":197,"menu_order":8,"comment_status":"closed","ping_status":"closed","template":"","meta":{"footnotes":""},"class_list":["post-61","page","type-page","status-publish","hentry"],"yoast_head":"<!-- This site is optimized with the Yoast SEO plugin v27.3 - https:\/\/yoast.com\/product\/yoast-seo-wordpress\/ -->\n<title>Bodenseeschifferpatent - Verband Deutscher Sportbootschulen<\/title>\n<meta name=\"robots\" content=\"index, follow, max-snippet:-1, max-image-preview:large, max-video-preview:-1\" \/>\n<meta property=\"og:locale\" content=\"de_DE\" \/>\n<meta property=\"og:type\" content=\"article\" \/>\n<meta property=\"og:title\" content=\"Bodenseeschifferpatent - Verband Deutscher Sportbootschulen\" \/>\n<meta property=\"og:url\" content=\"https:\/\/www.2link.de\/vds\/sportbootfuehrerscheine\/bodenseeschifferpatent\/\" \/>\n<meta property=\"og:site_name\" content=\"Verband Deutscher Sportbootschulen\" \/>\n<meta property=\"article:modified_time\" content=\"2022-12-29T09:58:06+00:00\" \/>\n<meta name=\"twitter:card\" content=\"summary_large_image\" \/>\n<meta name=\"twitter:label1\" content=\"Gesch\u00e4tzte Lesezeit\" \/>\n\t<meta name=\"twitter:data1\" content=\"1\u00a0Minute\" \/>\n<script type=\"application\/ld+json\" class=\"yoast-schema-graph\">{\"@context\":\"https:\\\/\\\/schema.org\",\"@graph\":[{\"@type\":\"WebPage\",\"@id\":\"https:\\\/\\\/www.2link.de\\\/vds\\\/sportbootfuehrerscheine\\\/bodenseeschifferpatent\\\/\",\"url\":\"https:\\\/\\\/www.2link.de\\\/vds\\\/sportbootfuehrerscheine\\\/bodenseeschifferpatent\\\/\",\"name\":\"Bodenseeschifferpatent - Verband Deutscher Sportbootschulen\",\"isPartOf\":{\"@id\":\"https:\\\/\\\/www.2link.de\\\/vds\\\/#website\"},\"datePublished\":\"2015-11-30T14:59:03+00:00\",\"dateModified\":\"2022-12-29T09:58:06+00:00\",\"breadcrumb\":{\"@id\":\"https:\\\/\\\/www.2link.de\\\/vds\\\/sportbootfuehrerscheine\\\/bodenseeschifferpatent\\\/#breadcrumb\"},\"inLanguage\":\"de\",\"potentialAction\":[{\"@type\":\"ReadAction\",\"target\":[\"https:\\\/\\\/www.2link.de\\\/vds\\\/sportbootfuehrerscheine\\\/bodenseeschifferpatent\\\/\"]}]},{\"@type\":\"BreadcrumbList\",\"@id\":\"https:\\\/\\\/www.2link.de\\\/vds\\\/sportbootfuehrerscheine\\\/bodenseeschifferpatent\\\/#breadcrumb\",\"itemListElement\":[{\"@type\":\"ListItem\",\"position\":1,\"name\":\"Startseite\",\"item\":\"https:\\\/\\\/www.2link.de\\\/vds\\\/\"},{\"@type\":\"ListItem\",\"position\":2,\"name\":\"\u00dcbersicht\",\"item\":\"https:\\\/\\\/www.2link.de\\\/vds\\\/sportbootfuehrerscheine\\\/\"},{\"@type\":\"ListItem\",\"position\":3,\"name\":\"Bodenseeschifferpatent\"}]},{\"@type\":\"WebSite\",\"@id\":\"https:\\\/\\\/www.2link.de\\\/vds\\\/#website\",\"url\":\"https:\\\/\\\/www.2link.de\\\/vds\\\/\",\"name\":\"Verband Deutscher Sportbootschulen\",\"description\":\"\",\"potentialAction\":[{\"@type\":\"SearchAction\",\"target\":{\"@type\":\"EntryPoint\",\"urlTemplate\":\"https:\\\/\\\/www.2link.de\\\/vds\\\/?s={search_term_string}\"},\"query-input\":{\"@type\":\"PropertyValueSpecification\",\"valueRequired\":true,\"valueName\":\"search_term_string\"}}],\"inLanguage\":\"de\"}]}<\/script>\n<!-- \/ Yoast SEO plugin. -->","yoast_head_json":{"title":"Bodenseeschifferpatent - Verband Deutscher Sportbootschulen","robots":{"index":"index","follow":"follow","max-snippet":"max-snippet:-1","max-image-preview":"max-image-preview:large","max-video-preview":"max-video-preview:-1"},"og_locale":"de_DE","og_type":"article","og_title":"Bodenseeschifferpatent - Verband Deutscher Sportbootschulen","og_url":"https:\/\/www.2link.de\/vds\/sportbootfuehrerscheine\/bodenseeschifferpatent\/","og_site_name":"Verband Deutscher Sportbootschulen","article_modified_time":"2022-12-29T09:58:06+00:00","twitter_card":"summary_large_image","twitter_misc":{"Gesch\u00e4tzte Lesezeit":"1\u00a0Minute"},"schema":{"@context":"https:\/\/schema.org","@graph":[{"@type":"WebPage","@id":"https:\/\/www.2link.de\/vds\/sportbootfuehrerscheine\/bodenseeschifferpatent\/","url":"https:\/\/www.2link.de\/vds\/sportbootfuehrerscheine\/bodenseeschifferpatent\/","name":"Bodenseeschifferpatent - Verband Deutscher Sportbootschulen","isPartOf":{"@id":"https:\/\/www.2link.de\/vds\/#website"},"datePublished":"2015-11-30T14:59:03+00:00","dateModified":"2022-12-29T09:58:06+00:00","breadcrumb":{"@id":"https:\/\/www.2link.de\/vds\/sportbootfuehrerscheine\/bodenseeschifferpatent\/#breadcrumb"},"inLanguage":"de","potentialAction":[{"@type":"ReadAction","target":["https:\/\/www.2link.de\/vds\/sportbootfuehrerscheine\/bodenseeschifferpatent\/"]}]},{"@type":"BreadcrumbList","@id":"https:\/\/www.2link.de\/vds\/sportbootfuehrerscheine\/bodenseeschifferpatent\/#breadcrumb","itemListElement":[{"@type":"ListItem","position":1,"name":"Startseite","item":"https:\/\/www.2link.de\/vds\/"},{"@type":"ListItem","position":2,"name":"\u00dcbersicht","item":"https:\/\/www.2link.de\/vds\/sportbootfuehrerscheine\/"},{"@type":"ListItem","position":3,"name":"Bodenseeschifferpatent"}]},{"@type":"WebSite","@id":"https:\/\/www.2link.de\/vds\/#website","url":"https:\/\/www.2link.de\/vds\/","name":"Verband Deutscher Sportbootschulen","description":"","potentialAction":[{"@type":"SearchAction","target":{"@type":"EntryPoint","urlTemplate":"https:\/\/www.2link.de\/vds\/?s={search_term_string}"},"query-input":{"@type":"PropertyValueSpecification","valueRequired":true,"valueName":"search_term_string"}}],"inLanguage":"de"}]}},"_links":{"self":[{"href":"https:\/\/www.2link.de\/vds\/wp-json\/wp\/v2\/pages\/61","targetHints":{"allow":["GET"]}}],"collection":[{"href":"https:\/\/www.2link.de\/vds\/wp-json\/wp\/v2\/pages"}],"about":[{"href":"https:\/\/www.2link.de\/vds\/wp-json\/wp\/v2\/types\/page"}],"author":[{"embeddable":true,"href":"https:\/\/www.2link.de\/vds\/wp-json\/wp\/v2\/users\/1"}],"replies":[{"embeddable":true,"href":"https:\/\/www.2link.de\/vds\/wp-json\/wp\/v2\/comments?post=61"}],"version-history":[{"count":4,"href":"https:\/\/www.2link.de\/vds\/wp-json\/wp\/v2\/pages\/61\/revisions"}],"predecessor-version":[{"id":1474,"href":"https:\/\/www.2link.de\/vds\/wp-json\/wp\/v2\/pages\/61\/revisions\/1474"}],"up":[{"embeddable":true,"href":"https:\/\/www.2link.de\/vds\/wp-json\/wp\/v2\/pages\/197"}],"wp:attachment":[{"href":"https:\/\/www.2link.de\/vds\/wp-json\/wp\/v2\/media?parent=61"}],"curies":[{"name":"wp","href":"https:\/\/api.w.org\/{rel}","templated":true}]}}