{"id":62,"date":"2015-11-30T14:59:03","date_gmt":"2015-11-30T14:59:03","guid":{"rendered":"http:\/\/www.2link.de\/vds\/funkzeugnisse\/"},"modified":"2022-12-29T10:55:20","modified_gmt":"2022-12-29T09:55:20","slug":"funkzeugnisse","status":"publish","type":"page","link":"https:\/\/www.2link.de\/vds\/sportbootfuehrerscheine\/funkzeugnisse\/","title":{"rendered":"Funkzeugnisse"},"content":{"rendered":"\n<style type=\"text\/css\" data-created_by=\"avia_inline_auto\" id=\"style-css-av-lc8wu582-035d8bc389665448ff07d943eedb6767\">\n#top .av-special-heading.av-lc8wu582-035d8bc389665448ff07d943eedb6767{\npadding-bottom:10px;\n}\nbody .av-special-heading.av-lc8wu582-035d8bc389665448ff07d943eedb6767 .av-special-heading-tag .heading-char{\nfont-size:25px;\n}\n.av-special-heading.av-lc8wu582-035d8bc389665448ff07d943eedb6767 .av-subheading{\nfont-size:15px;\n}\n<\/style>\n<div  class='av-special-heading av-lc8wu582-035d8bc389665448ff07d943eedb6767 av-special-heading-h1  avia-builder-el-0  el_before_av_textblock  avia-builder-el-first '><h1 class='av-special-heading-tag'  itemprop=\"headline\"  >Funkzeugnisse<\/h1><div class=\"special-heading-border\"><div class=\"special-heading-inner-border\"><\/div><\/div><\/div>\n<section  class='av_textblock_section av-av_textblock-154edf3b81ea89278a85a087be81f544'  itemscope=\"itemscope\" itemtype=\"https:\/\/schema.org\/CreativeWork\" ><div class='avia_textblock'  itemprop=\"text\" ><table style=\"width: 100%;\">\n<tbody>\n<tr>\n<td>\n<h4><strong>Funkzeugnisse f\u00fcr Seefunkdienst (LRC\/SRC) und Binnenschifffahrtsfunk (UBI) &#8211; Stand: 1. Januar 2004<\/strong><\/h4>\n<p><img decoding=\"async\" style=\"float: left; height: 200px; line-height: 20.7999992370605px; margin-left: 10px; margin-right: 10px; width: 137px;\" src=\"https:\/\/www.2link.de\/vds\/wp-content\/uploads\/schein-funk-lrc1.jpg\" alt=\"Funkzeugnis lrc\" \/><\/p>\n<p>Der Deutsche Segler-Verband (DSV) und der Deutsche Motoryachtverband (DMYV), beide Gr\u00fcndgensstr. 18, 22309 Hamburg, f\u00fchren im Auftrage des Bundesministeriums f\u00fcr Verkehr, Bau- und Wohnungswesen k\u00fcnftig die Pr\u00fcfungen zum Erwerb folgender Funkbetriebszeugnisse f\u00fcr die Sportschifffahrt durch und stellen sie aus:<\/p>\n<ul>\n<li><strong>Allgemeines Funkbetriebszeugnis<\/strong> (Long Range Certificate &#8211; LRC)<\/li>\n<li><strong>Beschr\u00e4nkt G\u00fcltiges Funkbetriebszeugnis<\/strong> (Short Range Certificate &#8211; SRC)<\/li>\n<\/ul>\n<p>Funkbetriebszeugnisse f\u00fcr den Seefunk k\u00f6nnen gem. Beschluss 343 der Internationalen Fernmeldeunion nicht ohne den Nachweis englischer Sprachkenntnisse erworben werden. Der Erwerb des UBI befreit nicht von der Vollpr\u00fcfung zum Erwerb des SRC. Die vor dem 1.1.2003 erworbenen Seefunkzeugnisse behalten ihre G\u00fcltigkeit.<\/p>\n<\/td>\n<\/tr>\n<tr>\n<td>\n<p><img decoding=\"async\" style=\"float: left; height: 200px; line-height: 20.7999992370605px; margin-left: 10px; margin-right: 10px; width: 137px;\" src=\"https:\/\/www.2link.de\/vds\/wp-content\/uploads\/schein-funk-ubi.jpg\" alt=\"Sprechfunkzeugnis ubi\" \/><\/p>\n<p>Seit dem 1. Januar 2003 gilt ebenfalls die neue Binnenschifffahrt-Sprechfunkverordnung mit den Bestimmungen<br \/>\nf\u00fcr den Erwerb des<\/p>\n<ul>\n<li><strong>UKW-Sprechfunkzeugnisses f\u00fcr den Binnenschifffahrtsfunk<\/strong> (UBI).<\/li>\n<\/ul>\n<p>Das UBI berechtigt zur Teilnahme am Binnenschifffahrtsfunk. Zust\u00e4ndige Beh\u00f6rde f\u00fcr den Erwerb des UBI ist die Fachstelle der Wasser- und Schifffahrtsverwaltung f\u00fcr Verkehrstechniken (FVT) in Koblenz, Weinbergstr. 11-13, 57070 Koblenz. Dieses Funkzeugnis kann bei den Pr\u00fcfungsaussch\u00fcssen des FVT und bei denen der o.g. Verb\u00e4nde erworben werden.<\/p>\n<p>Inhaber &#34;alter&#34; UKW-Sprechfunkzeugnisse f\u00fcr den Seefunkdienst k\u00f6nnen weiterhin uneingeschr\u00e4nkt am Binnenschifffahrtsfunk teilnehmen. Eine Umschreibung ist nicht erforderlich.<\/p>\n<\/td>\n<\/tr>\n<\/tbody>\n<\/table>\n<\/div><\/section>\n","protected":false},"excerpt":{"rendered":"","protected":false},"author":1,"featured_media":0,"parent":197,"menu_order":9,"comment_status":"closed","ping_status":"closed","template":"","meta":{"footnotes":""},"class_list":["post-62","page","type-page","status-publish","hentry"],"yoast_head":"<!-- This site is optimized with the Yoast SEO plugin v27.3 - https:\/\/yoast.com\/product\/yoast-seo-wordpress\/ -->\n<title>Funkzeugnisse - Verband Deutscher Sportbootschulen<\/title>\n<meta name=\"robots\" content=\"index, follow, max-snippet:-1, max-image-preview:large, max-video-preview:-1\" \/>\n<meta property=\"og:locale\" content=\"de_DE\" \/>\n<meta property=\"og:type\" content=\"article\" \/>\n<meta property=\"og:title\" content=\"Funkzeugnisse - Verband Deutscher Sportbootschulen\" \/>\n<meta property=\"og:url\" content=\"https:\/\/www.2link.de\/vds\/sportbootfuehrerscheine\/funkzeugnisse\/\" \/>\n<meta property=\"og:site_name\" content=\"Verband Deutscher Sportbootschulen\" \/>\n<meta property=\"article:modified_time\" content=\"2022-12-29T09:55:20+00:00\" \/>\n<meta property=\"og:image\" content=\"http:\/\/www.2link.de\/vds\/wp-content\/uploads\/schein-funk-lrc1.jpg\" \/>\n<meta name=\"twitter:card\" content=\"summary_large_image\" \/>\n<meta name=\"twitter:label1\" content=\"Gesch\u00e4tzte Lesezeit\" \/>\n\t<meta name=\"twitter:data1\" content=\"2\u00a0Minuten\" \/>\n<script type=\"application\/ld+json\" class=\"yoast-schema-graph\">{\"@context\":\"https:\\\/\\\/schema.org\",\"@graph\":[{\"@type\":\"WebPage\",\"@id\":\"https:\\\/\\\/www.2link.de\\\/vds\\\/sportbootfuehrerscheine\\\/funkzeugnisse\\\/\",\"url\":\"https:\\\/\\\/www.2link.de\\\/vds\\\/sportbootfuehrerscheine\\\/funkzeugnisse\\\/\",\"name\":\"Funkzeugnisse - Verband Deutscher Sportbootschulen\",\"isPartOf\":{\"@id\":\"https:\\\/\\\/www.2link.de\\\/vds\\\/#website\"},\"primaryImageOfPage\":{\"@id\":\"https:\\\/\\\/www.2link.de\\\/vds\\\/sportbootfuehrerscheine\\\/funkzeugnisse\\\/#primaryimage\"},\"image\":{\"@id\":\"https:\\\/\\\/www.2link.de\\\/vds\\\/sportbootfuehrerscheine\\\/funkzeugnisse\\\/#primaryimage\"},\"thumbnailUrl\":\"http:\\\/\\\/www.2link.de\\\/vds\\\/wp-content\\\/uploads\\\/schein-funk-lrc1.jpg\",\"datePublished\":\"2015-11-30T14:59:03+00:00\",\"dateModified\":\"2022-12-29T09:55:20+00:00\",\"breadcrumb\":{\"@id\":\"https:\\\/\\\/www.2link.de\\\/vds\\\/sportbootfuehrerscheine\\\/funkzeugnisse\\\/#breadcrumb\"},\"inLanguage\":\"de\",\"potentialAction\":[{\"@type\":\"ReadAction\",\"target\":[\"https:\\\/\\\/www.2link.de\\\/vds\\\/sportbootfuehrerscheine\\\/funkzeugnisse\\\/\"]}]},{\"@type\":\"ImageObject\",\"inLanguage\":\"de\",\"@id\":\"https:\\\/\\\/www.2link.de\\\/vds\\\/sportbootfuehrerscheine\\\/funkzeugnisse\\\/#primaryimage\",\"url\":\"https:\\\/\\\/www.2link.de\\\/vds\\\/wp-content\\\/uploads\\\/schein-funk-lrc1.jpg\",\"contentUrl\":\"https:\\\/\\\/www.2link.de\\\/vds\\\/wp-content\\\/uploads\\\/schein-funk-lrc1.jpg\",\"width\":137,\"height\":200},{\"@type\":\"BreadcrumbList\",\"@id\":\"https:\\\/\\\/www.2link.de\\\/vds\\\/sportbootfuehrerscheine\\\/funkzeugnisse\\\/#breadcrumb\",\"itemListElement\":[{\"@type\":\"ListItem\",\"position\":1,\"name\":\"Startseite\",\"item\":\"https:\\\/\\\/www.2link.de\\\/vds\\\/\"},{\"@type\":\"ListItem\",\"position\":2,\"name\":\"\u00dcbersicht\",\"item\":\"https:\\\/\\\/www.2link.de\\\/vds\\\/sportbootfuehrerscheine\\\/\"},{\"@type\":\"ListItem\",\"position\":3,\"name\":\"Funkzeugnisse\"}]},{\"@type\":\"WebSite\",\"@id\":\"https:\\\/\\\/www.2link.de\\\/vds\\\/#website\",\"url\":\"https:\\\/\\\/www.2link.de\\\/vds\\\/\",\"name\":\"Verband Deutscher Sportbootschulen\",\"description\":\"\",\"potentialAction\":[{\"@type\":\"SearchAction\",\"target\":{\"@type\":\"EntryPoint\",\"urlTemplate\":\"https:\\\/\\\/www.2link.de\\\/vds\\\/?s={search_term_string}\"},\"query-input\":{\"@type\":\"PropertyValueSpecification\",\"valueRequired\":true,\"valueName\":\"search_term_string\"}}],\"inLanguage\":\"de\"}]}<\/script>\n<!-- \/ Yoast SEO plugin. -->","yoast_head_json":{"title":"Funkzeugnisse - Verband Deutscher Sportbootschulen","robots":{"index":"index","follow":"follow","max-snippet":"max-snippet:-1","max-image-preview":"max-image-preview:large","max-video-preview":"max-video-preview:-1"},"og_locale":"de_DE","og_type":"article","og_title":"Funkzeugnisse - Verband Deutscher Sportbootschulen","og_url":"https:\/\/www.2link.de\/vds\/sportbootfuehrerscheine\/funkzeugnisse\/","og_site_name":"Verband Deutscher Sportbootschulen","article_modified_time":"2022-12-29T09:55:20+00:00","og_image":[{"url":"http:\/\/www.2link.de\/vds\/wp-content\/uploads\/schein-funk-lrc1.jpg","type":"","width":"","height":""}],"twitter_card":"summary_large_image","twitter_misc":{"Gesch\u00e4tzte Lesezeit":"2\u00a0Minuten"},"schema":{"@context":"https:\/\/schema.org","@graph":[{"@type":"WebPage","@id":"https:\/\/www.2link.de\/vds\/sportbootfuehrerscheine\/funkzeugnisse\/","url":"https:\/\/www.2link.de\/vds\/sportbootfuehrerscheine\/funkzeugnisse\/","name":"Funkzeugnisse - Verband Deutscher Sportbootschulen","isPartOf":{"@id":"https:\/\/www.2link.de\/vds\/#website"},"primaryImageOfPage":{"@id":"https:\/\/www.2link.de\/vds\/sportbootfuehrerscheine\/funkzeugnisse\/#primaryimage"},"image":{"@id":"https:\/\/www.2link.de\/vds\/sportbootfuehrerscheine\/funkzeugnisse\/#primaryimage"},"thumbnailUrl":"http:\/\/www.2link.de\/vds\/wp-content\/uploads\/schein-funk-lrc1.jpg","datePublished":"2015-11-30T14:59:03+00:00","dateModified":"2022-12-29T09:55:20+00:00","breadcrumb":{"@id":"https:\/\/www.2link.de\/vds\/sportbootfuehrerscheine\/funkzeugnisse\/#breadcrumb"},"inLanguage":"de","potentialAction":[{"@type":"ReadAction","target":["https:\/\/www.2link.de\/vds\/sportbootfuehrerscheine\/funkzeugnisse\/"]}]},{"@type":"ImageObject","inLanguage":"de","@id":"https:\/\/www.2link.de\/vds\/sportbootfuehrerscheine\/funkzeugnisse\/#primaryimage","url":"https:\/\/www.2link.de\/vds\/wp-content\/uploads\/schein-funk-lrc1.jpg","contentUrl":"https:\/\/www.2link.de\/vds\/wp-content\/uploads\/schein-funk-lrc1.jpg","width":137,"height":200},{"@type":"BreadcrumbList","@id":"https:\/\/www.2link.de\/vds\/sportbootfuehrerscheine\/funkzeugnisse\/#breadcrumb","itemListElement":[{"@type":"ListItem","position":1,"name":"Startseite","item":"https:\/\/www.2link.de\/vds\/"},{"@type":"ListItem","position":2,"name":"\u00dcbersicht","item":"https:\/\/www.2link.de\/vds\/sportbootfuehrerscheine\/"},{"@type":"ListItem","position":3,"name":"Funkzeugnisse"}]},{"@type":"WebSite","@id":"https:\/\/www.2link.de\/vds\/#website","url":"https:\/\/www.2link.de\/vds\/","name":"Verband Deutscher Sportbootschulen","description":"","potentialAction":[{"@type":"SearchAction","target":{"@type":"EntryPoint","urlTemplate":"https:\/\/www.2link.de\/vds\/?s={search_term_string}"},"query-input":{"@type":"PropertyValueSpecification","valueRequired":true,"valueName":"search_term_string"}}],"inLanguage":"de"}]}},"_links":{"self":[{"href":"https:\/\/www.2link.de\/vds\/wp-json\/wp\/v2\/pages\/62","targetHints":{"allow":["GET"]}}],"collection":[{"href":"https:\/\/www.2link.de\/vds\/wp-json\/wp\/v2\/pages"}],"about":[{"href":"https:\/\/www.2link.de\/vds\/wp-json\/wp\/v2\/types\/page"}],"author":[{"embeddable":true,"href":"https:\/\/www.2link.de\/vds\/wp-json\/wp\/v2\/users\/1"}],"replies":[{"embeddable":true,"href":"https:\/\/www.2link.de\/vds\/wp-json\/wp\/v2\/comments?post=62"}],"version-history":[{"count":8,"href":"https:\/\/www.2link.de\/vds\/wp-json\/wp\/v2\/pages\/62\/revisions"}],"predecessor-version":[{"id":1465,"href":"https:\/\/www.2link.de\/vds\/wp-json\/wp\/v2\/pages\/62\/revisions\/1465"}],"up":[{"embeddable":true,"href":"https:\/\/www.2link.de\/vds\/wp-json\/wp\/v2\/pages\/197"}],"wp:attachment":[{"href":"https:\/\/www.2link.de\/vds\/wp-json\/wp\/v2\/media?parent=62"}],"curies":[{"name":"wp","href":"https:\/\/api.w.org\/{rel}","templated":true}]}}