{"id":63,"date":"2015-11-30T14:59:03","date_gmt":"2015-11-30T14:59:03","guid":{"rendered":"http:\/\/www.2link.de\/vds\/sportbootfuhrerschein-binnen\/"},"modified":"2022-12-29T10:55:44","modified_gmt":"2022-12-29T09:55:44","slug":"sportbootfuhrerschein-binnen","status":"publish","type":"page","link":"https:\/\/www.2link.de\/vds\/sportbootfuehrerscheine\/sportbootfuhrerschein-binnen\/","title":{"rendered":"Sportbootf\u00fchrerschein Binnen"},"content":{"rendered":"\n<style type=\"text\/css\" data-created_by=\"avia_inline_auto\" id=\"style-css-av-lc8wunf6-917c306bf84dda5ec4fef7132d7fa745\">\n#top .av-special-heading.av-lc8wunf6-917c306bf84dda5ec4fef7132d7fa745{\npadding-bottom:10px;\n}\nbody .av-special-heading.av-lc8wunf6-917c306bf84dda5ec4fef7132d7fa745 .av-special-heading-tag .heading-char{\nfont-size:25px;\n}\n.av-special-heading.av-lc8wunf6-917c306bf84dda5ec4fef7132d7fa745 .av-subheading{\nfont-size:15px;\n}\n<\/style>\n<div  class='av-special-heading av-lc8wunf6-917c306bf84dda5ec4fef7132d7fa745 av-special-heading-h1  avia-builder-el-0  el_before_av_textblock  avia-builder-el-first '><h1 class='av-special-heading-tag'  itemprop=\"headline\"  >Sportbootf\u00fchrerschein Binnen<\/h1><div class=\"special-heading-border\"><div class=\"special-heading-inner-border\"><\/div><\/div><\/div>\n<section  class='av_textblock_section av-av_textblock-154edf3b81ea89278a85a087be81f544'  itemscope=\"itemscope\" itemtype=\"https:\/\/schema.org\/CreativeWork\" ><div class='avia_textblock'  itemprop=\"text\" ><table style=\"width: 100%;\">\n<tbody>\n<tr>\n<td>\n<p><strong>Sie m\u00f6chten auf Binnengew\u00e4ssern (Fl\u00fcssen und Kan\u00e4len) Segeln oder Motorboot fahren?<\/strong><\/p>\n<p><img decoding=\"async\" style=\"float: left; height: 200px; margin-left: 10px; margin-right: 10px; width: 137px;\" src=\"https:\/\/www.2link.de\/vds\/wp-content\/uploads\/schein-sbf-binnen1.jpg\" alt=\"Sportbootf\u00fchrerschein binnen\" \/>Achtung! Hier verlangen die Beh\u00f6rden eine Fahrerlaubnis!<\/p>\n<p>Jetzt heisst es, sich mit den Vorschriften zum Befahren der Binnenschifffahrtsstrassen vertraut zu machen. Eine umfangreiche theoretische und praktische Ausbildung ist erforderlich, um sich der Pr\u00fcfung stellen zu k\u00f6nnen.<\/p>\n<p>Wollen Sie ein Motorboot fahren (Antriebsleistung mehr als 15 PS, L\u00e4nge weniger als 15 m), dann ist der Sportbootf\u00fchrerschein-Binnen mit der Antriebsart &#34;Motor&#34; zwingend vorgeschrieben. Zum Befahren des Rheins ben\u00f6tigen Sie bereits am 5 PS den amtlichen Sportbootf\u00fchrerschein Binnen. Zum Befahren des Bodensees erhalten Sie gegen Vorlage des SBF-Binnen bei den Landrats\u00e4mtern eine Erlaubnis w\u00e4hrend eines Urlaubs. Zum dauerhaften Befahren ben\u00f6tigen Sie das Bodenseeschifferpantent.<\/p>\n<p>M\u00f6chten Sie Segeln, dann ben\u00f6tigen Sie auf einigen, wenigen Gew\u00e4ssern den amtlichen Sportbootf\u00fchrerschein Binnen mit der Antriebsart Segeln (z.B. Berliner Gew\u00e4sser) Auf den meisten Gew\u00e4ssern reicht die Vorlage des Segelgrundscheins.<\/p>\n<p>Mindestalter: Motorbootfahren: 16 Jahre \/ Segeln: 14 Jahre<\/p>\n<\/td>\n<\/tr>\n<\/tbody>\n<\/table>\n<\/div><\/section>\n","protected":false},"excerpt":{"rendered":"","protected":false},"author":1,"featured_media":0,"parent":197,"menu_order":2,"comment_status":"closed","ping_status":"closed","template":"","meta":{"footnotes":""},"class_list":["post-63","page","type-page","status-publish","hentry"],"yoast_head":"<!-- This site is optimized with the Yoast SEO plugin v27.3 - https:\/\/yoast.com\/product\/yoast-seo-wordpress\/ -->\n<title>Sportbootf\u00fchrerschein Binnen - Verband Deutscher Sportbootschulen<\/title>\n<meta name=\"robots\" content=\"index, follow, max-snippet:-1, max-image-preview:large, max-video-preview:-1\" \/>\n<meta property=\"og:locale\" content=\"de_DE\" \/>\n<meta property=\"og:type\" content=\"article\" \/>\n<meta property=\"og:title\" content=\"Sportbootf\u00fchrerschein Binnen - Verband Deutscher Sportbootschulen\" \/>\n<meta property=\"og:url\" content=\"https:\/\/www.2link.de\/vds\/sportbootfuehrerscheine\/sportbootfuhrerschein-binnen\/\" \/>\n<meta property=\"og:site_name\" content=\"Verband Deutscher Sportbootschulen\" \/>\n<meta property=\"article:modified_time\" content=\"2022-12-29T09:55:44+00:00\" \/>\n<meta property=\"og:image\" content=\"http:\/\/www.2link.de\/vds\/wp-content\/uploads\/schein-sbf-binnen1.jpg\" \/>\n<meta name=\"twitter:card\" content=\"summary_large_image\" \/>\n<meta name=\"twitter:label1\" content=\"Gesch\u00e4tzte Lesezeit\" \/>\n\t<meta name=\"twitter:data1\" content=\"2\u00a0Minuten\" \/>\n<script type=\"application\/ld+json\" class=\"yoast-schema-graph\">{\"@context\":\"https:\\\/\\\/schema.org\",\"@graph\":[{\"@type\":\"WebPage\",\"@id\":\"https:\\\/\\\/www.2link.de\\\/vds\\\/sportbootfuehrerscheine\\\/sportbootfuhrerschein-binnen\\\/\",\"url\":\"https:\\\/\\\/www.2link.de\\\/vds\\\/sportbootfuehrerscheine\\\/sportbootfuhrerschein-binnen\\\/\",\"name\":\"Sportbootf\u00fchrerschein Binnen - Verband Deutscher Sportbootschulen\",\"isPartOf\":{\"@id\":\"https:\\\/\\\/www.2link.de\\\/vds\\\/#website\"},\"primaryImageOfPage\":{\"@id\":\"https:\\\/\\\/www.2link.de\\\/vds\\\/sportbootfuehrerscheine\\\/sportbootfuhrerschein-binnen\\\/#primaryimage\"},\"image\":{\"@id\":\"https:\\\/\\\/www.2link.de\\\/vds\\\/sportbootfuehrerscheine\\\/sportbootfuhrerschein-binnen\\\/#primaryimage\"},\"thumbnailUrl\":\"http:\\\/\\\/www.2link.de\\\/vds\\\/wp-content\\\/uploads\\\/schein-sbf-binnen1.jpg\",\"datePublished\":\"2015-11-30T14:59:03+00:00\",\"dateModified\":\"2022-12-29T09:55:44+00:00\",\"breadcrumb\":{\"@id\":\"https:\\\/\\\/www.2link.de\\\/vds\\\/sportbootfuehrerscheine\\\/sportbootfuhrerschein-binnen\\\/#breadcrumb\"},\"inLanguage\":\"de\",\"potentialAction\":[{\"@type\":\"ReadAction\",\"target\":[\"https:\\\/\\\/www.2link.de\\\/vds\\\/sportbootfuehrerscheine\\\/sportbootfuhrerschein-binnen\\\/\"]}]},{\"@type\":\"ImageObject\",\"inLanguage\":\"de\",\"@id\":\"https:\\\/\\\/www.2link.de\\\/vds\\\/sportbootfuehrerscheine\\\/sportbootfuhrerschein-binnen\\\/#primaryimage\",\"url\":\"https:\\\/\\\/www.2link.de\\\/vds\\\/wp-content\\\/uploads\\\/schein-sbf-binnen1.jpg\",\"contentUrl\":\"https:\\\/\\\/www.2link.de\\\/vds\\\/wp-content\\\/uploads\\\/schein-sbf-binnen1.jpg\",\"width\":137,\"height\":200},{\"@type\":\"BreadcrumbList\",\"@id\":\"https:\\\/\\\/www.2link.de\\\/vds\\\/sportbootfuehrerscheine\\\/sportbootfuhrerschein-binnen\\\/#breadcrumb\",\"itemListElement\":[{\"@type\":\"ListItem\",\"position\":1,\"name\":\"Startseite\",\"item\":\"https:\\\/\\\/www.2link.de\\\/vds\\\/\"},{\"@type\":\"ListItem\",\"position\":2,\"name\":\"\u00dcbersicht\",\"item\":\"https:\\\/\\\/www.2link.de\\\/vds\\\/sportbootfuehrerscheine\\\/\"},{\"@type\":\"ListItem\",\"position\":3,\"name\":\"Sportbootf\u00fchrerschein Binnen\"}]},{\"@type\":\"WebSite\",\"@id\":\"https:\\\/\\\/www.2link.de\\\/vds\\\/#website\",\"url\":\"https:\\\/\\\/www.2link.de\\\/vds\\\/\",\"name\":\"Verband Deutscher Sportbootschulen\",\"description\":\"\",\"potentialAction\":[{\"@type\":\"SearchAction\",\"target\":{\"@type\":\"EntryPoint\",\"urlTemplate\":\"https:\\\/\\\/www.2link.de\\\/vds\\\/?s={search_term_string}\"},\"query-input\":{\"@type\":\"PropertyValueSpecification\",\"valueRequired\":true,\"valueName\":\"search_term_string\"}}],\"inLanguage\":\"de\"}]}<\/script>\n<!-- \/ Yoast SEO plugin. -->","yoast_head_json":{"title":"Sportbootf\u00fchrerschein Binnen - Verband Deutscher Sportbootschulen","robots":{"index":"index","follow":"follow","max-snippet":"max-snippet:-1","max-image-preview":"max-image-preview:large","max-video-preview":"max-video-preview:-1"},"og_locale":"de_DE","og_type":"article","og_title":"Sportbootf\u00fchrerschein Binnen - Verband Deutscher Sportbootschulen","og_url":"https:\/\/www.2link.de\/vds\/sportbootfuehrerscheine\/sportbootfuhrerschein-binnen\/","og_site_name":"Verband Deutscher Sportbootschulen","article_modified_time":"2022-12-29T09:55:44+00:00","og_image":[{"url":"http:\/\/www.2link.de\/vds\/wp-content\/uploads\/schein-sbf-binnen1.jpg","type":"","width":"","height":""}],"twitter_card":"summary_large_image","twitter_misc":{"Gesch\u00e4tzte Lesezeit":"2\u00a0Minuten"},"schema":{"@context":"https:\/\/schema.org","@graph":[{"@type":"WebPage","@id":"https:\/\/www.2link.de\/vds\/sportbootfuehrerscheine\/sportbootfuhrerschein-binnen\/","url":"https:\/\/www.2link.de\/vds\/sportbootfuehrerscheine\/sportbootfuhrerschein-binnen\/","name":"Sportbootf\u00fchrerschein Binnen - Verband Deutscher Sportbootschulen","isPartOf":{"@id":"https:\/\/www.2link.de\/vds\/#website"},"primaryImageOfPage":{"@id":"https:\/\/www.2link.de\/vds\/sportbootfuehrerscheine\/sportbootfuhrerschein-binnen\/#primaryimage"},"image":{"@id":"https:\/\/www.2link.de\/vds\/sportbootfuehrerscheine\/sportbootfuhrerschein-binnen\/#primaryimage"},"thumbnailUrl":"http:\/\/www.2link.de\/vds\/wp-content\/uploads\/schein-sbf-binnen1.jpg","datePublished":"2015-11-30T14:59:03+00:00","dateModified":"2022-12-29T09:55:44+00:00","breadcrumb":{"@id":"https:\/\/www.2link.de\/vds\/sportbootfuehrerscheine\/sportbootfuhrerschein-binnen\/#breadcrumb"},"inLanguage":"de","potentialAction":[{"@type":"ReadAction","target":["https:\/\/www.2link.de\/vds\/sportbootfuehrerscheine\/sportbootfuhrerschein-binnen\/"]}]},{"@type":"ImageObject","inLanguage":"de","@id":"https:\/\/www.2link.de\/vds\/sportbootfuehrerscheine\/sportbootfuhrerschein-binnen\/#primaryimage","url":"https:\/\/www.2link.de\/vds\/wp-content\/uploads\/schein-sbf-binnen1.jpg","contentUrl":"https:\/\/www.2link.de\/vds\/wp-content\/uploads\/schein-sbf-binnen1.jpg","width":137,"height":200},{"@type":"BreadcrumbList","@id":"https:\/\/www.2link.de\/vds\/sportbootfuehrerscheine\/sportbootfuhrerschein-binnen\/#breadcrumb","itemListElement":[{"@type":"ListItem","position":1,"name":"Startseite","item":"https:\/\/www.2link.de\/vds\/"},{"@type":"ListItem","position":2,"name":"\u00dcbersicht","item":"https:\/\/www.2link.de\/vds\/sportbootfuehrerscheine\/"},{"@type":"ListItem","position":3,"name":"Sportbootf\u00fchrerschein Binnen"}]},{"@type":"WebSite","@id":"https:\/\/www.2link.de\/vds\/#website","url":"https:\/\/www.2link.de\/vds\/","name":"Verband Deutscher Sportbootschulen","description":"","potentialAction":[{"@type":"SearchAction","target":{"@type":"EntryPoint","urlTemplate":"https:\/\/www.2link.de\/vds\/?s={search_term_string}"},"query-input":{"@type":"PropertyValueSpecification","valueRequired":true,"valueName":"search_term_string"}}],"inLanguage":"de"}]}},"_links":{"self":[{"href":"https:\/\/www.2link.de\/vds\/wp-json\/wp\/v2\/pages\/63","targetHints":{"allow":["GET"]}}],"collection":[{"href":"https:\/\/www.2link.de\/vds\/wp-json\/wp\/v2\/pages"}],"about":[{"href":"https:\/\/www.2link.de\/vds\/wp-json\/wp\/v2\/types\/page"}],"author":[{"embeddable":true,"href":"https:\/\/www.2link.de\/vds\/wp-json\/wp\/v2\/users\/1"}],"replies":[{"embeddable":true,"href":"https:\/\/www.2link.de\/vds\/wp-json\/wp\/v2\/comments?post=63"}],"version-history":[{"count":5,"href":"https:\/\/www.2link.de\/vds\/wp-json\/wp\/v2\/pages\/63\/revisions"}],"predecessor-version":[{"id":1468,"href":"https:\/\/www.2link.de\/vds\/wp-json\/wp\/v2\/pages\/63\/revisions\/1468"}],"up":[{"embeddable":true,"href":"https:\/\/www.2link.de\/vds\/wp-json\/wp\/v2\/pages\/197"}],"wp:attachment":[{"href":"https:\/\/www.2link.de\/vds\/wp-json\/wp\/v2\/media?parent=63"}],"curies":[{"name":"wp","href":"https:\/\/api.w.org\/{rel}","templated":true}]}}