{"id":65,"date":"2015-11-30T14:59:03","date_gmt":"2015-11-30T14:59:03","guid":{"rendered":"http:\/\/www.2link.de\/vds\/sporthochseeschifferschein\/"},"modified":"2022-12-29T10:57:46","modified_gmt":"2022-12-29T09:57:46","slug":"sporthochseeschifferschein","status":"publish","type":"page","link":"https:\/\/www.2link.de\/vds\/sportbootfuehrerscheine\/sporthochseeschifferschein\/","title":{"rendered":"Sporthochseeschifferschein"},"content":{"rendered":"\n<style type=\"text\/css\" data-created_by=\"avia_inline_auto\" id=\"style-css-av-lc8wx88v-b2cdd118856c71e171f6b221123302dd\">\n#top .av-special-heading.av-lc8wx88v-b2cdd118856c71e171f6b221123302dd{\npadding-bottom:10px;\n}\nbody .av-special-heading.av-lc8wx88v-b2cdd118856c71e171f6b221123302dd .av-special-heading-tag .heading-char{\nfont-size:25px;\n}\n.av-special-heading.av-lc8wx88v-b2cdd118856c71e171f6b221123302dd .av-subheading{\nfont-size:15px;\n}\n<\/style>\n<div  class='av-special-heading av-lc8wx88v-b2cdd118856c71e171f6b221123302dd av-special-heading-h1  avia-builder-el-0  el_before_av_textblock  avia-builder-el-first '><h1 class='av-special-heading-tag'  itemprop=\"headline\"  >Sporthochseeschifferschein<\/h1><div class=\"special-heading-border\"><div class=\"special-heading-inner-border\"><\/div><\/div><\/div>\n<section  class='av_textblock_section av-av_textblock-154edf3b81ea89278a85a087be81f544'  itemscope=\"itemscope\" itemtype=\"https:\/\/schema.org\/CreativeWork\" ><div class='avia_textblock'  itemprop=\"text\" ><p><img decoding=\"async\" style=\"float: left; height: 200px; margin-left: 10px; margin-right: 10px; width: 137px;\" src=\"https:\/\/www.2link.de\/vds\/wp-content\/uploads\/schein-shss1.jpg\" alt=\"Sporthochseeschifferschein\" \/>Weitere 1000 Seemeilen nach Erwerb des Sportseeschifferscheins (SSS) sowie eine theoretische Pr\u00fcfung sind Voraussetzung; eine praktische Pr\u00fcfung entf\u00e4llt.<\/p>\n<p>Der freiwillig amtliche (amtlich nicht vorgeschrieben) Sporthochseeschifferschein ist ebenfalls zum F\u00fchren von gewerblichen Ausbildungsyachten und gewerblich genutzten Sportbooten vorgeschrieben.<\/p>\n<p>Mindestalter: 18 Jahre<\/p>\n<\/div><\/section>\n","protected":false},"excerpt":{"rendered":"","protected":false},"author":1,"featured_media":0,"parent":197,"menu_order":7,"comment_status":"closed","ping_status":"closed","template":"","meta":{"footnotes":""},"class_list":["post-65","page","type-page","status-publish","hentry"],"yoast_head":"<!-- This site is optimized with the Yoast SEO plugin v27.2 - https:\/\/yoast.com\/product\/yoast-seo-wordpress\/ -->\n<title>Sporthochseeschifferschein - Verband Deutscher Sportbootschulen<\/title>\n<meta name=\"robots\" content=\"index, follow, max-snippet:-1, max-image-preview:large, max-video-preview:-1\" \/>\n<meta property=\"og:locale\" content=\"de_DE\" \/>\n<meta property=\"og:type\" content=\"article\" \/>\n<meta property=\"og:title\" content=\"Sporthochseeschifferschein - Verband Deutscher Sportbootschulen\" \/>\n<meta property=\"og:url\" content=\"https:\/\/www.2link.de\/vds\/sportbootfuehrerscheine\/sporthochseeschifferschein\/\" \/>\n<meta property=\"og:site_name\" content=\"Verband Deutscher Sportbootschulen\" \/>\n<meta property=\"article:modified_time\" content=\"2022-12-29T09:57:46+00:00\" \/>\n<meta property=\"og:image\" content=\"http:\/\/www.2link.de\/vds\/wp-content\/uploads\/schein-shss1.jpg\" \/>\n<meta name=\"twitter:card\" content=\"summary_large_image\" \/>\n<meta name=\"twitter:label1\" content=\"Gesch\u00e4tzte Lesezeit\" \/>\n\t<meta name=\"twitter:data1\" content=\"1\u00a0Minute\" \/>\n<script type=\"application\/ld+json\" class=\"yoast-schema-graph\">{\"@context\":\"https:\/\/schema.org\",\"@graph\":[{\"@type\":\"WebPage\",\"@id\":\"https:\/\/www.2link.de\/vds\/sportbootfuehrerscheine\/sporthochseeschifferschein\/\",\"url\":\"https:\/\/www.2link.de\/vds\/sportbootfuehrerscheine\/sporthochseeschifferschein\/\",\"name\":\"Sporthochseeschifferschein - Verband Deutscher Sportbootschulen\",\"isPartOf\":{\"@id\":\"https:\/\/www.2link.de\/vds\/#website\"},\"primaryImageOfPage\":{\"@id\":\"https:\/\/www.2link.de\/vds\/sportbootfuehrerscheine\/sporthochseeschifferschein\/#primaryimage\"},\"image\":{\"@id\":\"https:\/\/www.2link.de\/vds\/sportbootfuehrerscheine\/sporthochseeschifferschein\/#primaryimage\"},\"thumbnailUrl\":\"http:\/\/www.2link.de\/vds\/wp-content\/uploads\/schein-shss1.jpg\",\"datePublished\":\"2015-11-30T14:59:03+00:00\",\"dateModified\":\"2022-12-29T09:57:46+00:00\",\"breadcrumb\":{\"@id\":\"https:\/\/www.2link.de\/vds\/sportbootfuehrerscheine\/sporthochseeschifferschein\/#breadcrumb\"},\"inLanguage\":\"de\",\"potentialAction\":[{\"@type\":\"ReadAction\",\"target\":[\"https:\/\/www.2link.de\/vds\/sportbootfuehrerscheine\/sporthochseeschifferschein\/\"]}]},{\"@type\":\"ImageObject\",\"inLanguage\":\"de\",\"@id\":\"https:\/\/www.2link.de\/vds\/sportbootfuehrerscheine\/sporthochseeschifferschein\/#primaryimage\",\"url\":\"https:\/\/www.2link.de\/vds\/wp-content\/uploads\/schein-shss1.jpg\",\"contentUrl\":\"https:\/\/www.2link.de\/vds\/wp-content\/uploads\/schein-shss1.jpg\",\"width\":137,\"height\":200},{\"@type\":\"BreadcrumbList\",\"@id\":\"https:\/\/www.2link.de\/vds\/sportbootfuehrerscheine\/sporthochseeschifferschein\/#breadcrumb\",\"itemListElement\":[{\"@type\":\"ListItem\",\"position\":1,\"name\":\"Startseite\",\"item\":\"https:\/\/www.2link.de\/vds\/\"},{\"@type\":\"ListItem\",\"position\":2,\"name\":\"\u00dcbersicht\",\"item\":\"https:\/\/www.2link.de\/vds\/sportbootfuehrerscheine\/\"},{\"@type\":\"ListItem\",\"position\":3,\"name\":\"Sporthochseeschifferschein\"}]},{\"@type\":\"WebSite\",\"@id\":\"https:\/\/www.2link.de\/vds\/#website\",\"url\":\"https:\/\/www.2link.de\/vds\/\",\"name\":\"Verband Deutscher Sportbootschulen\",\"description\":\"\",\"potentialAction\":[{\"@type\":\"SearchAction\",\"target\":{\"@type\":\"EntryPoint\",\"urlTemplate\":\"https:\/\/www.2link.de\/vds\/?s={search_term_string}\"},\"query-input\":{\"@type\":\"PropertyValueSpecification\",\"valueRequired\":true,\"valueName\":\"search_term_string\"}}],\"inLanguage\":\"de\"}]}<\/script>\n<!-- \/ Yoast SEO plugin. -->","yoast_head_json":{"title":"Sporthochseeschifferschein - Verband Deutscher Sportbootschulen","robots":{"index":"index","follow":"follow","max-snippet":"max-snippet:-1","max-image-preview":"max-image-preview:large","max-video-preview":"max-video-preview:-1"},"og_locale":"de_DE","og_type":"article","og_title":"Sporthochseeschifferschein - Verband Deutscher Sportbootschulen","og_url":"https:\/\/www.2link.de\/vds\/sportbootfuehrerscheine\/sporthochseeschifferschein\/","og_site_name":"Verband Deutscher Sportbootschulen","article_modified_time":"2022-12-29T09:57:46+00:00","og_image":[{"url":"http:\/\/www.2link.de\/vds\/wp-content\/uploads\/schein-shss1.jpg","type":"","width":"","height":""}],"twitter_card":"summary_large_image","twitter_misc":{"Gesch\u00e4tzte Lesezeit":"1\u00a0Minute"},"schema":{"@context":"https:\/\/schema.org","@graph":[{"@type":"WebPage","@id":"https:\/\/www.2link.de\/vds\/sportbootfuehrerscheine\/sporthochseeschifferschein\/","url":"https:\/\/www.2link.de\/vds\/sportbootfuehrerscheine\/sporthochseeschifferschein\/","name":"Sporthochseeschifferschein - Verband Deutscher Sportbootschulen","isPartOf":{"@id":"https:\/\/www.2link.de\/vds\/#website"},"primaryImageOfPage":{"@id":"https:\/\/www.2link.de\/vds\/sportbootfuehrerscheine\/sporthochseeschifferschein\/#primaryimage"},"image":{"@id":"https:\/\/www.2link.de\/vds\/sportbootfuehrerscheine\/sporthochseeschifferschein\/#primaryimage"},"thumbnailUrl":"http:\/\/www.2link.de\/vds\/wp-content\/uploads\/schein-shss1.jpg","datePublished":"2015-11-30T14:59:03+00:00","dateModified":"2022-12-29T09:57:46+00:00","breadcrumb":{"@id":"https:\/\/www.2link.de\/vds\/sportbootfuehrerscheine\/sporthochseeschifferschein\/#breadcrumb"},"inLanguage":"de","potentialAction":[{"@type":"ReadAction","target":["https:\/\/www.2link.de\/vds\/sportbootfuehrerscheine\/sporthochseeschifferschein\/"]}]},{"@type":"ImageObject","inLanguage":"de","@id":"https:\/\/www.2link.de\/vds\/sportbootfuehrerscheine\/sporthochseeschifferschein\/#primaryimage","url":"https:\/\/www.2link.de\/vds\/wp-content\/uploads\/schein-shss1.jpg","contentUrl":"https:\/\/www.2link.de\/vds\/wp-content\/uploads\/schein-shss1.jpg","width":137,"height":200},{"@type":"BreadcrumbList","@id":"https:\/\/www.2link.de\/vds\/sportbootfuehrerscheine\/sporthochseeschifferschein\/#breadcrumb","itemListElement":[{"@type":"ListItem","position":1,"name":"Startseite","item":"https:\/\/www.2link.de\/vds\/"},{"@type":"ListItem","position":2,"name":"\u00dcbersicht","item":"https:\/\/www.2link.de\/vds\/sportbootfuehrerscheine\/"},{"@type":"ListItem","position":3,"name":"Sporthochseeschifferschein"}]},{"@type":"WebSite","@id":"https:\/\/www.2link.de\/vds\/#website","url":"https:\/\/www.2link.de\/vds\/","name":"Verband Deutscher Sportbootschulen","description":"","potentialAction":[{"@type":"SearchAction","target":{"@type":"EntryPoint","urlTemplate":"https:\/\/www.2link.de\/vds\/?s={search_term_string}"},"query-input":{"@type":"PropertyValueSpecification","valueRequired":true,"valueName":"search_term_string"}}],"inLanguage":"de"}]}},"_links":{"self":[{"href":"https:\/\/www.2link.de\/vds\/wp-json\/wp\/v2\/pages\/65","targetHints":{"allow":["GET"]}}],"collection":[{"href":"https:\/\/www.2link.de\/vds\/wp-json\/wp\/v2\/pages"}],"about":[{"href":"https:\/\/www.2link.de\/vds\/wp-json\/wp\/v2\/types\/page"}],"author":[{"embeddable":true,"href":"https:\/\/www.2link.de\/vds\/wp-json\/wp\/v2\/users\/1"}],"replies":[{"embeddable":true,"href":"https:\/\/www.2link.de\/vds\/wp-json\/wp\/v2\/comments?post=65"}],"version-history":[{"count":4,"href":"https:\/\/www.2link.de\/vds\/wp-json\/wp\/v2\/pages\/65\/revisions"}],"predecessor-version":[{"id":1473,"href":"https:\/\/www.2link.de\/vds\/wp-json\/wp\/v2\/pages\/65\/revisions\/1473"}],"up":[{"embeddable":true,"href":"https:\/\/www.2link.de\/vds\/wp-json\/wp\/v2\/pages\/197"}],"wp:attachment":[{"href":"https:\/\/www.2link.de\/vds\/wp-json\/wp\/v2\/media?parent=65"}],"curies":[{"name":"wp","href":"https:\/\/api.w.org\/{rel}","templated":true}]}}