{"id":69,"date":"2019-12-19T11:59:04","date_gmt":"2019-12-19T10:59:04","guid":{"rendered":"http:\/\/www.2link.de\/vds\/sportbootlehrer\/catamaranlehrer\/"},"modified":"2023-01-20T15:55:25","modified_gmt":"2023-01-20T14:55:25","slug":"catamaranlehrer","status":"publish","type":"page","link":"https:\/\/www.2link.de\/vds\/sportbootlehrer\/catamaranlehrer\/","title":{"rendered":"Catamaranlehrer"},"content":{"rendered":"\n<style type=\"text\/css\" data-created_by=\"avia_inline_auto\" id=\"style-css-av-lcxjkvv6-7826654243a953bfcb1467a6a2113ac6\">\n.avia-section.av-lcxjkvv6-7826654243a953bfcb1467a6a2113ac6 .av-parallax .av-parallax-inner{\nbackground-repeat:no-repeat;\nbackground-image:url(https:\/\/www.2link.de\/vds\/wp-content\/uploads\/katamaran_lehrerausbildung_header-1030x692.jpg);\nbackground-position:50% 50%;\nbackground-attachment:scroll;\n}\n<\/style>\n<div id='av_section_1'  class='avia-section av-lcxjkvv6-7826654243a953bfcb1467a6a2113ac6 main_color avia-section-default avia-no-border-styling  avia-builder-el-0  el_before_av_submenu  avia-builder-el-first  avia-full-stretch av-parallax-section avia-bg-style-parallax av-minimum-height av-minimum-height-75  container_wrap fullsize'  data-section-bg-repeat='stretch' data-av_minimum_height_pc='75'><div class='av-parallax' data-avia-parallax-ratio='0.3' ><div class='av-parallax-inner main_color avia-full-stretch'><\/div><\/div><div class='container av-section-cont-open' ><main  role=\"main\" itemprop=\"mainContentOfPage\"  class='template-page content  av-content-full alpha units'><div class='post-entry post-entry-type-page post-entry-69'><div class='entry-content-wrapper clearfix'>\n\n<style type=\"text\/css\" data-created_by=\"avia_inline_auto\" id=\"style-css-av-lc8x0c7f-4260be903214f5e4fddd3da03b28669d\">\n#top .av-special-heading.av-lc8x0c7f-4260be903214f5e4fddd3da03b28669d{\npadding-bottom:10px;\ncolor:#ffffff;\n}\nbody .av-special-heading.av-lc8x0c7f-4260be903214f5e4fddd3da03b28669d .av-special-heading-tag .heading-char{\nfont-size:25px;\n}\n.av-special-heading.av-lc8x0c7f-4260be903214f5e4fddd3da03b28669d .special-heading-inner-border{\nborder-color:#ffffff;\n}\n.av-special-heading.av-lc8x0c7f-4260be903214f5e4fddd3da03b28669d .av-subheading{\nfont-size:15px;\n}\n<\/style>\n<div  class='av-special-heading av-lc8x0c7f-4260be903214f5e4fddd3da03b28669d av-special-heading-h1 custom-color-heading blockquote modern-quote  avia-builder-el-1  avia-builder-el-no-sibling '><h1 class='av-special-heading-tag'  itemprop=\"headline\"  >Catamaranlehrer<\/h1><div class=\"special-heading-border\"><div class=\"special-heading-inner-border\"><\/div><\/div><\/div>\n\n<\/div><\/div><\/main><!-- close content main element --><\/div><\/div><div class='clear'><\/div><div id='sub_menu1'  class='av-submenu-container av-ld4lgriu-f638989441f6f4a1a3f137d94bb62c03 main_color  avia-builder-el-2  el_after_av_section  el_before_av_textblock  av-sticky-submenu submenu-not-first container_wrap fullsize' style='z-index:301' ><div class='container av-menu-mobile-disabled av-submenu-pos-center'><ul id=\"menu-segellehrer\" class=\"av-subnav-menu\"><li role=\"menuitem\" id=\"menu-item-2501\" class=\"menu-item menu-item-type-post_type menu-item-object-page menu-item-top-level menu-item-top-level-1\"><a href=\"https:\/\/www.2link.de\/vds\/sportbootlehrer\/segellehrer\/\" itemprop=\"url\" tabindex=\"0\"><span class=\"avia-bullet\"><\/span><span class=\"avia-menu-text\">Segellehrer Basic<\/span><span class=\"avia-menu-fx\"><span class=\"avia-arrow-wrap\"><span class=\"avia-arrow\"><\/span><\/span><\/span><\/a><\/li>\n<li role=\"menuitem\" id=\"menu-item-2502\" class=\"menu-item menu-item-type-post_type menu-item-object-page menu-item-top-level menu-item-top-level-2\"><a href=\"https:\/\/www.2link.de\/vds\/sportbootlehrer\/segellehrer-jolle-offenes-kielboot\/\" itemprop=\"url\" tabindex=\"0\"><span class=\"avia-bullet\"><\/span><span class=\"avia-menu-text\">Segellehrer Jolle \/ offenes Kielboot<\/span><span class=\"avia-menu-fx\"><span class=\"avia-arrow-wrap\"><span class=\"avia-arrow\"><\/span><\/span><\/span><\/a><\/li>\n<li role=\"menuitem\" id=\"menu-item-2503\" class=\"menu-item menu-item-type-post_type menu-item-object-page menu-item-top-level menu-item-top-level-3\"><a href=\"https:\/\/www.2link.de\/vds\/sportbootlehrer\/yachtlehrer-profiskipper\/\" itemprop=\"url\" tabindex=\"0\"><span class=\"avia-bullet\"><\/span><span class=\"avia-menu-text\">Yachtlehrer\/Profiskipper<\/span><span class=\"avia-menu-fx\"><span class=\"avia-arrow-wrap\"><span class=\"avia-arrow\"><\/span><\/span><\/span><\/a><\/li>\n<li role=\"menuitem\" id=\"menu-item-2504\" class=\"menu-item menu-item-type-post_type menu-item-object-page menu-item-top-level menu-item-top-level-4\"><a href=\"https:\/\/www.2link.de\/vds\/sportbootlehrer\/catamaranlehrer\/\" itemprop=\"url\" tabindex=\"0\"><span class=\"avia-bullet\"><\/span><span class=\"avia-menu-text\">Catamaranlehrer<\/span><span class=\"avia-menu-fx\"><span class=\"avia-arrow-wrap\"><span class=\"avia-arrow\"><\/span><\/span><\/span><\/a><\/li>\n<\/ul><\/div><\/div><div class='sticky_placeholder'><\/div><div id='after_submenu_1'  class='main_color av_default_container_wrap container_wrap fullsize'  ><div class='container av-section-cont-open' ><div class='template-page content  av-content-full alpha units'><div class='post-entry post-entry-type-page post-entry-69'><div class='entry-content-wrapper clearfix'>\n<section  class='av_textblock_section av-uapt-f1034aab538ab47a277971e4daa80ece'  itemscope=\"itemscope\" itemtype=\"https:\/\/schema.org\/CreativeWork\" ><div class='avia_textblock'  itemprop=\"text\" ><h3><strong>VDS-Catamaranlehrer<\/strong><\/h3>\n<p>Grundlage der Ausbildung sind die VDS-Anerkennungsvorschriften f\u00fcr Catamaranlehrer.<\/p>\n<p>Die VDS-Catamaranlehrer-Lizenz kann in zwei Ausbildungsstufen erworben werden. Der VDS-Catamaranlehrer Stufe 1 ist berechtigt, an einer anerkannten VDS-Schule den Unterricht f\u00fcr den Erwerb des Catamarangrundscheines zu erteilen. Der Inhaber der Lizenzstufe 2 erh\u00e4lt die Qualifikation den Sch\u00fcler in Fortgeschrittenen-Techniken im Catamaransegeln zu unterweisen.<\/p>\n<p>Der VDS-Catamaranlehrer (Stufe 1 und Stufe 2) ist berechtigt, die Pr\u00fcfungen zum Erwerb der VDS-Catamarangrundscheine durchzuf\u00fchren und diese zu erteilen.<\/p>\n<h4>Zulassungsvorraussetzungen:<\/h4>\n<p>Mindestalter: 18 Jahre, Catamaran-Grundschein, DLRG-Rettungschwimmpass Bronze (oder gleichwertiger Nachweis), Hospitation an einer VDS-Schule<\/p>\n<h3>\u00a0<\/h3>\n<h4>Kombination mit VDS-Segelgrundschein-Lehrer-Seminar m\u00f6glich<\/h4>\n<p>Theoretische und praktische Schulung nach den VDS-Ausbildungspl\u00e4nen f\u00fcr Catamaranlehrer, Abschlusspr\u00fcfung in Theorie und Praxis<\/p>\n<ul>\n<li>Lehrgangsgeb\u00fchr: EUR 590,00 inkl. Mwst<\/li>\n<li>Kombiseminar (Segelgrundscheinlehrer (Jolle und Catlehrer): EUR 980,00 inkl. Mwst<\/li>\n<li>Pr\u00fcfungsgeb\u00fchr: EUR 150,00<\/li>\n<li>Kombi.-Pr\u00fcfung: EUR 200,00<\/li>\n<li>Nachpr\u00fcfung: EUR 70,00Unterkunft\/Verpfl. zzgl. Kosten f\u00fcr Unterkunft und Verpflegung und Leihmaterial sowie Verwaltungskostenanteil bei Nutzung eines eigenen Bootes.<\/li>\n<\/ul>\n<p>Anmeldung: mit dem beigef\u00fcgten Anmeldebogen bei der VDS-Gesch\u00e4ftsstelle<\/p>\n<h4>Anmeldeschluss: drei Wochen vor Lehrgangsbeginn<\/h4>\n<p>Teilnehmerzahl: mindestens 6 Personen oder nach Anfrage<\/p>\n<\/div><\/section>\n<section  class='av_textblock_section av-ld2xxubd-a7f050bcfa12e4b8f2139fd5453bee93'  itemscope=\"itemscope\" itemtype=\"https:\/\/schema.org\/CreativeWork\" ><div class='avia_textblock'  itemprop=\"text\" ><p>Stufe 1<\/p>\n<p><strong>Inhalt der Ausbildung:<\/strong><\/p>\n<ul>\n<li>Man\u00f6ver Basics und Grundscheinman\u00f6ver,<\/li>\n<li>Aufbau von Lehrproben in Theorie und Praxis<\/li>\n<li>Revier- und Wetterkunde<\/li>\n<li>Materialkunde\/Auswahl der Schulausr\u00fcstung (Bootsmaterial, Kleidung, &#8230;)<\/li>\n<li>Man\u00f6veroptimierung unter Sicherheitsaspekten sowie mit dem Ziel der Geschwindigkeitsoptimierung,<\/li>\n<li>Segel- und Gewichtstrimm f\u00fcr mehr Sicherheit und Geschwindigkeit,<\/li>\n<li>Grundz\u00fcge der Fehlerkorrektur<\/li>\n<li>Methodik und Didaktik<\/li>\n<\/ul>\n<p>N\u00e4chster Termin: 23. \u2013 29.04. 2023 Boek\/M\u00fcritz<\/p>\n<p>Kosten: \u00a0\u00a0\u00a0\u00a0\u00a0\u00a0\u00a0\u00a0\u00a0 EUR 590,00<\/p>\n<p>Pr\u00fcfungsgeb\u00fchr: EUR 150,00<\/p>\n<p>*zuz\u00fcglich Kosten f\u00fcr Leihgeb\u00fchr\/Unterkunft und Verpflegung (wenn gew\u00fcnscht)<\/p>\n<\/div><\/section>\n\n<\/div><\/div><\/div><!-- close content main div --><\/div><\/div>\n<style type=\"text\/css\" data-created_by=\"avia_inline_auto\" id=\"style-css-av-lcxihzhd-ec7b5a389c3697cc99b891958fb7fa54\">\n.avia-section.av-lcxihzhd-ec7b5a389c3697cc99b891958fb7fa54{\nposition:relative;\n}\n.avia-section.av-lcxihzhd-ec7b5a389c3697cc99b891958fb7fa54 .avia-divider-svg-top svg{\nheight:20px;\nwidth:calc(100% + 1.3px);\nfill:#ffffff;\n}\n.avia-section.av-lcxihzhd-ec7b5a389c3697cc99b891958fb7fa54 .avia-divider-svg-bottom svg{\nheight:20px;\nwidth:calc(100% + 1.3px);\nfill:#0069b3;\n}\n<\/style>\n<div id='av_section_2'  class='avia-section av-lcxihzhd-ec7b5a389c3697cc99b891958fb7fa54 alternate_color avia-section-default avia-no-border-styling  avia-builder-el-6  el_after_av_codeblock  avia-builder-el-last  avia-bg-style-scroll container_wrap fullsize'  ><div class='avia-divider-svg avia-divider-svg-arrow avia-divider-svg-top avia-svg-original'><svg xmlns=\"http:\/\/www.w3.org\/2000\/svg\" viewBox=\"0 0 700 10\" preserveAspectRatio=\"none\">\n\t<path d=\"M350,10L340,0h20L350,10z\"\/>\n<\/svg><\/div><div class='avia-divider-svg avia-divider-svg-arrow avia-divider-svg-bottom avia-svg-original'><svg xmlns=\"http:\/\/www.w3.org\/2000\/svg\" viewBox=\"0 0 700 10\" preserveAspectRatio=\"none\">\n\t<path d=\"M350,10L340,0h20L350,10z\"\/>\n<\/svg><\/div><div class='container av-section-cont-open' ><div class='template-page content  av-content-full alpha units'><div class='post-entry post-entry-type-page post-entry-69'><div class='entry-content-wrapper clearfix'>\n<section  class='av_textblock_section av-lcxihg5s-77f493d33ac3a222d2bfb80921054bf1'  itemscope=\"itemscope\" itemtype=\"https:\/\/schema.org\/CreativeWork\" ><div class='avia_textblock'  itemprop=\"text\" ><p><strong>Stufe 2:<\/strong><\/p>\n<p><strong>Inhalt der Ausbildung<\/strong><\/p>\n<ul>\n<li>Man\u00f6ver Basics und Grundscheinman\u00f6ver,<\/li>\n<li>Aufbau von Lehrproben in Theorie und Praxis<\/li>\n<li>Revier- und Wetterkunde<\/li>\n<li>Materialkunde\/Auswahl der Schulausr\u00fcstung (Bootsmaterial, Kleidung, &#8230;)<\/li>\n<li>Man\u00f6veroptimierung unter Sicherheitsaspekten sowie mit dem Ziel der Geschwindigkeitsoptimierung,<\/li>\n<li>Segel- und Gewichtstrimm f\u00fcr mehr Sicherheit und Geschwindigkeit,<\/li>\n<li>Grundz\u00fcge der Fehlerkorrektur<\/li>\n<li>Methodik und Didaktik,<\/li>\n<li>Lehrprobenthemen und weiterf\u00fchrende Theorie in der Aerodynamik und Hydrodynamik, Materialkunde<\/li>\n<\/ul>\n<ul>\n<li>Sicherheitsman\u00f6vertraining (B\u00fcB-Man\u00f6ver in verschiedenen Varianten sowie deren Vor- und Nachteile, Kentern und Aufrichten, Aufrichtehilfen bei Minderk\u00f6rpergewicht oder Mitseglerverlust, &#8230;..),<\/li>\n<li>Basishalse, Gennakerhalse, Wende aus dem Trapez ins Trapez mit und ohne Fock,<\/li>\n<li>Havarien, wie kann ich mir helfen,<\/li>\n<li>Organisationsformen f\u00fcr die verschiedenen Lernziele,<\/li>\n<\/ul>\n<\/div><\/section>\n<section  class='av_textblock_section av-qfzd-9312f5d202b480d08fc8eb57329f8cd4'  itemscope=\"itemscope\" itemtype=\"https:\/\/schema.org\/CreativeWork\" ><div class='avia_textblock'  itemprop=\"text\" ><h3>Wichtiger Hinweis:<\/h3>\n<p>Der Bewerber muss bei der Anmeldung zum Catamaranlehrerseminar bereits \u00fcber Lehrpraxis verf\u00fcgen (Hospitation) Das Catamaransegeln selbst kann w\u00e4hrend des Lehrganges nicht von Grund auf erlernt werden.<\/p>\n<h4>Der Weg zum lizenzierten Catamaranlehrer<\/h4>\n<p>Catamaransegeln ist eine Sportart, die sich weltweit zunehmender Beliebtheit erfreut. Die Faszination der Geschwindigkeit, das &#34;Fliegen&#34; \u00fcber dem Wasser im Trapez ist ein Erlebnis, das immer mehr sportlich ambitionierte und freizeithungrige Menschen in ihren Bann zieht.<\/p>\n<p>Jung und Alt entdecken, dass Catamaransegeln durchaus eine Alternative zum Surfen oder zum Jollensegeln darstellt und wollen ihren Ehrgeiz noch einmal testen. Allerdings kommt es dabei immer wieder zu unliebsamen Zwischenf\u00e4llen, die deutlich machen, dass mangelhafte Ausbildung und mangelnde Erfahrung die Gr\u00fcnde sind f\u00fcr das h\u00e4ufige &#34;Eben noch mal gut gegangen&#34;.<\/p>\n<p>Um dieses Ziel zu verwirklichen, ist eine gr\u00fcndliche und umfassende Ausbildung der Catamaranlehrer unabdingbar.<\/p>\n<h4>Zulassungsbedingungen:<\/h4>\n<p>Der Bewerber muss bei der Anmeldung zum Cat-Seminar bereits \u00fcber eine Lehrpraxis von mindestens 40 Stunden verf\u00fcgen, die bei der Anmeldung zum Seminar in geeigneter Form nachgewiesen werden muss. Die Catamaransegel-Praxis muss mindestens die Fertigkeiten beinhalten, die bei der praktischen Pr\u00fcfung erwartet werden; das Cat-Segeln selbst kann w\u00e4hrend des Lehrganges nicht von Grund auf erlernt werden, es k\u00f6nnen nur die Man\u00f6ver intensiv geschult werden, deren Ausf\u00fchrung bei der Pr\u00fcfung erwartet werden.<\/p>\n<h4>Mindestalter: 18 Jahre, Catamaran-Grundschein, SBF-Binnen, 40 Stunden Hospitation in einer VDS-anerkannten Catamaranschule, Rettungschwimmpass Bronze des DLRG<\/h4>\n<p>*Irrtum vorbehalten<\/p>\n<\/div><\/section>\n\n","protected":false},"excerpt":{"rendered":"","protected":false},"author":1,"featured_media":836,"parent":68,"menu_order":0,"comment_status":"closed","ping_status":"closed","template":"","meta":{"footnotes":""},"class_list":["post-69","page","type-page","status-publish","has-post-thumbnail","hentry"],"yoast_head":"<!-- This site is optimized with the Yoast SEO plugin v27.3 - https:\/\/yoast.com\/product\/yoast-seo-wordpress\/ -->\n<title>Catamaranlehrer - Verband Deutscher Sportbootschulen<\/title>\n<meta name=\"robots\" content=\"index, follow, max-snippet:-1, max-image-preview:large, max-video-preview:-1\" \/>\n<meta property=\"og:locale\" content=\"de_DE\" \/>\n<meta property=\"og:type\" content=\"article\" \/>\n<meta property=\"og:title\" content=\"Catamaranlehrer - Verband Deutscher Sportbootschulen\" \/>\n<meta property=\"og:url\" content=\"https:\/\/www.2link.de\/vds\/sportbootlehrer\/catamaranlehrer\/\" \/>\n<meta property=\"og:site_name\" content=\"Verband Deutscher Sportbootschulen\" \/>\n<meta property=\"article:modified_time\" content=\"2023-01-20T14:55:25+00:00\" \/>\n<meta property=\"og:image\" content=\"https:\/\/www.2link.de\/vds\/wp-content\/uploads\/Katamaransegeln.png\" \/>\n\t<meta property=\"og:image:width\" content=\"1024\" \/>\n\t<meta property=\"og:image:height\" content=\"341\" \/>\n\t<meta property=\"og:image:type\" content=\"image\/png\" \/>\n<meta name=\"twitter:card\" content=\"summary_large_image\" \/>\n<meta name=\"twitter:label1\" content=\"Gesch\u00e4tzte Lesezeit\" \/>\n\t<meta name=\"twitter:data1\" content=\"5\u00a0Minuten\" \/>\n<script type=\"application\/ld+json\" class=\"yoast-schema-graph\">{\"@context\":\"https:\\\/\\\/schema.org\",\"@graph\":[{\"@type\":\"WebPage\",\"@id\":\"https:\\\/\\\/www.2link.de\\\/vds\\\/sportbootlehrer\\\/catamaranlehrer\\\/\",\"url\":\"https:\\\/\\\/www.2link.de\\\/vds\\\/sportbootlehrer\\\/catamaranlehrer\\\/\",\"name\":\"Catamaranlehrer - Verband Deutscher Sportbootschulen\",\"isPartOf\":{\"@id\":\"https:\\\/\\\/www.2link.de\\\/vds\\\/#website\"},\"primaryImageOfPage\":{\"@id\":\"https:\\\/\\\/www.2link.de\\\/vds\\\/sportbootlehrer\\\/catamaranlehrer\\\/#primaryimage\"},\"image\":{\"@id\":\"https:\\\/\\\/www.2link.de\\\/vds\\\/sportbootlehrer\\\/catamaranlehrer\\\/#primaryimage\"},\"thumbnailUrl\":\"https:\\\/\\\/www.2link.de\\\/vds\\\/wp-content\\\/uploads\\\/Katamaransegeln.png\",\"datePublished\":\"2019-12-19T10:59:04+00:00\",\"dateModified\":\"2023-01-20T14:55:25+00:00\",\"breadcrumb\":{\"@id\":\"https:\\\/\\\/www.2link.de\\\/vds\\\/sportbootlehrer\\\/catamaranlehrer\\\/#breadcrumb\"},\"inLanguage\":\"de\",\"potentialAction\":[{\"@type\":\"ReadAction\",\"target\":[\"https:\\\/\\\/www.2link.de\\\/vds\\\/sportbootlehrer\\\/catamaranlehrer\\\/\"]}]},{\"@type\":\"ImageObject\",\"inLanguage\":\"de\",\"@id\":\"https:\\\/\\\/www.2link.de\\\/vds\\\/sportbootlehrer\\\/catamaranlehrer\\\/#primaryimage\",\"url\":\"https:\\\/\\\/www.2link.de\\\/vds\\\/wp-content\\\/uploads\\\/Katamaransegeln.png\",\"contentUrl\":\"https:\\\/\\\/www.2link.de\\\/vds\\\/wp-content\\\/uploads\\\/Katamaransegeln.png\",\"width\":1024,\"height\":341},{\"@type\":\"BreadcrumbList\",\"@id\":\"https:\\\/\\\/www.2link.de\\\/vds\\\/sportbootlehrer\\\/catamaranlehrer\\\/#breadcrumb\",\"itemListElement\":[{\"@type\":\"ListItem\",\"position\":1,\"name\":\"Startseite\",\"item\":\"https:\\\/\\\/www.2link.de\\\/vds\\\/\"},{\"@type\":\"ListItem\",\"position\":2,\"name\":\"Sportbootlehrer\",\"item\":\"https:\\\/\\\/www.2link.de\\\/vds\\\/sportbootlehrer\\\/\"},{\"@type\":\"ListItem\",\"position\":3,\"name\":\"Catamaranlehrer\"}]},{\"@type\":\"WebSite\",\"@id\":\"https:\\\/\\\/www.2link.de\\\/vds\\\/#website\",\"url\":\"https:\\\/\\\/www.2link.de\\\/vds\\\/\",\"name\":\"Verband Deutscher Sportbootschulen\",\"description\":\"\",\"potentialAction\":[{\"@type\":\"SearchAction\",\"target\":{\"@type\":\"EntryPoint\",\"urlTemplate\":\"https:\\\/\\\/www.2link.de\\\/vds\\\/?s={search_term_string}\"},\"query-input\":{\"@type\":\"PropertyValueSpecification\",\"valueRequired\":true,\"valueName\":\"search_term_string\"}}],\"inLanguage\":\"de\"}]}<\/script>\n<!-- \/ Yoast SEO plugin. -->","yoast_head_json":{"title":"Catamaranlehrer - Verband Deutscher Sportbootschulen","robots":{"index":"index","follow":"follow","max-snippet":"max-snippet:-1","max-image-preview":"max-image-preview:large","max-video-preview":"max-video-preview:-1"},"og_locale":"de_DE","og_type":"article","og_title":"Catamaranlehrer - Verband Deutscher Sportbootschulen","og_url":"https:\/\/www.2link.de\/vds\/sportbootlehrer\/catamaranlehrer\/","og_site_name":"Verband Deutscher Sportbootschulen","article_modified_time":"2023-01-20T14:55:25+00:00","og_image":[{"width":1024,"height":341,"url":"https:\/\/www.2link.de\/vds\/wp-content\/uploads\/Katamaransegeln.png","type":"image\/png"}],"twitter_card":"summary_large_image","twitter_misc":{"Gesch\u00e4tzte Lesezeit":"5\u00a0Minuten"},"schema":{"@context":"https:\/\/schema.org","@graph":[{"@type":"WebPage","@id":"https:\/\/www.2link.de\/vds\/sportbootlehrer\/catamaranlehrer\/","url":"https:\/\/www.2link.de\/vds\/sportbootlehrer\/catamaranlehrer\/","name":"Catamaranlehrer - Verband Deutscher Sportbootschulen","isPartOf":{"@id":"https:\/\/www.2link.de\/vds\/#website"},"primaryImageOfPage":{"@id":"https:\/\/www.2link.de\/vds\/sportbootlehrer\/catamaranlehrer\/#primaryimage"},"image":{"@id":"https:\/\/www.2link.de\/vds\/sportbootlehrer\/catamaranlehrer\/#primaryimage"},"thumbnailUrl":"https:\/\/www.2link.de\/vds\/wp-content\/uploads\/Katamaransegeln.png","datePublished":"2019-12-19T10:59:04+00:00","dateModified":"2023-01-20T14:55:25+00:00","breadcrumb":{"@id":"https:\/\/www.2link.de\/vds\/sportbootlehrer\/catamaranlehrer\/#breadcrumb"},"inLanguage":"de","potentialAction":[{"@type":"ReadAction","target":["https:\/\/www.2link.de\/vds\/sportbootlehrer\/catamaranlehrer\/"]}]},{"@type":"ImageObject","inLanguage":"de","@id":"https:\/\/www.2link.de\/vds\/sportbootlehrer\/catamaranlehrer\/#primaryimage","url":"https:\/\/www.2link.de\/vds\/wp-content\/uploads\/Katamaransegeln.png","contentUrl":"https:\/\/www.2link.de\/vds\/wp-content\/uploads\/Katamaransegeln.png","width":1024,"height":341},{"@type":"BreadcrumbList","@id":"https:\/\/www.2link.de\/vds\/sportbootlehrer\/catamaranlehrer\/#breadcrumb","itemListElement":[{"@type":"ListItem","position":1,"name":"Startseite","item":"https:\/\/www.2link.de\/vds\/"},{"@type":"ListItem","position":2,"name":"Sportbootlehrer","item":"https:\/\/www.2link.de\/vds\/sportbootlehrer\/"},{"@type":"ListItem","position":3,"name":"Catamaranlehrer"}]},{"@type":"WebSite","@id":"https:\/\/www.2link.de\/vds\/#website","url":"https:\/\/www.2link.de\/vds\/","name":"Verband Deutscher Sportbootschulen","description":"","potentialAction":[{"@type":"SearchAction","target":{"@type":"EntryPoint","urlTemplate":"https:\/\/www.2link.de\/vds\/?s={search_term_string}"},"query-input":{"@type":"PropertyValueSpecification","valueRequired":true,"valueName":"search_term_string"}}],"inLanguage":"de"}]}},"_links":{"self":[{"href":"https:\/\/www.2link.de\/vds\/wp-json\/wp\/v2\/pages\/69","targetHints":{"allow":["GET"]}}],"collection":[{"href":"https:\/\/www.2link.de\/vds\/wp-json\/wp\/v2\/pages"}],"about":[{"href":"https:\/\/www.2link.de\/vds\/wp-json\/wp\/v2\/types\/page"}],"author":[{"embeddable":true,"href":"https:\/\/www.2link.de\/vds\/wp-json\/wp\/v2\/users\/1"}],"replies":[{"embeddable":true,"href":"https:\/\/www.2link.de\/vds\/wp-json\/wp\/v2\/comments?post=69"}],"version-history":[{"count":14,"href":"https:\/\/www.2link.de\/vds\/wp-json\/wp\/v2\/pages\/69\/revisions"}],"predecessor-version":[{"id":2553,"href":"https:\/\/www.2link.de\/vds\/wp-json\/wp\/v2\/pages\/69\/revisions\/2553"}],"up":[{"embeddable":true,"href":"https:\/\/www.2link.de\/vds\/wp-json\/wp\/v2\/pages\/68"}],"wp:featuredmedia":[{"embeddable":true,"href":"https:\/\/www.2link.de\/vds\/wp-json\/wp\/v2\/media\/836"}],"wp:attachment":[{"href":"https:\/\/www.2link.de\/vds\/wp-json\/wp\/v2\/media?parent=69"}],"curies":[{"name":"wp","href":"https:\/\/api.w.org\/{rel}","templated":true}]}}