{"id":71,"date":"2015-11-30T14:59:04","date_gmt":"2015-11-30T14:59:04","guid":{"rendered":"http:\/\/www.2link.de\/vds\/sportbootlehrer\/jobborse-gesuche\/"},"modified":"2022-12-29T11:00:43","modified_gmt":"2022-12-29T10:00:43","slug":"jobborse-gesuche","status":"publish","type":"page","link":"https:\/\/www.2link.de\/vds\/sportbootlehrer\/jobborse-gesuche\/","title":{"rendered":"Jobb\u00f6rse &#8211; Stellengesuche"},"content":{"rendered":"\n<style type=\"text\/css\" data-created_by=\"avia_inline_auto\" id=\"style-css-av-lc8x12hz-c83e326cb57f26440f214fd7f2e5b881\">\n#top .av-special-heading.av-lc8x12hz-c83e326cb57f26440f214fd7f2e5b881{\npadding-bottom:10px;\n}\nbody .av-special-heading.av-lc8x12hz-c83e326cb57f26440f214fd7f2e5b881 .av-special-heading-tag .heading-char{\nfont-size:25px;\n}\n.av-special-heading.av-lc8x12hz-c83e326cb57f26440f214fd7f2e5b881 .av-subheading{\nfont-size:15px;\n}\n<\/style>\n<div  class='av-special-heading av-lc8x12hz-c83e326cb57f26440f214fd7f2e5b881 av-special-heading-h1  avia-builder-el-0  el_before_av_textblock  avia-builder-el-first '><h1 class='av-special-heading-tag'  itemprop=\"headline\"  >Jobb\u00f6rse &#8211; Stellengesuche<\/h1><div class=\"special-heading-border\"><div class=\"special-heading-inner-border\"><\/div><\/div><\/div>\n<section  class='av_textblock_section av-av_textblock-154edf3b81ea89278a85a087be81f544'  itemscope=\"itemscope\" itemtype=\"https:\/\/schema.org\/CreativeWork\" ><div class='avia_textblock'  itemprop=\"text\" ><p><a href=\"https:\/\/www.2link.de\/vds\/submit\/stellengesuch-aufgeben\/\">Neues Stellengesuch aufgeben<\/a><\/p>\n<div class=\"panel-pane pane-views pane-stellengesuche\">\n<div class=\"pane-content\">\n<div class=\"view view-stellengesuche view-id-stellengesuche view-display-id-block view-dom-id-ccf8c5d1c742bff61bb60d60656b80d4\">\n<div class=\"view-content\">\n<div class=\"item-list\">\n<ul>\n<li class=\"views-row views-row-1 views-row-odd views-row-first\">\n<div class=\"views-field views-field-field-jobbezeichnung\">\n<span class=\"views-label views-label-field-jobbezeichnung\"><br \/>\nDatum: <\/span><br \/>\n<span class=\"field-content\">21.02.2026<\/span><\/div>\n<div class=\"views-field views-field-field-jobbezeichnung\">\n<span class=\"views-label views-label-field-jobbezeichnung\"><br \/>\nJobbezeichnung: <\/span><br \/>\n<span class=\"field-content\">JxrdvtwrZlTjqEWlP<\/span><\/div>\n<div class=\"views-field views-field-field-qualifikation\">\n<span class=\"views-label views-label-field-qualifikation\"><br \/>\nQualifikation: <\/span><br \/>\n<span class=\"field-content\">SRwCPxipripdcVJAZ<\/span><\/div>\n<div class=\"views-field views-field-field-jobbezeichnung\">\n<span class=\"views-label views-label-field-jobbezeichnung\"><br \/>\nName: <\/span><br \/>\n<span class=\"field-content\">CwHSmFdeYzGMqoKWdLoq<\/span><\/div>\n<div class=\"views-field views-field-field-e-mail-adresse\">\n<span class=\"views-label views-label-field-e-mail-adresse\"><br \/>\nE-Mail-Adresse: <\/span><br \/>\n<span class=\"field-content\"><a href=\"&#109;&#97;&#105;&#108;&#116;&#111;&#58;&#104;&#46;&#97;&#46;&#109;&#46;&#111;&#46;&#99;&#97;&#118;&#46;&#117;&#46;&#120;&#46;&#97;&#46;&#108;&#46;&#49;&#46;&#51;&#46;&#56;&#64;&#103;&#109;&#97;&#105;&#108;&#46;&#99;&#111;&#109;\">&#104;&#46;&#97;&#46;&#109;&#46;&#111;&#46;&#99;&#97;&#118;&#46;&#117;&#46;&#120;&#46;&#97;&#46;&#108;&#46;&#49;&#46;&#51;&#46;&#56;&#64;&#103;&#109;&#97;&#105;&#108;&#46;&#99;&#111;&#109;<\/a><\/span><\/div>\n<div class=\"views-field views-field-field-anzeigentext\">\n<div class=\"field-content\">YAccMNlDLHyEslWXkMWbv<\/div>\n<\/div>\n<\/li>\n<li class=\"views-row views-row-1 views-row-odd views-row-first\">\n<div class=\"views-field views-field-field-jobbezeichnung\">\n<span class=\"views-label views-label-field-jobbezeichnung\"><br \/>\nDatum: <\/span><br \/>\n<span class=\"field-content\">20.10.2024<\/span><\/div>\n<div class=\"views-field views-field-field-jobbezeichnung\">\n<span class=\"views-label views-label-field-jobbezeichnung\"><br \/>\nJobbezeichnung: <\/span><br \/>\n<span class=\"field-content\">Yachtcharter-Agent im Homeoffice, Beginn 2025<\/span><\/div>\n<div class=\"views-field views-field-field-qualifikation\">\n<span class=\"views-label views-label-field-qualifikation\"><br \/>\nQualifikation: <\/span><br \/>\n<span class=\"field-content\">langj\u00e4hriger Skipper, umfangreiche Revierkenntnis, kaufm\u00e4nnische Ausbildung, mehrsprachig<\/span><\/div>\n<div class=\"views-field views-field-field-jobbezeichnung\">\n<span class=\"views-label views-label-field-jobbezeichnung\"><br \/>\nName: <\/span><br \/>\n<span class=\"field-content\">Rafael<\/span><\/div>\n<div class=\"views-field views-field-field-e-mail-adresse\">\n<span class=\"views-label views-label-field-e-mail-adresse\"><br \/>\nE-Mail-Adresse: <\/span><br \/>\n<span class=\"field-content\"><a href=\"&#109;&#97;&#105;&#108;&#116;&#111;&#58;&#89;&#97;&#99;&#104;&#116;&#99;&#104;&#97;&#114;&#116;&#101;&#114;&#64;&#111;&#102;&#102;&#105;&#99;&#101;&#45;&#100;&#97;&#116;&#101;&#105;&#101;&#110;&#46;&#100;&#101;\">&#89;&#97;&#99;&#104;&#116;&#99;&#104;&#97;&#114;&#116;&#101;&#114;&#64;&#111;&#102;&#102;&#105;&#99;&#101;&#45;&#100;&#97;&#116;&#101;&#105;&#101;&#110;&#46;&#100;&#101;<\/a><\/span><\/div>\n<div class=\"views-field views-field-field-anzeigentext\">\n<div class=\"field-content\">Ich suche ab 2025 eine neue Herausforderung im Yachtcharter-Bereich im Homeoffice, oder station\u00e4r im Gro\u00dfraum D\u00fcsseldorf\/K\u00f6ln\/Niederrhein.<br \/>\nIch bin seit 15 Jahren voll- und freiberuflicher Wassersportler (privat und gewerblich; Segler und Motorboot), Kaufmann, mehrsprachig (Muttersprache Deutsch, flie\u00dfend Englisch, Grundkenntnisse Spanisch, ein wenig Niederl\u00e4ndisch und Franz\u00f6sich), mehrj\u00e4hrige Messeerfahrung, Kommunikationsstark, Verkaufserfahren B2C und B2B, Abschlusssicher.<br \/>\nEs kommen verschiedene Optionen der Zusammenarbeit in Frage; Teilzeit, ggf. Vollzeit. Ich bin zeitlich sehr flexibel und reisebereit (Messen, Kundentermine vor Ort, Stationenbesuche etc).<br \/>\nN\u00e4heres gern per Mail.<\/p>\n<p>\n<\/div>\n<\/div>\n<\/li>\n<li class=\"views-row views-row-1 views-row-odd views-row-first\">\n<div class=\"views-field views-field-field-jobbezeichnung\">\n<span class=\"views-label views-label-field-jobbezeichnung\"><br \/>\nDatum: <\/span><br \/>\n<span class=\"field-content\">09.10.2024<\/span><\/div>\n<div class=\"views-field views-field-field-jobbezeichnung\">\n<span class=\"views-label views-label-field-jobbezeichnung\"><br \/>\nJobbezeichnung: <\/span><br \/>\n<span class=\"field-content\">St\u00fctzpunktleiter Marina Gro\u00dfenbrode<\/span><\/div>\n<div class=\"views-field views-field-field-qualifikation\">\n<span class=\"views-label views-label-field-qualifikation\"><br \/>\nQualifikation: <\/span><br \/>\n<span class=\"field-content\">nicht spezifisch<\/span><\/div>\n<div class=\"views-field views-field-field-jobbezeichnung\">\n<span class=\"views-label views-label-field-jobbezeichnung\"><br \/>\nName: <\/span><br \/>\n<span class=\"field-content\">Niessen<\/span><\/div>\n<div class=\"views-field views-field-field-e-mail-adresse\">\n<span class=\"views-label views-label-field-e-mail-adresse\"><br \/>\nE-Mail-Adresse: <\/span><br \/>\n<span class=\"field-content\"><a href=\"&#109;&#97;&#105;&#108;&#116;&#111;&#58;&#105;&#110;&#102;&#111;&#64;&#109;&#111;&#108;&#97;&#46;&#100;&#101;\">&#105;&#110;&#102;&#111;&#64;&#109;&#111;&#108;&#97;&#46;&#100;&#101;<\/a><\/span><\/div>\n<div class=\"views-field views-field-field-anzeigentext\">\n<div class=\"field-content\">Wir suchen einen St\u00fctzpunktleiter f\u00fcr die Marina Gro\u00dfenbrode. Vollzeit.<\/div>\n<\/div>\n<\/li>\n<li class=\"views-row views-row-1 views-row-odd views-row-first\">\n<div class=\"views-field views-field-field-jobbezeichnung\">\n<span class=\"views-label views-label-field-jobbezeichnung\"><br \/>\nDatum: <\/span><br \/>\n<span class=\"field-content\">21.05.2024<\/span><\/div>\n<div class=\"views-field views-field-field-jobbezeichnung\">\n<span class=\"views-label views-label-field-jobbezeichnung\"><br \/>\nJobbezeichnung: <\/span><br \/>\n<span class=\"field-content\">wassersportausbilder<\/span><\/div>\n<div class=\"views-field views-field-field-qualifikation\">\n<span class=\"views-label views-label-field-qualifikation\"><br \/>\nQualifikation: <\/span><br \/>\n<span class=\"field-content\">vds ausbildungslizenz  segeln  surfen  Catamaran  weltweit  da  amtlichen  schein  f\u00fcr  binnen  und see  und  f\u00fcr  signalpistole ,  heute  in der  eu  wichtig<\/span><\/div>\n<div class=\"views-field views-field-field-jobbezeichnung\">\n<span class=\"views-label views-label-field-jobbezeichnung\"><br \/>\nName: <\/span><br \/>\n<span class=\"field-content\">tom  hauke<\/span><\/div>\n<div class=\"views-field views-field-field-e-mail-adresse\">\n<span class=\"views-label views-label-field-e-mail-adresse\"><br \/>\nE-Mail-Adresse: <\/span><br \/>\n<span class=\"field-content\"><a href=\"&#109;&#97;&#105;&#108;&#116;&#111;&#58;&#116;&#111;&#109;&#45;&#104;&#97;&#117;&#107;&#101;&#64;&#102;&#114;&#101;&#101;&#110;&#101;&#116;&#46;&#100;&#101;\">&#116;&#111;&#109;&#45;&#104;&#97;&#117;&#107;&#101;&#64;&#102;&#114;&#101;&#101;&#110;&#101;&#116;&#46;&#100;&#101;<\/a><\/span><\/div>\n<div class=\"views-field views-field-field-anzeigentext\">\n<div class=\"field-content\">bin  in  die  jahre gekommen  ,   bin  heute  schon 58 ,  mein rettungsschwimmer in  silber  ist  auch  schon  30 jahre  alt . habe  fr\u00fcher  bevor  griechenland  pleite gegangen  ist  eine  surf und  segelschule  geleitet  und  vds-scheine  f\u00fcr  surfen  segeln  und catamaran  augebildet  und  erteilt .<\/div>\n<\/div>\n<\/li>\n<li class=\"views-row views-row-1 views-row-odd views-row-first\">\n<div class=\"views-field views-field-field-jobbezeichnung\">\n<span class=\"views-label views-label-field-jobbezeichnung\"><br \/>\nDatum: <\/span><br \/>\n<span class=\"field-content\">04.01.2024<\/span><\/div>\n<div class=\"views-field views-field-field-jobbezeichnung\">\n<span class=\"views-label views-label-field-jobbezeichnung\"><br \/>\nJobbezeichnung: <\/span><br \/>\n<span class=\"field-content\">Skipper, Ausbilder<\/span><\/div>\n<div class=\"views-field views-field-field-qualifikation\">\n<span class=\"views-label views-label-field-qualifikation\"><br \/>\nQualifikation: <\/span><br \/>\n<span class=\"field-content\">SSS, LRC, FKN, ISAF Safety<\/span><\/div>\n<div class=\"views-field views-field-field-jobbezeichnung\">\n<span class=\"views-label views-label-field-jobbezeichnung\"><br \/>\nName: <\/span><br \/>\n<span class=\"field-content\">Georg Schenke<\/span><\/div>\n<div class=\"views-field views-field-field-e-mail-adresse\">\n<span class=\"views-label views-label-field-e-mail-adresse\"><br \/>\nE-Mail-Adresse: <\/span><br \/>\n<span class=\"field-content\"><a href=\"&#109;&#97;&#105;&#108;&#116;&#111;&#58;&#109;&#111;&#105;&#110;&#64;&#103;&#101;&#111;&#114;&#103;&#45;&#115;&#99;&#104;&#101;&#110;&#107;&#101;&#46;&#100;&#101;\">&#109;&#111;&#105;&#110;&#64;&#103;&#101;&#111;&#114;&#103;&#45;&#115;&#99;&#104;&#101;&#110;&#107;&#101;&#46;&#100;&#101;<\/a><\/span><\/div>\n<div class=\"views-field views-field-field-anzeigentext\">\n<div class=\"field-content\">Moin, <br \/>\nIch bin ein junger (36) selbst\u00e4ndiger Segellehrer und Skipper, mit 30 Jahren Segelerfahrung und 10 Jahre Erfahrung als Ausbilder SBF Binnen und See, 3 Jahre Erfahrung SKS Ausbildung. Bisher 12.000sm, Ostsee, Mittelmeer, Atlantik (inkl. Transatlantik), aktuell bereite ich mich auf SHS und Yachtmaster offshore vor. <br \/>\nSuche M\u00f6glichkeiten zur Weiterentwicklung und biete Trainings, Ausbildung in Theorie und Praxis und f\u00fcr \u00dcberf\u00fchrungen an.<\/p>\n<p>Fair Winds,<br \/>\nGeorg <\/div>\n<\/div>\n<\/li>\n<li class=\"views-row views-row-1 views-row-odd views-row-first\">\n<div class=\"views-field views-field-field-jobbezeichnung\">\n<span class=\"views-label views-label-field-jobbezeichnung\"><br \/>\nDatum: <\/span><br \/>\n<span class=\"field-content\">06.12.2023<\/span><\/div>\n<div class=\"views-field views-field-field-jobbezeichnung\">\n<span class=\"views-label views-label-field-jobbezeichnung\"><br \/>\nJobbezeichnung: <\/span><br \/>\n<span class=\"field-content\">Skipper \/ Ausbilder - Mallorca \/ Kanaren<\/span><\/div>\n<div class=\"views-field views-field-field-qualifikation\">\n<span class=\"views-label views-label-field-qualifikation\"><br \/>\nQualifikation: <\/span><br \/>\n<span class=\"field-content\">SSS, SKS, SBF-See, SBF-Binnen, SRC. Spanisch, Deutsch, Englisch<\/span><\/div>\n<div class=\"views-field views-field-field-jobbezeichnung\">\n<span class=\"views-label views-label-field-jobbezeichnung\"><br \/>\nName: <\/span><br \/>\n<span class=\"field-content\">Janos Kovats<\/span><\/div>\n<div class=\"views-field views-field-field-e-mail-adresse\">\n<span class=\"views-label views-label-field-e-mail-adresse\"><br \/>\nE-Mail-Adresse: <\/span><br \/>\n<span class=\"field-content\"><a href=\"&#109;&#97;&#105;&#108;&#116;&#111;&#58;&#106;&#97;&#110;&#111;&#115;&#46;&#107;&#111;&#118;&#97;&#116;&#115;&#64;&#103;&#109;&#97;&#105;&#108;&#46;&#99;&#111;&#109;\">&#106;&#97;&#110;&#111;&#115;&#46;&#107;&#111;&#118;&#97;&#116;&#115;&#64;&#103;&#109;&#97;&#105;&#108;&#46;&#99;&#111;&#109;<\/a><\/span><\/div>\n<div class=\"views-field views-field-field-anzeigentext\">\n<div class=\"field-content\">Mehr als 10 Jahre Erfahrung, bisher haupts\u00e4chlich privat. Gerne Teilzeit oder freiberuflich.<\/div>\n<\/div>\n<\/li>\n<\/ul>\n<\/div>\n<\/div>\n<\/div>\n<\/div>\n<\/div>\n<p><\/p>\n<\/div><\/section>\n","protected":false},"excerpt":{"rendered":"","protected":false},"author":1,"featured_media":0,"parent":68,"menu_order":4,"comment_status":"closed","ping_status":"closed","template":"","meta":{"footnotes":""},"class_list":["post-71","page","type-page","status-publish","hentry"],"yoast_head":"<!-- This site is optimized with the Yoast SEO plugin v27.3 - https:\/\/yoast.com\/product\/yoast-seo-wordpress\/ -->\n<title>Jobb\u00f6rse - Stellengesuche - Verband Deutscher Sportbootschulen<\/title>\n<meta name=\"robots\" content=\"index, follow, max-snippet:-1, max-image-preview:large, max-video-preview:-1\" \/>\n<meta property=\"og:locale\" content=\"de_DE\" \/>\n<meta property=\"og:type\" content=\"article\" \/>\n<meta property=\"og:title\" content=\"Jobb\u00f6rse - Stellengesuche - Verband Deutscher Sportbootschulen\" \/>\n<meta property=\"og:url\" content=\"https:\/\/www.2link.de\/vds\/sportbootlehrer\/jobborse-gesuche\/\" \/>\n<meta property=\"og:site_name\" content=\"Verband Deutscher Sportbootschulen\" \/>\n<meta property=\"article:modified_time\" content=\"2022-12-29T10:00:43+00:00\" \/>\n<meta name=\"twitter:card\" content=\"summary_large_image\" \/>\n<meta name=\"twitter:label1\" content=\"Gesch\u00e4tzte Lesezeit\" \/>\n\t<meta name=\"twitter:data1\" content=\"1\u00a0Minute\" \/>\n<script type=\"application\/ld+json\" class=\"yoast-schema-graph\">{\"@context\":\"https:\\\/\\\/schema.org\",\"@graph\":[{\"@type\":\"WebPage\",\"@id\":\"https:\\\/\\\/www.2link.de\\\/vds\\\/sportbootlehrer\\\/jobborse-gesuche\\\/\",\"url\":\"https:\\\/\\\/www.2link.de\\\/vds\\\/sportbootlehrer\\\/jobborse-gesuche\\\/\",\"name\":\"Jobb\u00f6rse - Stellengesuche - Verband Deutscher Sportbootschulen\",\"isPartOf\":{\"@id\":\"https:\\\/\\\/www.2link.de\\\/vds\\\/#website\"},\"datePublished\":\"2015-11-30T14:59:04+00:00\",\"dateModified\":\"2022-12-29T10:00:43+00:00\",\"breadcrumb\":{\"@id\":\"https:\\\/\\\/www.2link.de\\\/vds\\\/sportbootlehrer\\\/jobborse-gesuche\\\/#breadcrumb\"},\"inLanguage\":\"de\",\"potentialAction\":[{\"@type\":\"ReadAction\",\"target\":[\"https:\\\/\\\/www.2link.de\\\/vds\\\/sportbootlehrer\\\/jobborse-gesuche\\\/\"]}]},{\"@type\":\"BreadcrumbList\",\"@id\":\"https:\\\/\\\/www.2link.de\\\/vds\\\/sportbootlehrer\\\/jobborse-gesuche\\\/#breadcrumb\",\"itemListElement\":[{\"@type\":\"ListItem\",\"position\":1,\"name\":\"Startseite\",\"item\":\"https:\\\/\\\/www.2link.de\\\/vds\\\/\"},{\"@type\":\"ListItem\",\"position\":2,\"name\":\"Sportbootlehrer\",\"item\":\"https:\\\/\\\/www.2link.de\\\/vds\\\/sportbootlehrer\\\/\"},{\"@type\":\"ListItem\",\"position\":3,\"name\":\"Jobb\u00f6rse &#8211; Stellengesuche\"}]},{\"@type\":\"WebSite\",\"@id\":\"https:\\\/\\\/www.2link.de\\\/vds\\\/#website\",\"url\":\"https:\\\/\\\/www.2link.de\\\/vds\\\/\",\"name\":\"Verband Deutscher Sportbootschulen\",\"description\":\"\",\"potentialAction\":[{\"@type\":\"SearchAction\",\"target\":{\"@type\":\"EntryPoint\",\"urlTemplate\":\"https:\\\/\\\/www.2link.de\\\/vds\\\/?s={search_term_string}\"},\"query-input\":{\"@type\":\"PropertyValueSpecification\",\"valueRequired\":true,\"valueName\":\"search_term_string\"}}],\"inLanguage\":\"de\"}]}<\/script>\n<!-- \/ Yoast SEO plugin. -->","yoast_head_json":{"title":"Jobb\u00f6rse - Stellengesuche - Verband Deutscher Sportbootschulen","robots":{"index":"index","follow":"follow","max-snippet":"max-snippet:-1","max-image-preview":"max-image-preview:large","max-video-preview":"max-video-preview:-1"},"og_locale":"de_DE","og_type":"article","og_title":"Jobb\u00f6rse - Stellengesuche - Verband Deutscher Sportbootschulen","og_url":"https:\/\/www.2link.de\/vds\/sportbootlehrer\/jobborse-gesuche\/","og_site_name":"Verband Deutscher Sportbootschulen","article_modified_time":"2022-12-29T10:00:43+00:00","twitter_card":"summary_large_image","twitter_misc":{"Gesch\u00e4tzte Lesezeit":"1\u00a0Minute"},"schema":{"@context":"https:\/\/schema.org","@graph":[{"@type":"WebPage","@id":"https:\/\/www.2link.de\/vds\/sportbootlehrer\/jobborse-gesuche\/","url":"https:\/\/www.2link.de\/vds\/sportbootlehrer\/jobborse-gesuche\/","name":"Jobb\u00f6rse - Stellengesuche - Verband Deutscher Sportbootschulen","isPartOf":{"@id":"https:\/\/www.2link.de\/vds\/#website"},"datePublished":"2015-11-30T14:59:04+00:00","dateModified":"2022-12-29T10:00:43+00:00","breadcrumb":{"@id":"https:\/\/www.2link.de\/vds\/sportbootlehrer\/jobborse-gesuche\/#breadcrumb"},"inLanguage":"de","potentialAction":[{"@type":"ReadAction","target":["https:\/\/www.2link.de\/vds\/sportbootlehrer\/jobborse-gesuche\/"]}]},{"@type":"BreadcrumbList","@id":"https:\/\/www.2link.de\/vds\/sportbootlehrer\/jobborse-gesuche\/#breadcrumb","itemListElement":[{"@type":"ListItem","position":1,"name":"Startseite","item":"https:\/\/www.2link.de\/vds\/"},{"@type":"ListItem","position":2,"name":"Sportbootlehrer","item":"https:\/\/www.2link.de\/vds\/sportbootlehrer\/"},{"@type":"ListItem","position":3,"name":"Jobb\u00f6rse &#8211; Stellengesuche"}]},{"@type":"WebSite","@id":"https:\/\/www.2link.de\/vds\/#website","url":"https:\/\/www.2link.de\/vds\/","name":"Verband Deutscher Sportbootschulen","description":"","potentialAction":[{"@type":"SearchAction","target":{"@type":"EntryPoint","urlTemplate":"https:\/\/www.2link.de\/vds\/?s={search_term_string}"},"query-input":{"@type":"PropertyValueSpecification","valueRequired":true,"valueName":"search_term_string"}}],"inLanguage":"de"}]}},"_links":{"self":[{"href":"https:\/\/www.2link.de\/vds\/wp-json\/wp\/v2\/pages\/71","targetHints":{"allow":["GET"]}}],"collection":[{"href":"https:\/\/www.2link.de\/vds\/wp-json\/wp\/v2\/pages"}],"about":[{"href":"https:\/\/www.2link.de\/vds\/wp-json\/wp\/v2\/types\/page"}],"author":[{"embeddable":true,"href":"https:\/\/www.2link.de\/vds\/wp-json\/wp\/v2\/users\/1"}],"replies":[{"embeddable":true,"href":"https:\/\/www.2link.de\/vds\/wp-json\/wp\/v2\/comments?post=71"}],"version-history":[{"count":13,"href":"https:\/\/www.2link.de\/vds\/wp-json\/wp\/v2\/pages\/71\/revisions"}],"predecessor-version":[{"id":1564,"href":"https:\/\/www.2link.de\/vds\/wp-json\/wp\/v2\/pages\/71\/revisions\/1564"}],"up":[{"embeddable":true,"href":"https:\/\/www.2link.de\/vds\/wp-json\/wp\/v2\/pages\/68"}],"wp:attachment":[{"href":"https:\/\/www.2link.de\/vds\/wp-json\/wp\/v2\/media?parent=71"}],"curies":[{"name":"wp","href":"https:\/\/api.w.org\/{rel}","templated":true}]}}