{"id":73,"date":"2021-10-18T13:00:05","date_gmt":"2021-10-18T11:00:05","guid":{"rendered":"http:\/\/www.2link.de\/vds\/sportbootlehrer\/motorbootlehrer\/"},"modified":"2023-01-20T15:48:43","modified_gmt":"2023-01-20T14:48:43","slug":"motorbootlehrer","status":"publish","type":"page","link":"https:\/\/www.2link.de\/vds\/sportbootlehrer\/motorbootlehrer\/","title":{"rendered":"Motorbootlehrer"},"content":{"rendered":"\n<style type=\"text\/css\" data-created_by=\"avia_inline_auto\" id=\"style-css-av-lcxjjdzg-26937f88b7199e1b403a9459729eed52\">\n.avia-section.av-lcxjjdzg-26937f88b7199e1b403a9459729eed52 .av-parallax .av-parallax-inner{\nbackground-repeat:no-repeat;\nbackground-image:url(https:\/\/www.2link.de\/vds\/wp-content\/uploads\/motorboot_lehrerausbildung_header-1030x687.jpg);\nbackground-position:50% 50%;\nbackground-attachment:scroll;\n}\n<\/style>\n<div id='av_section_1'  class='avia-section av-lcxjjdzg-26937f88b7199e1b403a9459729eed52 main_color avia-section-default avia-no-border-styling  avia-builder-el-0  el_before_av_textblock  avia-builder-el-first  avia-full-stretch av-parallax-section avia-bg-style-parallax av-minimum-height av-minimum-height-75  container_wrap fullsize'  data-section-bg-repeat='stretch' data-av_minimum_height_pc='75'><div class='av-parallax' data-avia-parallax-ratio='0.3' ><div class='av-parallax-inner main_color avia-full-stretch'><\/div><\/div><div class='container av-section-cont-open' ><main  role=\"main\" itemprop=\"mainContentOfPage\"  class='template-page content  av-content-full alpha units'><div class='post-entry post-entry-type-page post-entry-73'><div class='entry-content-wrapper clearfix'>\n\n<style type=\"text\/css\" data-created_by=\"avia_inline_auto\" id=\"style-css-av-lc8x02n0-54b8eb3be9795dc80dc46e8c0efa691a\">\n#top .av-special-heading.av-lc8x02n0-54b8eb3be9795dc80dc46e8c0efa691a{\npadding-bottom:10px;\ncolor:#ffffff;\n}\nbody .av-special-heading.av-lc8x02n0-54b8eb3be9795dc80dc46e8c0efa691a .av-special-heading-tag .heading-char{\nfont-size:25px;\n}\n.av-special-heading.av-lc8x02n0-54b8eb3be9795dc80dc46e8c0efa691a .special-heading-inner-border{\nborder-color:#ffffff;\n}\n.av-special-heading.av-lc8x02n0-54b8eb3be9795dc80dc46e8c0efa691a .av-subheading{\nfont-size:15px;\n}\n<\/style>\n<div  class='av-special-heading av-lc8x02n0-54b8eb3be9795dc80dc46e8c0efa691a av-special-heading-h1 custom-color-heading blockquote modern-quote  avia-builder-el-1  avia-builder-el-no-sibling '><h1 class='av-special-heading-tag'  itemprop=\"headline\"  >Motorbootlehrer<\/h1><div class=\"special-heading-border\"><div class=\"special-heading-inner-border\"><\/div><\/div><\/div>\n<\/div><\/div><\/main><!-- close content main element --><\/div><\/div><div id='after_section_1'  class='main_color av_default_container_wrap container_wrap fullsize'  ><div class='container av-section-cont-open' ><div class='template-page content  av-content-full alpha units'><div class='post-entry post-entry-type-page post-entry-73'><div class='entry-content-wrapper clearfix'>\n<section  class='av_textblock_section av-r425-b42547014ff5dc50f92fc346e760bfb1'  itemscope=\"itemscope\" itemtype=\"https:\/\/schema.org\/CreativeWork\" ><div class='avia_textblock'  itemprop=\"text\" ><h4><strong>Ausbildung zum Motorbootlehrer<\/strong><\/h4>\n<p>Der Beruf des Motorbootlehrers ist in Deutschland nicht gesch\u00fctzt.<br \/>\nUm dennoch in den gewerblichen Sportbootschulen eine hohe Ausbildungsqualit\u00e4t f\u00fcr zuk\u00fcnftige Wassersportler garantieren zu k\u00f6nnen, h\u00e4lt der Verband Deutscher Sportbootschulen e.V. ein berufsqualifizierndes Ausbildungs- und Pr\u00fcfungssystem zum Erwerb einer Motorbootlehrerlizenz vor. Der Motorbootlehrer, der nach diesem \u00fcberarbeiteten Modulsystem ausgebildet wird, ist optimal auf die verschiedenen Einsatzbereiche der Ausbildung in den gewerblichen Schulen vorbereitet.<\/p>\n<p><strong>Die Ausbildung findet in einem Wochenseminar statt, in dem folgende Themen bearbeitet werden:<\/strong><\/p>\n<p>Allgemeine Methodik und Didaktik das Wassersports<br \/>\nLehren und Lernen im Wassersport<br \/>\nVorbereitung zur Erstellung einer Lehrprobe<br \/>\nLehrproben\u00fcbungen mit erg\u00e4nzendem Unterricht.<br \/>\nF\u00e4cher: Schifffahrtsrecht, Seemannschaft, Wetterkunde,<br \/>\nMotorenkunde,Terrestrische- und elektronische Navigationsverfahren,<br \/>\nRadarnavigation, \u00dcbungen \u2013 Praxislehrproben<\/p>\n<p>Pr\u00fcfung: schriftliche Pr\u00fcfung, Fragebogen<br \/>\nUnterrichtslehrprobe des vorbereiteten Themas<br \/>\nPraxislehrprobe<\/p>\n<\/div><\/section>\n<\/div><\/div><\/div><!-- close content main div --><\/div><\/div>\n<style type=\"text\/css\" data-created_by=\"avia_inline_auto\" id=\"style-css-av-lcxiftzk-c8060ed11da54dbcc6726774f87aab82\">\n.avia-section.av-lcxiftzk-c8060ed11da54dbcc6726774f87aab82{\nposition:relative;\n}\n.avia-section.av-lcxiftzk-c8060ed11da54dbcc6726774f87aab82 .avia-divider-svg-top svg{\nheight:20px;\nwidth:calc(100% + 1.3px);\nfill:#ffffff;\n}\n.avia-section.av-lcxiftzk-c8060ed11da54dbcc6726774f87aab82 .avia-divider-svg-bottom svg{\nheight:20px;\nwidth:calc(100% + 1.3px);\nfill:#0069b3;\n}\n<\/style>\n<div id='av_section_2'  class='avia-section av-lcxiftzk-c8060ed11da54dbcc6726774f87aab82 alternate_color avia-section-default avia-no-border-styling  avia-builder-el-3  el_after_av_textblock  avia-builder-el-last  avia-bg-style-scroll container_wrap fullsize'  ><div class='avia-divider-svg avia-divider-svg-arrow avia-divider-svg-top avia-svg-original'><svg xmlns=\"http:\/\/www.w3.org\/2000\/svg\" viewBox=\"0 0 700 10\" preserveAspectRatio=\"none\">\n\t<path d=\"M350,10L340,0h20L350,10z\"\/>\n<\/svg><\/div><div class='avia-divider-svg avia-divider-svg-arrow avia-divider-svg-bottom avia-svg-original'><svg xmlns=\"http:\/\/www.w3.org\/2000\/svg\" viewBox=\"0 0 700 10\" preserveAspectRatio=\"none\">\n\t<path d=\"M350,10L340,0h20L350,10z\"\/>\n<\/svg><\/div><div class='container av-section-cont-open' ><div class='template-page content  av-content-full alpha units'><div class='post-entry post-entry-type-page post-entry-73'><div class='entry-content-wrapper clearfix'>\n<section  class='av_textblock_section av-lcxif861-7601ff9afbc890420f8fb61ef8961da4'  itemscope=\"itemscope\" itemtype=\"https:\/\/schema.org\/CreativeWork\" ><div class='avia_textblock'  itemprop=\"text\" ><p>Teilnahmevoraussetzungen:<\/p>\n<ul>\n<li>Mindestalter: 18 Jahre<\/li>\n<li>Sportbootf\u00fchrerschein Binnen und See<\/li>\n<li>Erfahrungen im Motorboot fahren<\/li>\n<li>Erste-Hilfe-Nachweis<\/li>\n<\/ul>\n<p>Voraussichtlicher Ablauf eines Wochenlehrgangs: (\u00c4nderungen vorbehalten)<\/p>\n<ul>\n<li>Samstag: 13.00 h Anreise, Begru\u0308\u00dfung, Bootseinweisung<\/li>\n<li>Psychologie an Bord und im Unterricht<\/li>\n<li>Sonntag: Methodik und Didaktik: Anlernen und Anweisen der Schu\u0308ler im<\/li>\n<li>Urlaubsmodus und im Pru\u0308fungsmodus, Vorbereiten einer theoretischen<\/li>\n<li>Unterrichtseinheit<\/li>\n<li>Montag: Seemannschaft: Man\u00f6ver unter Motor, An- und Ablegen l\u00e4ngsseits,<\/li>\n<li>ru\u0308ckw\u00e4rts in die Box, Leinenarbeit, An- und Ablegen mit Laien, bzw.<\/li>\n<li>ohne deren Hilfe, Ankerman\u00f6ver<\/li>\n<li>Dienstag: Rechtliche Grundlagen: Verantwortlichkeit aus rechtlicher und<\/li>\n<li>seem\u00e4nnischer Sicht, KVR, SeeSchStrO, See-Sportbootverordnung<\/li>\n<li>Mittwoch: Rettungsu\u0308bung, Rettungsmittel, pers\u00f6nliche Schutzausru\u0308stung,<\/li>\n<li>Notausru\u0308stung in Rettungsinseln, Besteigen einer Rettungsinsel aus<\/li>\n<li>dem Wasser, Bergung u\u0308ber Bord gegangener Personen<\/li>\n<li>Donnerstag: Wetterkunde: Empfangsm\u00f6glichkeiten von Wetterberichten,<\/li>\n<li>Beurteilung der aktuellen Wetterlage<\/li>\n<li>Motoren- und Yachttechnik,<\/li>\n<li>Lehru\u0308bungen: Teilnehmer referieren theoretische Themen<\/li>\n<li>Freitag: Seemannschaft: verschiedene Rettungsman\u00f6ver unter Motor, Seekarten,<\/li>\n<li>naut. Literatur, elektronische Navigation und Radar<\/li>\n<li>Samstag: Pru\u0308fung und Abreise<\/li>\n<\/ul>\n<\/div><\/section>\n\n","protected":false},"excerpt":{"rendered":"","protected":false},"author":1,"featured_media":280,"parent":68,"menu_order":6,"comment_status":"closed","ping_status":"closed","template":"","meta":{"footnotes":""},"class_list":["post-73","page","type-page","status-publish","has-post-thumbnail","hentry"],"yoast_head":"<!-- This site is optimized with the Yoast SEO plugin v27.2 - https:\/\/yoast.com\/product\/yoast-seo-wordpress\/ -->\n<title>Motorbootlehrer - Verband Deutscher Sportbootschulen<\/title>\n<meta name=\"robots\" content=\"index, follow, max-snippet:-1, max-image-preview:large, max-video-preview:-1\" \/>\n<meta property=\"og:locale\" content=\"de_DE\" \/>\n<meta property=\"og:type\" content=\"article\" \/>\n<meta property=\"og:title\" content=\"Motorbootlehrer - Verband Deutscher Sportbootschulen\" \/>\n<meta property=\"og:url\" content=\"https:\/\/www.2link.de\/vds\/sportbootlehrer\/motorbootlehrer\/\" \/>\n<meta property=\"og:site_name\" content=\"Verband Deutscher Sportbootschulen\" \/>\n<meta property=\"article:modified_time\" content=\"2023-01-20T14:48:43+00:00\" \/>\n<meta property=\"og:image\" content=\"https:\/\/www.2link.de\/vds\/wp-content\/uploads\/motorboot.png\" \/>\n\t<meta property=\"og:image:width\" content=\"1024\" \/>\n\t<meta property=\"og:image:height\" content=\"341\" \/>\n\t<meta property=\"og:image:type\" content=\"image\/png\" \/>\n<meta name=\"twitter:card\" content=\"summary_large_image\" \/>\n<meta name=\"twitter:label1\" content=\"Gesch\u00e4tzte Lesezeit\" \/>\n\t<meta name=\"twitter:data1\" content=\"3\u00a0Minuten\" \/>\n<script type=\"application\/ld+json\" class=\"yoast-schema-graph\">{\"@context\":\"https:\/\/schema.org\",\"@graph\":[{\"@type\":\"WebPage\",\"@id\":\"https:\/\/www.2link.de\/vds\/sportbootlehrer\/motorbootlehrer\/\",\"url\":\"https:\/\/www.2link.de\/vds\/sportbootlehrer\/motorbootlehrer\/\",\"name\":\"Motorbootlehrer - Verband Deutscher Sportbootschulen\",\"isPartOf\":{\"@id\":\"https:\/\/www.2link.de\/vds\/#website\"},\"primaryImageOfPage\":{\"@id\":\"https:\/\/www.2link.de\/vds\/sportbootlehrer\/motorbootlehrer\/#primaryimage\"},\"image\":{\"@id\":\"https:\/\/www.2link.de\/vds\/sportbootlehrer\/motorbootlehrer\/#primaryimage\"},\"thumbnailUrl\":\"https:\/\/www.2link.de\/vds\/wp-content\/uploads\/motorboot.png\",\"datePublished\":\"2021-10-18T11:00:05+00:00\",\"dateModified\":\"2023-01-20T14:48:43+00:00\",\"breadcrumb\":{\"@id\":\"https:\/\/www.2link.de\/vds\/sportbootlehrer\/motorbootlehrer\/#breadcrumb\"},\"inLanguage\":\"de\",\"potentialAction\":[{\"@type\":\"ReadAction\",\"target\":[\"https:\/\/www.2link.de\/vds\/sportbootlehrer\/motorbootlehrer\/\"]}]},{\"@type\":\"ImageObject\",\"inLanguage\":\"de\",\"@id\":\"https:\/\/www.2link.de\/vds\/sportbootlehrer\/motorbootlehrer\/#primaryimage\",\"url\":\"https:\/\/www.2link.de\/vds\/wp-content\/uploads\/motorboot.png\",\"contentUrl\":\"https:\/\/www.2link.de\/vds\/wp-content\/uploads\/motorboot.png\",\"width\":1024,\"height\":341},{\"@type\":\"BreadcrumbList\",\"@id\":\"https:\/\/www.2link.de\/vds\/sportbootlehrer\/motorbootlehrer\/#breadcrumb\",\"itemListElement\":[{\"@type\":\"ListItem\",\"position\":1,\"name\":\"Startseite\",\"item\":\"https:\/\/www.2link.de\/vds\/\"},{\"@type\":\"ListItem\",\"position\":2,\"name\":\"Sportbootlehrer\",\"item\":\"https:\/\/www.2link.de\/vds\/sportbootlehrer\/\"},{\"@type\":\"ListItem\",\"position\":3,\"name\":\"Motorbootlehrer\"}]},{\"@type\":\"WebSite\",\"@id\":\"https:\/\/www.2link.de\/vds\/#website\",\"url\":\"https:\/\/www.2link.de\/vds\/\",\"name\":\"Verband Deutscher Sportbootschulen\",\"description\":\"\",\"potentialAction\":[{\"@type\":\"SearchAction\",\"target\":{\"@type\":\"EntryPoint\",\"urlTemplate\":\"https:\/\/www.2link.de\/vds\/?s={search_term_string}\"},\"query-input\":{\"@type\":\"PropertyValueSpecification\",\"valueRequired\":true,\"valueName\":\"search_term_string\"}}],\"inLanguage\":\"de\"}]}<\/script>\n<!-- \/ Yoast SEO plugin. -->","yoast_head_json":{"title":"Motorbootlehrer - Verband Deutscher Sportbootschulen","robots":{"index":"index","follow":"follow","max-snippet":"max-snippet:-1","max-image-preview":"max-image-preview:large","max-video-preview":"max-video-preview:-1"},"og_locale":"de_DE","og_type":"article","og_title":"Motorbootlehrer - Verband Deutscher Sportbootschulen","og_url":"https:\/\/www.2link.de\/vds\/sportbootlehrer\/motorbootlehrer\/","og_site_name":"Verband Deutscher Sportbootschulen","article_modified_time":"2023-01-20T14:48:43+00:00","og_image":[{"width":1024,"height":341,"url":"https:\/\/www.2link.de\/vds\/wp-content\/uploads\/motorboot.png","type":"image\/png"}],"twitter_card":"summary_large_image","twitter_misc":{"Gesch\u00e4tzte Lesezeit":"3\u00a0Minuten"},"schema":{"@context":"https:\/\/schema.org","@graph":[{"@type":"WebPage","@id":"https:\/\/www.2link.de\/vds\/sportbootlehrer\/motorbootlehrer\/","url":"https:\/\/www.2link.de\/vds\/sportbootlehrer\/motorbootlehrer\/","name":"Motorbootlehrer - Verband Deutscher Sportbootschulen","isPartOf":{"@id":"https:\/\/www.2link.de\/vds\/#website"},"primaryImageOfPage":{"@id":"https:\/\/www.2link.de\/vds\/sportbootlehrer\/motorbootlehrer\/#primaryimage"},"image":{"@id":"https:\/\/www.2link.de\/vds\/sportbootlehrer\/motorbootlehrer\/#primaryimage"},"thumbnailUrl":"https:\/\/www.2link.de\/vds\/wp-content\/uploads\/motorboot.png","datePublished":"2021-10-18T11:00:05+00:00","dateModified":"2023-01-20T14:48:43+00:00","breadcrumb":{"@id":"https:\/\/www.2link.de\/vds\/sportbootlehrer\/motorbootlehrer\/#breadcrumb"},"inLanguage":"de","potentialAction":[{"@type":"ReadAction","target":["https:\/\/www.2link.de\/vds\/sportbootlehrer\/motorbootlehrer\/"]}]},{"@type":"ImageObject","inLanguage":"de","@id":"https:\/\/www.2link.de\/vds\/sportbootlehrer\/motorbootlehrer\/#primaryimage","url":"https:\/\/www.2link.de\/vds\/wp-content\/uploads\/motorboot.png","contentUrl":"https:\/\/www.2link.de\/vds\/wp-content\/uploads\/motorboot.png","width":1024,"height":341},{"@type":"BreadcrumbList","@id":"https:\/\/www.2link.de\/vds\/sportbootlehrer\/motorbootlehrer\/#breadcrumb","itemListElement":[{"@type":"ListItem","position":1,"name":"Startseite","item":"https:\/\/www.2link.de\/vds\/"},{"@type":"ListItem","position":2,"name":"Sportbootlehrer","item":"https:\/\/www.2link.de\/vds\/sportbootlehrer\/"},{"@type":"ListItem","position":3,"name":"Motorbootlehrer"}]},{"@type":"WebSite","@id":"https:\/\/www.2link.de\/vds\/#website","url":"https:\/\/www.2link.de\/vds\/","name":"Verband Deutscher Sportbootschulen","description":"","potentialAction":[{"@type":"SearchAction","target":{"@type":"EntryPoint","urlTemplate":"https:\/\/www.2link.de\/vds\/?s={search_term_string}"},"query-input":{"@type":"PropertyValueSpecification","valueRequired":true,"valueName":"search_term_string"}}],"inLanguage":"de"}]}},"_links":{"self":[{"href":"https:\/\/www.2link.de\/vds\/wp-json\/wp\/v2\/pages\/73","targetHints":{"allow":["GET"]}}],"collection":[{"href":"https:\/\/www.2link.de\/vds\/wp-json\/wp\/v2\/pages"}],"about":[{"href":"https:\/\/www.2link.de\/vds\/wp-json\/wp\/v2\/types\/page"}],"author":[{"embeddable":true,"href":"https:\/\/www.2link.de\/vds\/wp-json\/wp\/v2\/users\/1"}],"replies":[{"embeddable":true,"href":"https:\/\/www.2link.de\/vds\/wp-json\/wp\/v2\/comments?post=73"}],"version-history":[{"count":16,"href":"https:\/\/www.2link.de\/vds\/wp-json\/wp\/v2\/pages\/73\/revisions"}],"predecessor-version":[{"id":2535,"href":"https:\/\/www.2link.de\/vds\/wp-json\/wp\/v2\/pages\/73\/revisions\/2535"}],"up":[{"embeddable":true,"href":"https:\/\/www.2link.de\/vds\/wp-json\/wp\/v2\/pages\/68"}],"wp:featuredmedia":[{"embeddable":true,"href":"https:\/\/www.2link.de\/vds\/wp-json\/wp\/v2\/media\/280"}],"wp:attachment":[{"href":"https:\/\/www.2link.de\/vds\/wp-json\/wp\/v2\/media?parent=73"}],"curies":[{"name":"wp","href":"https:\/\/api.w.org\/{rel}","templated":true}]}}