{"id":74,"date":"2019-11-15T08:00:05","date_gmt":"2019-11-15T07:00:05","guid":{"rendered":"http:\/\/www.2link.de\/vds\/sportbootlehrer\/segellehrer\/"},"modified":"2023-01-20T15:51:26","modified_gmt":"2023-01-20T14:51:26","slug":"segellehrer","status":"publish","type":"page","link":"https:\/\/www.2link.de\/vds\/sportbootlehrer\/segellehrer\/","title":{"rendered":"Segellehrer"},"content":{"rendered":"\n<style type=\"text\/css\" data-created_by=\"avia_inline_auto\" id=\"style-css-av-lcxjg585-621f8c4fd1dae3c6c18b4709d035cb23\">\n.avia-section.av-lcxjg585-621f8c4fd1dae3c6c18b4709d035cb23 .av-parallax .av-parallax-inner{\nbackground-repeat:no-repeat;\nbackground-image:url(https:\/\/www.2link.de\/vds\/wp-content\/uploads\/segellehrer_basic_lehrerausbildung_header-1030x687.jpg);\nbackground-position:50% 50%;\nbackground-attachment:scroll;\n}\n<\/style>\n<div id='av_section_1'  class='avia-section av-lcxjg585-621f8c4fd1dae3c6c18b4709d035cb23 main_color avia-section-default avia-no-border-styling  avia-builder-el-0  el_before_av_submenu  avia-builder-el-first  avia-full-stretch av-parallax-section avia-bg-style-parallax av-minimum-height av-minimum-height-75  container_wrap fullsize'  data-section-bg-repeat='stretch' data-av_minimum_height_pc='75'><div class='av-parallax' data-avia-parallax-ratio='0.3' ><div class='av-parallax-inner main_color avia-full-stretch'><\/div><\/div><div class='container av-section-cont-open' ><main  role=\"main\" itemprop=\"mainContentOfPage\"  class='template-page content  av-content-full alpha units'><div class='post-entry post-entry-type-page post-entry-74'><div class='entry-content-wrapper clearfix'>\n\n<style type=\"text\/css\" data-created_by=\"avia_inline_auto\" id=\"style-css-av-lc8wztwg-e814de0a3a69aacfcde3fac1bd24883e\">\n#top .av-special-heading.av-lc8wztwg-e814de0a3a69aacfcde3fac1bd24883e{\npadding-bottom:10px;\ncolor:#ffffff;\n}\nbody .av-special-heading.av-lc8wztwg-e814de0a3a69aacfcde3fac1bd24883e .av-special-heading-tag .heading-char{\nfont-size:25px;\n}\n.av-special-heading.av-lc8wztwg-e814de0a3a69aacfcde3fac1bd24883e .special-heading-inner-border{\nborder-color:#ffffff;\n}\n.av-special-heading.av-lc8wztwg-e814de0a3a69aacfcde3fac1bd24883e .av-subheading{\nfont-size:15px;\n}\n<\/style>\n<div  class='av-special-heading av-lc8wztwg-e814de0a3a69aacfcde3fac1bd24883e av-special-heading-h1 custom-color-heading  avia-builder-el-1  avia-builder-el-no-sibling '><h1 class='av-special-heading-tag'  itemprop=\"headline\"  >Segellehrer<\/h1><div class=\"special-heading-border\"><div class=\"special-heading-inner-border\"><\/div><\/div><\/div>\n\n<\/div><\/div><\/main><!-- close content main element --><\/div><\/div><div id='sub_menu1'  class='av-submenu-container av-ld2y74yc-1c86668ad4be52a579d4a2dc94d9a0c1 main_color  avia-builder-el-2  el_after_av_section  el_before_av_textblock  submenu-not-first container_wrap fullsize' style='z-index:301' ><div class='container av-menu-mobile-disabled av-submenu-pos-center'><ul id='av-custom-submenu-1' class='av-subnav-menu'>\n<li class='menu-item av-ld36hedn-81102abebca40fb9ab38dba778a3176c menu-item-top-level menu-item-top-level-1'><a href='https:\/\/www.2link.de\/vds\/sportbootlehrer\/segellehrer\/' ><span class='avia-bullet'><\/span><span class='avia-menu-text'>Segellehrer Basic<\/span><\/a><\/li>\n<li class='menu-item av-ld2y67n3-80ffd01e5d3e45239f0eac7dd60ca81f menu-item-top-level menu-item-top-level-2'><a href='https:\/\/www.2link.de\/vds\/sportbootlehrer\/segellehrer-jolle-offenes-kielboot\/' ><span class='avia-bullet'><\/span><span class='avia-menu-text'>Jolle \/ offenes Kielboot<\/span><\/a><\/li>\n<li class='menu-item av-ld2y74lw-81a5bd5fbe2aad5888c43a4897829a47 menu-item-top-level menu-item-top-level-3'><a href='https:\/\/www.2link.de\/vds\/sportbootlehrer\/yachtlehrer-profiskipper\/' ><span class='avia-bullet'><\/span><span class='avia-menu-text'>Yachtlehrer\/Profiskipper<\/span><\/a><\/li>\n<li class='menu-item av-ld36j5kx-fc1d5ffcb4e8f8aab429ea1b6ab61eb1 menu-item-top-level menu-item-top-level-4'><a href='https:\/\/www.2link.de\/vds\/sportbootlehrer\/catamaranlehrer\/' ><span class='avia-bullet'><\/span><span class='avia-menu-text'>Catamaranlehrer<\/span><\/a><\/li>\n<\/ul><\/div><\/div><div id='after_submenu_1'  class='main_color av_default_container_wrap container_wrap fullsize'  ><div class='container av-section-cont-open' ><div class='template-page content  av-content-full alpha units'><div class='post-entry post-entry-type-page post-entry-74'><div class='entry-content-wrapper clearfix'>\n<section  class='av_textblock_section av-16gzq-cf9e112e8f5650e0bc6e00fd6d82a014'  itemscope=\"itemscope\" itemtype=\"https:\/\/schema.org\/CreativeWork\" ><div class='avia_textblock'  itemprop=\"text\" ><p><strong>Segellehrer Basic<\/strong><\/p>\n<p>F\u00fcr Grundscheinausbildung\u00a0\u00a0\u00a0\u00a0\u00a0\u00a0\u00a0\u00a0\u00a0\u00a0\u00a0\u00a0\u00a0\u00a0\u00a0\u00a0\u00a0\u00a0\u00a0\u00a0\u00a0\u00a0\u00a0 Stufe 1<\/p>\n<p><strong>Inhalt der Ausbildung<\/strong><\/p>\n<ul>\n<li>Man\u00f6ver Basics und Grundscheinman\u00f6ver,<\/li>\n<li>Aufbau von Lehrproben in Theorie und Praxis<\/li>\n<li>Revier- und Wetterkunde<\/li>\n<li>Materialkunde\/Auswahl der Schulausr\u00fcstung (Bootsmaterial, Kleidung, &#8230;)<\/li>\n<\/ul>\n<ul>\n<li>Man\u00f6veroptimierung unter Sicherheitsaspekten sowie mit dem Ziel der Geschwindigkeitsoptimierung,<\/li>\n<li>Segel- und Gewichtstrimm f\u00fcr mehr Sicherheit und Geschwindigkeit,<\/li>\n<li>Grundz\u00fcge der Fehlerkorrektur<\/li>\n<\/ul>\n<ul>\n<li>Methodik und Didaktik,<\/li>\n<\/ul>\n<p>N\u00e4chster Termin: 23. \u2013 29.04. 2023 Boek\/M\u00fcritz<\/p>\n<p>Kosten: 590,00 EUR<\/p>\n<p>Pr\u00fcfungsgeb\u00fchr: EUR 150,00<\/p>\n<p>*zuz\u00fcglich Kosten f\u00fcr Leihgeb\u00fchr\/Unterkunft und Verpflegung (wenn gew\u00fcnscht)<\/p>\n<\/div><\/section>\n<\/div><\/div><\/div><!-- close content main div --><\/div><\/div>\n<style type=\"text\/css\" data-created_by=\"avia_inline_auto\" id=\"style-css-av-lcxidgok-55c44378284193c49b724ea3809e8782\">\n.avia-section.av-lcxidgok-55c44378284193c49b724ea3809e8782{\nposition:relative;\n}\n.avia-section.av-lcxidgok-55c44378284193c49b724ea3809e8782 .avia-divider-svg-top svg{\nheight:20px;\nwidth:calc(100% + 1.3px);\nfill:#ffffff;\n}\n.avia-section.av-lcxidgok-55c44378284193c49b724ea3809e8782 .avia-divider-svg-bottom svg{\nheight:20px;\nwidth:calc(100% + 1.3px);\nfill:#ffffff;\n}\n<\/style>\n<div id='av_section_2'  class='avia-section av-lcxidgok-55c44378284193c49b724ea3809e8782 alternate_color avia-section-default avia-no-border-styling  avia-builder-el-4  el_after_av_textblock  el_before_av_codeblock  avia-bg-style-scroll container_wrap fullsize'  ><div class='avia-divider-svg avia-divider-svg-arrow avia-divider-svg-top avia-svg-original'><svg xmlns=\"http:\/\/www.w3.org\/2000\/svg\" viewBox=\"0 0 700 10\" preserveAspectRatio=\"none\">\n\t<path d=\"M350,10L340,0h20L350,10z\"\/>\n<\/svg><\/div><div class='avia-divider-svg avia-divider-svg-arrow avia-divider-svg-bottom avia-svg-original'><svg xmlns=\"http:\/\/www.w3.org\/2000\/svg\" viewBox=\"0 0 700 10\" preserveAspectRatio=\"none\">\n\t<path d=\"M350,10L340,0h20L350,10z\"\/>\n<\/svg><\/div><div class='container av-section-cont-open' ><div class='template-page content  av-content-full alpha units'><div class='post-entry post-entry-type-page post-entry-74'><div class='entry-content-wrapper clearfix'>\n<section  class='av_textblock_section av-lcxicnv7-70ece4926897f72c91d9ab4f7af0762b'  itemscope=\"itemscope\" itemtype=\"https:\/\/schema.org\/CreativeWork\" ><div class='avia_textblock'  itemprop=\"text\" ><p><strong>Stufe 2\u2013 sportliches Segeln<\/strong><\/p>\n<p><strong>\u00a0<\/strong><\/p>\n<ul>\n<li>Bestandsaufnahme Grundscheinman\u00f6ver und Trapezsegeln,<\/li>\n<\/ul>\n<p>Aufbau und Inhalt der Trapezeinweisung<\/p>\n<ul>\n<li>Aufbau von Praxislehrproben f\u00fcr die Fortgeschrittenenausbildung<\/li>\n<li>Einweisung ins Gennakersegeln,<\/li>\n<li>besondere Verhaltensregeln f\u00fcr die Vermeidung von Unf\u00e4llen und Kenterungen unter Trapez und Gennaker, Verhaltensregeln f\u00fcr das Wiederaufrichten nach Kenterung unter Trapez und Gennaker,<\/li>\n<li>Man\u00f6veroptimierung unter Sicherheitsaspekten sowie mit dem Ziel der Geschwindigkeitsoptimierung mit Trapez und Gennaker<\/li>\n<li>Segel- und Gewichtstrimm unter Trapez\/Gennaker,<\/li>\n<li>Grundz\u00fcge der Fehlerkorrektur angewendet auf die Fortgeschrittenenausbildung<\/li>\n<\/ul>\n<p><strong>\u00a0<\/strong><\/p>\n<ul>\n<li>Gleittechnik ohne und mit Gennaker,<\/li>\n<li>Methodik und Didaktik in der Fortgeschrittenenausbildung,<\/li>\n<li>Anwendung spezieller Erkenntnisse beim Einsatz in der Man\u00f6verschulung und der Geschwindigkeitsoptimierung im Einzeltraining sowie beim Schulen und Trainieren mit homogenen und inhomogenen Gruppen,<\/li>\n<li>Lehrprobenthemen und weiterf\u00fchrende Theorie in der Aerodynamik und Hydrodynamik, Materialkunde<\/li>\n<\/ul>\n<p><strong>\u00a0<\/strong><\/p>\n<ul>\n<li>Sicherheitsman\u00f6vertraining (B\u00fcB-Man\u00f6ver in verschiedenen Varianten sowie deren Vor- und Nachteile, Kentern und Aufrichten, Aufrichtehilfen bei Minderk\u00f6rpergewicht oder Mitseglerverlust, &#8230;..),<\/li>\n<li>Basishalse, Gennakerhalse, Wende aus dem Trapez ins Trapez,<\/li>\n<li>Havarien, wie kann ich mir helfen,<\/li>\n<li>Organisationsformen f\u00fcr die verschiedenen\u00a0Lernziele<\/li>\n<li>Altersspezifika und Nutzung der Besonderheiten f\u00fcr effektive Stoffvermittlung und zielf\u00fchrendes Training<\/li>\n<\/ul>\n<p><strong>\u00a0<\/strong><\/p>\n<ul>\n<li>Man\u00f6verfeinform mit und ohne Mitsegler,<\/li>\n<li>M\u00f6glichkeiten des Eisatzes von kleinen Wettkampfformen im Kursaufbau, modifizierte Wettfahrtregeln f\u00fcr Trainingsregatten<\/li>\n<\/ul>\n<\/div><\/section>\n<\/div><\/div><\/div><!-- close content main div --><\/div><\/div><div id='after_section_2'  class='main_color av_default_container_wrap container_wrap fullsize'  ><div class='container av-section-cont-open' ><div class='template-page content  av-content-full alpha units'><div class='post-entry post-entry-type-page post-entry-74'><div class='entry-content-wrapper clearfix'>\n\n","protected":false},"excerpt":{"rendered":"","protected":false},"author":1,"featured_media":281,"parent":68,"menu_order":7,"comment_status":"closed","ping_status":"closed","template":"","meta":{"footnotes":""},"class_list":["post-74","page","type-page","status-publish","has-post-thumbnail","hentry"],"yoast_head":"<!-- This site is optimized with the Yoast SEO plugin v27.3 - https:\/\/yoast.com\/product\/yoast-seo-wordpress\/ -->\n<title>Segellehrer - Verband Deutscher Sportbootschulen<\/title>\n<meta name=\"robots\" content=\"index, follow, max-snippet:-1, max-image-preview:large, max-video-preview:-1\" \/>\n<meta property=\"og:locale\" content=\"de_DE\" \/>\n<meta property=\"og:type\" content=\"article\" \/>\n<meta property=\"og:title\" content=\"Segellehrer - Verband Deutscher Sportbootschulen\" \/>\n<meta property=\"og:url\" content=\"https:\/\/www.2link.de\/vds\/sportbootlehrer\/segellehrer\/\" \/>\n<meta property=\"og:site_name\" content=\"Verband Deutscher Sportbootschulen\" \/>\n<meta property=\"article:modified_time\" content=\"2023-01-20T14:51:26+00:00\" \/>\n<meta property=\"og:image\" content=\"https:\/\/www.2link.de\/vds\/wp-content\/uploads\/segeln.png\" \/>\n\t<meta property=\"og:image:width\" content=\"1024\" \/>\n\t<meta property=\"og:image:height\" content=\"341\" \/>\n\t<meta property=\"og:image:type\" content=\"image\/png\" \/>\n<meta name=\"twitter:card\" content=\"summary_large_image\" \/>\n<meta name=\"twitter:label1\" content=\"Gesch\u00e4tzte Lesezeit\" \/>\n\t<meta name=\"twitter:data1\" content=\"4\u00a0Minuten\" \/>\n<script type=\"application\/ld+json\" class=\"yoast-schema-graph\">{\"@context\":\"https:\\\/\\\/schema.org\",\"@graph\":[{\"@type\":\"WebPage\",\"@id\":\"https:\\\/\\\/www.2link.de\\\/vds\\\/sportbootlehrer\\\/segellehrer\\\/\",\"url\":\"https:\\\/\\\/www.2link.de\\\/vds\\\/sportbootlehrer\\\/segellehrer\\\/\",\"name\":\"Segellehrer - Verband Deutscher Sportbootschulen\",\"isPartOf\":{\"@id\":\"https:\\\/\\\/www.2link.de\\\/vds\\\/#website\"},\"primaryImageOfPage\":{\"@id\":\"https:\\\/\\\/www.2link.de\\\/vds\\\/sportbootlehrer\\\/segellehrer\\\/#primaryimage\"},\"image\":{\"@id\":\"https:\\\/\\\/www.2link.de\\\/vds\\\/sportbootlehrer\\\/segellehrer\\\/#primaryimage\"},\"thumbnailUrl\":\"https:\\\/\\\/www.2link.de\\\/vds\\\/wp-content\\\/uploads\\\/segeln.png\",\"datePublished\":\"2019-11-15T07:00:05+00:00\",\"dateModified\":\"2023-01-20T14:51:26+00:00\",\"breadcrumb\":{\"@id\":\"https:\\\/\\\/www.2link.de\\\/vds\\\/sportbootlehrer\\\/segellehrer\\\/#breadcrumb\"},\"inLanguage\":\"de\",\"potentialAction\":[{\"@type\":\"ReadAction\",\"target\":[\"https:\\\/\\\/www.2link.de\\\/vds\\\/sportbootlehrer\\\/segellehrer\\\/\"]}]},{\"@type\":\"ImageObject\",\"inLanguage\":\"de\",\"@id\":\"https:\\\/\\\/www.2link.de\\\/vds\\\/sportbootlehrer\\\/segellehrer\\\/#primaryimage\",\"url\":\"https:\\\/\\\/www.2link.de\\\/vds\\\/wp-content\\\/uploads\\\/segeln.png\",\"contentUrl\":\"https:\\\/\\\/www.2link.de\\\/vds\\\/wp-content\\\/uploads\\\/segeln.png\",\"width\":1024,\"height\":341},{\"@type\":\"BreadcrumbList\",\"@id\":\"https:\\\/\\\/www.2link.de\\\/vds\\\/sportbootlehrer\\\/segellehrer\\\/#breadcrumb\",\"itemListElement\":[{\"@type\":\"ListItem\",\"position\":1,\"name\":\"Startseite\",\"item\":\"https:\\\/\\\/www.2link.de\\\/vds\\\/\"},{\"@type\":\"ListItem\",\"position\":2,\"name\":\"Sportbootlehrer\",\"item\":\"https:\\\/\\\/www.2link.de\\\/vds\\\/sportbootlehrer\\\/\"},{\"@type\":\"ListItem\",\"position\":3,\"name\":\"Segellehrer\"}]},{\"@type\":\"WebSite\",\"@id\":\"https:\\\/\\\/www.2link.de\\\/vds\\\/#website\",\"url\":\"https:\\\/\\\/www.2link.de\\\/vds\\\/\",\"name\":\"Verband Deutscher Sportbootschulen\",\"description\":\"\",\"potentialAction\":[{\"@type\":\"SearchAction\",\"target\":{\"@type\":\"EntryPoint\",\"urlTemplate\":\"https:\\\/\\\/www.2link.de\\\/vds\\\/?s={search_term_string}\"},\"query-input\":{\"@type\":\"PropertyValueSpecification\",\"valueRequired\":true,\"valueName\":\"search_term_string\"}}],\"inLanguage\":\"de\"}]}<\/script>\n<!-- \/ Yoast SEO plugin. -->","yoast_head_json":{"title":"Segellehrer - Verband Deutscher Sportbootschulen","robots":{"index":"index","follow":"follow","max-snippet":"max-snippet:-1","max-image-preview":"max-image-preview:large","max-video-preview":"max-video-preview:-1"},"og_locale":"de_DE","og_type":"article","og_title":"Segellehrer - Verband Deutscher Sportbootschulen","og_url":"https:\/\/www.2link.de\/vds\/sportbootlehrer\/segellehrer\/","og_site_name":"Verband Deutscher Sportbootschulen","article_modified_time":"2023-01-20T14:51:26+00:00","og_image":[{"width":1024,"height":341,"url":"https:\/\/www.2link.de\/vds\/wp-content\/uploads\/segeln.png","type":"image\/png"}],"twitter_card":"summary_large_image","twitter_misc":{"Gesch\u00e4tzte Lesezeit":"4\u00a0Minuten"},"schema":{"@context":"https:\/\/schema.org","@graph":[{"@type":"WebPage","@id":"https:\/\/www.2link.de\/vds\/sportbootlehrer\/segellehrer\/","url":"https:\/\/www.2link.de\/vds\/sportbootlehrer\/segellehrer\/","name":"Segellehrer - Verband Deutscher Sportbootschulen","isPartOf":{"@id":"https:\/\/www.2link.de\/vds\/#website"},"primaryImageOfPage":{"@id":"https:\/\/www.2link.de\/vds\/sportbootlehrer\/segellehrer\/#primaryimage"},"image":{"@id":"https:\/\/www.2link.de\/vds\/sportbootlehrer\/segellehrer\/#primaryimage"},"thumbnailUrl":"https:\/\/www.2link.de\/vds\/wp-content\/uploads\/segeln.png","datePublished":"2019-11-15T07:00:05+00:00","dateModified":"2023-01-20T14:51:26+00:00","breadcrumb":{"@id":"https:\/\/www.2link.de\/vds\/sportbootlehrer\/segellehrer\/#breadcrumb"},"inLanguage":"de","potentialAction":[{"@type":"ReadAction","target":["https:\/\/www.2link.de\/vds\/sportbootlehrer\/segellehrer\/"]}]},{"@type":"ImageObject","inLanguage":"de","@id":"https:\/\/www.2link.de\/vds\/sportbootlehrer\/segellehrer\/#primaryimage","url":"https:\/\/www.2link.de\/vds\/wp-content\/uploads\/segeln.png","contentUrl":"https:\/\/www.2link.de\/vds\/wp-content\/uploads\/segeln.png","width":1024,"height":341},{"@type":"BreadcrumbList","@id":"https:\/\/www.2link.de\/vds\/sportbootlehrer\/segellehrer\/#breadcrumb","itemListElement":[{"@type":"ListItem","position":1,"name":"Startseite","item":"https:\/\/www.2link.de\/vds\/"},{"@type":"ListItem","position":2,"name":"Sportbootlehrer","item":"https:\/\/www.2link.de\/vds\/sportbootlehrer\/"},{"@type":"ListItem","position":3,"name":"Segellehrer"}]},{"@type":"WebSite","@id":"https:\/\/www.2link.de\/vds\/#website","url":"https:\/\/www.2link.de\/vds\/","name":"Verband Deutscher Sportbootschulen","description":"","potentialAction":[{"@type":"SearchAction","target":{"@type":"EntryPoint","urlTemplate":"https:\/\/www.2link.de\/vds\/?s={search_term_string}"},"query-input":{"@type":"PropertyValueSpecification","valueRequired":true,"valueName":"search_term_string"}}],"inLanguage":"de"}]}},"_links":{"self":[{"href":"https:\/\/www.2link.de\/vds\/wp-json\/wp\/v2\/pages\/74","targetHints":{"allow":["GET"]}}],"collection":[{"href":"https:\/\/www.2link.de\/vds\/wp-json\/wp\/v2\/pages"}],"about":[{"href":"https:\/\/www.2link.de\/vds\/wp-json\/wp\/v2\/types\/page"}],"author":[{"embeddable":true,"href":"https:\/\/www.2link.de\/vds\/wp-json\/wp\/v2\/users\/1"}],"replies":[{"embeddable":true,"href":"https:\/\/www.2link.de\/vds\/wp-json\/wp\/v2\/comments?post=74"}],"version-history":[{"count":27,"href":"https:\/\/www.2link.de\/vds\/wp-json\/wp\/v2\/pages\/74\/revisions"}],"predecessor-version":[{"id":2542,"href":"https:\/\/www.2link.de\/vds\/wp-json\/wp\/v2\/pages\/74\/revisions\/2542"}],"up":[{"embeddable":true,"href":"https:\/\/www.2link.de\/vds\/wp-json\/wp\/v2\/pages\/68"}],"wp:featuredmedia":[{"embeddable":true,"href":"https:\/\/www.2link.de\/vds\/wp-json\/wp\/v2\/media\/281"}],"wp:attachment":[{"href":"https:\/\/www.2link.de\/vds\/wp-json\/wp\/v2\/media?parent=74"}],"curies":[{"name":"wp","href":"https:\/\/api.w.org\/{rel}","templated":true}]}}