{"id":75,"date":"2019-12-19T11:59:05","date_gmt":"2019-12-19T10:59:05","guid":{"rendered":"http:\/\/www.2link.de\/vds\/sportbootlehrer\/windsurflehrer\/"},"modified":"2023-01-20T15:47:37","modified_gmt":"2023-01-20T14:47:37","slug":"windsurflehrer","status":"publish","type":"page","link":"https:\/\/www.2link.de\/vds\/sportbootlehrer\/windsurflehrer\/","title":{"rendered":"Windsurflehrer"},"content":{"rendered":"\n<style type=\"text\/css\" data-created_by=\"avia_inline_auto\" id=\"style-css-av-lcxjmp95-ff047b0de585d2a6e34f701415555c00\">\n.avia-section.av-lcxjmp95-ff047b0de585d2a6e34f701415555c00 .av-parallax .av-parallax-inner{\nbackground-repeat:no-repeat;\nbackground-image:url(https:\/\/www.2link.de\/vds\/wp-content\/uploads\/windsurfen_lehrerausbildung_header-1030x687.jpg);\nbackground-position:50% 50%;\nbackground-attachment:scroll;\n}\n<\/style>\n<div id='av_section_1'  class='avia-section av-lcxjmp95-ff047b0de585d2a6e34f701415555c00 main_color avia-section-default avia-no-border-styling  avia-builder-el-0  el_before_av_textblock  avia-builder-el-first  avia-full-stretch av-parallax-section avia-bg-style-parallax container_wrap fullsize'  data-section-bg-repeat='stretch'><div class='av-parallax' data-avia-parallax-ratio='0.3' ><div class='av-parallax-inner main_color avia-full-stretch'><\/div><\/div><div class='container av-section-cont-open' ><main  role=\"main\" itemprop=\"mainContentOfPage\"  class='template-page content  av-content-full alpha units'><div class='post-entry post-entry-type-page post-entry-75'><div class='entry-content-wrapper clearfix'>\n\n<style type=\"text\/css\" data-created_by=\"avia_inline_auto\" id=\"style-css-av-lc8x0krj-ddf2f4d06f0b1340c7c051d1ee7f790c\">\n#top .av-special-heading.av-lc8x0krj-ddf2f4d06f0b1340c7c051d1ee7f790c{\npadding-bottom:10px;\ncolor:#ffffff;\n}\nbody .av-special-heading.av-lc8x0krj-ddf2f4d06f0b1340c7c051d1ee7f790c .av-special-heading-tag .heading-char{\nfont-size:25px;\n}\n.av-special-heading.av-lc8x0krj-ddf2f4d06f0b1340c7c051d1ee7f790c .special-heading-inner-border{\nborder-color:#ffffff;\n}\n.av-special-heading.av-lc8x0krj-ddf2f4d06f0b1340c7c051d1ee7f790c .av-subheading{\nfont-size:15px;\n}\n<\/style>\n<div  class='av-special-heading av-lc8x0krj-ddf2f4d06f0b1340c7c051d1ee7f790c av-special-heading-h1 custom-color-heading blockquote modern-quote  avia-builder-el-1  avia-builder-el-no-sibling '><h1 class='av-special-heading-tag'  itemprop=\"headline\"  >Windsurflehrer<\/h1><div class=\"special-heading-border\"><div class=\"special-heading-inner-border\"><\/div><\/div><\/div>\n<\/div><\/div><\/main><!-- close content main element --><\/div><\/div><div id='after_section_1'  class='main_color av_default_container_wrap container_wrap fullsize'  ><div class='container av-section-cont-open' ><div class='template-page content  av-content-full alpha units'><div class='post-entry post-entry-type-page post-entry-75'><div class='entry-content-wrapper clearfix'>\n<section  class='av_textblock_section av-xuyn-3994705989c7965070bc79fe7f383ff3'  itemscope=\"itemscope\" itemtype=\"https:\/\/schema.org\/CreativeWork\" ><div class='avia_textblock'  itemprop=\"text\" ><p>Windsurfinglehrer:<\/p>\n<p>Die VDS-Windsurflehrer-Lizenz kann in zwei Ausbildungsstufen erworben werden. Der VDS-Windsurflehrer Stufe 1 ist berechtigt, an einer anerkannten VDS-Schule den Unterricht f\u00fcr den Erwerb des Windsurfing-Grundscheines zu erteilen.<\/p>\n<p>Der Inhaber der Lizenzstufe 2 erh\u00e4lt die Qualifikation den Sch\u00fcler in Fortgeschrittenen-Techniken im Surfen zu unterweisen.<\/p>\n<p>Zulassungsvorraussetzungen:<\/p>\n<p>Alter: 18 Jahre,Windsurfing-Grundschein, DLRG-Rettungschwimmpass \u201eBronze&#34; (oder gleichwertig), Hospitation in einer Surfschule<\/p>\n<p>Theoretische und praktische Schulung nach den Ausbildungspl\u00e4nen f\u00fcr Windsurflehrer mit Abschlusspr\u00fcfung in Theorie und Praxis<\/p>\n<p><strong>Stufe 1<\/strong><\/p>\n<p><strong>Lehrgangsinhalte:<\/strong><\/p>\n<ul>\n<li>Man\u00f6ver Basics und Grundscheinman\u00f6ver,<\/li>\n<li>Aufbau von Lehrproben in Theorie und Praxis, Revier- und Wetterkunde, Materialkunde\/Auswahl der Schulausr\u00fcstung (Surfausr\u00fcstungen\/Kleidung, &#8230;)<\/li>\n<\/ul>\n<ul>\n<li>Einlernen des Schlagwortkatalogs am Windsurfsimulator als Basis f\u00fcr die Schulungstechnik auf Schwertboards,<\/li>\n<li>Man\u00f6veroptimierung unter Sicherheitsaspekten sowie mit dem Ziel der Geschwindigkeitsoptimierung auf Schwertboards und auf schwertlosen Boards,<\/li>\n<li>Segel- und Gewichtstrimm f\u00fcr mehr Sicherheit und Geschwindigkeit,<\/li>\n<li>Grundz\u00fcge der Fehlerkorrektur<\/li>\n<li>Methodik und Didaktik<\/li>\n<\/ul>\n<p>Pr\u00fcfung in Theorie, Praxis und Lehrprobe<\/p>\n<p>N\u00e4chster Termin: 23. \u2013 29.04. 2023 Boek\/M\u00fcritz<\/p>\n<p>Kosten: 590,00 EUR<\/p>\n<p>Pr\u00fcfungsgeb\u00fchr: EUR 150,00<\/p>\n<p>*zuz\u00fcglich Kosten f\u00fcr Leihgeb\u00fchr\/Unterkunft und Verpflegung (wenn gew\u00fcnscht)<\/p>\n<\/div><\/section>\n<\/div><\/div><\/div><!-- close content main div --><\/div><\/div>\n<style type=\"text\/css\" data-created_by=\"avia_inline_auto\" id=\"style-css-av-lcyjygqs-7cef7a3108e1890a0317676ee72de72e\">\n.avia-section.av-lcyjygqs-7cef7a3108e1890a0317676ee72de72e{\nbackground-repeat:no-repeat;\nbackground-image:url(https:\/\/www.2link.de\/vds\/wp-content\/uploads\/surflehrer_farbsektion-1030x556.jpg);\nbackground-position:50% 50%;\nbackground-attachment:fixed;\n}\n<\/style>\n<div id='av_section_2'  class='avia-section av-lcyjygqs-7cef7a3108e1890a0317676ee72de72e main_color avia-section-default avia-no-border-styling  avia-builder-el-3  el_after_av_textblock  el_before_av_section  avia-full-stretch avia-bg-style-fixed av-minimum-height av-minimum-height-50  container_wrap fullsize'  data-section-bg-repeat='stretch' data-av_minimum_height_pc='50'><div class='container av-section-cont-open' ><div class='template-page content  av-content-full alpha units'><div class='post-entry post-entry-type-page post-entry-75'><div class='entry-content-wrapper clearfix'>\n<\/div><\/div><\/div><!-- close content main div --><\/div><\/div>\n<style type=\"text\/css\" data-created_by=\"avia_inline_auto\" id=\"style-css-av-lcxhinvl-537e96d2135b5fb5bddb171f2aa74dd1\">\n.avia-section.av-lcxhinvl-537e96d2135b5fb5bddb171f2aa74dd1{\nposition:relative;\n}\n.avia-section.av-lcxhinvl-537e96d2135b5fb5bddb171f2aa74dd1 .avia-divider-svg-bottom svg{\nheight:20px;\nwidth:calc(100% + 1.3px);\nfill:#0069b3;\n}\n<\/style>\n<div id='av_section_3'  class='avia-section av-lcxhinvl-537e96d2135b5fb5bddb171f2aa74dd1 alternate_color avia-section-default avia-no-border-styling  avia-builder-el-4  el_after_av_section  el_before_av_codeblock  avia-bg-style-scroll container_wrap fullsize'  ><div class='avia-divider-svg avia-divider-svg-arrow avia-divider-svg-bottom avia-svg-original'><svg xmlns=\"http:\/\/www.w3.org\/2000\/svg\" viewBox=\"0 0 700 10\" preserveAspectRatio=\"none\">\n\t<path d=\"M350,10L340,0h20L350,10z\"\/>\n<\/svg><\/div><div class='container av-section-cont-open' ><div class='template-page content  av-content-full alpha units'><div class='post-entry post-entry-type-page post-entry-75'><div class='entry-content-wrapper clearfix'>\n<section  class='av_textblock_section av-lcxhi2hu-3b9007c7a27e3f7c3e4f5f019c252580'  itemscope=\"itemscope\" itemtype=\"https:\/\/schema.org\/CreativeWork\" ><div class='avia_textblock'  itemprop=\"text\" ><p><strong>Windsurfinglehrer Stufe 2:<\/strong><\/p>\n<ul>\n<li>Revier- und Materialeinweisung,<\/li>\n<li>Bestandsaufnahme Grundscheinman\u00f6ver, Trapezsurfen, Beachstart, Gleithalse, Tricksurfen,<\/li>\n<li>Aufbau und Inhalt einer Trapezeinweisung,<\/li>\n<li>Aufbau von Praxislehrproben f\u00fcr die Fortgeschrittenenausbildung<\/li>\n<\/ul>\n<ul>\n<li>Man\u00f6veroptimierung schnelle Wende, Gleithalse, Powerhalse, sowie mit dem Ziel der Geschwindigkeitsoptimierung, Angleiten, Fu\u00dfschlaufen, Trapez<\/li>\n<li>Grundz\u00fcge der Fehlerkorrektur angewendet auf die Fortgeschrittenenausbildung<\/li>\n<li>Starttechniken Beachstart und Wasserstart, Tricksurfen,<\/li>\n<li>Methodik und Didaktik in der Fortgeschrittenenausbildung,<\/li>\n<li>Anwendung spezieller Erkenntnisse und technischer Neuerungen beim Einsatz in der Fortgeschrittenenausbildung im Einzeltraining sowie beim Schulen und Trainieren mit homogenen und inhomogenen Gruppen,<\/li>\n<li>Praxislehrprobenthemen und weiterf\u00fchrende Theorie in der Aerodynamik und Hydrodynamik, Materialkunde<\/li>\n<li>Aufkreuzen, der schnelle Weg nach luv mit Wenden oder Halsen auf schwertlosen Board,<\/li>\n<li>Die Halse auf schwertlosen Boards in verschiedenen Varianten (Powerhalse, Stophalse, Duckjibes, &#8230;.),<\/li>\n<li>Sicherheitsman\u00f6vertraining, Havarien, wie kann ich mir helfen,<\/li>\n<li>Organisationsformen f\u00fcr die verschiedenen Lernziele,<\/li>\n<li>Altersspezifika und Nutzung der Besonderheiten f\u00fcr effektive Stoffvermittlung und zielf\u00fchrendes Training<\/li>\n<li>Man\u00f6verfeinform f\u00fcr verschiedene Fortgeschrittenenelemente,<\/li>\n<li>M\u00f6glichkeiten des Einsatzes von kleinen Wettkampfformen im Kursaufbau, modifizierte Wettfahrtregeln f\u00fcr Trainingsregatten,<\/li>\n<li>Regattastart, Bojenrundungen und Feldtaktik unter surftechnischem und surftaktischem Aspekt, Trainingsvarianten,<\/li>\n<\/ul>\n<\/div><\/section>\n<\/div><\/div><\/div><!-- close content main div --><\/div><\/div><div id='after_section_3'  class='main_color av_default_container_wrap container_wrap fullsize'  ><div class='container av-section-cont-open' ><div class='template-page content  av-content-full alpha units'><div class='post-entry post-entry-type-page post-entry-75'><div class='entry-content-wrapper clearfix'>\n\n","protected":false},"excerpt":{"rendered":"","protected":false},"author":1,"featured_media":0,"parent":68,"menu_order":9,"comment_status":"closed","ping_status":"closed","template":"","meta":{"footnotes":""},"class_list":["post-75","page","type-page","status-publish","hentry"],"yoast_head":"<!-- This site is optimized with the Yoast SEO plugin v27.3 - https:\/\/yoast.com\/product\/yoast-seo-wordpress\/ -->\n<title>Windsurflehrer - Verband Deutscher Sportbootschulen<\/title>\n<meta name=\"robots\" content=\"index, follow, max-snippet:-1, max-image-preview:large, max-video-preview:-1\" \/>\n<meta property=\"og:locale\" content=\"de_DE\" \/>\n<meta property=\"og:type\" content=\"article\" \/>\n<meta property=\"og:title\" content=\"Windsurflehrer - Verband Deutscher Sportbootschulen\" \/>\n<meta property=\"og:url\" content=\"https:\/\/www.2link.de\/vds\/sportbootlehrer\/windsurflehrer\/\" \/>\n<meta property=\"og:site_name\" content=\"Verband Deutscher Sportbootschulen\" \/>\n<meta property=\"article:modified_time\" content=\"2023-01-20T14:47:37+00:00\" \/>\n<meta name=\"twitter:card\" content=\"summary_large_image\" \/>\n<meta name=\"twitter:label1\" content=\"Gesch\u00e4tzte Lesezeit\" \/>\n\t<meta name=\"twitter:data1\" content=\"4\u00a0Minuten\" \/>\n<script type=\"application\/ld+json\" class=\"yoast-schema-graph\">{\"@context\":\"https:\\\/\\\/schema.org\",\"@graph\":[{\"@type\":\"WebPage\",\"@id\":\"https:\\\/\\\/www.2link.de\\\/vds\\\/sportbootlehrer\\\/windsurflehrer\\\/\",\"url\":\"https:\\\/\\\/www.2link.de\\\/vds\\\/sportbootlehrer\\\/windsurflehrer\\\/\",\"name\":\"Windsurflehrer - Verband Deutscher Sportbootschulen\",\"isPartOf\":{\"@id\":\"https:\\\/\\\/www.2link.de\\\/vds\\\/#website\"},\"datePublished\":\"2019-12-19T10:59:05+00:00\",\"dateModified\":\"2023-01-20T14:47:37+00:00\",\"breadcrumb\":{\"@id\":\"https:\\\/\\\/www.2link.de\\\/vds\\\/sportbootlehrer\\\/windsurflehrer\\\/#breadcrumb\"},\"inLanguage\":\"de\",\"potentialAction\":[{\"@type\":\"ReadAction\",\"target\":[\"https:\\\/\\\/www.2link.de\\\/vds\\\/sportbootlehrer\\\/windsurflehrer\\\/\"]}]},{\"@type\":\"BreadcrumbList\",\"@id\":\"https:\\\/\\\/www.2link.de\\\/vds\\\/sportbootlehrer\\\/windsurflehrer\\\/#breadcrumb\",\"itemListElement\":[{\"@type\":\"ListItem\",\"position\":1,\"name\":\"Startseite\",\"item\":\"https:\\\/\\\/www.2link.de\\\/vds\\\/\"},{\"@type\":\"ListItem\",\"position\":2,\"name\":\"Sportbootlehrer\",\"item\":\"https:\\\/\\\/www.2link.de\\\/vds\\\/sportbootlehrer\\\/\"},{\"@type\":\"ListItem\",\"position\":3,\"name\":\"Windsurflehrer\"}]},{\"@type\":\"WebSite\",\"@id\":\"https:\\\/\\\/www.2link.de\\\/vds\\\/#website\",\"url\":\"https:\\\/\\\/www.2link.de\\\/vds\\\/\",\"name\":\"Verband Deutscher Sportbootschulen\",\"description\":\"\",\"potentialAction\":[{\"@type\":\"SearchAction\",\"target\":{\"@type\":\"EntryPoint\",\"urlTemplate\":\"https:\\\/\\\/www.2link.de\\\/vds\\\/?s={search_term_string}\"},\"query-input\":{\"@type\":\"PropertyValueSpecification\",\"valueRequired\":true,\"valueName\":\"search_term_string\"}}],\"inLanguage\":\"de\"}]}<\/script>\n<!-- \/ Yoast SEO plugin. -->","yoast_head_json":{"title":"Windsurflehrer - Verband Deutscher Sportbootschulen","robots":{"index":"index","follow":"follow","max-snippet":"max-snippet:-1","max-image-preview":"max-image-preview:large","max-video-preview":"max-video-preview:-1"},"og_locale":"de_DE","og_type":"article","og_title":"Windsurflehrer - Verband Deutscher Sportbootschulen","og_url":"https:\/\/www.2link.de\/vds\/sportbootlehrer\/windsurflehrer\/","og_site_name":"Verband Deutscher Sportbootschulen","article_modified_time":"2023-01-20T14:47:37+00:00","twitter_card":"summary_large_image","twitter_misc":{"Gesch\u00e4tzte Lesezeit":"4\u00a0Minuten"},"schema":{"@context":"https:\/\/schema.org","@graph":[{"@type":"WebPage","@id":"https:\/\/www.2link.de\/vds\/sportbootlehrer\/windsurflehrer\/","url":"https:\/\/www.2link.de\/vds\/sportbootlehrer\/windsurflehrer\/","name":"Windsurflehrer - Verband Deutscher Sportbootschulen","isPartOf":{"@id":"https:\/\/www.2link.de\/vds\/#website"},"datePublished":"2019-12-19T10:59:05+00:00","dateModified":"2023-01-20T14:47:37+00:00","breadcrumb":{"@id":"https:\/\/www.2link.de\/vds\/sportbootlehrer\/windsurflehrer\/#breadcrumb"},"inLanguage":"de","potentialAction":[{"@type":"ReadAction","target":["https:\/\/www.2link.de\/vds\/sportbootlehrer\/windsurflehrer\/"]}]},{"@type":"BreadcrumbList","@id":"https:\/\/www.2link.de\/vds\/sportbootlehrer\/windsurflehrer\/#breadcrumb","itemListElement":[{"@type":"ListItem","position":1,"name":"Startseite","item":"https:\/\/www.2link.de\/vds\/"},{"@type":"ListItem","position":2,"name":"Sportbootlehrer","item":"https:\/\/www.2link.de\/vds\/sportbootlehrer\/"},{"@type":"ListItem","position":3,"name":"Windsurflehrer"}]},{"@type":"WebSite","@id":"https:\/\/www.2link.de\/vds\/#website","url":"https:\/\/www.2link.de\/vds\/","name":"Verband Deutscher Sportbootschulen","description":"","potentialAction":[{"@type":"SearchAction","target":{"@type":"EntryPoint","urlTemplate":"https:\/\/www.2link.de\/vds\/?s={search_term_string}"},"query-input":{"@type":"PropertyValueSpecification","valueRequired":true,"valueName":"search_term_string"}}],"inLanguage":"de"}]}},"_links":{"self":[{"href":"https:\/\/www.2link.de\/vds\/wp-json\/wp\/v2\/pages\/75","targetHints":{"allow":["GET"]}}],"collection":[{"href":"https:\/\/www.2link.de\/vds\/wp-json\/wp\/v2\/pages"}],"about":[{"href":"https:\/\/www.2link.de\/vds\/wp-json\/wp\/v2\/types\/page"}],"author":[{"embeddable":true,"href":"https:\/\/www.2link.de\/vds\/wp-json\/wp\/v2\/users\/1"}],"replies":[{"embeddable":true,"href":"https:\/\/www.2link.de\/vds\/wp-json\/wp\/v2\/comments?post=75"}],"version-history":[{"count":14,"href":"https:\/\/www.2link.de\/vds\/wp-json\/wp\/v2\/pages\/75\/revisions"}],"predecessor-version":[{"id":2529,"href":"https:\/\/www.2link.de\/vds\/wp-json\/wp\/v2\/pages\/75\/revisions\/2529"}],"up":[{"embeddable":true,"href":"https:\/\/www.2link.de\/vds\/wp-json\/wp\/v2\/pages\/68"}],"wp:attachment":[{"href":"https:\/\/www.2link.de\/vds\/wp-json\/wp\/v2\/media?parent=75"}],"curies":[{"name":"wp","href":"https:\/\/api.w.org\/{rel}","templated":true}]}}