{"id":1624,"date":"2023-01-11T15:47:13","date_gmt":"2023-01-11T14:47:13","guid":{"rendered":"https:\/\/www.2link.de\/vds\/?post_type=product&#038;p=1624"},"modified":"2023-01-11T16:34:36","modified_gmt":"2023-01-11T15:34:36","slug":"motorbootfahren","status":"publish","type":"product","link":"https:\/\/www.2link.de\/vds\/product\/motorbootfahren\/","title":{"rendered":"Motorbootfahren"},"content":{"rendered":"<p>Das Buch &#34;Kompaktwissen Motorbootfahren&#34; ist das umfangreiche Nachschlagewerk f\u00fcr den kompetenten Motorbootfahrer. Neben wichtiger Informationen zur Seemannschaft enth\u00e4lt das Buch je eine St\u00f6rungstabelle f\u00fcr den Motor und die Batterie, alle Notsignale und ist somit das perfekte Nachschlagewerk an Bord.<\/p>\n<p>108 Seiten<\/p>\n","protected":false},"excerpt":{"rendered":"<p>Das Buch &#34;Kompaktwissen Motorbootfahren&#34; ist das umfangreiche Nachschlagewerk f\u00fcr den kompetenten Motorbootfahrer. Neben wichtiger Informationen zur Seemannschaft enth\u00e4lt das Buch je eine St\u00f6rungstabelle f\u00fcr den Motor und die Batterie, alle Notsignale und ist somit das perfekte Nachschlagewerk an Bord. 108 Seiten<\/p>\n","protected":false},"featured_media":391,"template":"","meta":[],"product_brand":[],"product_cat":[28],"product_tag":[],"class_list":{"0":"post-1624","1":"product","2":"type-product","3":"status-publish","4":"has-post-thumbnail","6":"product_cat-motorboot","8":"first","9":"instock","10":"shipping-taxable","11":"purchasable","12":"product-type-simple"},"yoast_head":"<!-- This site is optimized with the Yoast SEO plugin v27.2 - https:\/\/yoast.com\/product\/yoast-seo-wordpress\/ -->\n<title>Motorbootfahren - Verband Deutscher Sportbootschulen<\/title>\n<meta name=\"robots\" content=\"index, follow, max-snippet:-1, max-image-preview:large, max-video-preview:-1\" \/>\n<meta property=\"og:locale\" content=\"de_DE\" \/>\n<meta property=\"og:type\" content=\"article\" \/>\n<meta property=\"og:title\" content=\"Motorbootfahren - Verband Deutscher Sportbootschulen\" \/>\n<meta property=\"og:description\" content=\"Das Buch &#034;Kompaktwissen Motorbootfahren&#034; ist das umfangreiche Nachschlagewerk f\u00fcr den kompetenten Motorbootfahrer. Neben wichtiger Informationen zur Seemannschaft enth\u00e4lt das Buch je eine St\u00f6rungstabelle f\u00fcr den Motor und die Batterie, alle Notsignale und ist somit das perfekte Nachschlagewerk an Bord. 108 Seiten\" \/>\n<meta property=\"og:url\" content=\"https:\/\/www.2link.de\/vds\/product\/motorbootfahren\/\" \/>\n<meta property=\"og:site_name\" content=\"Verband Deutscher Sportbootschulen\" \/>\n<meta property=\"article:modified_time\" content=\"2023-01-11T15:34:36+00:00\" \/>\n<meta property=\"og:image\" content=\"https:\/\/www.2link.de\/vds\/wp-content\/uploads\/MBZ-2013_01_03-final-1_0-2.jpg\" \/>\n\t<meta property=\"og:image:width\" content=\"210\" \/>\n\t<meta property=\"og:image:height\" content=\"220\" \/>\n\t<meta property=\"og:image:type\" content=\"image\/jpeg\" \/>\n<meta name=\"twitter:card\" content=\"summary_large_image\" \/>\n<meta name=\"twitter:label1\" content=\"Gesch\u00e4tzte Lesezeit\" \/>\n\t<meta name=\"twitter:data1\" content=\"1\u00a0Minute\" \/>\n<script type=\"application\/ld+json\" class=\"yoast-schema-graph\">{\"@context\":\"https:\/\/schema.org\",\"@graph\":[{\"@type\":\"WebPage\",\"@id\":\"https:\/\/www.2link.de\/vds\/product\/motorbootfahren\/\",\"url\":\"https:\/\/www.2link.de\/vds\/product\/motorbootfahren\/\",\"name\":\"Motorbootfahren - Verband Deutscher Sportbootschulen\",\"isPartOf\":{\"@id\":\"https:\/\/www.2link.de\/vds\/#website\"},\"primaryImageOfPage\":{\"@id\":\"https:\/\/www.2link.de\/vds\/product\/motorbootfahren\/#primaryimage\"},\"image\":{\"@id\":\"https:\/\/www.2link.de\/vds\/product\/motorbootfahren\/#primaryimage\"},\"thumbnailUrl\":\"https:\/\/www.2link.de\/vds\/wp-content\/uploads\/MBZ-2013_01_03-final-1_0-2.jpg\",\"datePublished\":\"2023-01-11T14:47:13+00:00\",\"dateModified\":\"2023-01-11T15:34:36+00:00\",\"breadcrumb\":{\"@id\":\"https:\/\/www.2link.de\/vds\/product\/motorbootfahren\/#breadcrumb\"},\"inLanguage\":\"de\",\"potentialAction\":[{\"@type\":\"ReadAction\",\"target\":[\"https:\/\/www.2link.de\/vds\/product\/motorbootfahren\/\"]}]},{\"@type\":\"ImageObject\",\"inLanguage\":\"de\",\"@id\":\"https:\/\/www.2link.de\/vds\/product\/motorbootfahren\/#primaryimage\",\"url\":\"https:\/\/www.2link.de\/vds\/wp-content\/uploads\/MBZ-2013_01_03-final-1_0-2.jpg\",\"contentUrl\":\"https:\/\/www.2link.de\/vds\/wp-content\/uploads\/MBZ-2013_01_03-final-1_0-2.jpg\",\"width\":210,\"height\":220},{\"@type\":\"BreadcrumbList\",\"@id\":\"https:\/\/www.2link.de\/vds\/product\/motorbootfahren\/#breadcrumb\",\"itemListElement\":[{\"@type\":\"ListItem\",\"position\":1,\"name\":\"Startseite\",\"item\":\"https:\/\/www.2link.de\/vds\/\"},{\"@type\":\"ListItem\",\"position\":2,\"name\":\"Produkte\",\"item\":\"https:\/\/www.2link.de\/vds\/shop\/\"},{\"@type\":\"ListItem\",\"position\":3,\"name\":\"Motorbootfahren\"}]},{\"@type\":\"WebSite\",\"@id\":\"https:\/\/www.2link.de\/vds\/#website\",\"url\":\"https:\/\/www.2link.de\/vds\/\",\"name\":\"Verband Deutscher Sportbootschulen\",\"description\":\"\",\"potentialAction\":[{\"@type\":\"SearchAction\",\"target\":{\"@type\":\"EntryPoint\",\"urlTemplate\":\"https:\/\/www.2link.de\/vds\/?s={search_term_string}\"},\"query-input\":{\"@type\":\"PropertyValueSpecification\",\"valueRequired\":true,\"valueName\":\"search_term_string\"}}],\"inLanguage\":\"de\"}]}<\/script>\n<!-- \/ Yoast SEO plugin. -->","yoast_head_json":{"title":"Motorbootfahren - Verband Deutscher Sportbootschulen","robots":{"index":"index","follow":"follow","max-snippet":"max-snippet:-1","max-image-preview":"max-image-preview:large","max-video-preview":"max-video-preview:-1"},"og_locale":"de_DE","og_type":"article","og_title":"Motorbootfahren - Verband Deutscher Sportbootschulen","og_description":"Das Buch &#34;Kompaktwissen Motorbootfahren&#34; ist das umfangreiche Nachschlagewerk f\u00fcr den kompetenten Motorbootfahrer. Neben wichtiger Informationen zur Seemannschaft enth\u00e4lt das Buch je eine St\u00f6rungstabelle f\u00fcr den Motor und die Batterie, alle Notsignale und ist somit das perfekte Nachschlagewerk an Bord. 108 Seiten","og_url":"https:\/\/www.2link.de\/vds\/product\/motorbootfahren\/","og_site_name":"Verband Deutscher Sportbootschulen","article_modified_time":"2023-01-11T15:34:36+00:00","og_image":[{"width":210,"height":220,"url":"https:\/\/www.2link.de\/vds\/wp-content\/uploads\/MBZ-2013_01_03-final-1_0-2.jpg","type":"image\/jpeg"}],"twitter_card":"summary_large_image","twitter_misc":{"Gesch\u00e4tzte Lesezeit":"1\u00a0Minute"},"schema":{"@context":"https:\/\/schema.org","@graph":[{"@type":"WebPage","@id":"https:\/\/www.2link.de\/vds\/product\/motorbootfahren\/","url":"https:\/\/www.2link.de\/vds\/product\/motorbootfahren\/","name":"Motorbootfahren - Verband Deutscher Sportbootschulen","isPartOf":{"@id":"https:\/\/www.2link.de\/vds\/#website"},"primaryImageOfPage":{"@id":"https:\/\/www.2link.de\/vds\/product\/motorbootfahren\/#primaryimage"},"image":{"@id":"https:\/\/www.2link.de\/vds\/product\/motorbootfahren\/#primaryimage"},"thumbnailUrl":"https:\/\/www.2link.de\/vds\/wp-content\/uploads\/MBZ-2013_01_03-final-1_0-2.jpg","datePublished":"2023-01-11T14:47:13+00:00","dateModified":"2023-01-11T15:34:36+00:00","breadcrumb":{"@id":"https:\/\/www.2link.de\/vds\/product\/motorbootfahren\/#breadcrumb"},"inLanguage":"de","potentialAction":[{"@type":"ReadAction","target":["https:\/\/www.2link.de\/vds\/product\/motorbootfahren\/"]}]},{"@type":"ImageObject","inLanguage":"de","@id":"https:\/\/www.2link.de\/vds\/product\/motorbootfahren\/#primaryimage","url":"https:\/\/www.2link.de\/vds\/wp-content\/uploads\/MBZ-2013_01_03-final-1_0-2.jpg","contentUrl":"https:\/\/www.2link.de\/vds\/wp-content\/uploads\/MBZ-2013_01_03-final-1_0-2.jpg","width":210,"height":220},{"@type":"BreadcrumbList","@id":"https:\/\/www.2link.de\/vds\/product\/motorbootfahren\/#breadcrumb","itemListElement":[{"@type":"ListItem","position":1,"name":"Startseite","item":"https:\/\/www.2link.de\/vds\/"},{"@type":"ListItem","position":2,"name":"Produkte","item":"https:\/\/www.2link.de\/vds\/shop\/"},{"@type":"ListItem","position":3,"name":"Motorbootfahren"}]},{"@type":"WebSite","@id":"https:\/\/www.2link.de\/vds\/#website","url":"https:\/\/www.2link.de\/vds\/","name":"Verband Deutscher Sportbootschulen","description":"","potentialAction":[{"@type":"SearchAction","target":{"@type":"EntryPoint","urlTemplate":"https:\/\/www.2link.de\/vds\/?s={search_term_string}"},"query-input":{"@type":"PropertyValueSpecification","valueRequired":true,"valueName":"search_term_string"}}],"inLanguage":"de"}]}},"_links":{"self":[{"href":"https:\/\/www.2link.de\/vds\/wp-json\/wp\/v2\/product\/1624","targetHints":{"allow":["GET"]}}],"collection":[{"href":"https:\/\/www.2link.de\/vds\/wp-json\/wp\/v2\/product"}],"about":[{"href":"https:\/\/www.2link.de\/vds\/wp-json\/wp\/v2\/types\/product"}],"wp:featuredmedia":[{"embeddable":true,"href":"https:\/\/www.2link.de\/vds\/wp-json\/wp\/v2\/media\/391"}],"wp:attachment":[{"href":"https:\/\/www.2link.de\/vds\/wp-json\/wp\/v2\/media?parent=1624"}],"wp:term":[{"taxonomy":"product_brand","embeddable":true,"href":"https:\/\/www.2link.de\/vds\/wp-json\/wp\/v2\/product_brand?post=1624"},{"taxonomy":"product_cat","embeddable":true,"href":"https:\/\/www.2link.de\/vds\/wp-json\/wp\/v2\/product_cat?post=1624"},{"taxonomy":"product_tag","embeddable":true,"href":"https:\/\/www.2link.de\/vds\/wp-json\/wp\/v2\/product_tag?post=1624"}],"curies":[{"name":"wp","href":"https:\/\/api.w.org\/{rel}","templated":true}]}}