{"id":2093,"date":"2023-01-17T17:22:18","date_gmt":"2023-01-17T16:22:18","guid":{"rendered":"https:\/\/www.2link.de\/vds\/?post_type=product&#038;p=2093"},"modified":"2023-01-18T16:18:54","modified_gmt":"2023-01-18T15:18:54","slug":"lehrbuch-kitesurfing","status":"publish","type":"product","link":"https:\/\/www.2link.de\/vds\/product\/lehrbuch-kitesurfing\/","title":{"rendered":"Lehrbuch Kitesurfing"},"content":{"rendered":"<p>Kitesurfen ist eine faszinierende Wassersportart voller Dynamik und \u00c4sthetik. Der Kitesurfer l\u00e4sst sich dabei auf einem kleinen Board und einem Lenkdrachen (Kite) \u00fcbers Wasser ziehen. Schon bei wenig Wind erm\u00f6glicht der Auftrieb des Kites Fortgeschrittenen meterhohe Spr\u00fcnge und atemberaubende Fahrtgeschwindigkeiten.<\/p>\n<p>Dieses Lehrbuch ist f\u00fcr den Einstieg in das Kiten bestens geeignet und zur Vorbereitung auf einen Kitesurfkurs konzipiert.<\/p>\n<p>42 Seiten<\/p>\n","protected":false},"excerpt":{"rendered":"<p>Kitesurfen ist eine faszinierende Wassersportart voller Dynamik und \u00c4sthetik. Der Kitesurfer l\u00e4sst sich dabei auf einem kleinen Board und einem Lenkdrachen (Kite) \u00fcbers Wasser ziehen. Schon bei wenig Wind erm\u00f6glicht der Auftrieb des Kites Fortgeschrittenen meterhohe Spr\u00fcnge und atemberaubende Fahrtgeschwindigkeiten. Dieses Lehrbuch ist f\u00fcr den Einstieg in das Kiten bestens geeignet und zur Vorbereitung auf [&hellip;]<\/p>\n","protected":false},"featured_media":2192,"template":"","meta":[],"product_brand":[],"product_cat":[31],"product_tag":[],"class_list":{"0":"post-2093","1":"product","2":"type-product","3":"status-publish","4":"has-post-thumbnail","6":"product_cat-kitesurfen","8":"first","9":"instock","10":"shipping-taxable","11":"purchasable","12":"product-type-simple"},"yoast_head":"<!-- This site is optimized with the Yoast SEO plugin v27.3 - https:\/\/yoast.com\/product\/yoast-seo-wordpress\/ -->\n<title>Lehrbuch Kitesurfing - Verband Deutscher Sportbootschulen<\/title>\n<meta name=\"robots\" content=\"index, follow, max-snippet:-1, max-image-preview:large, max-video-preview:-1\" \/>\n<meta property=\"og:locale\" content=\"de_DE\" \/>\n<meta property=\"og:type\" content=\"article\" \/>\n<meta property=\"og:title\" content=\"Lehrbuch Kitesurfing - Verband Deutscher Sportbootschulen\" \/>\n<meta property=\"og:description\" content=\"Kitesurfen ist eine faszinierende Wassersportart voller Dynamik und \u00c4sthetik. Der Kitesurfer l\u00e4sst sich dabei auf einem kleinen Board und einem Lenkdrachen (Kite) \u00fcbers Wasser ziehen. Schon bei wenig Wind erm\u00f6glicht der Auftrieb des Kites Fortgeschrittenen meterhohe Spr\u00fcnge und atemberaubende Fahrtgeschwindigkeiten. Dieses Lehrbuch ist f\u00fcr den Einstieg in das Kiten bestens geeignet und zur Vorbereitung auf [&hellip;]\" \/>\n<meta property=\"og:url\" content=\"https:\/\/www.2link.de\/vds\/product\/lehrbuch-kitesurfing\/\" \/>\n<meta property=\"og:site_name\" content=\"Verband Deutscher Sportbootschulen\" \/>\n<meta property=\"article:modified_time\" content=\"2023-01-18T15:18:54+00:00\" \/>\n<meta property=\"og:image\" content=\"https:\/\/www.2link.de\/vds\/wp-content\/uploads\/Kitesurf-extrakt-homepage-01.jpg\" \/>\n\t<meta property=\"og:image:width\" content=\"724\" \/>\n\t<meta property=\"og:image:height\" content=\"1024\" \/>\n\t<meta property=\"og:image:type\" content=\"image\/jpeg\" \/>\n<meta name=\"twitter:card\" content=\"summary_large_image\" \/>\n<meta name=\"twitter:label1\" content=\"Gesch\u00e4tzte Lesezeit\" \/>\n\t<meta name=\"twitter:data1\" content=\"1\u00a0Minute\" \/>\n<script type=\"application\/ld+json\" class=\"yoast-schema-graph\">{\"@context\":\"https:\\\/\\\/schema.org\",\"@graph\":[{\"@type\":\"WebPage\",\"@id\":\"https:\\\/\\\/www.2link.de\\\/vds\\\/product\\\/lehrbuch-kitesurfing\\\/\",\"url\":\"https:\\\/\\\/www.2link.de\\\/vds\\\/product\\\/lehrbuch-kitesurfing\\\/\",\"name\":\"Lehrbuch Kitesurfing - Verband Deutscher Sportbootschulen\",\"isPartOf\":{\"@id\":\"https:\\\/\\\/www.2link.de\\\/vds\\\/#website\"},\"primaryImageOfPage\":{\"@id\":\"https:\\\/\\\/www.2link.de\\\/vds\\\/product\\\/lehrbuch-kitesurfing\\\/#primaryimage\"},\"image\":{\"@id\":\"https:\\\/\\\/www.2link.de\\\/vds\\\/product\\\/lehrbuch-kitesurfing\\\/#primaryimage\"},\"thumbnailUrl\":\"https:\\\/\\\/www.2link.de\\\/vds\\\/wp-content\\\/uploads\\\/Kitesurf-extrakt-homepage-01.jpg\",\"datePublished\":\"2023-01-17T16:22:18+00:00\",\"dateModified\":\"2023-01-18T15:18:54+00:00\",\"breadcrumb\":{\"@id\":\"https:\\\/\\\/www.2link.de\\\/vds\\\/product\\\/lehrbuch-kitesurfing\\\/#breadcrumb\"},\"inLanguage\":\"de\",\"potentialAction\":[{\"@type\":\"ReadAction\",\"target\":[\"https:\\\/\\\/www.2link.de\\\/vds\\\/product\\\/lehrbuch-kitesurfing\\\/\"]}]},{\"@type\":\"ImageObject\",\"inLanguage\":\"de\",\"@id\":\"https:\\\/\\\/www.2link.de\\\/vds\\\/product\\\/lehrbuch-kitesurfing\\\/#primaryimage\",\"url\":\"https:\\\/\\\/www.2link.de\\\/vds\\\/wp-content\\\/uploads\\\/Kitesurf-extrakt-homepage-01.jpg\",\"contentUrl\":\"https:\\\/\\\/www.2link.de\\\/vds\\\/wp-content\\\/uploads\\\/Kitesurf-extrakt-homepage-01.jpg\",\"width\":724,\"height\":1024},{\"@type\":\"BreadcrumbList\",\"@id\":\"https:\\\/\\\/www.2link.de\\\/vds\\\/product\\\/lehrbuch-kitesurfing\\\/#breadcrumb\",\"itemListElement\":[{\"@type\":\"ListItem\",\"position\":1,\"name\":\"Startseite\",\"item\":\"https:\\\/\\\/www.2link.de\\\/vds\\\/\"},{\"@type\":\"ListItem\",\"position\":2,\"name\":\"Produkte\",\"item\":\"https:\\\/\\\/www.2link.de\\\/vds\\\/shop\\\/\"},{\"@type\":\"ListItem\",\"position\":3,\"name\":\"Lehrbuch Kitesurfing\"}]},{\"@type\":\"WebSite\",\"@id\":\"https:\\\/\\\/www.2link.de\\\/vds\\\/#website\",\"url\":\"https:\\\/\\\/www.2link.de\\\/vds\\\/\",\"name\":\"Verband Deutscher Sportbootschulen\",\"description\":\"\",\"potentialAction\":[{\"@type\":\"SearchAction\",\"target\":{\"@type\":\"EntryPoint\",\"urlTemplate\":\"https:\\\/\\\/www.2link.de\\\/vds\\\/?s={search_term_string}\"},\"query-input\":{\"@type\":\"PropertyValueSpecification\",\"valueRequired\":true,\"valueName\":\"search_term_string\"}}],\"inLanguage\":\"de\"}]}<\/script>\n<!-- \/ Yoast SEO plugin. -->","yoast_head_json":{"title":"Lehrbuch Kitesurfing - Verband Deutscher Sportbootschulen","robots":{"index":"index","follow":"follow","max-snippet":"max-snippet:-1","max-image-preview":"max-image-preview:large","max-video-preview":"max-video-preview:-1"},"og_locale":"de_DE","og_type":"article","og_title":"Lehrbuch Kitesurfing - Verband Deutscher Sportbootschulen","og_description":"Kitesurfen ist eine faszinierende Wassersportart voller Dynamik und \u00c4sthetik. Der Kitesurfer l\u00e4sst sich dabei auf einem kleinen Board und einem Lenkdrachen (Kite) \u00fcbers Wasser ziehen. Schon bei wenig Wind erm\u00f6glicht der Auftrieb des Kites Fortgeschrittenen meterhohe Spr\u00fcnge und atemberaubende Fahrtgeschwindigkeiten. Dieses Lehrbuch ist f\u00fcr den Einstieg in das Kiten bestens geeignet und zur Vorbereitung auf [&hellip;]","og_url":"https:\/\/www.2link.de\/vds\/product\/lehrbuch-kitesurfing\/","og_site_name":"Verband Deutscher Sportbootschulen","article_modified_time":"2023-01-18T15:18:54+00:00","og_image":[{"width":724,"height":1024,"url":"https:\/\/www.2link.de\/vds\/wp-content\/uploads\/Kitesurf-extrakt-homepage-01.jpg","type":"image\/jpeg"}],"twitter_card":"summary_large_image","twitter_misc":{"Gesch\u00e4tzte Lesezeit":"1\u00a0Minute"},"schema":{"@context":"https:\/\/schema.org","@graph":[{"@type":"WebPage","@id":"https:\/\/www.2link.de\/vds\/product\/lehrbuch-kitesurfing\/","url":"https:\/\/www.2link.de\/vds\/product\/lehrbuch-kitesurfing\/","name":"Lehrbuch Kitesurfing - Verband Deutscher Sportbootschulen","isPartOf":{"@id":"https:\/\/www.2link.de\/vds\/#website"},"primaryImageOfPage":{"@id":"https:\/\/www.2link.de\/vds\/product\/lehrbuch-kitesurfing\/#primaryimage"},"image":{"@id":"https:\/\/www.2link.de\/vds\/product\/lehrbuch-kitesurfing\/#primaryimage"},"thumbnailUrl":"https:\/\/www.2link.de\/vds\/wp-content\/uploads\/Kitesurf-extrakt-homepage-01.jpg","datePublished":"2023-01-17T16:22:18+00:00","dateModified":"2023-01-18T15:18:54+00:00","breadcrumb":{"@id":"https:\/\/www.2link.de\/vds\/product\/lehrbuch-kitesurfing\/#breadcrumb"},"inLanguage":"de","potentialAction":[{"@type":"ReadAction","target":["https:\/\/www.2link.de\/vds\/product\/lehrbuch-kitesurfing\/"]}]},{"@type":"ImageObject","inLanguage":"de","@id":"https:\/\/www.2link.de\/vds\/product\/lehrbuch-kitesurfing\/#primaryimage","url":"https:\/\/www.2link.de\/vds\/wp-content\/uploads\/Kitesurf-extrakt-homepage-01.jpg","contentUrl":"https:\/\/www.2link.de\/vds\/wp-content\/uploads\/Kitesurf-extrakt-homepage-01.jpg","width":724,"height":1024},{"@type":"BreadcrumbList","@id":"https:\/\/www.2link.de\/vds\/product\/lehrbuch-kitesurfing\/#breadcrumb","itemListElement":[{"@type":"ListItem","position":1,"name":"Startseite","item":"https:\/\/www.2link.de\/vds\/"},{"@type":"ListItem","position":2,"name":"Produkte","item":"https:\/\/www.2link.de\/vds\/shop\/"},{"@type":"ListItem","position":3,"name":"Lehrbuch Kitesurfing"}]},{"@type":"WebSite","@id":"https:\/\/www.2link.de\/vds\/#website","url":"https:\/\/www.2link.de\/vds\/","name":"Verband Deutscher Sportbootschulen","description":"","potentialAction":[{"@type":"SearchAction","target":{"@type":"EntryPoint","urlTemplate":"https:\/\/www.2link.de\/vds\/?s={search_term_string}"},"query-input":{"@type":"PropertyValueSpecification","valueRequired":true,"valueName":"search_term_string"}}],"inLanguage":"de"}]}},"_links":{"self":[{"href":"https:\/\/www.2link.de\/vds\/wp-json\/wp\/v2\/product\/2093","targetHints":{"allow":["GET"]}}],"collection":[{"href":"https:\/\/www.2link.de\/vds\/wp-json\/wp\/v2\/product"}],"about":[{"href":"https:\/\/www.2link.de\/vds\/wp-json\/wp\/v2\/types\/product"}],"wp:featuredmedia":[{"embeddable":true,"href":"https:\/\/www.2link.de\/vds\/wp-json\/wp\/v2\/media\/2192"}],"wp:attachment":[{"href":"https:\/\/www.2link.de\/vds\/wp-json\/wp\/v2\/media?parent=2093"}],"wp:term":[{"taxonomy":"product_brand","embeddable":true,"href":"https:\/\/www.2link.de\/vds\/wp-json\/wp\/v2\/product_brand?post=2093"},{"taxonomy":"product_cat","embeddable":true,"href":"https:\/\/www.2link.de\/vds\/wp-json\/wp\/v2\/product_cat?post=2093"},{"taxonomy":"product_tag","embeddable":true,"href":"https:\/\/www.2link.de\/vds\/wp-json\/wp\/v2\/product_tag?post=2093"}],"curies":[{"name":"wp","href":"https:\/\/api.w.org\/{rel}","templated":true}]}}