{"id":2264,"date":"2023-01-19T09:42:44","date_gmt":"2023-01-19T08:42:44","guid":{"rendered":"https:\/\/www.2link.de\/vds\/?post_type=product&#038;p=2264"},"modified":"2023-01-19T09:42:45","modified_gmt":"2023-01-19T08:42:45","slug":"logbuch-yachtsegeln","status":"publish","type":"product","link":"https:\/\/www.2link.de\/vds\/product\/logbuch-yachtsegeln\/","title":{"rendered":"Logbuch Yachtsegeln"},"content":{"rendered":"<p>Das Logbuch f\u00fcr Ihre Erfahrungen im Yachtsegeln. Neben den vorhandenen F\u00fchrerscheinen k\u00f6nnen dort alle Skippertrainings, Meilent\u00f6rns und Chartert\u00f6rns eingetragen werden. Im Anhang zum Nachschlagen Notsignale, Sichtzeichen und andere Tabellen.<\/p>\n<p>Der beste Nachweis gegen\u00fcber Charterunternehmen. Das Logbuch wurde zusammen mit der Vereinigung Deutscher Charterunternehmen (VDC) und dem Arbeitskreis Charterboot (AKC) konzipiert.<\/p>\n<p>F\u00fcr jede eingetragene Best\u00e4tigung erhalten Sie bei der EIS, European Insurance Services, Rabatt bei dem Abschluss einer Skipperhaftpflichtversicherung, die Sie auch \u00fcber unsere Website buchen k\u00f6nnen.<\/p>\n","protected":false},"excerpt":{"rendered":"<p>Das Logbuch f\u00fcr Ihre Erfahrungen im Yachtsegeln. Neben den vorhandenen F\u00fchrerscheinen k\u00f6nnen dort alle Skippertrainings, Meilent\u00f6rns und Chartert\u00f6rns eingetragen werden. Im Anhang zum Nachschlagen Notsignale, Sichtzeichen und andere Tabellen. Der beste Nachweis gegen\u00fcber Charterunternehmen. Das Logbuch wurde zusammen mit der Vereinigung Deutscher Charterunternehmen (VDC) und dem Arbeitskreis Charterboot (AKC) konzipiert. F\u00fcr jede eingetragene Best\u00e4tigung erhalten [&hellip;]<\/p>\n","protected":false},"featured_media":2265,"template":"","meta":[],"product_brand":[],"product_cat":[30],"product_tag":[],"class_list":{"0":"post-2264","1":"product","2":"type-product","3":"status-publish","4":"has-post-thumbnail","6":"product_cat-yachtsegeln","8":"first","9":"instock","10":"shipping-taxable","11":"purchasable","12":"product-type-simple"},"yoast_head":"<!-- This site is optimized with the Yoast SEO plugin v27.3 - https:\/\/yoast.com\/product\/yoast-seo-wordpress\/ -->\n<title>Logbuch Yachtsegeln - Verband Deutscher Sportbootschulen<\/title>\n<meta name=\"robots\" content=\"index, follow, max-snippet:-1, max-image-preview:large, max-video-preview:-1\" \/>\n<meta property=\"og:locale\" content=\"de_DE\" \/>\n<meta property=\"og:type\" content=\"article\" \/>\n<meta property=\"og:title\" content=\"Logbuch Yachtsegeln - Verband Deutscher Sportbootschulen\" \/>\n<meta property=\"og:description\" content=\"Das Logbuch f\u00fcr Ihre Erfahrungen im Yachtsegeln. Neben den vorhandenen F\u00fchrerscheinen k\u00f6nnen dort alle Skippertrainings, Meilent\u00f6rns und Chartert\u00f6rns eingetragen werden. Im Anhang zum Nachschlagen Notsignale, Sichtzeichen und andere Tabellen. Der beste Nachweis gegen\u00fcber Charterunternehmen. Das Logbuch wurde zusammen mit der Vereinigung Deutscher Charterunternehmen (VDC) und dem Arbeitskreis Charterboot (AKC) konzipiert. F\u00fcr jede eingetragene Best\u00e4tigung erhalten [&hellip;]\" \/>\n<meta property=\"og:url\" content=\"https:\/\/www.2link.de\/vds\/product\/logbuch-yachtsegeln\/\" \/>\n<meta property=\"og:site_name\" content=\"Verband Deutscher Sportbootschulen\" \/>\n<meta property=\"article:modified_time\" content=\"2023-01-19T08:42:45+00:00\" \/>\n<meta property=\"og:image\" content=\"https:\/\/www.2link.de\/vds\/wp-content\/uploads\/Logbuch-Yacht-2018_01-05-S1.jpg\" \/>\n\t<meta property=\"og:image:width\" content=\"1182\" \/>\n\t<meta property=\"og:image:height\" content=\"1678\" \/>\n\t<meta property=\"og:image:type\" content=\"image\/jpeg\" \/>\n<meta name=\"twitter:card\" content=\"summary_large_image\" \/>\n<meta name=\"twitter:label1\" content=\"Gesch\u00e4tzte Lesezeit\" \/>\n\t<meta name=\"twitter:data1\" content=\"1\u00a0Minute\" \/>\n<script type=\"application\/ld+json\" class=\"yoast-schema-graph\">{\"@context\":\"https:\\\/\\\/schema.org\",\"@graph\":[{\"@type\":\"WebPage\",\"@id\":\"https:\\\/\\\/www.2link.de\\\/vds\\\/product\\\/logbuch-yachtsegeln\\\/\",\"url\":\"https:\\\/\\\/www.2link.de\\\/vds\\\/product\\\/logbuch-yachtsegeln\\\/\",\"name\":\"Logbuch Yachtsegeln - Verband Deutscher Sportbootschulen\",\"isPartOf\":{\"@id\":\"https:\\\/\\\/www.2link.de\\\/vds\\\/#website\"},\"primaryImageOfPage\":{\"@id\":\"https:\\\/\\\/www.2link.de\\\/vds\\\/product\\\/logbuch-yachtsegeln\\\/#primaryimage\"},\"image\":{\"@id\":\"https:\\\/\\\/www.2link.de\\\/vds\\\/product\\\/logbuch-yachtsegeln\\\/#primaryimage\"},\"thumbnailUrl\":\"https:\\\/\\\/www.2link.de\\\/vds\\\/wp-content\\\/uploads\\\/Logbuch-Yacht-2018_01-05-S1.jpg\",\"datePublished\":\"2023-01-19T08:42:44+00:00\",\"dateModified\":\"2023-01-19T08:42:45+00:00\",\"breadcrumb\":{\"@id\":\"https:\\\/\\\/www.2link.de\\\/vds\\\/product\\\/logbuch-yachtsegeln\\\/#breadcrumb\"},\"inLanguage\":\"de\",\"potentialAction\":[{\"@type\":\"ReadAction\",\"target\":[\"https:\\\/\\\/www.2link.de\\\/vds\\\/product\\\/logbuch-yachtsegeln\\\/\"]}]},{\"@type\":\"ImageObject\",\"inLanguage\":\"de\",\"@id\":\"https:\\\/\\\/www.2link.de\\\/vds\\\/product\\\/logbuch-yachtsegeln\\\/#primaryimage\",\"url\":\"https:\\\/\\\/www.2link.de\\\/vds\\\/wp-content\\\/uploads\\\/Logbuch-Yacht-2018_01-05-S1.jpg\",\"contentUrl\":\"https:\\\/\\\/www.2link.de\\\/vds\\\/wp-content\\\/uploads\\\/Logbuch-Yacht-2018_01-05-S1.jpg\",\"width\":1182,\"height\":1678},{\"@type\":\"BreadcrumbList\",\"@id\":\"https:\\\/\\\/www.2link.de\\\/vds\\\/product\\\/logbuch-yachtsegeln\\\/#breadcrumb\",\"itemListElement\":[{\"@type\":\"ListItem\",\"position\":1,\"name\":\"Startseite\",\"item\":\"https:\\\/\\\/www.2link.de\\\/vds\\\/\"},{\"@type\":\"ListItem\",\"position\":2,\"name\":\"Produkte\",\"item\":\"https:\\\/\\\/www.2link.de\\\/vds\\\/shop\\\/\"},{\"@type\":\"ListItem\",\"position\":3,\"name\":\"Logbuch Yachtsegeln\"}]},{\"@type\":\"WebSite\",\"@id\":\"https:\\\/\\\/www.2link.de\\\/vds\\\/#website\",\"url\":\"https:\\\/\\\/www.2link.de\\\/vds\\\/\",\"name\":\"Verband Deutscher Sportbootschulen\",\"description\":\"\",\"potentialAction\":[{\"@type\":\"SearchAction\",\"target\":{\"@type\":\"EntryPoint\",\"urlTemplate\":\"https:\\\/\\\/www.2link.de\\\/vds\\\/?s={search_term_string}\"},\"query-input\":{\"@type\":\"PropertyValueSpecification\",\"valueRequired\":true,\"valueName\":\"search_term_string\"}}],\"inLanguage\":\"de\"}]}<\/script>\n<!-- \/ Yoast SEO plugin. -->","yoast_head_json":{"title":"Logbuch Yachtsegeln - Verband Deutscher Sportbootschulen","robots":{"index":"index","follow":"follow","max-snippet":"max-snippet:-1","max-image-preview":"max-image-preview:large","max-video-preview":"max-video-preview:-1"},"og_locale":"de_DE","og_type":"article","og_title":"Logbuch Yachtsegeln - Verband Deutscher Sportbootschulen","og_description":"Das Logbuch f\u00fcr Ihre Erfahrungen im Yachtsegeln. Neben den vorhandenen F\u00fchrerscheinen k\u00f6nnen dort alle Skippertrainings, Meilent\u00f6rns und Chartert\u00f6rns eingetragen werden. Im Anhang zum Nachschlagen Notsignale, Sichtzeichen und andere Tabellen. Der beste Nachweis gegen\u00fcber Charterunternehmen. Das Logbuch wurde zusammen mit der Vereinigung Deutscher Charterunternehmen (VDC) und dem Arbeitskreis Charterboot (AKC) konzipiert. F\u00fcr jede eingetragene Best\u00e4tigung erhalten [&hellip;]","og_url":"https:\/\/www.2link.de\/vds\/product\/logbuch-yachtsegeln\/","og_site_name":"Verband Deutscher Sportbootschulen","article_modified_time":"2023-01-19T08:42:45+00:00","og_image":[{"width":1182,"height":1678,"url":"https:\/\/www.2link.de\/vds\/wp-content\/uploads\/Logbuch-Yacht-2018_01-05-S1.jpg","type":"image\/jpeg"}],"twitter_card":"summary_large_image","twitter_misc":{"Gesch\u00e4tzte Lesezeit":"1\u00a0Minute"},"schema":{"@context":"https:\/\/schema.org","@graph":[{"@type":"WebPage","@id":"https:\/\/www.2link.de\/vds\/product\/logbuch-yachtsegeln\/","url":"https:\/\/www.2link.de\/vds\/product\/logbuch-yachtsegeln\/","name":"Logbuch Yachtsegeln - Verband Deutscher Sportbootschulen","isPartOf":{"@id":"https:\/\/www.2link.de\/vds\/#website"},"primaryImageOfPage":{"@id":"https:\/\/www.2link.de\/vds\/product\/logbuch-yachtsegeln\/#primaryimage"},"image":{"@id":"https:\/\/www.2link.de\/vds\/product\/logbuch-yachtsegeln\/#primaryimage"},"thumbnailUrl":"https:\/\/www.2link.de\/vds\/wp-content\/uploads\/Logbuch-Yacht-2018_01-05-S1.jpg","datePublished":"2023-01-19T08:42:44+00:00","dateModified":"2023-01-19T08:42:45+00:00","breadcrumb":{"@id":"https:\/\/www.2link.de\/vds\/product\/logbuch-yachtsegeln\/#breadcrumb"},"inLanguage":"de","potentialAction":[{"@type":"ReadAction","target":["https:\/\/www.2link.de\/vds\/product\/logbuch-yachtsegeln\/"]}]},{"@type":"ImageObject","inLanguage":"de","@id":"https:\/\/www.2link.de\/vds\/product\/logbuch-yachtsegeln\/#primaryimage","url":"https:\/\/www.2link.de\/vds\/wp-content\/uploads\/Logbuch-Yacht-2018_01-05-S1.jpg","contentUrl":"https:\/\/www.2link.de\/vds\/wp-content\/uploads\/Logbuch-Yacht-2018_01-05-S1.jpg","width":1182,"height":1678},{"@type":"BreadcrumbList","@id":"https:\/\/www.2link.de\/vds\/product\/logbuch-yachtsegeln\/#breadcrumb","itemListElement":[{"@type":"ListItem","position":1,"name":"Startseite","item":"https:\/\/www.2link.de\/vds\/"},{"@type":"ListItem","position":2,"name":"Produkte","item":"https:\/\/www.2link.de\/vds\/shop\/"},{"@type":"ListItem","position":3,"name":"Logbuch Yachtsegeln"}]},{"@type":"WebSite","@id":"https:\/\/www.2link.de\/vds\/#website","url":"https:\/\/www.2link.de\/vds\/","name":"Verband Deutscher Sportbootschulen","description":"","potentialAction":[{"@type":"SearchAction","target":{"@type":"EntryPoint","urlTemplate":"https:\/\/www.2link.de\/vds\/?s={search_term_string}"},"query-input":{"@type":"PropertyValueSpecification","valueRequired":true,"valueName":"search_term_string"}}],"inLanguage":"de"}]}},"_links":{"self":[{"href":"https:\/\/www.2link.de\/vds\/wp-json\/wp\/v2\/product\/2264","targetHints":{"allow":["GET"]}}],"collection":[{"href":"https:\/\/www.2link.de\/vds\/wp-json\/wp\/v2\/product"}],"about":[{"href":"https:\/\/www.2link.de\/vds\/wp-json\/wp\/v2\/types\/product"}],"wp:featuredmedia":[{"embeddable":true,"href":"https:\/\/www.2link.de\/vds\/wp-json\/wp\/v2\/media\/2265"}],"wp:attachment":[{"href":"https:\/\/www.2link.de\/vds\/wp-json\/wp\/v2\/media?parent=2264"}],"wp:term":[{"taxonomy":"product_brand","embeddable":true,"href":"https:\/\/www.2link.de\/vds\/wp-json\/wp\/v2\/product_brand?post=2264"},{"taxonomy":"product_cat","embeddable":true,"href":"https:\/\/www.2link.de\/vds\/wp-json\/wp\/v2\/product_cat?post=2264"},{"taxonomy":"product_tag","embeddable":true,"href":"https:\/\/www.2link.de\/vds\/wp-json\/wp\/v2\/product_tag?post=2264"}],"curies":[{"name":"wp","href":"https:\/\/api.w.org\/{rel}","templated":true}]}}